{"id":53345,"date":"2025-12-22T22:40:23","date_gmt":"2025-12-22T21:40:23","guid":{"rendered":"https:\/\/librairie7l.com\/?post_type=product&#038;p=53345"},"modified":"2026-05-14T19:06:53","modified_gmt":"2026-05-14T17:06:53","slug":"les-fleurs-du-mal-matisse-baudelaire-2","status":"publish","type":"product","link":"https:\/\/librairie7l.com\/en\/produit\/les-fleurs-du-mal-matisse-baudelaire-2\/","title":{"rendered":"LES FLEURS DU MAL MATISSE BAUDELAIRE"},"content":{"rendered":"<p>En choisissant lui-m\u00eame les po\u00e8mes de cette \u00e9dition, Matisse livre sa vision des Fleurs du mal, rayonnante de l&#8217;\u00e9rotisme et de la cr\u00e9olit\u00e9 que le peintre et le po\u00e8te partagent. C&#8217;est une nouvelle lecture du Baudelaire assign\u00e9 par sa condamnation au d\u00e9cadentisme. Avec une audace m\u00fbrie, Matisse l&#8217;illustre de trente-quatre \u00ab t\u00eates d&#8217;expression \u00bb alternativement graves, rieuses ou f\u00e9lines, selon la teneur des textes avec lesquels elles entrent en r\u00e9sonance.<br \/>\nLe livre n&#8217;offre que des visages, suffisamment vari\u00e9s pour embrasser la g\u00e9ographie intime de cette po\u00e9sie voyageuse. Matisse parvient a  faire vivre le lexique mouvant des yeux, des bouches, et des nez, des chevelures en accord parfait avec les po\u00e8mes, agr\u00e9ment\u00e9s de lettrines de sa main et de culs-de-lampe enroule s sur le souvenir de Tahiti, l&#8217;amour de la calligraphie arabe et le rappel, ici et la , du symbole que les Grecs donnaient a  l&#8217;infini.<br \/>\nL&#8217;ouvrage reproduit l&#8217;\u00e9dition de 1947, voulue par Aragon. Il est accompagn\u00e9 d&#8217;un texte de pr\u00e9sentation ou  St\u00e9phane Gu\u00e9gan donne la pleine mesure de cette rencontre unique.<\/p>\n","protected":false},"excerpt":{"rendered":"<p>En choisissant lui-m\u00eame les po\u00e8mes de cette \u00e9dition, Matisse livre sa vision des Fleurs du mal, rayonnante de l&#8217;\u00e9rotisme et de la cr\u00e9olit\u00e9 que le peintre et le po\u00e8te partagent. C&#8217;est une nouvelle lecture du Baudelaire assign\u00e9 par sa condamnation au d\u00e9cadentisme. Avec une audace m\u00fbrie, Matisse l&#8217;illustre de trente-quatre \u00ab t\u00eates d&#8217;expression \u00bb alternativement [&hellip;]<\/p>\n","protected":false},"featured_media":53343,"template":"","meta":[],"product_cat":[7364,2948],"product_tag":[],"acf":[],"yoast_head":"<!-- This site is optimized with the Yoast SEO plugin v20.11 - https:\/\/yoast.com\/wordpress\/plugins\/seo\/ -->\n<title>Les Fleurs du mal Matisse Baudelaire - Librairie 7L<\/title>\n<meta name=\"robots\" content=\"index, follow, max-snippet:-1, max-image-preview:large, max-video-preview:-1\" \/>\n<link rel=\"canonical\" href=\"https:\/\/librairie7l.com\/en\/produit\/les-fleurs-du-mal-matisse-baudelaire-2\/\" \/>\n<meta property=\"og:locale\" content=\"en_US\" \/>\n<meta property=\"og:type\" content=\"article\" \/>\n<meta property=\"og:title\" content=\"Les Fleurs du mal Matisse Baudelaire - Librairie 7L\" \/>\n<meta property=\"og:description\" content=\"En choisissant lui-m\u00eame les po\u00e8mes de cette \u00e9dition, Matisse livre sa vision des Fleurs du mal, rayonnante de l&#8217;\u00e9rotisme et de la cr\u00e9olit\u00e9 que le peintre et le po\u00e8te partagent. C&#8217;est une nouvelle lecture du Baudelaire assign\u00e9 par sa condamnation au d\u00e9cadentisme. Avec une audace m\u00fbrie, Matisse l&#8217;illustre de trente-quatre \u00ab t\u00eates d&#8217;expression \u00bb alternativement [&hellip;]\" \/>\n<meta property=\"og:url\" content=\"https:\/\/librairie7l.com\/en\/produit\/les-fleurs-du-mal-matisse-baudelaire-2\/\" \/>\n<meta property=\"og:site_name\" content=\"Librairie 7L\" \/>\n<meta property=\"article:modified_time\" content=\"2026-05-14T17:06:53+00:00\" \/>\n<meta property=\"og:image\" content=\"https:\/\/librairie7l.com\/wp-content\/uploads\/2025\/06\/9782754117920_1_75.jpg\" \/>\n\t<meta property=\"og:image:width\" content=\"888\" \/>\n\t<meta property=\"og:image:height\" content=\"600\" \/>\n\t<meta property=\"og:image:type\" content=\"image\/jpeg\" \/>\n<meta name=\"twitter:card\" content=\"summary_large_image\" \/>\n<meta name=\"twitter:label1\" content=\"Est. reading time\" \/>\n\t<meta name=\"twitter:data1\" content=\"1 minute\" \/>\n<script type=\"application\/ld+json\" class=\"yoast-schema-graph\">{\"@context\":\"https:\/\/schema.org\",\"@graph\":[{\"@type\":\"WebPage\",\"@id\":\"https:\/\/librairie7l.com\/en\/produit\/les-fleurs-du-mal-matisse-baudelaire-2\/\",\"url\":\"https:\/\/librairie7l.com\/en\/produit\/les-fleurs-du-mal-matisse-baudelaire-2\/\",\"name\":\"Les Fleurs du mal Matisse Baudelaire - Librairie 7L\",\"isPartOf\":{\"@id\":\"https:\/\/librairie7l.com\/en\/#website\"},\"datePublished\":\"2025-12-22T21:40:23+00:00\",\"dateModified\":\"2026-05-14T17:06:53+00:00\",\"breadcrumb\":{\"@id\":\"https:\/\/librairie7l.com\/en\/produit\/les-fleurs-du-mal-matisse-baudelaire-2\/#breadcrumb\"},\"inLanguage\":\"en-US\",\"potentialAction\":[{\"@type\":\"ReadAction\",\"target\":[\"https:\/\/librairie7l.com\/en\/produit\/les-fleurs-du-mal-matisse-baudelaire-2\/\"]}]},{\"@type\":\"BreadcrumbList\",\"@id\":\"https:\/\/librairie7l.com\/en\/produit\/les-fleurs-du-mal-matisse-baudelaire-2\/#breadcrumb\",\"itemListElement\":[{\"@type\":\"ListItem\",\"position\":1,\"name\":\"Accueil\",\"item\":\"https:\/\/librairie7l.com\/en\/\"},{\"@type\":\"ListItem\",\"position\":2,\"name\":\"Shop\",\"item\":\"https:\/\/librairie7l.com\/en\/shop\/\"},{\"@type\":\"ListItem\",\"position\":3,\"name\":\"LES FLEURS DU MAL MATISSE BAUDELAIRE\"}]},{\"@type\":\"WebSite\",\"@id\":\"https:\/\/librairie7l.com\/en\/#website\",\"url\":\"https:\/\/librairie7l.com\/en\/\",\"name\":\"Librairie 7L\",\"description\":\"Librairie fond\u00e9e en 1999 par Karl Lagerfeld \u00e0 Paris\",\"publisher\":{\"@id\":\"https:\/\/librairie7l.com\/en\/#organization\"},\"potentialAction\":[{\"@type\":\"SearchAction\",\"target\":{\"@type\":\"EntryPoint\",\"urlTemplate\":\"https:\/\/librairie7l.com\/en\/?s={search_term_string}\"},\"query-input\":\"required name=search_term_string\"}],\"inLanguage\":\"en-US\"},{\"@type\":\"Organization\",\"@id\":\"https:\/\/librairie7l.com\/en\/#organization\",\"name\":\"Librairie 7L\",\"url\":\"https:\/\/librairie7l.com\/en\/\",\"logo\":{\"@type\":\"ImageObject\",\"inLanguage\":\"en-US\",\"@id\":\"https:\/\/librairie7l.com\/en\/#\/schema\/logo\/image\/\",\"url\":\"https:\/\/librairie7l.com\/wp-content\/uploads\/2022\/08\/logo-1.png\",\"contentUrl\":\"https:\/\/librairie7l.com\/wp-content\/uploads\/2022\/08\/logo-1.png\",\"width\":227,\"height\":301,\"caption\":\"Librairie 7L\"},\"image\":{\"@id\":\"https:\/\/librairie7l.com\/en\/#\/schema\/logo\/image\/\"}}]}<\/script>\n<!-- \/ Yoast SEO plugin. -->","yoast_head_json":{"title":"Les Fleurs du mal Matisse Baudelaire - Librairie 7L","robots":{"index":"index","follow":"follow","max-snippet":"max-snippet:-1","max-image-preview":"max-image-preview:large","max-video-preview":"max-video-preview:-1"},"canonical":"https:\/\/librairie7l.com\/en\/produit\/les-fleurs-du-mal-matisse-baudelaire-2\/","og_locale":"en_US","og_type":"article","og_title":"Les Fleurs du mal Matisse Baudelaire - Librairie 7L","og_description":"En choisissant lui-m\u00eame les po\u00e8mes de cette \u00e9dition, Matisse livre sa vision des Fleurs du mal, rayonnante de l&#8217;\u00e9rotisme et de la cr\u00e9olit\u00e9 que le peintre et le po\u00e8te partagent. C&#8217;est une nouvelle lecture du Baudelaire assign\u00e9 par sa condamnation au d\u00e9cadentisme. Avec une audace m\u00fbrie, Matisse l&#8217;illustre de trente-quatre \u00ab t\u00eates d&#8217;expression \u00bb alternativement [&hellip;]","og_url":"https:\/\/librairie7l.com\/en\/produit\/les-fleurs-du-mal-matisse-baudelaire-2\/","og_site_name":"Librairie 7L","article_modified_time":"2026-05-14T17:06:53+00:00","og_image":[{"width":888,"height":600,"url":"https:\/\/librairie7l.com\/wp-content\/uploads\/2025\/06\/9782754117920_1_75.jpg","type":"image\/jpeg"}],"twitter_card":"summary_large_image","twitter_misc":{"Est. reading time":"1 minute"},"schema":{"@context":"https:\/\/schema.org","@graph":[{"@type":"WebPage","@id":"https:\/\/librairie7l.com\/en\/produit\/les-fleurs-du-mal-matisse-baudelaire-2\/","url":"https:\/\/librairie7l.com\/en\/produit\/les-fleurs-du-mal-matisse-baudelaire-2\/","name":"Les Fleurs du mal Matisse Baudelaire - Librairie 7L","isPartOf":{"@id":"https:\/\/librairie7l.com\/en\/#website"},"datePublished":"2025-12-22T21:40:23+00:00","dateModified":"2026-05-14T17:06:53+00:00","breadcrumb":{"@id":"https:\/\/librairie7l.com\/en\/produit\/les-fleurs-du-mal-matisse-baudelaire-2\/#breadcrumb"},"inLanguage":"en-US","potentialAction":[{"@type":"ReadAction","target":["https:\/\/librairie7l.com\/en\/produit\/les-fleurs-du-mal-matisse-baudelaire-2\/"]}]},{"@type":"BreadcrumbList","@id":"https:\/\/librairie7l.com\/en\/produit\/les-fleurs-du-mal-matisse-baudelaire-2\/#breadcrumb","itemListElement":[{"@type":"ListItem","position":1,"name":"Accueil","item":"https:\/\/librairie7l.com\/en\/"},{"@type":"ListItem","position":2,"name":"Shop","item":"https:\/\/librairie7l.com\/en\/shop\/"},{"@type":"ListItem","position":3,"name":"LES FLEURS DU MAL MATISSE BAUDELAIRE"}]},{"@type":"WebSite","@id":"https:\/\/librairie7l.com\/en\/#website","url":"https:\/\/librairie7l.com\/en\/","name":"Librairie 7L","description":"Librairie fond\u00e9e en 1999 par Karl Lagerfeld \u00e0 Paris","publisher":{"@id":"https:\/\/librairie7l.com\/en\/#organization"},"potentialAction":[{"@type":"SearchAction","target":{"@type":"EntryPoint","urlTemplate":"https:\/\/librairie7l.com\/en\/?s={search_term_string}"},"query-input":"required name=search_term_string"}],"inLanguage":"en-US"},{"@type":"Organization","@id":"https:\/\/librairie7l.com\/en\/#organization","name":"Librairie 7L","url":"https:\/\/librairie7l.com\/en\/","logo":{"@type":"ImageObject","inLanguage":"en-US","@id":"https:\/\/librairie7l.com\/en\/#\/schema\/logo\/image\/","url":"https:\/\/librairie7l.com\/wp-content\/uploads\/2022\/08\/logo-1.png","contentUrl":"https:\/\/librairie7l.com\/wp-content\/uploads\/2022\/08\/logo-1.png","width":227,"height":301,"caption":"Librairie 7L"},"image":{"@id":"https:\/\/librairie7l.com\/en\/#\/schema\/logo\/image\/"}}]}},"_links":{"self":[{"href":"https:\/\/librairie7l.com\/en\/wp-json\/wp\/v2\/product\/53345"}],"collection":[{"href":"https:\/\/librairie7l.com\/en\/wp-json\/wp\/v2\/product"}],"about":[{"href":"https:\/\/librairie7l.com\/en\/wp-json\/wp\/v2\/types\/product"}],"wp:featuredmedia":[{"embeddable":true,"href":"https:\/\/librairie7l.com\/en\/wp-json\/wp\/v2\/media\/53343"}],"wp:attachment":[{"href":"https:\/\/librairie7l.com\/en\/wp-json\/wp\/v2\/media?parent=53345"}],"wp:term":[{"taxonomy":"product_cat","embeddable":true,"href":"https:\/\/librairie7l.com\/en\/wp-json\/wp\/v2\/product_cat?post=53345"},{"taxonomy":"product_tag","embeddable":true,"href":"https:\/\/librairie7l.com\/en\/wp-json\/wp\/v2\/product_tag?post=53345"}],"curies":[{"name":"wp","href":"https:\/\/api.w.org\/{rel}","templated":true}]}}