{"id":53363,"date":"2025-12-25T18:38:10","date_gmt":"2025-12-25T17:38:10","guid":{"rendered":"https:\/\/librairie7l.com\/?post_type=product&#038;p=53363"},"modified":"2026-05-13T23:06:42","modified_gmt":"2026-05-13T21:06:42","slug":"la-vie-en-typo-2","status":"publish","type":"product","link":"https:\/\/librairie7l.com\/en\/produit\/la-vie-en-typo-2\/","title":{"rendered":"LA VIE EN TYPO"},"content":{"rendered":"<p>Depuis l&#8217;invention de l&#8217;imprimerie, la typographie accompagne la vie litt\u00e9raire et celle des journaux. De la Trajan inspir\u00e9e des monuments romains \u00e0 la Baskerville et \u00e0 la c\u00e9l\u00e8bre Garamond, l&#8217;histoire des polices a beaucoup \u00e0 nous raconter sur notre rapport aux textes \u00e9crits et notre fa\u00e7on de les lire.<\/p>\n","protected":false},"excerpt":{"rendered":"<p>Depuis l&#8217;invention de l&#8217;imprimerie, la typographie accompagne la vie litt\u00e9raire et celle des journaux. De la Trajan inspir\u00e9e des monuments romains \u00e0 la Baskerville et \u00e0 la c\u00e9l\u00e8bre Garamond, l&#8217;histoire des polices a beaucoup \u00e0 nous raconter sur notre rapport aux textes \u00e9crits et notre fa\u00e7on de les lire.<\/p>\n","protected":false},"featured_media":53361,"template":"","meta":[],"product_cat":[7364,2948],"product_tag":[],"acf":[],"yoast_head":"<!-- This site is optimized with the Yoast SEO plugin v20.11 - https:\/\/yoast.com\/wordpress\/plugins\/seo\/ -->\n<title>La vie en typo - Librairie 7L<\/title>\n<meta name=\"robots\" content=\"index, follow, max-snippet:-1, max-image-preview:large, max-video-preview:-1\" \/>\n<link rel=\"canonical\" href=\"https:\/\/librairie7l.com\/en\/produit\/la-vie-en-typo-2\/\" \/>\n<meta property=\"og:locale\" content=\"en_US\" \/>\n<meta property=\"og:type\" content=\"article\" \/>\n<meta property=\"og:title\" content=\"La vie en typo - Librairie 7L\" \/>\n<meta property=\"og:description\" content=\"Depuis l&#8217;invention de l&#8217;imprimerie, la typographie accompagne la vie litt\u00e9raire et celle des journaux. De la Trajan inspir\u00e9e des monuments romains \u00e0 la Baskerville et \u00e0 la c\u00e9l\u00e8bre Garamond, l&#8217;histoire des polices a beaucoup \u00e0 nous raconter sur notre rapport aux textes \u00e9crits et notre fa\u00e7on de les lire.\" \/>\n<meta property=\"og:url\" content=\"https:\/\/librairie7l.com\/en\/produit\/la-vie-en-typo-2\/\" \/>\n<meta property=\"og:site_name\" content=\"Librairie 7L\" \/>\n<meta property=\"article:modified_time\" content=\"2026-05-13T21:06:42+00:00\" \/>\n<meta property=\"og:image\" content=\"https:\/\/librairie7l.com\/wp-content\/uploads\/2016\/09\/9782330073039_1_75.jpg\" \/>\n\t<meta property=\"og:image:width\" content=\"600\" \/>\n\t<meta property=\"og:image:height\" content=\"1329\" \/>\n\t<meta property=\"og:image:type\" content=\"image\/jpeg\" \/>\n<meta name=\"twitter:card\" content=\"summary_large_image\" \/>\n<script type=\"application\/ld+json\" class=\"yoast-schema-graph\">{\"@context\":\"https:\/\/schema.org\",\"@graph\":[{\"@type\":\"WebPage\",\"@id\":\"https:\/\/librairie7l.com\/en\/produit\/la-vie-en-typo-2\/\",\"url\":\"https:\/\/librairie7l.com\/en\/produit\/la-vie-en-typo-2\/\",\"name\":\"La vie en typo - Librairie 7L\",\"isPartOf\":{\"@id\":\"https:\/\/librairie7l.com\/en\/#website\"},\"datePublished\":\"2025-12-25T17:38:10+00:00\",\"dateModified\":\"2026-05-13T21:06:42+00:00\",\"breadcrumb\":{\"@id\":\"https:\/\/librairie7l.com\/en\/produit\/la-vie-en-typo-2\/#breadcrumb\"},\"inLanguage\":\"en-US\",\"potentialAction\":[{\"@type\":\"ReadAction\",\"target\":[\"https:\/\/librairie7l.com\/en\/produit\/la-vie-en-typo-2\/\"]}]},{\"@type\":\"BreadcrumbList\",\"@id\":\"https:\/\/librairie7l.com\/en\/produit\/la-vie-en-typo-2\/#breadcrumb\",\"itemListElement\":[{\"@type\":\"ListItem\",\"position\":1,\"name\":\"Accueil\",\"item\":\"https:\/\/librairie7l.com\/en\/\"},{\"@type\":\"ListItem\",\"position\":2,\"name\":\"Shop\",\"item\":\"https:\/\/librairie7l.com\/en\/shop\/\"},{\"@type\":\"ListItem\",\"position\":3,\"name\":\"LA VIE EN TYPO\"}]},{\"@type\":\"WebSite\",\"@id\":\"https:\/\/librairie7l.com\/en\/#website\",\"url\":\"https:\/\/librairie7l.com\/en\/\",\"name\":\"Librairie 7L\",\"description\":\"Librairie fond\u00e9e en 1999 par Karl Lagerfeld \u00e0 Paris\",\"publisher\":{\"@id\":\"https:\/\/librairie7l.com\/en\/#organization\"},\"potentialAction\":[{\"@type\":\"SearchAction\",\"target\":{\"@type\":\"EntryPoint\",\"urlTemplate\":\"https:\/\/librairie7l.com\/en\/?s={search_term_string}\"},\"query-input\":\"required name=search_term_string\"}],\"inLanguage\":\"en-US\"},{\"@type\":\"Organization\",\"@id\":\"https:\/\/librairie7l.com\/en\/#organization\",\"name\":\"Librairie 7L\",\"url\":\"https:\/\/librairie7l.com\/en\/\",\"logo\":{\"@type\":\"ImageObject\",\"inLanguage\":\"en-US\",\"@id\":\"https:\/\/librairie7l.com\/en\/#\/schema\/logo\/image\/\",\"url\":\"https:\/\/librairie7l.com\/wp-content\/uploads\/2022\/08\/logo-1.png\",\"contentUrl\":\"https:\/\/librairie7l.com\/wp-content\/uploads\/2022\/08\/logo-1.png\",\"width\":227,\"height\":301,\"caption\":\"Librairie 7L\"},\"image\":{\"@id\":\"https:\/\/librairie7l.com\/en\/#\/schema\/logo\/image\/\"}}]}<\/script>\n<!-- \/ Yoast SEO plugin. -->","yoast_head_json":{"title":"La vie en typo - Librairie 7L","robots":{"index":"index","follow":"follow","max-snippet":"max-snippet:-1","max-image-preview":"max-image-preview:large","max-video-preview":"max-video-preview:-1"},"canonical":"https:\/\/librairie7l.com\/en\/produit\/la-vie-en-typo-2\/","og_locale":"en_US","og_type":"article","og_title":"La vie en typo - Librairie 7L","og_description":"Depuis l&#8217;invention de l&#8217;imprimerie, la typographie accompagne la vie litt\u00e9raire et celle des journaux. De la Trajan inspir\u00e9e des monuments romains \u00e0 la Baskerville et \u00e0 la c\u00e9l\u00e8bre Garamond, l&#8217;histoire des polices a beaucoup \u00e0 nous raconter sur notre rapport aux textes \u00e9crits et notre fa\u00e7on de les lire.","og_url":"https:\/\/librairie7l.com\/en\/produit\/la-vie-en-typo-2\/","og_site_name":"Librairie 7L","article_modified_time":"2026-05-13T21:06:42+00:00","og_image":[{"width":600,"height":1329,"url":"https:\/\/librairie7l.com\/wp-content\/uploads\/2016\/09\/9782330073039_1_75.jpg","type":"image\/jpeg"}],"twitter_card":"summary_large_image","schema":{"@context":"https:\/\/schema.org","@graph":[{"@type":"WebPage","@id":"https:\/\/librairie7l.com\/en\/produit\/la-vie-en-typo-2\/","url":"https:\/\/librairie7l.com\/en\/produit\/la-vie-en-typo-2\/","name":"La vie en typo - Librairie 7L","isPartOf":{"@id":"https:\/\/librairie7l.com\/en\/#website"},"datePublished":"2025-12-25T17:38:10+00:00","dateModified":"2026-05-13T21:06:42+00:00","breadcrumb":{"@id":"https:\/\/librairie7l.com\/en\/produit\/la-vie-en-typo-2\/#breadcrumb"},"inLanguage":"en-US","potentialAction":[{"@type":"ReadAction","target":["https:\/\/librairie7l.com\/en\/produit\/la-vie-en-typo-2\/"]}]},{"@type":"BreadcrumbList","@id":"https:\/\/librairie7l.com\/en\/produit\/la-vie-en-typo-2\/#breadcrumb","itemListElement":[{"@type":"ListItem","position":1,"name":"Accueil","item":"https:\/\/librairie7l.com\/en\/"},{"@type":"ListItem","position":2,"name":"Shop","item":"https:\/\/librairie7l.com\/en\/shop\/"},{"@type":"ListItem","position":3,"name":"LA VIE EN TYPO"}]},{"@type":"WebSite","@id":"https:\/\/librairie7l.com\/en\/#website","url":"https:\/\/librairie7l.com\/en\/","name":"Librairie 7L","description":"Librairie fond\u00e9e en 1999 par Karl Lagerfeld \u00e0 Paris","publisher":{"@id":"https:\/\/librairie7l.com\/en\/#organization"},"potentialAction":[{"@type":"SearchAction","target":{"@type":"EntryPoint","urlTemplate":"https:\/\/librairie7l.com\/en\/?s={search_term_string}"},"query-input":"required name=search_term_string"}],"inLanguage":"en-US"},{"@type":"Organization","@id":"https:\/\/librairie7l.com\/en\/#organization","name":"Librairie 7L","url":"https:\/\/librairie7l.com\/en\/","logo":{"@type":"ImageObject","inLanguage":"en-US","@id":"https:\/\/librairie7l.com\/en\/#\/schema\/logo\/image\/","url":"https:\/\/librairie7l.com\/wp-content\/uploads\/2022\/08\/logo-1.png","contentUrl":"https:\/\/librairie7l.com\/wp-content\/uploads\/2022\/08\/logo-1.png","width":227,"height":301,"caption":"Librairie 7L"},"image":{"@id":"https:\/\/librairie7l.com\/en\/#\/schema\/logo\/image\/"}}]}},"_links":{"self":[{"href":"https:\/\/librairie7l.com\/en\/wp-json\/wp\/v2\/product\/53363"}],"collection":[{"href":"https:\/\/librairie7l.com\/en\/wp-json\/wp\/v2\/product"}],"about":[{"href":"https:\/\/librairie7l.com\/en\/wp-json\/wp\/v2\/types\/product"}],"wp:featuredmedia":[{"embeddable":true,"href":"https:\/\/librairie7l.com\/en\/wp-json\/wp\/v2\/media\/53361"}],"wp:attachment":[{"href":"https:\/\/librairie7l.com\/en\/wp-json\/wp\/v2\/media?parent=53363"}],"wp:term":[{"taxonomy":"product_cat","embeddable":true,"href":"https:\/\/librairie7l.com\/en\/wp-json\/wp\/v2\/product_cat?post=53363"},{"taxonomy":"product_tag","embeddable":true,"href":"https:\/\/librairie7l.com\/en\/wp-json\/wp\/v2\/product_tag?post=53363"}],"curies":[{"name":"wp","href":"https:\/\/api.w.org\/{rel}","templated":true}]}}