{"id":53378,"date":"2025-12-26T21:54:22","date_gmt":"2025-12-26T20:54:22","guid":{"rendered":"https:\/\/librairie7l.com\/?post_type=product&#038;p=53378"},"modified":"2026-04-29T04:53:27","modified_gmt":"2026-04-29T02:53:27","slug":"peter-lindbergh-untold-stories-2","status":"publish","type":"product","link":"https:\/\/librairie7l.com\/en\/produit\/peter-lindbergh-untold-stories-2\/","title":{"rendered":"PETER LINDBERGH ; UNTOLD STORIES"},"content":{"rendered":"<p>Toute premi\u00e8re exposition dont Peter Lindbergh fut lui-m\u00eame le commissaire, peu de temps avant sa disparition, Untold Stories initit\u00e9e par le Kunstpalast de D\u00fcsseldorf, sert de toile de fond \u00e0 la cr\u00e9ativit\u00e9 et au regard d\u00e9brid\u00e9s du photographe. Dot\u00e9 d&#8217;une libert\u00e9 artistique totale, Lindbergh a r\u00e9uni une collection in\u00e9dite qui jette un \u00e9clairage inattendu sur son oeuvre colossale. Ce livre, catalogue officiel de cette exposition remarquable, offre un regard approfondi et de premier ordre sur cette collection tr\u00e8s personnelle. Quand il a fallu imprimer ses photos, Lindbergh a choisi un papier non-couch\u00e9 sp\u00e9cial &#8211; une fine feuille, avec une surface douce, ouverte &#8211; comme une d\u00e9claration esth\u00e9tique d\u00e9lib\u00e9r\u00e9e.<br \/>\nReconnus dans le monde entier, les clich\u00e9s de Lindbergh ont laiss\u00e9 une empreinte ind\u00e9l\u00e9bile sur la culture contemporaine et red\u00e9finissant depuis 40 ans les param\u00e8tres de la photographie de mode. Ici, le photographe exp\u00e9rimente avec sa propre oeuvre et raconte de nouvelles histoires tout en restant fid\u00e8le \u00e0 son lexique. En associant des images \u00e0 la fois embl\u00e9matiques et jamais expos\u00e9es, il d\u00e9fie ses propres ic\u00f4nes et pr\u00e9sente des moments intimes partag\u00e9s avec des personnalit\u00e9s qui lui ont \u00e9t\u00e9 proches pendant des ann\u00e9es. Parmi elles, Nicole Kidman, Uma Thurman, Robin Wright, Jessica Chastain, Jeanne Moreau, Naomi Campbell, Charlotte Rampling et bien d&#8217;autres.<br \/>\nCe volume XL pr\u00e9sente plus de 150 photographies, dont beaucoup n&#8217;ont jamais \u00e9t\u00e9 publi\u00e9es ou de mani\u00e8re \u00e9ph\u00e9m\u00e8re, g\u00e9n\u00e9ralement command\u00e9es par des mensuels de mode tels que Vogue, Harper&#8217;s Bazaar, Interview, Rolling Stone, W Magazine ou The Wall Street Journal. Une longue conversation entre Lindbergh et le directeur du Kunstpalast Felix Kr\u00e4mer, ainsi qu&#8217;un hommage de son ami proche Wim Wenders, permettent un regard nouveau sur la cr\u00e9ation de l&#8217;exposition. Le r\u00e9sultat est une profession de foi intime de Lindbergh sur son oeuvre.<\/p>\n","protected":false},"excerpt":{"rendered":"<p>Toute premi\u00e8re exposition dont Peter Lindbergh fut lui-m\u00eame le commissaire, peu de temps avant sa disparition, Untold Stories initit\u00e9e par le Kunstpalast de D\u00fcsseldorf, sert de toile de fond \u00e0 la cr\u00e9ativit\u00e9 et au regard d\u00e9brid\u00e9s du photographe. Dot\u00e9 d&#8217;une libert\u00e9 artistique totale, Lindbergh a r\u00e9uni une collection in\u00e9dite qui jette un \u00e9clairage inattendu sur [&hellip;]<\/p>\n","protected":false},"featured_media":53376,"template":"","meta":[],"product_cat":[7364,2948],"product_tag":[],"acf":[],"yoast_head":"<!-- This site is optimized with the Yoast SEO plugin v20.11 - https:\/\/yoast.com\/wordpress\/plugins\/seo\/ -->\n<title>Peter Lindbergh ; untold stories - Librairie 7L<\/title>\n<meta name=\"robots\" content=\"index, follow, max-snippet:-1, max-image-preview:large, max-video-preview:-1\" \/>\n<link rel=\"canonical\" href=\"https:\/\/librairie7l.com\/en\/produit\/peter-lindbergh-untold-stories-2\/\" \/>\n<meta property=\"og:locale\" content=\"en_US\" \/>\n<meta property=\"og:type\" content=\"article\" \/>\n<meta property=\"og:title\" content=\"Peter Lindbergh ; untold stories - Librairie 7L\" \/>\n<meta property=\"og:description\" content=\"Toute premi\u00e8re exposition dont Peter Lindbergh fut lui-m\u00eame le commissaire, peu de temps avant sa disparition, Untold Stories initit\u00e9e par le Kunstpalast de D\u00fcsseldorf, sert de toile de fond \u00e0 la cr\u00e9ativit\u00e9 et au regard d\u00e9brid\u00e9s du photographe. Dot\u00e9 d&#8217;une libert\u00e9 artistique totale, Lindbergh a r\u00e9uni une collection in\u00e9dite qui jette un \u00e9clairage inattendu sur [&hellip;]\" \/>\n<meta property=\"og:url\" content=\"https:\/\/librairie7l.com\/en\/produit\/peter-lindbergh-untold-stories-2\/\" \/>\n<meta property=\"og:site_name\" content=\"Librairie 7L\" \/>\n<meta property=\"article:modified_time\" content=\"2026-04-29T02:53:27+00:00\" \/>\n<meta property=\"og:image\" content=\"https:\/\/librairie7l.com\/wp-content\/uploads\/2020\/01\/9783836579919_1_75.jpg\" \/>\n\t<meta property=\"og:image:width\" content=\"600\" \/>\n\t<meta property=\"og:image:height\" content=\"751\" \/>\n\t<meta property=\"og:image:type\" content=\"image\/jpeg\" \/>\n<meta name=\"twitter:card\" content=\"summary_large_image\" \/>\n<meta name=\"twitter:label1\" content=\"Est. reading time\" \/>\n\t<meta name=\"twitter:data1\" content=\"2 minutes\" \/>\n<script type=\"application\/ld+json\" class=\"yoast-schema-graph\">{\"@context\":\"https:\/\/schema.org\",\"@graph\":[{\"@type\":\"WebPage\",\"@id\":\"https:\/\/librairie7l.com\/en\/produit\/peter-lindbergh-untold-stories-2\/\",\"url\":\"https:\/\/librairie7l.com\/en\/produit\/peter-lindbergh-untold-stories-2\/\",\"name\":\"Peter Lindbergh ; untold stories - Librairie 7L\",\"isPartOf\":{\"@id\":\"https:\/\/librairie7l.com\/en\/#website\"},\"datePublished\":\"2025-12-26T20:54:22+00:00\",\"dateModified\":\"2026-04-29T02:53:27+00:00\",\"breadcrumb\":{\"@id\":\"https:\/\/librairie7l.com\/en\/produit\/peter-lindbergh-untold-stories-2\/#breadcrumb\"},\"inLanguage\":\"en-US\",\"potentialAction\":[{\"@type\":\"ReadAction\",\"target\":[\"https:\/\/librairie7l.com\/en\/produit\/peter-lindbergh-untold-stories-2\/\"]}]},{\"@type\":\"BreadcrumbList\",\"@id\":\"https:\/\/librairie7l.com\/en\/produit\/peter-lindbergh-untold-stories-2\/#breadcrumb\",\"itemListElement\":[{\"@type\":\"ListItem\",\"position\":1,\"name\":\"Accueil\",\"item\":\"https:\/\/librairie7l.com\/en\/\"},{\"@type\":\"ListItem\",\"position\":2,\"name\":\"Shop\",\"item\":\"https:\/\/librairie7l.com\/en\/shop\/\"},{\"@type\":\"ListItem\",\"position\":3,\"name\":\"PETER LINDBERGH ; UNTOLD STORIES\"}]},{\"@type\":\"WebSite\",\"@id\":\"https:\/\/librairie7l.com\/en\/#website\",\"url\":\"https:\/\/librairie7l.com\/en\/\",\"name\":\"Librairie 7L\",\"description\":\"Librairie fond\u00e9e en 1999 par Karl Lagerfeld \u00e0 Paris\",\"publisher\":{\"@id\":\"https:\/\/librairie7l.com\/en\/#organization\"},\"potentialAction\":[{\"@type\":\"SearchAction\",\"target\":{\"@type\":\"EntryPoint\",\"urlTemplate\":\"https:\/\/librairie7l.com\/en\/?s={search_term_string}\"},\"query-input\":\"required name=search_term_string\"}],\"inLanguage\":\"en-US\"},{\"@type\":\"Organization\",\"@id\":\"https:\/\/librairie7l.com\/en\/#organization\",\"name\":\"Librairie 7L\",\"url\":\"https:\/\/librairie7l.com\/en\/\",\"logo\":{\"@type\":\"ImageObject\",\"inLanguage\":\"en-US\",\"@id\":\"https:\/\/librairie7l.com\/en\/#\/schema\/logo\/image\/\",\"url\":\"https:\/\/librairie7l.com\/wp-content\/uploads\/2022\/08\/logo-1.png\",\"contentUrl\":\"https:\/\/librairie7l.com\/wp-content\/uploads\/2022\/08\/logo-1.png\",\"width\":227,\"height\":301,\"caption\":\"Librairie 7L\"},\"image\":{\"@id\":\"https:\/\/librairie7l.com\/en\/#\/schema\/logo\/image\/\"}}]}<\/script>\n<!-- \/ Yoast SEO plugin. -->","yoast_head_json":{"title":"Peter Lindbergh ; untold stories - Librairie 7L","robots":{"index":"index","follow":"follow","max-snippet":"max-snippet:-1","max-image-preview":"max-image-preview:large","max-video-preview":"max-video-preview:-1"},"canonical":"https:\/\/librairie7l.com\/en\/produit\/peter-lindbergh-untold-stories-2\/","og_locale":"en_US","og_type":"article","og_title":"Peter Lindbergh ; untold stories - Librairie 7L","og_description":"Toute premi\u00e8re exposition dont Peter Lindbergh fut lui-m\u00eame le commissaire, peu de temps avant sa disparition, Untold Stories initit\u00e9e par le Kunstpalast de D\u00fcsseldorf, sert de toile de fond \u00e0 la cr\u00e9ativit\u00e9 et au regard d\u00e9brid\u00e9s du photographe. Dot\u00e9 d&#8217;une libert\u00e9 artistique totale, Lindbergh a r\u00e9uni une collection in\u00e9dite qui jette un \u00e9clairage inattendu sur [&hellip;]","og_url":"https:\/\/librairie7l.com\/en\/produit\/peter-lindbergh-untold-stories-2\/","og_site_name":"Librairie 7L","article_modified_time":"2026-04-29T02:53:27+00:00","og_image":[{"width":600,"height":751,"url":"https:\/\/librairie7l.com\/wp-content\/uploads\/2020\/01\/9783836579919_1_75.jpg","type":"image\/jpeg"}],"twitter_card":"summary_large_image","twitter_misc":{"Est. reading time":"2 minutes"},"schema":{"@context":"https:\/\/schema.org","@graph":[{"@type":"WebPage","@id":"https:\/\/librairie7l.com\/en\/produit\/peter-lindbergh-untold-stories-2\/","url":"https:\/\/librairie7l.com\/en\/produit\/peter-lindbergh-untold-stories-2\/","name":"Peter Lindbergh ; untold stories - Librairie 7L","isPartOf":{"@id":"https:\/\/librairie7l.com\/en\/#website"},"datePublished":"2025-12-26T20:54:22+00:00","dateModified":"2026-04-29T02:53:27+00:00","breadcrumb":{"@id":"https:\/\/librairie7l.com\/en\/produit\/peter-lindbergh-untold-stories-2\/#breadcrumb"},"inLanguage":"en-US","potentialAction":[{"@type":"ReadAction","target":["https:\/\/librairie7l.com\/en\/produit\/peter-lindbergh-untold-stories-2\/"]}]},{"@type":"BreadcrumbList","@id":"https:\/\/librairie7l.com\/en\/produit\/peter-lindbergh-untold-stories-2\/#breadcrumb","itemListElement":[{"@type":"ListItem","position":1,"name":"Accueil","item":"https:\/\/librairie7l.com\/en\/"},{"@type":"ListItem","position":2,"name":"Shop","item":"https:\/\/librairie7l.com\/en\/shop\/"},{"@type":"ListItem","position":3,"name":"PETER LINDBERGH ; UNTOLD STORIES"}]},{"@type":"WebSite","@id":"https:\/\/librairie7l.com\/en\/#website","url":"https:\/\/librairie7l.com\/en\/","name":"Librairie 7L","description":"Librairie fond\u00e9e en 1999 par Karl Lagerfeld \u00e0 Paris","publisher":{"@id":"https:\/\/librairie7l.com\/en\/#organization"},"potentialAction":[{"@type":"SearchAction","target":{"@type":"EntryPoint","urlTemplate":"https:\/\/librairie7l.com\/en\/?s={search_term_string}"},"query-input":"required name=search_term_string"}],"inLanguage":"en-US"},{"@type":"Organization","@id":"https:\/\/librairie7l.com\/en\/#organization","name":"Librairie 7L","url":"https:\/\/librairie7l.com\/en\/","logo":{"@type":"ImageObject","inLanguage":"en-US","@id":"https:\/\/librairie7l.com\/en\/#\/schema\/logo\/image\/","url":"https:\/\/librairie7l.com\/wp-content\/uploads\/2022\/08\/logo-1.png","contentUrl":"https:\/\/librairie7l.com\/wp-content\/uploads\/2022\/08\/logo-1.png","width":227,"height":301,"caption":"Librairie 7L"},"image":{"@id":"https:\/\/librairie7l.com\/en\/#\/schema\/logo\/image\/"}}]}},"_links":{"self":[{"href":"https:\/\/librairie7l.com\/en\/wp-json\/wp\/v2\/product\/53378"}],"collection":[{"href":"https:\/\/librairie7l.com\/en\/wp-json\/wp\/v2\/product"}],"about":[{"href":"https:\/\/librairie7l.com\/en\/wp-json\/wp\/v2\/types\/product"}],"wp:featuredmedia":[{"embeddable":true,"href":"https:\/\/librairie7l.com\/en\/wp-json\/wp\/v2\/media\/53376"}],"wp:attachment":[{"href":"https:\/\/librairie7l.com\/en\/wp-json\/wp\/v2\/media?parent=53378"}],"wp:term":[{"taxonomy":"product_cat","embeddable":true,"href":"https:\/\/librairie7l.com\/en\/wp-json\/wp\/v2\/product_cat?post=53378"},{"taxonomy":"product_tag","embeddable":true,"href":"https:\/\/librairie7l.com\/en\/wp-json\/wp\/v2\/product_tag?post=53378"}],"curies":[{"name":"wp","href":"https:\/\/api.w.org\/{rel}","templated":true}]}}