{"id":53390,"date":"2025-12-27T20:10:05","date_gmt":"2025-12-27T19:10:05","guid":{"rendered":"https:\/\/librairie7l.com\/?post_type=product&#038;p=53390"},"modified":"2026-05-14T08:55:24","modified_gmt":"2026-05-14T06:55:24","slug":"dysphoria-mundi-le-son-du-monde-qui-secroule-2","status":"publish","type":"product","link":"https:\/\/librairie7l.com\/en\/produit\/dysphoria-mundi-le-son-du-monde-qui-secroule-2\/","title":{"rendered":"DYSPHORIA MUNDI : LE SON DU MONDE QUI S&#8217;\u00c9CROULE"},"content":{"rendered":"<p>Dysphoria mundi est un texte mutant qui rend compte de la transition plan\u00e9taire en cours. Le xixe si\u00e8cle \u00e9tait hyst\u00e9rique ; le xxe schizophr\u00e8ne ; notre \u00e9poque est dysphorique. Anxi\u00e9t\u00e9 g\u00e9n\u00e9ralis\u00e9e, troubles post-traumatiques, syndrome de d\u00e9pendance, dysphorie de genre, destruction l\u00e9gitim\u00e9e de l&#8217;\u00e9cosyst\u00e8me&#8230; Voici l&#8217;hypoth\u00e8se que propose ce livre : g\u00e9n\u00e9raliser la notion de dysphorie afin de la comprendre non pas comme une maladie mentale, mais comme une dissidence politique. L&#8217;auteur dessine une cartographie des pratiques d&#8217;\u00e9mancipation susceptibles de transformer l&#8217;avenir. On dit souvent qu&#8217;il nous est devenu plus facile d&#8217;imaginer la fin du monde que de penser la fin du capitalisme. Preciado persiste \u00e0 observer les preuves de pratiques alternatives \u00e0 cette impasse : de nouveaux modes de vie jusqu&#8217;alors disqualifi\u00e9s comme improductifs et anormaux se pr\u00e9sentent d\u00e9sormais comme la seule issue.<\/p>\n<p>Paul B. Preciado est philosophie, commissaire d&#8217;exposition et auteur. Dans la lign\u00e9e des travaux de Kathy Acker, Judith Butler, Monique Wittig et Michel Foucault, ses ouvrages, traduits dans une dizaine de langues, sont des r\u00e9f\u00e9rences internationales des \u00e9tudes queer, trans et non-binaires.<\/p>\n","protected":false},"excerpt":{"rendered":"<p>Dysphoria mundi est un texte mutant qui rend compte de la transition plan\u00e9taire en cours. Le xixe si\u00e8cle \u00e9tait hyst\u00e9rique ; le xxe schizophr\u00e8ne ; notre \u00e9poque est dysphorique. Anxi\u00e9t\u00e9 g\u00e9n\u00e9ralis\u00e9e, troubles post-traumatiques, syndrome de d\u00e9pendance, dysphorie de genre, destruction l\u00e9gitim\u00e9e de l&#8217;\u00e9cosyst\u00e8me&#8230; Voici l&#8217;hypoth\u00e8se que propose ce livre : g\u00e9n\u00e9raliser la notion de dysphorie [&hellip;]<\/p>\n","protected":false},"featured_media":53388,"template":"","meta":[],"product_cat":[7364,2948],"product_tag":[],"acf":[],"yoast_head":"<!-- This site is optimized with the Yoast SEO plugin v20.11 - https:\/\/yoast.com\/wordpress\/plugins\/seo\/ -->\n<title>Dysphoria mundi : le son du monde qui s&#039;\u00e9croule - Librairie 7L<\/title>\n<meta name=\"robots\" content=\"index, follow, max-snippet:-1, max-image-preview:large, max-video-preview:-1\" \/>\n<link rel=\"canonical\" href=\"https:\/\/librairie7l.com\/en\/produit\/dysphoria-mundi-le-son-du-monde-qui-secroule-2\/\" \/>\n<meta property=\"og:locale\" content=\"en_US\" \/>\n<meta property=\"og:type\" content=\"article\" \/>\n<meta property=\"og:title\" content=\"Dysphoria mundi : le son du monde qui s&#039;\u00e9croule - Librairie 7L\" \/>\n<meta property=\"og:description\" content=\"Dysphoria mundi est un texte mutant qui rend compte de la transition plan\u00e9taire en cours. Le xixe si\u00e8cle \u00e9tait hyst\u00e9rique ; le xxe schizophr\u00e8ne ; notre \u00e9poque est dysphorique. Anxi\u00e9t\u00e9 g\u00e9n\u00e9ralis\u00e9e, troubles post-traumatiques, syndrome de d\u00e9pendance, dysphorie de genre, destruction l\u00e9gitim\u00e9e de l&#8217;\u00e9cosyst\u00e8me&#8230; Voici l&#8217;hypoth\u00e8se que propose ce livre : g\u00e9n\u00e9raliser la notion de dysphorie [&hellip;]\" \/>\n<meta property=\"og:url\" content=\"https:\/\/librairie7l.com\/en\/produit\/dysphoria-mundi-le-son-du-monde-qui-secroule-2\/\" \/>\n<meta property=\"og:site_name\" content=\"Librairie 7L\" \/>\n<meta property=\"article:modified_time\" content=\"2026-05-14T06:55:24+00:00\" \/>\n<meta property=\"og:image\" content=\"https:\/\/librairie7l.com\/wp-content\/uploads\/2023\/09\/9791041412334_1_75.jpg\" \/>\n\t<meta property=\"og:image:width\" content=\"600\" \/>\n\t<meta property=\"og:image:height\" content=\"988\" \/>\n\t<meta property=\"og:image:type\" content=\"image\/jpeg\" \/>\n<meta name=\"twitter:card\" content=\"summary_large_image\" \/>\n<meta name=\"twitter:label1\" content=\"Est. reading time\" \/>\n\t<meta name=\"twitter:data1\" content=\"1 minute\" \/>\n<script type=\"application\/ld+json\" class=\"yoast-schema-graph\">{\"@context\":\"https:\/\/schema.org\",\"@graph\":[{\"@type\":\"WebPage\",\"@id\":\"https:\/\/librairie7l.com\/en\/produit\/dysphoria-mundi-le-son-du-monde-qui-secroule-2\/\",\"url\":\"https:\/\/librairie7l.com\/en\/produit\/dysphoria-mundi-le-son-du-monde-qui-secroule-2\/\",\"name\":\"Dysphoria mundi : le son du monde qui s'\u00e9croule - Librairie 7L\",\"isPartOf\":{\"@id\":\"https:\/\/librairie7l.com\/en\/#website\"},\"datePublished\":\"2025-12-27T19:10:05+00:00\",\"dateModified\":\"2026-05-14T06:55:24+00:00\",\"breadcrumb\":{\"@id\":\"https:\/\/librairie7l.com\/en\/produit\/dysphoria-mundi-le-son-du-monde-qui-secroule-2\/#breadcrumb\"},\"inLanguage\":\"en-US\",\"potentialAction\":[{\"@type\":\"ReadAction\",\"target\":[\"https:\/\/librairie7l.com\/en\/produit\/dysphoria-mundi-le-son-du-monde-qui-secroule-2\/\"]}]},{\"@type\":\"BreadcrumbList\",\"@id\":\"https:\/\/librairie7l.com\/en\/produit\/dysphoria-mundi-le-son-du-monde-qui-secroule-2\/#breadcrumb\",\"itemListElement\":[{\"@type\":\"ListItem\",\"position\":1,\"name\":\"Accueil\",\"item\":\"https:\/\/librairie7l.com\/en\/\"},{\"@type\":\"ListItem\",\"position\":2,\"name\":\"Shop\",\"item\":\"https:\/\/librairie7l.com\/en\/shop\/\"},{\"@type\":\"ListItem\",\"position\":3,\"name\":\"DYSPHORIA MUNDI : LE SON DU MONDE QUI S&#8217;\u00c9CROULE\"}]},{\"@type\":\"WebSite\",\"@id\":\"https:\/\/librairie7l.com\/en\/#website\",\"url\":\"https:\/\/librairie7l.com\/en\/\",\"name\":\"Librairie 7L\",\"description\":\"Librairie fond\u00e9e en 1999 par Karl Lagerfeld \u00e0 Paris\",\"publisher\":{\"@id\":\"https:\/\/librairie7l.com\/en\/#organization\"},\"potentialAction\":[{\"@type\":\"SearchAction\",\"target\":{\"@type\":\"EntryPoint\",\"urlTemplate\":\"https:\/\/librairie7l.com\/en\/?s={search_term_string}\"},\"query-input\":\"required name=search_term_string\"}],\"inLanguage\":\"en-US\"},{\"@type\":\"Organization\",\"@id\":\"https:\/\/librairie7l.com\/en\/#organization\",\"name\":\"Librairie 7L\",\"url\":\"https:\/\/librairie7l.com\/en\/\",\"logo\":{\"@type\":\"ImageObject\",\"inLanguage\":\"en-US\",\"@id\":\"https:\/\/librairie7l.com\/en\/#\/schema\/logo\/image\/\",\"url\":\"https:\/\/librairie7l.com\/wp-content\/uploads\/2022\/08\/logo-1.png\",\"contentUrl\":\"https:\/\/librairie7l.com\/wp-content\/uploads\/2022\/08\/logo-1.png\",\"width\":227,\"height\":301,\"caption\":\"Librairie 7L\"},\"image\":{\"@id\":\"https:\/\/librairie7l.com\/en\/#\/schema\/logo\/image\/\"}}]}<\/script>\n<!-- \/ Yoast SEO plugin. -->","yoast_head_json":{"title":"Dysphoria mundi : le son du monde qui s'\u00e9croule - Librairie 7L","robots":{"index":"index","follow":"follow","max-snippet":"max-snippet:-1","max-image-preview":"max-image-preview:large","max-video-preview":"max-video-preview:-1"},"canonical":"https:\/\/librairie7l.com\/en\/produit\/dysphoria-mundi-le-son-du-monde-qui-secroule-2\/","og_locale":"en_US","og_type":"article","og_title":"Dysphoria mundi : le son du monde qui s'\u00e9croule - Librairie 7L","og_description":"Dysphoria mundi est un texte mutant qui rend compte de la transition plan\u00e9taire en cours. Le xixe si\u00e8cle \u00e9tait hyst\u00e9rique ; le xxe schizophr\u00e8ne ; notre \u00e9poque est dysphorique. Anxi\u00e9t\u00e9 g\u00e9n\u00e9ralis\u00e9e, troubles post-traumatiques, syndrome de d\u00e9pendance, dysphorie de genre, destruction l\u00e9gitim\u00e9e de l&#8217;\u00e9cosyst\u00e8me&#8230; Voici l&#8217;hypoth\u00e8se que propose ce livre : g\u00e9n\u00e9raliser la notion de dysphorie [&hellip;]","og_url":"https:\/\/librairie7l.com\/en\/produit\/dysphoria-mundi-le-son-du-monde-qui-secroule-2\/","og_site_name":"Librairie 7L","article_modified_time":"2026-05-14T06:55:24+00:00","og_image":[{"width":600,"height":988,"url":"https:\/\/librairie7l.com\/wp-content\/uploads\/2023\/09\/9791041412334_1_75.jpg","type":"image\/jpeg"}],"twitter_card":"summary_large_image","twitter_misc":{"Est. reading time":"1 minute"},"schema":{"@context":"https:\/\/schema.org","@graph":[{"@type":"WebPage","@id":"https:\/\/librairie7l.com\/en\/produit\/dysphoria-mundi-le-son-du-monde-qui-secroule-2\/","url":"https:\/\/librairie7l.com\/en\/produit\/dysphoria-mundi-le-son-du-monde-qui-secroule-2\/","name":"Dysphoria mundi : le son du monde qui s'\u00e9croule - Librairie 7L","isPartOf":{"@id":"https:\/\/librairie7l.com\/en\/#website"},"datePublished":"2025-12-27T19:10:05+00:00","dateModified":"2026-05-14T06:55:24+00:00","breadcrumb":{"@id":"https:\/\/librairie7l.com\/en\/produit\/dysphoria-mundi-le-son-du-monde-qui-secroule-2\/#breadcrumb"},"inLanguage":"en-US","potentialAction":[{"@type":"ReadAction","target":["https:\/\/librairie7l.com\/en\/produit\/dysphoria-mundi-le-son-du-monde-qui-secroule-2\/"]}]},{"@type":"BreadcrumbList","@id":"https:\/\/librairie7l.com\/en\/produit\/dysphoria-mundi-le-son-du-monde-qui-secroule-2\/#breadcrumb","itemListElement":[{"@type":"ListItem","position":1,"name":"Accueil","item":"https:\/\/librairie7l.com\/en\/"},{"@type":"ListItem","position":2,"name":"Shop","item":"https:\/\/librairie7l.com\/en\/shop\/"},{"@type":"ListItem","position":3,"name":"DYSPHORIA MUNDI : LE SON DU MONDE QUI S&#8217;\u00c9CROULE"}]},{"@type":"WebSite","@id":"https:\/\/librairie7l.com\/en\/#website","url":"https:\/\/librairie7l.com\/en\/","name":"Librairie 7L","description":"Librairie fond\u00e9e en 1999 par Karl Lagerfeld \u00e0 Paris","publisher":{"@id":"https:\/\/librairie7l.com\/en\/#organization"},"potentialAction":[{"@type":"SearchAction","target":{"@type":"EntryPoint","urlTemplate":"https:\/\/librairie7l.com\/en\/?s={search_term_string}"},"query-input":"required name=search_term_string"}],"inLanguage":"en-US"},{"@type":"Organization","@id":"https:\/\/librairie7l.com\/en\/#organization","name":"Librairie 7L","url":"https:\/\/librairie7l.com\/en\/","logo":{"@type":"ImageObject","inLanguage":"en-US","@id":"https:\/\/librairie7l.com\/en\/#\/schema\/logo\/image\/","url":"https:\/\/librairie7l.com\/wp-content\/uploads\/2022\/08\/logo-1.png","contentUrl":"https:\/\/librairie7l.com\/wp-content\/uploads\/2022\/08\/logo-1.png","width":227,"height":301,"caption":"Librairie 7L"},"image":{"@id":"https:\/\/librairie7l.com\/en\/#\/schema\/logo\/image\/"}}]}},"_links":{"self":[{"href":"https:\/\/librairie7l.com\/en\/wp-json\/wp\/v2\/product\/53390"}],"collection":[{"href":"https:\/\/librairie7l.com\/en\/wp-json\/wp\/v2\/product"}],"about":[{"href":"https:\/\/librairie7l.com\/en\/wp-json\/wp\/v2\/types\/product"}],"wp:featuredmedia":[{"embeddable":true,"href":"https:\/\/librairie7l.com\/en\/wp-json\/wp\/v2\/media\/53388"}],"wp:attachment":[{"href":"https:\/\/librairie7l.com\/en\/wp-json\/wp\/v2\/media?parent=53390"}],"wp:term":[{"taxonomy":"product_cat","embeddable":true,"href":"https:\/\/librairie7l.com\/en\/wp-json\/wp\/v2\/product_cat?post=53390"},{"taxonomy":"product_tag","embeddable":true,"href":"https:\/\/librairie7l.com\/en\/wp-json\/wp\/v2\/product_tag?post=53390"}],"curies":[{"name":"wp","href":"https:\/\/api.w.org\/{rel}","templated":true}]}}