{"id":53404,"date":"2025-12-29T19:33:09","date_gmt":"2025-12-29T18:33:09","guid":{"rendered":"https:\/\/librairie7l.com\/?post_type=product&#038;p=53404"},"modified":"2026-05-14T02:06:53","modified_gmt":"2026-05-14T00:06:53","slug":"ryue-nishizawa-sanaa-grace-farms-source-books-in-architecture-2","status":"publish","type":"product","link":"https:\/\/librairie7l.com\/en\/produit\/ryue-nishizawa-sanaa-grace-farms-source-books-in-architecture-2\/","title":{"rendered":"RYUE NISHIZAWA SANAA GRACE FARMS SOURCE BOOKS IN ARCHITECTURE"},"content":{"rendered":"<p>Source Books in Architecture est le r\u00e9sultat des s\u00e9minaires Herbert Baumer de la Knowlton School of Architecture de l&#8217;Ohio State University. Apr\u00e8s de nombreuses recherches, les \u00e9tudiants m\u00e8nent des discussions qui encouragent les professeurs architectes \u00e0 aborder des questions li\u00e9es \u00e0 leurs pratiques et \u00e0 leurs techniques architecturales. Ouvrage co-\u00e9dit\u00e9 par Benjamin Wilke et Ryue Nishizawa.<\/p>\n","protected":false},"excerpt":{"rendered":"<p>Source Books in Architecture est le r\u00e9sultat des s\u00e9minaires Herbert Baumer de la Knowlton School of Architecture de l&#8217;Ohio State University. Apr\u00e8s de nombreuses recherches, les \u00e9tudiants m\u00e8nent des discussions qui encouragent les professeurs architectes \u00e0 aborder des questions li\u00e9es \u00e0 leurs pratiques et \u00e0 leurs techniques architecturales. Ouvrage co-\u00e9dit\u00e9 par Benjamin Wilke et Ryue [&hellip;]<\/p>\n","protected":false},"featured_media":53402,"template":"","meta":[],"product_cat":[7364,2948],"product_tag":[],"acf":[],"yoast_head":"<!-- This site is optimized with the Yoast SEO plugin v20.11 - https:\/\/yoast.com\/wordpress\/plugins\/seo\/ -->\n<title>Ryue nishizawa sanaa grace farms source books in architecture - Librairie 7L<\/title>\n<meta name=\"robots\" content=\"index, follow, max-snippet:-1, max-image-preview:large, max-video-preview:-1\" \/>\n<link rel=\"canonical\" href=\"https:\/\/librairie7l.com\/en\/produit\/ryue-nishizawa-sanaa-grace-farms-source-books-in-architecture-2\/\" \/>\n<meta property=\"og:locale\" content=\"en_US\" \/>\n<meta property=\"og:type\" content=\"article\" \/>\n<meta property=\"og:title\" content=\"Ryue nishizawa sanaa grace farms source books in architecture - Librairie 7L\" \/>\n<meta property=\"og:description\" content=\"Source Books in Architecture est le r\u00e9sultat des s\u00e9minaires Herbert Baumer de la Knowlton School of Architecture de l&#8217;Ohio State University. Apr\u00e8s de nombreuses recherches, les \u00e9tudiants m\u00e8nent des discussions qui encouragent les professeurs architectes \u00e0 aborder des questions li\u00e9es \u00e0 leurs pratiques et \u00e0 leurs techniques architecturales. Ouvrage co-\u00e9dit\u00e9 par Benjamin Wilke et Ryue [&hellip;]\" \/>\n<meta property=\"og:url\" content=\"https:\/\/librairie7l.com\/en\/produit\/ryue-nishizawa-sanaa-grace-farms-source-books-in-architecture-2\/\" \/>\n<meta property=\"og:site_name\" content=\"Librairie 7L\" \/>\n<meta property=\"article:modified_time\" content=\"2026-05-14T00:06:53+00:00\" \/>\n<meta property=\"og:image\" content=\"https:\/\/librairie7l.com\/wp-content\/uploads\/2019\/05\/9781943532254_1_75.jpg\" \/>\n\t<meta property=\"og:image:width\" content=\"512\" \/>\n\t<meta property=\"og:image:height\" content=\"512\" \/>\n\t<meta property=\"og:image:type\" content=\"image\/jpeg\" \/>\n<meta name=\"twitter:card\" content=\"summary_large_image\" \/>\n<script type=\"application\/ld+json\" class=\"yoast-schema-graph\">{\"@context\":\"https:\/\/schema.org\",\"@graph\":[{\"@type\":\"WebPage\",\"@id\":\"https:\/\/librairie7l.com\/en\/produit\/ryue-nishizawa-sanaa-grace-farms-source-books-in-architecture-2\/\",\"url\":\"https:\/\/librairie7l.com\/en\/produit\/ryue-nishizawa-sanaa-grace-farms-source-books-in-architecture-2\/\",\"name\":\"Ryue nishizawa sanaa grace farms source books in architecture - Librairie 7L\",\"isPartOf\":{\"@id\":\"https:\/\/librairie7l.com\/en\/#website\"},\"datePublished\":\"2025-12-29T18:33:09+00:00\",\"dateModified\":\"2026-05-14T00:06:53+00:00\",\"breadcrumb\":{\"@id\":\"https:\/\/librairie7l.com\/en\/produit\/ryue-nishizawa-sanaa-grace-farms-source-books-in-architecture-2\/#breadcrumb\"},\"inLanguage\":\"en-US\",\"potentialAction\":[{\"@type\":\"ReadAction\",\"target\":[\"https:\/\/librairie7l.com\/en\/produit\/ryue-nishizawa-sanaa-grace-farms-source-books-in-architecture-2\/\"]}]},{\"@type\":\"BreadcrumbList\",\"@id\":\"https:\/\/librairie7l.com\/en\/produit\/ryue-nishizawa-sanaa-grace-farms-source-books-in-architecture-2\/#breadcrumb\",\"itemListElement\":[{\"@type\":\"ListItem\",\"position\":1,\"name\":\"Accueil\",\"item\":\"https:\/\/librairie7l.com\/en\/\"},{\"@type\":\"ListItem\",\"position\":2,\"name\":\"Shop\",\"item\":\"https:\/\/librairie7l.com\/en\/shop\/\"},{\"@type\":\"ListItem\",\"position\":3,\"name\":\"RYUE NISHIZAWA SANAA GRACE FARMS SOURCE BOOKS IN ARCHITECTURE\"}]},{\"@type\":\"WebSite\",\"@id\":\"https:\/\/librairie7l.com\/en\/#website\",\"url\":\"https:\/\/librairie7l.com\/en\/\",\"name\":\"Librairie 7L\",\"description\":\"Librairie fond\u00e9e en 1999 par Karl Lagerfeld \u00e0 Paris\",\"publisher\":{\"@id\":\"https:\/\/librairie7l.com\/en\/#organization\"},\"potentialAction\":[{\"@type\":\"SearchAction\",\"target\":{\"@type\":\"EntryPoint\",\"urlTemplate\":\"https:\/\/librairie7l.com\/en\/?s={search_term_string}\"},\"query-input\":\"required name=search_term_string\"}],\"inLanguage\":\"en-US\"},{\"@type\":\"Organization\",\"@id\":\"https:\/\/librairie7l.com\/en\/#organization\",\"name\":\"Librairie 7L\",\"url\":\"https:\/\/librairie7l.com\/en\/\",\"logo\":{\"@type\":\"ImageObject\",\"inLanguage\":\"en-US\",\"@id\":\"https:\/\/librairie7l.com\/en\/#\/schema\/logo\/image\/\",\"url\":\"https:\/\/librairie7l.com\/wp-content\/uploads\/2022\/08\/logo-1.png\",\"contentUrl\":\"https:\/\/librairie7l.com\/wp-content\/uploads\/2022\/08\/logo-1.png\",\"width\":227,\"height\":301,\"caption\":\"Librairie 7L\"},\"image\":{\"@id\":\"https:\/\/librairie7l.com\/en\/#\/schema\/logo\/image\/\"}}]}<\/script>\n<!-- \/ Yoast SEO plugin. -->","yoast_head_json":{"title":"Ryue nishizawa sanaa grace farms source books in architecture - Librairie 7L","robots":{"index":"index","follow":"follow","max-snippet":"max-snippet:-1","max-image-preview":"max-image-preview:large","max-video-preview":"max-video-preview:-1"},"canonical":"https:\/\/librairie7l.com\/en\/produit\/ryue-nishizawa-sanaa-grace-farms-source-books-in-architecture-2\/","og_locale":"en_US","og_type":"article","og_title":"Ryue nishizawa sanaa grace farms source books in architecture - Librairie 7L","og_description":"Source Books in Architecture est le r\u00e9sultat des s\u00e9minaires Herbert Baumer de la Knowlton School of Architecture de l&#8217;Ohio State University. Apr\u00e8s de nombreuses recherches, les \u00e9tudiants m\u00e8nent des discussions qui encouragent les professeurs architectes \u00e0 aborder des questions li\u00e9es \u00e0 leurs pratiques et \u00e0 leurs techniques architecturales. Ouvrage co-\u00e9dit\u00e9 par Benjamin Wilke et Ryue [&hellip;]","og_url":"https:\/\/librairie7l.com\/en\/produit\/ryue-nishizawa-sanaa-grace-farms-source-books-in-architecture-2\/","og_site_name":"Librairie 7L","article_modified_time":"2026-05-14T00:06:53+00:00","og_image":[{"width":512,"height":512,"url":"https:\/\/librairie7l.com\/wp-content\/uploads\/2019\/05\/9781943532254_1_75.jpg","type":"image\/jpeg"}],"twitter_card":"summary_large_image","schema":{"@context":"https:\/\/schema.org","@graph":[{"@type":"WebPage","@id":"https:\/\/librairie7l.com\/en\/produit\/ryue-nishizawa-sanaa-grace-farms-source-books-in-architecture-2\/","url":"https:\/\/librairie7l.com\/en\/produit\/ryue-nishizawa-sanaa-grace-farms-source-books-in-architecture-2\/","name":"Ryue nishizawa sanaa grace farms source books in architecture - Librairie 7L","isPartOf":{"@id":"https:\/\/librairie7l.com\/en\/#website"},"datePublished":"2025-12-29T18:33:09+00:00","dateModified":"2026-05-14T00:06:53+00:00","breadcrumb":{"@id":"https:\/\/librairie7l.com\/en\/produit\/ryue-nishizawa-sanaa-grace-farms-source-books-in-architecture-2\/#breadcrumb"},"inLanguage":"en-US","potentialAction":[{"@type":"ReadAction","target":["https:\/\/librairie7l.com\/en\/produit\/ryue-nishizawa-sanaa-grace-farms-source-books-in-architecture-2\/"]}]},{"@type":"BreadcrumbList","@id":"https:\/\/librairie7l.com\/en\/produit\/ryue-nishizawa-sanaa-grace-farms-source-books-in-architecture-2\/#breadcrumb","itemListElement":[{"@type":"ListItem","position":1,"name":"Accueil","item":"https:\/\/librairie7l.com\/en\/"},{"@type":"ListItem","position":2,"name":"Shop","item":"https:\/\/librairie7l.com\/en\/shop\/"},{"@type":"ListItem","position":3,"name":"RYUE NISHIZAWA SANAA GRACE FARMS SOURCE BOOKS IN ARCHITECTURE"}]},{"@type":"WebSite","@id":"https:\/\/librairie7l.com\/en\/#website","url":"https:\/\/librairie7l.com\/en\/","name":"Librairie 7L","description":"Librairie fond\u00e9e en 1999 par Karl Lagerfeld \u00e0 Paris","publisher":{"@id":"https:\/\/librairie7l.com\/en\/#organization"},"potentialAction":[{"@type":"SearchAction","target":{"@type":"EntryPoint","urlTemplate":"https:\/\/librairie7l.com\/en\/?s={search_term_string}"},"query-input":"required name=search_term_string"}],"inLanguage":"en-US"},{"@type":"Organization","@id":"https:\/\/librairie7l.com\/en\/#organization","name":"Librairie 7L","url":"https:\/\/librairie7l.com\/en\/","logo":{"@type":"ImageObject","inLanguage":"en-US","@id":"https:\/\/librairie7l.com\/en\/#\/schema\/logo\/image\/","url":"https:\/\/librairie7l.com\/wp-content\/uploads\/2022\/08\/logo-1.png","contentUrl":"https:\/\/librairie7l.com\/wp-content\/uploads\/2022\/08\/logo-1.png","width":227,"height":301,"caption":"Librairie 7L"},"image":{"@id":"https:\/\/librairie7l.com\/en\/#\/schema\/logo\/image\/"}}]}},"_links":{"self":[{"href":"https:\/\/librairie7l.com\/en\/wp-json\/wp\/v2\/product\/53404"}],"collection":[{"href":"https:\/\/librairie7l.com\/en\/wp-json\/wp\/v2\/product"}],"about":[{"href":"https:\/\/librairie7l.com\/en\/wp-json\/wp\/v2\/types\/product"}],"wp:featuredmedia":[{"embeddable":true,"href":"https:\/\/librairie7l.com\/en\/wp-json\/wp\/v2\/media\/53402"}],"wp:attachment":[{"href":"https:\/\/librairie7l.com\/en\/wp-json\/wp\/v2\/media?parent=53404"}],"wp:term":[{"taxonomy":"product_cat","embeddable":true,"href":"https:\/\/librairie7l.com\/en\/wp-json\/wp\/v2\/product_cat?post=53404"},{"taxonomy":"product_tag","embeddable":true,"href":"https:\/\/librairie7l.com\/en\/wp-json\/wp\/v2\/product_tag?post=53404"}],"curies":[{"name":"wp","href":"https:\/\/api.w.org\/{rel}","templated":true}]}}