{"id":53413,"date":"2026-01-01T12:53:25","date_gmt":"2026-01-01T11:53:25","guid":{"rendered":"https:\/\/librairie7l.com\/?post_type=product&#038;p=53413"},"modified":"2026-05-14T12:06:27","modified_gmt":"2026-05-14T10:06:27","slug":"choisir-la-prairie-une-alternative-naturelle-et-durable-au-gazon-2","status":"publish","type":"product","link":"https:\/\/librairie7l.com\/en\/produit\/choisir-la-prairie-une-alternative-naturelle-et-durable-au-gazon-2\/","title":{"rendered":"CHOISIR LA PRAIRIE ; UNE ALTERNATIVE NATURELLE ET DURABLE AU GAZON"},"content":{"rendered":"<p>Le gazon est particuli\u00e8rement co\u00fbteux en temps, en produits chimiques et surtout en eau. John Greenlee nous propose une solution tout \u00e0 fait adapt\u00e9e aux probl\u00e8mes climatiques actuels : la prairie. Dans ce v\u00e9ritable plaidoyer, l&#8217;auteur nous explique que la prairie n&#8217;est pas un fouillis d\u00fb au hasard, mais plut\u00f4t un assemblage de gramin\u00e9es soigneusement s\u00e9lectionn\u00e9es, associ\u00e9es \u00e0 des vivaces color\u00e9es, le tout formant un \u00e9cosyst\u00e8me particuli\u00e8rement riche accueillant papillons, oiseaux et autres insectes.<br \/>\nJohn Greenlee propose de nombreuses esp\u00e8ces en d\u00e9taillant leurs r\u00f4les :<br \/>\nLes plantes couvrantes qui constituent la base de la prairie, les plantes qui remplissent l&#8217;espace, celles qui forment la toile de fond du jardin, qui l&#8217;encadrent, ou encore les plantes qui rythment la prairie, qui attirent le regard par leur taille, leur texture.<br \/>\nUne fois les plantes s\u00e9lectionn\u00e9es, John Greenlee accompagne le lecteur dans les diff\u00e9rentes \u00e9tapes : comment pr\u00e9parer le terrain ? Quel est le temps n\u00e9cessaire ? Quels sont les outils indispensables ? O\u00f9 doivent \u00eatre plant\u00e9s les diff\u00e9rents types de plantes ? Comment entretenir cette prairie ?<br \/>\nQuand la tailler ? Comment l&#8217;irriguer ? etc.<br \/>\nAvec les tr\u00e8s belles photographies de Saxon Holt, ce livre montre aussi la diversit\u00e9 et la grande beaut\u00e9 des prairies.<\/p>\n<p>Dans ce livre richement illustr\u00e9, l&#8217;auteur propose de penser le jardin en termes d&#8217;avenir, de biodiversit\u00e9, en pla\u00e7ant au coeur de son projet la prairie. La diversit\u00e9 des compositions pr\u00e9sent\u00e9es et des esp\u00e8ces utilis\u00e9es, ainsi que les diff\u00e9rents aspects techniques d\u00e9taill\u00e9s offrent de nombreuses possibilit\u00e9s \u00e0 ceux qui d\u00e9sirent cr\u00e9er un jardin original.<\/p>\n","protected":false},"excerpt":{"rendered":"<p>Le gazon est particuli\u00e8rement co\u00fbteux en temps, en produits chimiques et surtout en eau. John Greenlee nous propose une solution tout \u00e0 fait adapt\u00e9e aux probl\u00e8mes climatiques actuels : la prairie. Dans ce v\u00e9ritable plaidoyer, l&#8217;auteur nous explique que la prairie n&#8217;est pas un fouillis d\u00fb au hasard, mais plut\u00f4t un assemblage de gramin\u00e9es soigneusement [&hellip;]<\/p>\n","protected":false},"featured_media":53411,"template":"","meta":[],"product_cat":[7364,2948],"product_tag":[],"acf":[],"yoast_head":"<!-- This site is optimized with the Yoast SEO plugin v20.11 - https:\/\/yoast.com\/wordpress\/plugins\/seo\/ -->\n<title>Choisir la prairie ; une alternative naturelle et durable au gazon - Librairie 7L<\/title>\n<meta name=\"robots\" content=\"index, follow, max-snippet:-1, max-image-preview:large, max-video-preview:-1\" \/>\n<link rel=\"canonical\" href=\"https:\/\/librairie7l.com\/en\/produit\/choisir-la-prairie-une-alternative-naturelle-et-durable-au-gazon-2\/\" \/>\n<meta property=\"og:locale\" content=\"en_US\" \/>\n<meta property=\"og:type\" content=\"article\" \/>\n<meta property=\"og:title\" content=\"Choisir la prairie ; une alternative naturelle et durable au gazon - Librairie 7L\" \/>\n<meta property=\"og:description\" content=\"Le gazon est particuli\u00e8rement co\u00fbteux en temps, en produits chimiques et surtout en eau. John Greenlee nous propose une solution tout \u00e0 fait adapt\u00e9e aux probl\u00e8mes climatiques actuels : la prairie. Dans ce v\u00e9ritable plaidoyer, l&#8217;auteur nous explique que la prairie n&#8217;est pas un fouillis d\u00fb au hasard, mais plut\u00f4t un assemblage de gramin\u00e9es soigneusement [&hellip;]\" \/>\n<meta property=\"og:url\" content=\"https:\/\/librairie7l.com\/en\/produit\/choisir-la-prairie-une-alternative-naturelle-et-durable-au-gazon-2\/\" \/>\n<meta property=\"og:site_name\" content=\"Librairie 7L\" \/>\n<meta property=\"article:modified_time\" content=\"2026-05-14T10:06:27+00:00\" \/>\n<meta property=\"og:image\" content=\"https:\/\/librairie7l.com\/wp-content\/uploads\/2010\/11\/9782812602177_1_75.jpg\" \/>\n\t<meta property=\"og:image:width\" content=\"727\" \/>\n\t<meta property=\"og:image:height\" content=\"708\" \/>\n\t<meta property=\"og:image:type\" content=\"image\/jpeg\" \/>\n<meta name=\"twitter:card\" content=\"summary_large_image\" \/>\n<meta name=\"twitter:label1\" content=\"Est. reading time\" \/>\n\t<meta name=\"twitter:data1\" content=\"1 minute\" \/>\n<script type=\"application\/ld+json\" class=\"yoast-schema-graph\">{\"@context\":\"https:\/\/schema.org\",\"@graph\":[{\"@type\":\"WebPage\",\"@id\":\"https:\/\/librairie7l.com\/en\/produit\/choisir-la-prairie-une-alternative-naturelle-et-durable-au-gazon-2\/\",\"url\":\"https:\/\/librairie7l.com\/en\/produit\/choisir-la-prairie-une-alternative-naturelle-et-durable-au-gazon-2\/\",\"name\":\"Choisir la prairie ; une alternative naturelle et durable au gazon - Librairie 7L\",\"isPartOf\":{\"@id\":\"https:\/\/librairie7l.com\/en\/#website\"},\"datePublished\":\"2026-01-01T11:53:25+00:00\",\"dateModified\":\"2026-05-14T10:06:27+00:00\",\"breadcrumb\":{\"@id\":\"https:\/\/librairie7l.com\/en\/produit\/choisir-la-prairie-une-alternative-naturelle-et-durable-au-gazon-2\/#breadcrumb\"},\"inLanguage\":\"en-US\",\"potentialAction\":[{\"@type\":\"ReadAction\",\"target\":[\"https:\/\/librairie7l.com\/en\/produit\/choisir-la-prairie-une-alternative-naturelle-et-durable-au-gazon-2\/\"]}]},{\"@type\":\"BreadcrumbList\",\"@id\":\"https:\/\/librairie7l.com\/en\/produit\/choisir-la-prairie-une-alternative-naturelle-et-durable-au-gazon-2\/#breadcrumb\",\"itemListElement\":[{\"@type\":\"ListItem\",\"position\":1,\"name\":\"Accueil\",\"item\":\"https:\/\/librairie7l.com\/en\/\"},{\"@type\":\"ListItem\",\"position\":2,\"name\":\"Shop\",\"item\":\"https:\/\/librairie7l.com\/en\/shop\/\"},{\"@type\":\"ListItem\",\"position\":3,\"name\":\"CHOISIR LA PRAIRIE ; UNE ALTERNATIVE NATURELLE ET DURABLE AU GAZON\"}]},{\"@type\":\"WebSite\",\"@id\":\"https:\/\/librairie7l.com\/en\/#website\",\"url\":\"https:\/\/librairie7l.com\/en\/\",\"name\":\"Librairie 7L\",\"description\":\"Librairie fond\u00e9e en 1999 par Karl Lagerfeld \u00e0 Paris\",\"publisher\":{\"@id\":\"https:\/\/librairie7l.com\/en\/#organization\"},\"potentialAction\":[{\"@type\":\"SearchAction\",\"target\":{\"@type\":\"EntryPoint\",\"urlTemplate\":\"https:\/\/librairie7l.com\/en\/?s={search_term_string}\"},\"query-input\":\"required name=search_term_string\"}],\"inLanguage\":\"en-US\"},{\"@type\":\"Organization\",\"@id\":\"https:\/\/librairie7l.com\/en\/#organization\",\"name\":\"Librairie 7L\",\"url\":\"https:\/\/librairie7l.com\/en\/\",\"logo\":{\"@type\":\"ImageObject\",\"inLanguage\":\"en-US\",\"@id\":\"https:\/\/librairie7l.com\/en\/#\/schema\/logo\/image\/\",\"url\":\"https:\/\/librairie7l.com\/wp-content\/uploads\/2022\/08\/logo-1.png\",\"contentUrl\":\"https:\/\/librairie7l.com\/wp-content\/uploads\/2022\/08\/logo-1.png\",\"width\":227,\"height\":301,\"caption\":\"Librairie 7L\"},\"image\":{\"@id\":\"https:\/\/librairie7l.com\/en\/#\/schema\/logo\/image\/\"}}]}<\/script>\n<!-- \/ Yoast SEO plugin. -->","yoast_head_json":{"title":"Choisir la prairie ; une alternative naturelle et durable au gazon - Librairie 7L","robots":{"index":"index","follow":"follow","max-snippet":"max-snippet:-1","max-image-preview":"max-image-preview:large","max-video-preview":"max-video-preview:-1"},"canonical":"https:\/\/librairie7l.com\/en\/produit\/choisir-la-prairie-une-alternative-naturelle-et-durable-au-gazon-2\/","og_locale":"en_US","og_type":"article","og_title":"Choisir la prairie ; une alternative naturelle et durable au gazon - Librairie 7L","og_description":"Le gazon est particuli\u00e8rement co\u00fbteux en temps, en produits chimiques et surtout en eau. John Greenlee nous propose une solution tout \u00e0 fait adapt\u00e9e aux probl\u00e8mes climatiques actuels : la prairie. Dans ce v\u00e9ritable plaidoyer, l&#8217;auteur nous explique que la prairie n&#8217;est pas un fouillis d\u00fb au hasard, mais plut\u00f4t un assemblage de gramin\u00e9es soigneusement [&hellip;]","og_url":"https:\/\/librairie7l.com\/en\/produit\/choisir-la-prairie-une-alternative-naturelle-et-durable-au-gazon-2\/","og_site_name":"Librairie 7L","article_modified_time":"2026-05-14T10:06:27+00:00","og_image":[{"width":727,"height":708,"url":"https:\/\/librairie7l.com\/wp-content\/uploads\/2010\/11\/9782812602177_1_75.jpg","type":"image\/jpeg"}],"twitter_card":"summary_large_image","twitter_misc":{"Est. reading time":"1 minute"},"schema":{"@context":"https:\/\/schema.org","@graph":[{"@type":"WebPage","@id":"https:\/\/librairie7l.com\/en\/produit\/choisir-la-prairie-une-alternative-naturelle-et-durable-au-gazon-2\/","url":"https:\/\/librairie7l.com\/en\/produit\/choisir-la-prairie-une-alternative-naturelle-et-durable-au-gazon-2\/","name":"Choisir la prairie ; une alternative naturelle et durable au gazon - Librairie 7L","isPartOf":{"@id":"https:\/\/librairie7l.com\/en\/#website"},"datePublished":"2026-01-01T11:53:25+00:00","dateModified":"2026-05-14T10:06:27+00:00","breadcrumb":{"@id":"https:\/\/librairie7l.com\/en\/produit\/choisir-la-prairie-une-alternative-naturelle-et-durable-au-gazon-2\/#breadcrumb"},"inLanguage":"en-US","potentialAction":[{"@type":"ReadAction","target":["https:\/\/librairie7l.com\/en\/produit\/choisir-la-prairie-une-alternative-naturelle-et-durable-au-gazon-2\/"]}]},{"@type":"BreadcrumbList","@id":"https:\/\/librairie7l.com\/en\/produit\/choisir-la-prairie-une-alternative-naturelle-et-durable-au-gazon-2\/#breadcrumb","itemListElement":[{"@type":"ListItem","position":1,"name":"Accueil","item":"https:\/\/librairie7l.com\/en\/"},{"@type":"ListItem","position":2,"name":"Shop","item":"https:\/\/librairie7l.com\/en\/shop\/"},{"@type":"ListItem","position":3,"name":"CHOISIR LA PRAIRIE ; UNE ALTERNATIVE NATURELLE ET DURABLE AU GAZON"}]},{"@type":"WebSite","@id":"https:\/\/librairie7l.com\/en\/#website","url":"https:\/\/librairie7l.com\/en\/","name":"Librairie 7L","description":"Librairie fond\u00e9e en 1999 par Karl Lagerfeld \u00e0 Paris","publisher":{"@id":"https:\/\/librairie7l.com\/en\/#organization"},"potentialAction":[{"@type":"SearchAction","target":{"@type":"EntryPoint","urlTemplate":"https:\/\/librairie7l.com\/en\/?s={search_term_string}"},"query-input":"required name=search_term_string"}],"inLanguage":"en-US"},{"@type":"Organization","@id":"https:\/\/librairie7l.com\/en\/#organization","name":"Librairie 7L","url":"https:\/\/librairie7l.com\/en\/","logo":{"@type":"ImageObject","inLanguage":"en-US","@id":"https:\/\/librairie7l.com\/en\/#\/schema\/logo\/image\/","url":"https:\/\/librairie7l.com\/wp-content\/uploads\/2022\/08\/logo-1.png","contentUrl":"https:\/\/librairie7l.com\/wp-content\/uploads\/2022\/08\/logo-1.png","width":227,"height":301,"caption":"Librairie 7L"},"image":{"@id":"https:\/\/librairie7l.com\/en\/#\/schema\/logo\/image\/"}}]}},"_links":{"self":[{"href":"https:\/\/librairie7l.com\/en\/wp-json\/wp\/v2\/product\/53413"}],"collection":[{"href":"https:\/\/librairie7l.com\/en\/wp-json\/wp\/v2\/product"}],"about":[{"href":"https:\/\/librairie7l.com\/en\/wp-json\/wp\/v2\/types\/product"}],"wp:featuredmedia":[{"embeddable":true,"href":"https:\/\/librairie7l.com\/en\/wp-json\/wp\/v2\/media\/53411"}],"wp:attachment":[{"href":"https:\/\/librairie7l.com\/en\/wp-json\/wp\/v2\/media?parent=53413"}],"wp:term":[{"taxonomy":"product_cat","embeddable":true,"href":"https:\/\/librairie7l.com\/en\/wp-json\/wp\/v2\/product_cat?post=53413"},{"taxonomy":"product_tag","embeddable":true,"href":"https:\/\/librairie7l.com\/en\/wp-json\/wp\/v2\/product_tag?post=53413"}],"curies":[{"name":"wp","href":"https:\/\/api.w.org\/{rel}","templated":true}]}}