{"id":53417,"date":"2026-01-01T12:53:58","date_gmt":"2026-01-01T11:53:58","guid":{"rendered":"https:\/\/librairie7l.com\/?post_type=product&#038;p=53417"},"modified":"2026-05-14T06:06:06","modified_gmt":"2026-05-14T04:06:06","slug":"plantations-naturalistes-introduire-la-nature-dans-les-espaces-verts-et-les-jardins-2","status":"publish","type":"product","link":"https:\/\/librairie7l.com\/en\/produit\/plantations-naturalistes-introduire-la-nature-dans-les-espaces-verts-et-les-jardins-2\/","title":{"rendered":"PLANTATIONS NATURALISTES ; INTRODUIRE LA NATURE DANS LES ESPACES VERTS ET LES JARDINS"},"content":{"rendered":"<p>Le style qui emballe les professionnels des espaces verts et les jardiniers amateurs parce qu&#8217;il s&#8217;agit de recr\u00e9er la vie et les \u00e9motions des paysages naturels &#8211; avec un minimum d&#8217;entretien.<\/p>\n<p>Comment une plantation de fleurs et d&#8217;arbustes peut-elle susciter autant d&#8217;\u00e9motion qu&#8217;un vaste espace naturel ?<\/p>\n<p>Comment peut-elle durer dans le temps avec un budget d&#8217;entretien le plus limit\u00e9 possible ?<\/p>\n<p>Comment les plantes peuvent-elles se succ\u00e9der au fil des saisons, sans n\u00e9cessiter d&#8217;interventions, de nouvelles plantations, de d\u00e9sherbage ni d&#8217;arrosage ?<br \/>\n  Nigel Dunnett est l&#8217;un des experts les plus reconnus des jardins naturalistes, concepteur de nombreux projets dont les espaces plant\u00e9s du site olympique de Londres. Il d\u00e9voile ici sa m\u00e9thode et ses inspirations pour composer simplement des plantations vraiment spectaculaires et durables.<\/p>\n","protected":false},"excerpt":{"rendered":"<p>Le style qui emballe les professionnels des espaces verts et les jardiniers amateurs parce qu&#8217;il s&#8217;agit de recr\u00e9er la vie et les \u00e9motions des paysages naturels &#8211; avec un minimum d&#8217;entretien. Comment une plantation de fleurs et d&#8217;arbustes peut-elle susciter autant d&#8217;\u00e9motion qu&#8217;un vaste espace naturel ? Comment peut-elle durer dans le temps avec un [&hellip;]<\/p>\n","protected":false},"featured_media":53415,"template":"","meta":[],"product_cat":[7364,2948],"product_tag":[],"acf":[],"yoast_head":"<!-- This site is optimized with the Yoast SEO plugin v20.11 - https:\/\/yoast.com\/wordpress\/plugins\/seo\/ -->\n<title>Plantations naturalistes ; introduire la nature dans les espaces verts et les jardins - Librairie 7L<\/title>\n<meta name=\"robots\" content=\"index, follow, max-snippet:-1, max-image-preview:large, max-video-preview:-1\" \/>\n<link rel=\"canonical\" href=\"https:\/\/librairie7l.com\/en\/produit\/plantations-naturalistes-introduire-la-nature-dans-les-espaces-verts-et-les-jardins-2\/\" \/>\n<meta property=\"og:locale\" content=\"en_US\" \/>\n<meta property=\"og:type\" content=\"article\" \/>\n<meta property=\"og:title\" content=\"Plantations naturalistes ; introduire la nature dans les espaces verts et les jardins - Librairie 7L\" \/>\n<meta property=\"og:description\" content=\"Le style qui emballe les professionnels des espaces verts et les jardiniers amateurs parce qu&#8217;il s&#8217;agit de recr\u00e9er la vie et les \u00e9motions des paysages naturels &#8211; avec un minimum d&#8217;entretien. Comment une plantation de fleurs et d&#8217;arbustes peut-elle susciter autant d&#8217;\u00e9motion qu&#8217;un vaste espace naturel ? Comment peut-elle durer dans le temps avec un [&hellip;]\" \/>\n<meta property=\"og:url\" content=\"https:\/\/librairie7l.com\/en\/produit\/plantations-naturalistes-introduire-la-nature-dans-les-espaces-verts-et-les-jardins-2\/\" \/>\n<meta property=\"og:site_name\" content=\"Librairie 7L\" \/>\n<meta property=\"article:modified_time\" content=\"2026-05-14T04:06:06+00:00\" \/>\n<meta property=\"og:image\" content=\"https:\/\/librairie7l.com\/wp-content\/uploads\/2019\/10\/9782379220616_1_75.jpg\" \/>\n\t<meta property=\"og:image:width\" content=\"600\" \/>\n\t<meta property=\"og:image:height\" content=\"702\" \/>\n\t<meta property=\"og:image:type\" content=\"image\/jpeg\" \/>\n<meta name=\"twitter:card\" content=\"summary_large_image\" \/>\n<meta name=\"twitter:label1\" content=\"Est. reading time\" \/>\n\t<meta name=\"twitter:data1\" content=\"1 minute\" \/>\n<script type=\"application\/ld+json\" class=\"yoast-schema-graph\">{\"@context\":\"https:\/\/schema.org\",\"@graph\":[{\"@type\":\"WebPage\",\"@id\":\"https:\/\/librairie7l.com\/en\/produit\/plantations-naturalistes-introduire-la-nature-dans-les-espaces-verts-et-les-jardins-2\/\",\"url\":\"https:\/\/librairie7l.com\/en\/produit\/plantations-naturalistes-introduire-la-nature-dans-les-espaces-verts-et-les-jardins-2\/\",\"name\":\"Plantations naturalistes ; introduire la nature dans les espaces verts et les jardins - Librairie 7L\",\"isPartOf\":{\"@id\":\"https:\/\/librairie7l.com\/en\/#website\"},\"datePublished\":\"2026-01-01T11:53:58+00:00\",\"dateModified\":\"2026-05-14T04:06:06+00:00\",\"breadcrumb\":{\"@id\":\"https:\/\/librairie7l.com\/en\/produit\/plantations-naturalistes-introduire-la-nature-dans-les-espaces-verts-et-les-jardins-2\/#breadcrumb\"},\"inLanguage\":\"en-US\",\"potentialAction\":[{\"@type\":\"ReadAction\",\"target\":[\"https:\/\/librairie7l.com\/en\/produit\/plantations-naturalistes-introduire-la-nature-dans-les-espaces-verts-et-les-jardins-2\/\"]}]},{\"@type\":\"BreadcrumbList\",\"@id\":\"https:\/\/librairie7l.com\/en\/produit\/plantations-naturalistes-introduire-la-nature-dans-les-espaces-verts-et-les-jardins-2\/#breadcrumb\",\"itemListElement\":[{\"@type\":\"ListItem\",\"position\":1,\"name\":\"Accueil\",\"item\":\"https:\/\/librairie7l.com\/en\/\"},{\"@type\":\"ListItem\",\"position\":2,\"name\":\"Shop\",\"item\":\"https:\/\/librairie7l.com\/en\/shop\/\"},{\"@type\":\"ListItem\",\"position\":3,\"name\":\"PLANTATIONS NATURALISTES ; INTRODUIRE LA NATURE DANS LES ESPACES VERTS ET LES JARDINS\"}]},{\"@type\":\"WebSite\",\"@id\":\"https:\/\/librairie7l.com\/en\/#website\",\"url\":\"https:\/\/librairie7l.com\/en\/\",\"name\":\"Librairie 7L\",\"description\":\"Librairie fond\u00e9e en 1999 par Karl Lagerfeld \u00e0 Paris\",\"publisher\":{\"@id\":\"https:\/\/librairie7l.com\/en\/#organization\"},\"potentialAction\":[{\"@type\":\"SearchAction\",\"target\":{\"@type\":\"EntryPoint\",\"urlTemplate\":\"https:\/\/librairie7l.com\/en\/?s={search_term_string}\"},\"query-input\":\"required name=search_term_string\"}],\"inLanguage\":\"en-US\"},{\"@type\":\"Organization\",\"@id\":\"https:\/\/librairie7l.com\/en\/#organization\",\"name\":\"Librairie 7L\",\"url\":\"https:\/\/librairie7l.com\/en\/\",\"logo\":{\"@type\":\"ImageObject\",\"inLanguage\":\"en-US\",\"@id\":\"https:\/\/librairie7l.com\/en\/#\/schema\/logo\/image\/\",\"url\":\"https:\/\/librairie7l.com\/wp-content\/uploads\/2022\/08\/logo-1.png\",\"contentUrl\":\"https:\/\/librairie7l.com\/wp-content\/uploads\/2022\/08\/logo-1.png\",\"width\":227,\"height\":301,\"caption\":\"Librairie 7L\"},\"image\":{\"@id\":\"https:\/\/librairie7l.com\/en\/#\/schema\/logo\/image\/\"}}]}<\/script>\n<!-- \/ Yoast SEO plugin. -->","yoast_head_json":{"title":"Plantations naturalistes ; introduire la nature dans les espaces verts et les jardins - Librairie 7L","robots":{"index":"index","follow":"follow","max-snippet":"max-snippet:-1","max-image-preview":"max-image-preview:large","max-video-preview":"max-video-preview:-1"},"canonical":"https:\/\/librairie7l.com\/en\/produit\/plantations-naturalistes-introduire-la-nature-dans-les-espaces-verts-et-les-jardins-2\/","og_locale":"en_US","og_type":"article","og_title":"Plantations naturalistes ; introduire la nature dans les espaces verts et les jardins - Librairie 7L","og_description":"Le style qui emballe les professionnels des espaces verts et les jardiniers amateurs parce qu&#8217;il s&#8217;agit de recr\u00e9er la vie et les \u00e9motions des paysages naturels &#8211; avec un minimum d&#8217;entretien. Comment une plantation de fleurs et d&#8217;arbustes peut-elle susciter autant d&#8217;\u00e9motion qu&#8217;un vaste espace naturel ? Comment peut-elle durer dans le temps avec un [&hellip;]","og_url":"https:\/\/librairie7l.com\/en\/produit\/plantations-naturalistes-introduire-la-nature-dans-les-espaces-verts-et-les-jardins-2\/","og_site_name":"Librairie 7L","article_modified_time":"2026-05-14T04:06:06+00:00","og_image":[{"width":600,"height":702,"url":"https:\/\/librairie7l.com\/wp-content\/uploads\/2019\/10\/9782379220616_1_75.jpg","type":"image\/jpeg"}],"twitter_card":"summary_large_image","twitter_misc":{"Est. reading time":"1 minute"},"schema":{"@context":"https:\/\/schema.org","@graph":[{"@type":"WebPage","@id":"https:\/\/librairie7l.com\/en\/produit\/plantations-naturalistes-introduire-la-nature-dans-les-espaces-verts-et-les-jardins-2\/","url":"https:\/\/librairie7l.com\/en\/produit\/plantations-naturalistes-introduire-la-nature-dans-les-espaces-verts-et-les-jardins-2\/","name":"Plantations naturalistes ; introduire la nature dans les espaces verts et les jardins - Librairie 7L","isPartOf":{"@id":"https:\/\/librairie7l.com\/en\/#website"},"datePublished":"2026-01-01T11:53:58+00:00","dateModified":"2026-05-14T04:06:06+00:00","breadcrumb":{"@id":"https:\/\/librairie7l.com\/en\/produit\/plantations-naturalistes-introduire-la-nature-dans-les-espaces-verts-et-les-jardins-2\/#breadcrumb"},"inLanguage":"en-US","potentialAction":[{"@type":"ReadAction","target":["https:\/\/librairie7l.com\/en\/produit\/plantations-naturalistes-introduire-la-nature-dans-les-espaces-verts-et-les-jardins-2\/"]}]},{"@type":"BreadcrumbList","@id":"https:\/\/librairie7l.com\/en\/produit\/plantations-naturalistes-introduire-la-nature-dans-les-espaces-verts-et-les-jardins-2\/#breadcrumb","itemListElement":[{"@type":"ListItem","position":1,"name":"Accueil","item":"https:\/\/librairie7l.com\/en\/"},{"@type":"ListItem","position":2,"name":"Shop","item":"https:\/\/librairie7l.com\/en\/shop\/"},{"@type":"ListItem","position":3,"name":"PLANTATIONS NATURALISTES ; INTRODUIRE LA NATURE DANS LES ESPACES VERTS ET LES JARDINS"}]},{"@type":"WebSite","@id":"https:\/\/librairie7l.com\/en\/#website","url":"https:\/\/librairie7l.com\/en\/","name":"Librairie 7L","description":"Librairie fond\u00e9e en 1999 par Karl Lagerfeld \u00e0 Paris","publisher":{"@id":"https:\/\/librairie7l.com\/en\/#organization"},"potentialAction":[{"@type":"SearchAction","target":{"@type":"EntryPoint","urlTemplate":"https:\/\/librairie7l.com\/en\/?s={search_term_string}"},"query-input":"required name=search_term_string"}],"inLanguage":"en-US"},{"@type":"Organization","@id":"https:\/\/librairie7l.com\/en\/#organization","name":"Librairie 7L","url":"https:\/\/librairie7l.com\/en\/","logo":{"@type":"ImageObject","inLanguage":"en-US","@id":"https:\/\/librairie7l.com\/en\/#\/schema\/logo\/image\/","url":"https:\/\/librairie7l.com\/wp-content\/uploads\/2022\/08\/logo-1.png","contentUrl":"https:\/\/librairie7l.com\/wp-content\/uploads\/2022\/08\/logo-1.png","width":227,"height":301,"caption":"Librairie 7L"},"image":{"@id":"https:\/\/librairie7l.com\/en\/#\/schema\/logo\/image\/"}}]}},"_links":{"self":[{"href":"https:\/\/librairie7l.com\/en\/wp-json\/wp\/v2\/product\/53417"}],"collection":[{"href":"https:\/\/librairie7l.com\/en\/wp-json\/wp\/v2\/product"}],"about":[{"href":"https:\/\/librairie7l.com\/en\/wp-json\/wp\/v2\/types\/product"}],"wp:featuredmedia":[{"embeddable":true,"href":"https:\/\/librairie7l.com\/en\/wp-json\/wp\/v2\/media\/53415"}],"wp:attachment":[{"href":"https:\/\/librairie7l.com\/en\/wp-json\/wp\/v2\/media?parent=53417"}],"wp:term":[{"taxonomy":"product_cat","embeddable":true,"href":"https:\/\/librairie7l.com\/en\/wp-json\/wp\/v2\/product_cat?post=53417"},{"taxonomy":"product_tag","embeddable":true,"href":"https:\/\/librairie7l.com\/en\/wp-json\/wp\/v2\/product_tag?post=53417"}],"curies":[{"name":"wp","href":"https:\/\/api.w.org\/{rel}","templated":true}]}}