{"id":53425,"date":"2026-01-01T12:55:09","date_gmt":"2026-01-01T11:55:09","guid":{"rendered":"https:\/\/librairie7l.com\/?post_type=product&#038;p=53425"},"modified":"2026-05-14T13:50:49","modified_gmt":"2026-05-14T11:50:49","slug":"le-petit-larousse-de-la-taille-savoir-tailler-800-arbres-arbustes-rosiers-fruitiers-2","status":"publish","type":"product","link":"https:\/\/librairie7l.com\/en\/produit\/le-petit-larousse-de-la-taille-savoir-tailler-800-arbres-arbustes-rosiers-fruitiers-2\/","title":{"rendered":"LE PETIT LAROUSSE DE LA TAILLE : SAVOIR TAILLER 800 ARBRES, ARBUSTES, ROSIERS, FRUITIERS&#8230;"},"content":{"rendered":"<p>\u00c9quilibrer, former, faire fleurir et fructifier 800 arbres, arbustes, arbres fruitiers, plantes grimpantes et rosiers.<\/p>\n<p>&#8211; Une approche plante par plante de A \u00e0 Z<br \/>\nPlus de 800 plantes regroup\u00e9es par cat\u00e9gories (arbres, arbustes, rosiers, fruitiers&#8230;) et class\u00e9es par ordre alphab\u00e9tique, font l&#8217;objet d&#8217;une fiche pratique qui d\u00e9crit tr\u00e8s minutieusement la taille qui leur convient.<\/p>\n<p>&#8211; Une m\u00e9thode geste par geste, tout en images<br \/>\nQuand tailler et comment ? 1 500 dessins techniques et photos tr\u00e8s pr\u00e9cises montrent o\u00f9 intervenir sur la plante et \u00e0 quel moment de l&#8217;ann\u00e9e op\u00e9rer. Des s\u00e9quences dessin\u00e9es d\u00e9crivent, \u00e9tape par \u00e9tape et ann\u00e9e par ann\u00e9e, les gestes de taille \u00e0 toutes les grandes p\u00e9riodes de la vie des v\u00e9g\u00e9taux. Des photos pr\u00e9sentent la plante avant et apr\u00e8s la taille.<\/p>\n<p>&#8211; Les r\u00e9ponses \u00e0 toutes vos questions<br \/>\nQu&#8217;est-ce qu&#8217;une c\u00e9p\u00e9e ou un t\u00eatard, une taille en rideau, une taille de rajeunissement ? Comment r\u00e9aliser une topiaire, garnir une pergola ?<br \/>\nQuelles techniques se cachent derri\u00e8re les mots de cordon, palmette, coursonne, fuseau, gobelet&#8230; ? Qu&#8217;est-ce qu&#8217;\u00e9laguer un arbre, rec\u00e9per un arbuste&#8230; ?<\/p>\n<p>1 500 illustrations de techniques de taille et de formation des plantes d&#8217;ornement et des arbres fruitiers.<\/p>\n","protected":false},"excerpt":{"rendered":"<p>\u00c9quilibrer, former, faire fleurir et fructifier 800 arbres, arbustes, arbres fruitiers, plantes grimpantes et rosiers. &#8211; Une approche plante par plante de A \u00e0 Z Plus de 800 plantes regroup\u00e9es par cat\u00e9gories (arbres, arbustes, rosiers, fruitiers&#8230;) et class\u00e9es par ordre alphab\u00e9tique, font l&#8217;objet d&#8217;une fiche pratique qui d\u00e9crit tr\u00e8s minutieusement la taille qui leur convient. [&hellip;]<\/p>\n","protected":false},"featured_media":53423,"template":"","meta":[],"product_cat":[7364,2948],"product_tag":[],"acf":[],"yoast_head":"<!-- This site is optimized with the Yoast SEO plugin v20.11 - https:\/\/yoast.com\/wordpress\/plugins\/seo\/ -->\n<title>Le Petit Larousse de la taille : Savoir tailler 800 arbres, arbustes, rosiers, fruitiers... - Librairie 7L<\/title>\n<meta name=\"robots\" content=\"index, follow, max-snippet:-1, max-image-preview:large, max-video-preview:-1\" \/>\n<link rel=\"canonical\" href=\"https:\/\/librairie7l.com\/en\/produit\/le-petit-larousse-de-la-taille-savoir-tailler-800-arbres-arbustes-rosiers-fruitiers-2\/\" \/>\n<meta property=\"og:locale\" content=\"en_US\" \/>\n<meta property=\"og:type\" content=\"article\" \/>\n<meta property=\"og:title\" content=\"Le Petit Larousse de la taille : Savoir tailler 800 arbres, arbustes, rosiers, fruitiers... - Librairie 7L\" \/>\n<meta property=\"og:description\" content=\"\u00c9quilibrer, former, faire fleurir et fructifier 800 arbres, arbustes, arbres fruitiers, plantes grimpantes et rosiers. &#8211; Une approche plante par plante de A \u00e0 Z Plus de 800 plantes regroup\u00e9es par cat\u00e9gories (arbres, arbustes, rosiers, fruitiers&#8230;) et class\u00e9es par ordre alphab\u00e9tique, font l&#8217;objet d&#8217;une fiche pratique qui d\u00e9crit tr\u00e8s minutieusement la taille qui leur convient. [&hellip;]\" \/>\n<meta property=\"og:url\" content=\"https:\/\/librairie7l.com\/en\/produit\/le-petit-larousse-de-la-taille-savoir-tailler-800-arbres-arbustes-rosiers-fruitiers-2\/\" \/>\n<meta property=\"og:site_name\" content=\"Librairie 7L\" \/>\n<meta property=\"article:modified_time\" content=\"2026-05-14T11:50:49+00:00\" \/>\n<meta property=\"og:image\" content=\"https:\/\/librairie7l.com\/wp-content\/uploads\/2023\/10\/9782036061804_1_75.jpg\" \/>\n\t<meta property=\"og:image:width\" content=\"600\" \/>\n\t<meta property=\"og:image:height\" content=\"759\" \/>\n\t<meta property=\"og:image:type\" content=\"image\/jpeg\" \/>\n<meta name=\"twitter:card\" content=\"summary_large_image\" \/>\n<meta name=\"twitter:label1\" content=\"Est. reading time\" \/>\n\t<meta name=\"twitter:data1\" content=\"1 minute\" \/>\n<script type=\"application\/ld+json\" class=\"yoast-schema-graph\">{\"@context\":\"https:\/\/schema.org\",\"@graph\":[{\"@type\":\"WebPage\",\"@id\":\"https:\/\/librairie7l.com\/en\/produit\/le-petit-larousse-de-la-taille-savoir-tailler-800-arbres-arbustes-rosiers-fruitiers-2\/\",\"url\":\"https:\/\/librairie7l.com\/en\/produit\/le-petit-larousse-de-la-taille-savoir-tailler-800-arbres-arbustes-rosiers-fruitiers-2\/\",\"name\":\"Le Petit Larousse de la taille : Savoir tailler 800 arbres, arbustes, rosiers, fruitiers... - Librairie 7L\",\"isPartOf\":{\"@id\":\"https:\/\/librairie7l.com\/en\/#website\"},\"datePublished\":\"2026-01-01T11:55:09+00:00\",\"dateModified\":\"2026-05-14T11:50:49+00:00\",\"breadcrumb\":{\"@id\":\"https:\/\/librairie7l.com\/en\/produit\/le-petit-larousse-de-la-taille-savoir-tailler-800-arbres-arbustes-rosiers-fruitiers-2\/#breadcrumb\"},\"inLanguage\":\"en-US\",\"potentialAction\":[{\"@type\":\"ReadAction\",\"target\":[\"https:\/\/librairie7l.com\/en\/produit\/le-petit-larousse-de-la-taille-savoir-tailler-800-arbres-arbustes-rosiers-fruitiers-2\/\"]}]},{\"@type\":\"BreadcrumbList\",\"@id\":\"https:\/\/librairie7l.com\/en\/produit\/le-petit-larousse-de-la-taille-savoir-tailler-800-arbres-arbustes-rosiers-fruitiers-2\/#breadcrumb\",\"itemListElement\":[{\"@type\":\"ListItem\",\"position\":1,\"name\":\"Accueil\",\"item\":\"https:\/\/librairie7l.com\/en\/\"},{\"@type\":\"ListItem\",\"position\":2,\"name\":\"Shop\",\"item\":\"https:\/\/librairie7l.com\/en\/shop\/\"},{\"@type\":\"ListItem\",\"position\":3,\"name\":\"LE PETIT LAROUSSE DE LA TAILLE : SAVOIR TAILLER 800 ARBRES, ARBUSTES, ROSIERS, FRUITIERS&#8230;\"}]},{\"@type\":\"WebSite\",\"@id\":\"https:\/\/librairie7l.com\/en\/#website\",\"url\":\"https:\/\/librairie7l.com\/en\/\",\"name\":\"Librairie 7L\",\"description\":\"Librairie fond\u00e9e en 1999 par Karl Lagerfeld \u00e0 Paris\",\"publisher\":{\"@id\":\"https:\/\/librairie7l.com\/en\/#organization\"},\"potentialAction\":[{\"@type\":\"SearchAction\",\"target\":{\"@type\":\"EntryPoint\",\"urlTemplate\":\"https:\/\/librairie7l.com\/en\/?s={search_term_string}\"},\"query-input\":\"required name=search_term_string\"}],\"inLanguage\":\"en-US\"},{\"@type\":\"Organization\",\"@id\":\"https:\/\/librairie7l.com\/en\/#organization\",\"name\":\"Librairie 7L\",\"url\":\"https:\/\/librairie7l.com\/en\/\",\"logo\":{\"@type\":\"ImageObject\",\"inLanguage\":\"en-US\",\"@id\":\"https:\/\/librairie7l.com\/en\/#\/schema\/logo\/image\/\",\"url\":\"https:\/\/librairie7l.com\/wp-content\/uploads\/2022\/08\/logo-1.png\",\"contentUrl\":\"https:\/\/librairie7l.com\/wp-content\/uploads\/2022\/08\/logo-1.png\",\"width\":227,\"height\":301,\"caption\":\"Librairie 7L\"},\"image\":{\"@id\":\"https:\/\/librairie7l.com\/en\/#\/schema\/logo\/image\/\"}}]}<\/script>\n<!-- \/ Yoast SEO plugin. -->","yoast_head_json":{"title":"Le Petit Larousse de la taille : Savoir tailler 800 arbres, arbustes, rosiers, fruitiers... - Librairie 7L","robots":{"index":"index","follow":"follow","max-snippet":"max-snippet:-1","max-image-preview":"max-image-preview:large","max-video-preview":"max-video-preview:-1"},"canonical":"https:\/\/librairie7l.com\/en\/produit\/le-petit-larousse-de-la-taille-savoir-tailler-800-arbres-arbustes-rosiers-fruitiers-2\/","og_locale":"en_US","og_type":"article","og_title":"Le Petit Larousse de la taille : Savoir tailler 800 arbres, arbustes, rosiers, fruitiers... - Librairie 7L","og_description":"\u00c9quilibrer, former, faire fleurir et fructifier 800 arbres, arbustes, arbres fruitiers, plantes grimpantes et rosiers. &#8211; Une approche plante par plante de A \u00e0 Z Plus de 800 plantes regroup\u00e9es par cat\u00e9gories (arbres, arbustes, rosiers, fruitiers&#8230;) et class\u00e9es par ordre alphab\u00e9tique, font l&#8217;objet d&#8217;une fiche pratique qui d\u00e9crit tr\u00e8s minutieusement la taille qui leur convient. [&hellip;]","og_url":"https:\/\/librairie7l.com\/en\/produit\/le-petit-larousse-de-la-taille-savoir-tailler-800-arbres-arbustes-rosiers-fruitiers-2\/","og_site_name":"Librairie 7L","article_modified_time":"2026-05-14T11:50:49+00:00","og_image":[{"width":600,"height":759,"url":"https:\/\/librairie7l.com\/wp-content\/uploads\/2023\/10\/9782036061804_1_75.jpg","type":"image\/jpeg"}],"twitter_card":"summary_large_image","twitter_misc":{"Est. reading time":"1 minute"},"schema":{"@context":"https:\/\/schema.org","@graph":[{"@type":"WebPage","@id":"https:\/\/librairie7l.com\/en\/produit\/le-petit-larousse-de-la-taille-savoir-tailler-800-arbres-arbustes-rosiers-fruitiers-2\/","url":"https:\/\/librairie7l.com\/en\/produit\/le-petit-larousse-de-la-taille-savoir-tailler-800-arbres-arbustes-rosiers-fruitiers-2\/","name":"Le Petit Larousse de la taille : Savoir tailler 800 arbres, arbustes, rosiers, fruitiers... - Librairie 7L","isPartOf":{"@id":"https:\/\/librairie7l.com\/en\/#website"},"datePublished":"2026-01-01T11:55:09+00:00","dateModified":"2026-05-14T11:50:49+00:00","breadcrumb":{"@id":"https:\/\/librairie7l.com\/en\/produit\/le-petit-larousse-de-la-taille-savoir-tailler-800-arbres-arbustes-rosiers-fruitiers-2\/#breadcrumb"},"inLanguage":"en-US","potentialAction":[{"@type":"ReadAction","target":["https:\/\/librairie7l.com\/en\/produit\/le-petit-larousse-de-la-taille-savoir-tailler-800-arbres-arbustes-rosiers-fruitiers-2\/"]}]},{"@type":"BreadcrumbList","@id":"https:\/\/librairie7l.com\/en\/produit\/le-petit-larousse-de-la-taille-savoir-tailler-800-arbres-arbustes-rosiers-fruitiers-2\/#breadcrumb","itemListElement":[{"@type":"ListItem","position":1,"name":"Accueil","item":"https:\/\/librairie7l.com\/en\/"},{"@type":"ListItem","position":2,"name":"Shop","item":"https:\/\/librairie7l.com\/en\/shop\/"},{"@type":"ListItem","position":3,"name":"LE PETIT LAROUSSE DE LA TAILLE : SAVOIR TAILLER 800 ARBRES, ARBUSTES, ROSIERS, FRUITIERS&#8230;"}]},{"@type":"WebSite","@id":"https:\/\/librairie7l.com\/en\/#website","url":"https:\/\/librairie7l.com\/en\/","name":"Librairie 7L","description":"Librairie fond\u00e9e en 1999 par Karl Lagerfeld \u00e0 Paris","publisher":{"@id":"https:\/\/librairie7l.com\/en\/#organization"},"potentialAction":[{"@type":"SearchAction","target":{"@type":"EntryPoint","urlTemplate":"https:\/\/librairie7l.com\/en\/?s={search_term_string}"},"query-input":"required name=search_term_string"}],"inLanguage":"en-US"},{"@type":"Organization","@id":"https:\/\/librairie7l.com\/en\/#organization","name":"Librairie 7L","url":"https:\/\/librairie7l.com\/en\/","logo":{"@type":"ImageObject","inLanguage":"en-US","@id":"https:\/\/librairie7l.com\/en\/#\/schema\/logo\/image\/","url":"https:\/\/librairie7l.com\/wp-content\/uploads\/2022\/08\/logo-1.png","contentUrl":"https:\/\/librairie7l.com\/wp-content\/uploads\/2022\/08\/logo-1.png","width":227,"height":301,"caption":"Librairie 7L"},"image":{"@id":"https:\/\/librairie7l.com\/en\/#\/schema\/logo\/image\/"}}]}},"_links":{"self":[{"href":"https:\/\/librairie7l.com\/en\/wp-json\/wp\/v2\/product\/53425"}],"collection":[{"href":"https:\/\/librairie7l.com\/en\/wp-json\/wp\/v2\/product"}],"about":[{"href":"https:\/\/librairie7l.com\/en\/wp-json\/wp\/v2\/types\/product"}],"wp:featuredmedia":[{"embeddable":true,"href":"https:\/\/librairie7l.com\/en\/wp-json\/wp\/v2\/media\/53423"}],"wp:attachment":[{"href":"https:\/\/librairie7l.com\/en\/wp-json\/wp\/v2\/media?parent=53425"}],"wp:term":[{"taxonomy":"product_cat","embeddable":true,"href":"https:\/\/librairie7l.com\/en\/wp-json\/wp\/v2\/product_cat?post=53425"},{"taxonomy":"product_tag","embeddable":true,"href":"https:\/\/librairie7l.com\/en\/wp-json\/wp\/v2\/product_tag?post=53425"}],"curies":[{"name":"wp","href":"https:\/\/api.w.org\/{rel}","templated":true}]}}