{"id":53429,"date":"2026-01-01T12:56:23","date_gmt":"2026-01-01T11:56:23","guid":{"rendered":"https:\/\/librairie7l.com\/?post_type=product&#038;p=53429"},"modified":"2026-05-14T02:07:04","modified_gmt":"2026-05-14T00:07:04","slug":"vivaces-sans-arrosage-2","status":"publish","type":"product","link":"https:\/\/librairie7l.com\/en\/produit\/vivaces-sans-arrosage-2\/","title":{"rendered":"VIVACES SANS ARROSAGE"},"content":{"rendered":"<p>Une approche \u00e9cologique et un cr\u00e9do &#8221; La bonne plante au bon endroit &#8220;.<br \/>\n Un livre d&#8217;inspiration : 40 projets simples \u00e0 r\u00e9aliser, ne comportant pas plus de 3 \u00e0 10 plantes au maximum pour un jardin sans arrosage ou presque !<br \/>\nL&#8217;auteur, un jeune paysagiste et p\u00e9pini\u00e9riste passionn\u00e9 de nature, tr\u00e8s pr\u00e9occup\u00e9 par l&#8217;impact de l&#8217;homme sur l&#8217;environnement, veille \u00e0 utiliser des plantes peu gourmandes en eau et qui r\u00e9sistent bien en situations totalement ou partiellement s\u00e8ches.<br \/>\n \u00c0 travers 40 plantations, il nous apprend \u00e0 choisir les bonnes plantes, et \u00e0 les combiner entre elles, car les m\u00e9langes de plantes r\u00e9sistent mieux aux al\u00e9as climatiques que les plantes isol\u00e9es. Les projets sont simples \u00e0 r\u00e9aliser et ne comportent pas plus de 3 \u00e0 10 plantes. Pour chaque projet, il propose \u00e9galement des alternatives ou des choix compl\u00e9mentaires pour adapter les compositions \u00e0 son go\u00fbt ou pour prolonger l&#8217;int\u00e9r\u00eat de la composition \u00e0 d&#8217;autres saisons.<br \/>\n Sa devise &#8221; La bonne plante au bon endroit &#8221; !<\/p>\n","protected":false},"excerpt":{"rendered":"<p>Une approche \u00e9cologique et un cr\u00e9do &#8221; La bonne plante au bon endroit &#8220;. Un livre d&#8217;inspiration : 40 projets simples \u00e0 r\u00e9aliser, ne comportant pas plus de 3 \u00e0 10 plantes au maximum pour un jardin sans arrosage ou presque ! L&#8217;auteur, un jeune paysagiste et p\u00e9pini\u00e9riste passionn\u00e9 de nature, tr\u00e8s pr\u00e9occup\u00e9 par l&#8217;impact [&hellip;]<\/p>\n","protected":false},"featured_media":53427,"template":"","meta":[],"product_cat":[7364,2948],"product_tag":[],"acf":[],"yoast_head":"<!-- This site is optimized with the Yoast SEO plugin v20.11 - https:\/\/yoast.com\/wordpress\/plugins\/seo\/ -->\n<title>Vivaces sans arrosage - Librairie 7L<\/title>\n<meta name=\"robots\" content=\"index, follow, max-snippet:-1, max-image-preview:large, max-video-preview:-1\" \/>\n<link rel=\"canonical\" href=\"https:\/\/librairie7l.com\/en\/produit\/vivaces-sans-arrosage-2\/\" \/>\n<meta property=\"og:locale\" content=\"en_US\" \/>\n<meta property=\"og:type\" content=\"article\" \/>\n<meta property=\"og:title\" content=\"Vivaces sans arrosage - Librairie 7L\" \/>\n<meta property=\"og:description\" content=\"Une approche \u00e9cologique et un cr\u00e9do &#8221; La bonne plante au bon endroit &#8220;. Un livre d&#8217;inspiration : 40 projets simples \u00e0 r\u00e9aliser, ne comportant pas plus de 3 \u00e0 10 plantes au maximum pour un jardin sans arrosage ou presque ! L&#8217;auteur, un jeune paysagiste et p\u00e9pini\u00e9riste passionn\u00e9 de nature, tr\u00e8s pr\u00e9occup\u00e9 par l&#8217;impact [&hellip;]\" \/>\n<meta property=\"og:url\" content=\"https:\/\/librairie7l.com\/en\/produit\/vivaces-sans-arrosage-2\/\" \/>\n<meta property=\"og:site_name\" content=\"Librairie 7L\" \/>\n<meta property=\"article:modified_time\" content=\"2026-05-14T00:07:04+00:00\" \/>\n<meta property=\"og:image\" content=\"https:\/\/librairie7l.com\/wp-content\/uploads\/2016\/09\/9782841388844_1_75.jpg\" \/>\n\t<meta property=\"og:image:width\" content=\"600\" \/>\n\t<meta property=\"og:image:height\" content=\"842\" \/>\n\t<meta property=\"og:image:type\" content=\"image\/jpeg\" \/>\n<meta name=\"twitter:card\" content=\"summary_large_image\" \/>\n<meta name=\"twitter:label1\" content=\"Est. reading time\" \/>\n\t<meta name=\"twitter:data1\" content=\"1 minute\" \/>\n<script type=\"application\/ld+json\" class=\"yoast-schema-graph\">{\"@context\":\"https:\/\/schema.org\",\"@graph\":[{\"@type\":\"WebPage\",\"@id\":\"https:\/\/librairie7l.com\/en\/produit\/vivaces-sans-arrosage-2\/\",\"url\":\"https:\/\/librairie7l.com\/en\/produit\/vivaces-sans-arrosage-2\/\",\"name\":\"Vivaces sans arrosage - Librairie 7L\",\"isPartOf\":{\"@id\":\"https:\/\/librairie7l.com\/en\/#website\"},\"datePublished\":\"2026-01-01T11:56:23+00:00\",\"dateModified\":\"2026-05-14T00:07:04+00:00\",\"breadcrumb\":{\"@id\":\"https:\/\/librairie7l.com\/en\/produit\/vivaces-sans-arrosage-2\/#breadcrumb\"},\"inLanguage\":\"en-US\",\"potentialAction\":[{\"@type\":\"ReadAction\",\"target\":[\"https:\/\/librairie7l.com\/en\/produit\/vivaces-sans-arrosage-2\/\"]}]},{\"@type\":\"BreadcrumbList\",\"@id\":\"https:\/\/librairie7l.com\/en\/produit\/vivaces-sans-arrosage-2\/#breadcrumb\",\"itemListElement\":[{\"@type\":\"ListItem\",\"position\":1,\"name\":\"Accueil\",\"item\":\"https:\/\/librairie7l.com\/en\/\"},{\"@type\":\"ListItem\",\"position\":2,\"name\":\"Shop\",\"item\":\"https:\/\/librairie7l.com\/en\/shop\/\"},{\"@type\":\"ListItem\",\"position\":3,\"name\":\"VIVACES SANS ARROSAGE\"}]},{\"@type\":\"WebSite\",\"@id\":\"https:\/\/librairie7l.com\/en\/#website\",\"url\":\"https:\/\/librairie7l.com\/en\/\",\"name\":\"Librairie 7L\",\"description\":\"Librairie fond\u00e9e en 1999 par Karl Lagerfeld \u00e0 Paris\",\"publisher\":{\"@id\":\"https:\/\/librairie7l.com\/en\/#organization\"},\"potentialAction\":[{\"@type\":\"SearchAction\",\"target\":{\"@type\":\"EntryPoint\",\"urlTemplate\":\"https:\/\/librairie7l.com\/en\/?s={search_term_string}\"},\"query-input\":\"required name=search_term_string\"}],\"inLanguage\":\"en-US\"},{\"@type\":\"Organization\",\"@id\":\"https:\/\/librairie7l.com\/en\/#organization\",\"name\":\"Librairie 7L\",\"url\":\"https:\/\/librairie7l.com\/en\/\",\"logo\":{\"@type\":\"ImageObject\",\"inLanguage\":\"en-US\",\"@id\":\"https:\/\/librairie7l.com\/en\/#\/schema\/logo\/image\/\",\"url\":\"https:\/\/librairie7l.com\/wp-content\/uploads\/2022\/08\/logo-1.png\",\"contentUrl\":\"https:\/\/librairie7l.com\/wp-content\/uploads\/2022\/08\/logo-1.png\",\"width\":227,\"height\":301,\"caption\":\"Librairie 7L\"},\"image\":{\"@id\":\"https:\/\/librairie7l.com\/en\/#\/schema\/logo\/image\/\"}}]}<\/script>\n<!-- \/ Yoast SEO plugin. -->","yoast_head_json":{"title":"Vivaces sans arrosage - Librairie 7L","robots":{"index":"index","follow":"follow","max-snippet":"max-snippet:-1","max-image-preview":"max-image-preview:large","max-video-preview":"max-video-preview:-1"},"canonical":"https:\/\/librairie7l.com\/en\/produit\/vivaces-sans-arrosage-2\/","og_locale":"en_US","og_type":"article","og_title":"Vivaces sans arrosage - Librairie 7L","og_description":"Une approche \u00e9cologique et un cr\u00e9do &#8221; La bonne plante au bon endroit &#8220;. Un livre d&#8217;inspiration : 40 projets simples \u00e0 r\u00e9aliser, ne comportant pas plus de 3 \u00e0 10 plantes au maximum pour un jardin sans arrosage ou presque ! L&#8217;auteur, un jeune paysagiste et p\u00e9pini\u00e9riste passionn\u00e9 de nature, tr\u00e8s pr\u00e9occup\u00e9 par l&#8217;impact [&hellip;]","og_url":"https:\/\/librairie7l.com\/en\/produit\/vivaces-sans-arrosage-2\/","og_site_name":"Librairie 7L","article_modified_time":"2026-05-14T00:07:04+00:00","og_image":[{"width":600,"height":842,"url":"https:\/\/librairie7l.com\/wp-content\/uploads\/2016\/09\/9782841388844_1_75.jpg","type":"image\/jpeg"}],"twitter_card":"summary_large_image","twitter_misc":{"Est. reading time":"1 minute"},"schema":{"@context":"https:\/\/schema.org","@graph":[{"@type":"WebPage","@id":"https:\/\/librairie7l.com\/en\/produit\/vivaces-sans-arrosage-2\/","url":"https:\/\/librairie7l.com\/en\/produit\/vivaces-sans-arrosage-2\/","name":"Vivaces sans arrosage - Librairie 7L","isPartOf":{"@id":"https:\/\/librairie7l.com\/en\/#website"},"datePublished":"2026-01-01T11:56:23+00:00","dateModified":"2026-05-14T00:07:04+00:00","breadcrumb":{"@id":"https:\/\/librairie7l.com\/en\/produit\/vivaces-sans-arrosage-2\/#breadcrumb"},"inLanguage":"en-US","potentialAction":[{"@type":"ReadAction","target":["https:\/\/librairie7l.com\/en\/produit\/vivaces-sans-arrosage-2\/"]}]},{"@type":"BreadcrumbList","@id":"https:\/\/librairie7l.com\/en\/produit\/vivaces-sans-arrosage-2\/#breadcrumb","itemListElement":[{"@type":"ListItem","position":1,"name":"Accueil","item":"https:\/\/librairie7l.com\/en\/"},{"@type":"ListItem","position":2,"name":"Shop","item":"https:\/\/librairie7l.com\/en\/shop\/"},{"@type":"ListItem","position":3,"name":"VIVACES SANS ARROSAGE"}]},{"@type":"WebSite","@id":"https:\/\/librairie7l.com\/en\/#website","url":"https:\/\/librairie7l.com\/en\/","name":"Librairie 7L","description":"Librairie fond\u00e9e en 1999 par Karl Lagerfeld \u00e0 Paris","publisher":{"@id":"https:\/\/librairie7l.com\/en\/#organization"},"potentialAction":[{"@type":"SearchAction","target":{"@type":"EntryPoint","urlTemplate":"https:\/\/librairie7l.com\/en\/?s={search_term_string}"},"query-input":"required name=search_term_string"}],"inLanguage":"en-US"},{"@type":"Organization","@id":"https:\/\/librairie7l.com\/en\/#organization","name":"Librairie 7L","url":"https:\/\/librairie7l.com\/en\/","logo":{"@type":"ImageObject","inLanguage":"en-US","@id":"https:\/\/librairie7l.com\/en\/#\/schema\/logo\/image\/","url":"https:\/\/librairie7l.com\/wp-content\/uploads\/2022\/08\/logo-1.png","contentUrl":"https:\/\/librairie7l.com\/wp-content\/uploads\/2022\/08\/logo-1.png","width":227,"height":301,"caption":"Librairie 7L"},"image":{"@id":"https:\/\/librairie7l.com\/en\/#\/schema\/logo\/image\/"}}]}},"_links":{"self":[{"href":"https:\/\/librairie7l.com\/en\/wp-json\/wp\/v2\/product\/53429"}],"collection":[{"href":"https:\/\/librairie7l.com\/en\/wp-json\/wp\/v2\/product"}],"about":[{"href":"https:\/\/librairie7l.com\/en\/wp-json\/wp\/v2\/types\/product"}],"wp:featuredmedia":[{"embeddable":true,"href":"https:\/\/librairie7l.com\/en\/wp-json\/wp\/v2\/media\/53427"}],"wp:attachment":[{"href":"https:\/\/librairie7l.com\/en\/wp-json\/wp\/v2\/media?parent=53429"}],"wp:term":[{"taxonomy":"product_cat","embeddable":true,"href":"https:\/\/librairie7l.com\/en\/wp-json\/wp\/v2\/product_cat?post=53429"},{"taxonomy":"product_tag","embeddable":true,"href":"https:\/\/librairie7l.com\/en\/wp-json\/wp\/v2\/product_tag?post=53429"}],"curies":[{"name":"wp","href":"https:\/\/api.w.org\/{rel}","templated":true}]}}