{"id":53433,"date":"2026-01-01T18:17:00","date_gmt":"2026-01-01T17:17:00","guid":{"rendered":"https:\/\/librairie7l.com\/?post_type=product&#038;p=53433"},"modified":"2026-05-14T01:16:51","modified_gmt":"2026-05-13T23:16:51","slug":"le-caravage-peintre-et-assassin-2","status":"publish","type":"product","link":"https:\/\/librairie7l.com\/en\/produit\/le-caravage-peintre-et-assassin-2\/","title":{"rendered":"LE CARAVAGE, PEINTRE ET ASSASSIN"},"content":{"rendered":"<p>La l\u00e9gende du peintre voyou et maudit qui s&#8217;attache au Caravage trouve ses origines dans la vie tumultueuse de cet homme, prompt \u00e0 d\u00e9gainer l&#8217;\u00e9p\u00e9e, jusqu&#8217;\u00e0 l&#8217;assassinat qui fera de lui un fugitif. Mais il est \u00e9galement habile courtisan dans la Rome des ann\u00e9es 1600, tr\u00e8s vite peintre adul\u00e9 des pr\u00e9lats et des princes. Il est enfin, en contraste avec la Renaissance, finissante et mani\u00e9riste, le pr\u00e9curseur du r\u00e9alisme en peinture, premier d&#8217;une famille d&#8217;artistes qui, m\u00eame si elle n&#8217;a pas \u00e9t\u00e9 une \u00e9cole, a pris le nom de caravagisme. C&#8217;est ce Caravage-l\u00e0, peintre avant tout, que Jos\u00e9 Fr\u00e8ches suit dans les ruelles obscures de Rome, de Naples, de Malte ou de Syracuse&#8230;<\/p>\n","protected":false},"excerpt":{"rendered":"<p>La l\u00e9gende du peintre voyou et maudit qui s&#8217;attache au Caravage trouve ses origines dans la vie tumultueuse de cet homme, prompt \u00e0 d\u00e9gainer l&#8217;\u00e9p\u00e9e, jusqu&#8217;\u00e0 l&#8217;assassinat qui fera de lui un fugitif. Mais il est \u00e9galement habile courtisan dans la Rome des ann\u00e9es 1600, tr\u00e8s vite peintre adul\u00e9 des pr\u00e9lats et des princes. Il [&hellip;]<\/p>\n","protected":false},"featured_media":53431,"template":"","meta":[],"product_cat":[7364,2948],"product_tag":[],"acf":[],"yoast_head":"<!-- This site is optimized with the Yoast SEO plugin v20.11 - https:\/\/yoast.com\/wordpress\/plugins\/seo\/ -->\n<title>Le Caravage, peintre et assassin - Librairie 7L<\/title>\n<meta name=\"robots\" content=\"index, follow, max-snippet:-1, max-image-preview:large, max-video-preview:-1\" \/>\n<link rel=\"canonical\" href=\"https:\/\/librairie7l.com\/en\/produit\/le-caravage-peintre-et-assassin-2\/\" \/>\n<meta property=\"og:locale\" content=\"en_US\" \/>\n<meta property=\"og:type\" content=\"article\" \/>\n<meta property=\"og:title\" content=\"Le Caravage, peintre et assassin - Librairie 7L\" \/>\n<meta property=\"og:description\" content=\"La l\u00e9gende du peintre voyou et maudit qui s&#8217;attache au Caravage trouve ses origines dans la vie tumultueuse de cet homme, prompt \u00e0 d\u00e9gainer l&#8217;\u00e9p\u00e9e, jusqu&#8217;\u00e0 l&#8217;assassinat qui fera de lui un fugitif. Mais il est \u00e9galement habile courtisan dans la Rome des ann\u00e9es 1600, tr\u00e8s vite peintre adul\u00e9 des pr\u00e9lats et des princes. Il [&hellip;]\" \/>\n<meta property=\"og:url\" content=\"https:\/\/librairie7l.com\/en\/produit\/le-caravage-peintre-et-assassin-2\/\" \/>\n<meta property=\"og:site_name\" content=\"Librairie 7L\" \/>\n<meta property=\"article:modified_time\" content=\"2026-05-13T23:16:51+00:00\" \/>\n<meta property=\"og:image\" content=\"https:\/\/librairie7l.com\/wp-content\/uploads\/2022\/02\/9782072988684_1_75.jpg\" \/>\n\t<meta property=\"og:image:width\" content=\"600\" \/>\n\t<meta property=\"og:image:height\" content=\"853\" \/>\n\t<meta property=\"og:image:type\" content=\"image\/jpeg\" \/>\n<meta name=\"twitter:card\" content=\"summary_large_image\" \/>\n<meta name=\"twitter:label1\" content=\"Est. reading time\" \/>\n\t<meta name=\"twitter:data1\" content=\"1 minute\" \/>\n<script type=\"application\/ld+json\" class=\"yoast-schema-graph\">{\"@context\":\"https:\/\/schema.org\",\"@graph\":[{\"@type\":\"WebPage\",\"@id\":\"https:\/\/librairie7l.com\/en\/produit\/le-caravage-peintre-et-assassin-2\/\",\"url\":\"https:\/\/librairie7l.com\/en\/produit\/le-caravage-peintre-et-assassin-2\/\",\"name\":\"Le Caravage, peintre et assassin - Librairie 7L\",\"isPartOf\":{\"@id\":\"https:\/\/librairie7l.com\/en\/#website\"},\"datePublished\":\"2026-01-01T17:17:00+00:00\",\"dateModified\":\"2026-05-13T23:16:51+00:00\",\"breadcrumb\":{\"@id\":\"https:\/\/librairie7l.com\/en\/produit\/le-caravage-peintre-et-assassin-2\/#breadcrumb\"},\"inLanguage\":\"en-US\",\"potentialAction\":[{\"@type\":\"ReadAction\",\"target\":[\"https:\/\/librairie7l.com\/en\/produit\/le-caravage-peintre-et-assassin-2\/\"]}]},{\"@type\":\"BreadcrumbList\",\"@id\":\"https:\/\/librairie7l.com\/en\/produit\/le-caravage-peintre-et-assassin-2\/#breadcrumb\",\"itemListElement\":[{\"@type\":\"ListItem\",\"position\":1,\"name\":\"Accueil\",\"item\":\"https:\/\/librairie7l.com\/en\/\"},{\"@type\":\"ListItem\",\"position\":2,\"name\":\"Shop\",\"item\":\"https:\/\/librairie7l.com\/en\/shop\/\"},{\"@type\":\"ListItem\",\"position\":3,\"name\":\"LE CARAVAGE, PEINTRE ET ASSASSIN\"}]},{\"@type\":\"WebSite\",\"@id\":\"https:\/\/librairie7l.com\/en\/#website\",\"url\":\"https:\/\/librairie7l.com\/en\/\",\"name\":\"Librairie 7L\",\"description\":\"Librairie fond\u00e9e en 1999 par Karl Lagerfeld \u00e0 Paris\",\"publisher\":{\"@id\":\"https:\/\/librairie7l.com\/en\/#organization\"},\"potentialAction\":[{\"@type\":\"SearchAction\",\"target\":{\"@type\":\"EntryPoint\",\"urlTemplate\":\"https:\/\/librairie7l.com\/en\/?s={search_term_string}\"},\"query-input\":\"required name=search_term_string\"}],\"inLanguage\":\"en-US\"},{\"@type\":\"Organization\",\"@id\":\"https:\/\/librairie7l.com\/en\/#organization\",\"name\":\"Librairie 7L\",\"url\":\"https:\/\/librairie7l.com\/en\/\",\"logo\":{\"@type\":\"ImageObject\",\"inLanguage\":\"en-US\",\"@id\":\"https:\/\/librairie7l.com\/en\/#\/schema\/logo\/image\/\",\"url\":\"https:\/\/librairie7l.com\/wp-content\/uploads\/2022\/08\/logo-1.png\",\"contentUrl\":\"https:\/\/librairie7l.com\/wp-content\/uploads\/2022\/08\/logo-1.png\",\"width\":227,\"height\":301,\"caption\":\"Librairie 7L\"},\"image\":{\"@id\":\"https:\/\/librairie7l.com\/en\/#\/schema\/logo\/image\/\"}}]}<\/script>\n<!-- \/ Yoast SEO plugin. -->","yoast_head_json":{"title":"Le Caravage, peintre et assassin - Librairie 7L","robots":{"index":"index","follow":"follow","max-snippet":"max-snippet:-1","max-image-preview":"max-image-preview:large","max-video-preview":"max-video-preview:-1"},"canonical":"https:\/\/librairie7l.com\/en\/produit\/le-caravage-peintre-et-assassin-2\/","og_locale":"en_US","og_type":"article","og_title":"Le Caravage, peintre et assassin - Librairie 7L","og_description":"La l\u00e9gende du peintre voyou et maudit qui s&#8217;attache au Caravage trouve ses origines dans la vie tumultueuse de cet homme, prompt \u00e0 d\u00e9gainer l&#8217;\u00e9p\u00e9e, jusqu&#8217;\u00e0 l&#8217;assassinat qui fera de lui un fugitif. Mais il est \u00e9galement habile courtisan dans la Rome des ann\u00e9es 1600, tr\u00e8s vite peintre adul\u00e9 des pr\u00e9lats et des princes. Il [&hellip;]","og_url":"https:\/\/librairie7l.com\/en\/produit\/le-caravage-peintre-et-assassin-2\/","og_site_name":"Librairie 7L","article_modified_time":"2026-05-13T23:16:51+00:00","og_image":[{"width":600,"height":853,"url":"https:\/\/librairie7l.com\/wp-content\/uploads\/2022\/02\/9782072988684_1_75.jpg","type":"image\/jpeg"}],"twitter_card":"summary_large_image","twitter_misc":{"Est. reading time":"1 minute"},"schema":{"@context":"https:\/\/schema.org","@graph":[{"@type":"WebPage","@id":"https:\/\/librairie7l.com\/en\/produit\/le-caravage-peintre-et-assassin-2\/","url":"https:\/\/librairie7l.com\/en\/produit\/le-caravage-peintre-et-assassin-2\/","name":"Le Caravage, peintre et assassin - Librairie 7L","isPartOf":{"@id":"https:\/\/librairie7l.com\/en\/#website"},"datePublished":"2026-01-01T17:17:00+00:00","dateModified":"2026-05-13T23:16:51+00:00","breadcrumb":{"@id":"https:\/\/librairie7l.com\/en\/produit\/le-caravage-peintre-et-assassin-2\/#breadcrumb"},"inLanguage":"en-US","potentialAction":[{"@type":"ReadAction","target":["https:\/\/librairie7l.com\/en\/produit\/le-caravage-peintre-et-assassin-2\/"]}]},{"@type":"BreadcrumbList","@id":"https:\/\/librairie7l.com\/en\/produit\/le-caravage-peintre-et-assassin-2\/#breadcrumb","itemListElement":[{"@type":"ListItem","position":1,"name":"Accueil","item":"https:\/\/librairie7l.com\/en\/"},{"@type":"ListItem","position":2,"name":"Shop","item":"https:\/\/librairie7l.com\/en\/shop\/"},{"@type":"ListItem","position":3,"name":"LE CARAVAGE, PEINTRE ET ASSASSIN"}]},{"@type":"WebSite","@id":"https:\/\/librairie7l.com\/en\/#website","url":"https:\/\/librairie7l.com\/en\/","name":"Librairie 7L","description":"Librairie fond\u00e9e en 1999 par Karl Lagerfeld \u00e0 Paris","publisher":{"@id":"https:\/\/librairie7l.com\/en\/#organization"},"potentialAction":[{"@type":"SearchAction","target":{"@type":"EntryPoint","urlTemplate":"https:\/\/librairie7l.com\/en\/?s={search_term_string}"},"query-input":"required name=search_term_string"}],"inLanguage":"en-US"},{"@type":"Organization","@id":"https:\/\/librairie7l.com\/en\/#organization","name":"Librairie 7L","url":"https:\/\/librairie7l.com\/en\/","logo":{"@type":"ImageObject","inLanguage":"en-US","@id":"https:\/\/librairie7l.com\/en\/#\/schema\/logo\/image\/","url":"https:\/\/librairie7l.com\/wp-content\/uploads\/2022\/08\/logo-1.png","contentUrl":"https:\/\/librairie7l.com\/wp-content\/uploads\/2022\/08\/logo-1.png","width":227,"height":301,"caption":"Librairie 7L"},"image":{"@id":"https:\/\/librairie7l.com\/en\/#\/schema\/logo\/image\/"}}]}},"_links":{"self":[{"href":"https:\/\/librairie7l.com\/en\/wp-json\/wp\/v2\/product\/53433"}],"collection":[{"href":"https:\/\/librairie7l.com\/en\/wp-json\/wp\/v2\/product"}],"about":[{"href":"https:\/\/librairie7l.com\/en\/wp-json\/wp\/v2\/types\/product"}],"wp:featuredmedia":[{"embeddable":true,"href":"https:\/\/librairie7l.com\/en\/wp-json\/wp\/v2\/media\/53431"}],"wp:attachment":[{"href":"https:\/\/librairie7l.com\/en\/wp-json\/wp\/v2\/media?parent=53433"}],"wp:term":[{"taxonomy":"product_cat","embeddable":true,"href":"https:\/\/librairie7l.com\/en\/wp-json\/wp\/v2\/product_cat?post=53433"},{"taxonomy":"product_tag","embeddable":true,"href":"https:\/\/librairie7l.com\/en\/wp-json\/wp\/v2\/product_tag?post=53433"}],"curies":[{"name":"wp","href":"https:\/\/api.w.org\/{rel}","templated":true}]}}