{"id":53437,"date":"2026-01-02T22:32:41","date_gmt":"2026-01-02T21:32:41","guid":{"rendered":"https:\/\/librairie7l.com\/?post_type=product&#038;p=53437"},"modified":"2026-05-14T19:30:36","modified_gmt":"2026-05-14T17:30:36","slug":"clark-nova-2","status":"publish","type":"product","link":"https:\/\/librairie7l.com\/en\/produit\/clark-nova-2\/","title":{"rendered":"CLARK NOVA"},"content":{"rendered":"<p>Pour le compte de la Police Nova, pour laquelle il m\u00e8ne des enqu\u00eates aussi p\u00e9rilleuses que loufoques, l&#8217;Agent William Lee, taciturne mais redoutable le pistolet en main, embarque dans un train express \u00e0 destination de la station Sud. Il est accompagn\u00e9 par sa partenaire, la Clark Nova, une cr\u00e9ature mi-machine \u00e0 \u00e9crire mi-araign\u00e9e, dou\u00e9e de la parole et d&#8217;une sacr\u00e9e personnalit\u00e9. Ensemble, ils devront r\u00e9soudre l&#8217;\u00e9nigme de la disparation massive des insectes &#8211; et coffrer les responsables ! &#8211; tandis que la plan\u00e8te est enti\u00e8rement recouverte par la glace. Mais le voyage n&#8217;aura rien d&#8217;un long fleuve tranquille et personne ne sera \u00e9pargn\u00e9. Dans ce roman noir mais non d\u00e9nu\u00e9 d&#8217;humour, le po\u00e8te J\u00e9r\u00e9mie Tholom\u00e9 redonne vie aux personnages de l&#8217;\u00e9crivain am\u00e9ricain William S. Burroughs et les plonge \u00e0 nouveau dans un monde monstrueux. Pr\u00e9face de Vincent Tholom\u00e9<\/p>\n","protected":false},"excerpt":{"rendered":"<p>Pour le compte de la Police Nova, pour laquelle il m\u00e8ne des enqu\u00eates aussi p\u00e9rilleuses que loufoques, l&#8217;Agent William Lee, taciturne mais redoutable le pistolet en main, embarque dans un train express \u00e0 destination de la station Sud. Il est accompagn\u00e9 par sa partenaire, la Clark Nova, une cr\u00e9ature mi-machine \u00e0 \u00e9crire mi-araign\u00e9e, dou\u00e9e de [&hellip;]<\/p>\n","protected":false},"featured_media":53435,"template":"","meta":[],"product_cat":[7364,2948],"product_tag":[],"acf":[],"yoast_head":"<!-- This site is optimized with the Yoast SEO plugin v20.11 - https:\/\/yoast.com\/wordpress\/plugins\/seo\/ -->\n<title>Clark Nova - Librairie 7L<\/title>\n<meta name=\"robots\" content=\"index, follow, max-snippet:-1, max-image-preview:large, max-video-preview:-1\" \/>\n<link rel=\"canonical\" href=\"https:\/\/librairie7l.com\/en\/produit\/clark-nova-2\/\" \/>\n<meta property=\"og:locale\" content=\"en_US\" \/>\n<meta property=\"og:type\" content=\"article\" \/>\n<meta property=\"og:title\" content=\"Clark Nova - Librairie 7L\" \/>\n<meta property=\"og:description\" content=\"Pour le compte de la Police Nova, pour laquelle il m\u00e8ne des enqu\u00eates aussi p\u00e9rilleuses que loufoques, l&#8217;Agent William Lee, taciturne mais redoutable le pistolet en main, embarque dans un train express \u00e0 destination de la station Sud. Il est accompagn\u00e9 par sa partenaire, la Clark Nova, une cr\u00e9ature mi-machine \u00e0 \u00e9crire mi-araign\u00e9e, dou\u00e9e de [&hellip;]\" \/>\n<meta property=\"og:url\" content=\"https:\/\/librairie7l.com\/en\/produit\/clark-nova-2\/\" \/>\n<meta property=\"og:site_name\" content=\"Librairie 7L\" \/>\n<meta property=\"article:modified_time\" content=\"2026-05-14T17:30:36+00:00\" \/>\n<meta property=\"og:image\" content=\"https:\/\/librairie7l.com\/wp-content\/uploads\/2025\/05\/9782875055279_1_75.jpg\" \/>\n\t<meta property=\"og:image:width\" content=\"600\" \/>\n\t<meta property=\"og:image:height\" content=\"866\" \/>\n\t<meta property=\"og:image:type\" content=\"image\/jpeg\" \/>\n<meta name=\"twitter:card\" content=\"summary_large_image\" \/>\n<meta name=\"twitter:label1\" content=\"Est. reading time\" \/>\n\t<meta name=\"twitter:data1\" content=\"1 minute\" \/>\n<script type=\"application\/ld+json\" class=\"yoast-schema-graph\">{\"@context\":\"https:\/\/schema.org\",\"@graph\":[{\"@type\":\"WebPage\",\"@id\":\"https:\/\/librairie7l.com\/en\/produit\/clark-nova-2\/\",\"url\":\"https:\/\/librairie7l.com\/en\/produit\/clark-nova-2\/\",\"name\":\"Clark Nova - Librairie 7L\",\"isPartOf\":{\"@id\":\"https:\/\/librairie7l.com\/en\/#website\"},\"datePublished\":\"2026-01-02T21:32:41+00:00\",\"dateModified\":\"2026-05-14T17:30:36+00:00\",\"breadcrumb\":{\"@id\":\"https:\/\/librairie7l.com\/en\/produit\/clark-nova-2\/#breadcrumb\"},\"inLanguage\":\"en-US\",\"potentialAction\":[{\"@type\":\"ReadAction\",\"target\":[\"https:\/\/librairie7l.com\/en\/produit\/clark-nova-2\/\"]}]},{\"@type\":\"BreadcrumbList\",\"@id\":\"https:\/\/librairie7l.com\/en\/produit\/clark-nova-2\/#breadcrumb\",\"itemListElement\":[{\"@type\":\"ListItem\",\"position\":1,\"name\":\"Accueil\",\"item\":\"https:\/\/librairie7l.com\/en\/\"},{\"@type\":\"ListItem\",\"position\":2,\"name\":\"Shop\",\"item\":\"https:\/\/librairie7l.com\/en\/shop\/\"},{\"@type\":\"ListItem\",\"position\":3,\"name\":\"CLARK NOVA\"}]},{\"@type\":\"WebSite\",\"@id\":\"https:\/\/librairie7l.com\/en\/#website\",\"url\":\"https:\/\/librairie7l.com\/en\/\",\"name\":\"Librairie 7L\",\"description\":\"Librairie fond\u00e9e en 1999 par Karl Lagerfeld \u00e0 Paris\",\"publisher\":{\"@id\":\"https:\/\/librairie7l.com\/en\/#organization\"},\"potentialAction\":[{\"@type\":\"SearchAction\",\"target\":{\"@type\":\"EntryPoint\",\"urlTemplate\":\"https:\/\/librairie7l.com\/en\/?s={search_term_string}\"},\"query-input\":\"required name=search_term_string\"}],\"inLanguage\":\"en-US\"},{\"@type\":\"Organization\",\"@id\":\"https:\/\/librairie7l.com\/en\/#organization\",\"name\":\"Librairie 7L\",\"url\":\"https:\/\/librairie7l.com\/en\/\",\"logo\":{\"@type\":\"ImageObject\",\"inLanguage\":\"en-US\",\"@id\":\"https:\/\/librairie7l.com\/en\/#\/schema\/logo\/image\/\",\"url\":\"https:\/\/librairie7l.com\/wp-content\/uploads\/2022\/08\/logo-1.png\",\"contentUrl\":\"https:\/\/librairie7l.com\/wp-content\/uploads\/2022\/08\/logo-1.png\",\"width\":227,\"height\":301,\"caption\":\"Librairie 7L\"},\"image\":{\"@id\":\"https:\/\/librairie7l.com\/en\/#\/schema\/logo\/image\/\"}}]}<\/script>\n<!-- \/ Yoast SEO plugin. -->","yoast_head_json":{"title":"Clark Nova - Librairie 7L","robots":{"index":"index","follow":"follow","max-snippet":"max-snippet:-1","max-image-preview":"max-image-preview:large","max-video-preview":"max-video-preview:-1"},"canonical":"https:\/\/librairie7l.com\/en\/produit\/clark-nova-2\/","og_locale":"en_US","og_type":"article","og_title":"Clark Nova - Librairie 7L","og_description":"Pour le compte de la Police Nova, pour laquelle il m\u00e8ne des enqu\u00eates aussi p\u00e9rilleuses que loufoques, l&#8217;Agent William Lee, taciturne mais redoutable le pistolet en main, embarque dans un train express \u00e0 destination de la station Sud. Il est accompagn\u00e9 par sa partenaire, la Clark Nova, une cr\u00e9ature mi-machine \u00e0 \u00e9crire mi-araign\u00e9e, dou\u00e9e de [&hellip;]","og_url":"https:\/\/librairie7l.com\/en\/produit\/clark-nova-2\/","og_site_name":"Librairie 7L","article_modified_time":"2026-05-14T17:30:36+00:00","og_image":[{"width":600,"height":866,"url":"https:\/\/librairie7l.com\/wp-content\/uploads\/2025\/05\/9782875055279_1_75.jpg","type":"image\/jpeg"}],"twitter_card":"summary_large_image","twitter_misc":{"Est. reading time":"1 minute"},"schema":{"@context":"https:\/\/schema.org","@graph":[{"@type":"WebPage","@id":"https:\/\/librairie7l.com\/en\/produit\/clark-nova-2\/","url":"https:\/\/librairie7l.com\/en\/produit\/clark-nova-2\/","name":"Clark Nova - Librairie 7L","isPartOf":{"@id":"https:\/\/librairie7l.com\/en\/#website"},"datePublished":"2026-01-02T21:32:41+00:00","dateModified":"2026-05-14T17:30:36+00:00","breadcrumb":{"@id":"https:\/\/librairie7l.com\/en\/produit\/clark-nova-2\/#breadcrumb"},"inLanguage":"en-US","potentialAction":[{"@type":"ReadAction","target":["https:\/\/librairie7l.com\/en\/produit\/clark-nova-2\/"]}]},{"@type":"BreadcrumbList","@id":"https:\/\/librairie7l.com\/en\/produit\/clark-nova-2\/#breadcrumb","itemListElement":[{"@type":"ListItem","position":1,"name":"Accueil","item":"https:\/\/librairie7l.com\/en\/"},{"@type":"ListItem","position":2,"name":"Shop","item":"https:\/\/librairie7l.com\/en\/shop\/"},{"@type":"ListItem","position":3,"name":"CLARK NOVA"}]},{"@type":"WebSite","@id":"https:\/\/librairie7l.com\/en\/#website","url":"https:\/\/librairie7l.com\/en\/","name":"Librairie 7L","description":"Librairie fond\u00e9e en 1999 par Karl Lagerfeld \u00e0 Paris","publisher":{"@id":"https:\/\/librairie7l.com\/en\/#organization"},"potentialAction":[{"@type":"SearchAction","target":{"@type":"EntryPoint","urlTemplate":"https:\/\/librairie7l.com\/en\/?s={search_term_string}"},"query-input":"required name=search_term_string"}],"inLanguage":"en-US"},{"@type":"Organization","@id":"https:\/\/librairie7l.com\/en\/#organization","name":"Librairie 7L","url":"https:\/\/librairie7l.com\/en\/","logo":{"@type":"ImageObject","inLanguage":"en-US","@id":"https:\/\/librairie7l.com\/en\/#\/schema\/logo\/image\/","url":"https:\/\/librairie7l.com\/wp-content\/uploads\/2022\/08\/logo-1.png","contentUrl":"https:\/\/librairie7l.com\/wp-content\/uploads\/2022\/08\/logo-1.png","width":227,"height":301,"caption":"Librairie 7L"},"image":{"@id":"https:\/\/librairie7l.com\/en\/#\/schema\/logo\/image\/"}}]}},"_links":{"self":[{"href":"https:\/\/librairie7l.com\/en\/wp-json\/wp\/v2\/product\/53437"}],"collection":[{"href":"https:\/\/librairie7l.com\/en\/wp-json\/wp\/v2\/product"}],"about":[{"href":"https:\/\/librairie7l.com\/en\/wp-json\/wp\/v2\/types\/product"}],"wp:featuredmedia":[{"embeddable":true,"href":"https:\/\/librairie7l.com\/en\/wp-json\/wp\/v2\/media\/53435"}],"wp:attachment":[{"href":"https:\/\/librairie7l.com\/en\/wp-json\/wp\/v2\/media?parent=53437"}],"wp:term":[{"taxonomy":"product_cat","embeddable":true,"href":"https:\/\/librairie7l.com\/en\/wp-json\/wp\/v2\/product_cat?post=53437"},{"taxonomy":"product_tag","embeddable":true,"href":"https:\/\/librairie7l.com\/en\/wp-json\/wp\/v2\/product_tag?post=53437"}],"curies":[{"name":"wp","href":"https:\/\/api.w.org\/{rel}","templated":true}]}}