{"id":53441,"date":"2026-01-03T20:26:25","date_gmt":"2026-01-03T19:26:25","guid":{"rendered":"https:\/\/librairie7l.com\/?post_type=product&#038;p=53441"},"modified":"2026-05-14T08:07:13","modified_gmt":"2026-05-14T06:07:13","slug":"lart-de-la-porte-a-paris-2","status":"publish","type":"product","link":"https:\/\/librairie7l.com\/en\/produit\/lart-de-la-porte-a-paris-2\/","title":{"rendered":"L&#8217;ART DE LA PORTE \u00c0 PARIS"},"content":{"rendered":"<p>Les Portes de Paris s&#8217;ouvrent \u00e0 vous. Patrimoine d&#8217;une \u00e9tonnante richesse, les portes participent au d\u00e9cor de nos villes et villages, m\u00eame si les passants que nous sommes ne les remarquent gu\u00e8re !<\/p>\n<p>La multitude de leurs formes et de leurs d\u00e9cors t\u00e9moigne de l&#8217;inventivit\u00e9 et du savoir-faire des architectes, sculpteurs, menuisiers et \u00e9b\u00e9nistes, ferronniers et serruriers, fondeurs, verriers&#8230;<\/p>\n<p>Pour mieux signifier ses fonctions, la porte se pare aussi de diff\u00e9rents \u00e9l\u00e9ments, plus ou moins orn\u00e9s. Ainsi le heurtoir qui annonce le visiteur, puis qui laisse sa place \u00e0 la sonnette, mais \u00e9galement le judas, anc\u00eatre de notre &#8220;oeil de porte&#8221;, et bien s\u00fbr les poign\u00e9es de portes.<\/p>\n<p>Ce patrimoine quotidien est un patrimoine fragile : d\u00e9cors arrach\u00e9s, taggu\u00e9s, les poign\u00e9es et les heurtoirs d\u00e9rob\u00e9s, il attire bien des violences et des convoitises. A nous de le prot\u00e9ger !<\/p>\n<p>Et pour bien prot\u00e9ger, il est souvent indispensable de conna\u00eetre.<\/p>\n<p>C&#8217;est ce que vous proposent Claude Abron avec ses superbes photographies et Laurence de Finance avec ses commentaires historiques et techniques, \u00e0 travers une promenade dans Paris au fil de ses arrondissements.<\/p>\n","protected":false},"excerpt":{"rendered":"<p>Les Portes de Paris s&#8217;ouvrent \u00e0 vous. Patrimoine d&#8217;une \u00e9tonnante richesse, les portes participent au d\u00e9cor de nos villes et villages, m\u00eame si les passants que nous sommes ne les remarquent gu\u00e8re ! La multitude de leurs formes et de leurs d\u00e9cors t\u00e9moigne de l&#8217;inventivit\u00e9 et du savoir-faire des architectes, sculpteurs, menuisiers et \u00e9b\u00e9nistes, ferronniers [&hellip;]<\/p>\n","protected":false},"featured_media":53439,"template":"","meta":[],"product_cat":[7364,2948],"product_tag":[],"acf":[],"yoast_head":"<!-- This site is optimized with the Yoast SEO plugin v20.11 - https:\/\/yoast.com\/wordpress\/plugins\/seo\/ -->\n<title>L&#039;art de la porte \u00e0 Paris - Librairie 7L<\/title>\n<meta name=\"robots\" content=\"index, follow, max-snippet:-1, max-image-preview:large, max-video-preview:-1\" \/>\n<link rel=\"canonical\" href=\"https:\/\/librairie7l.com\/en\/produit\/lart-de-la-porte-a-paris-2\/\" \/>\n<meta property=\"og:locale\" content=\"en_US\" \/>\n<meta property=\"og:type\" content=\"article\" \/>\n<meta property=\"og:title\" content=\"L&#039;art de la porte \u00e0 Paris - Librairie 7L\" \/>\n<meta property=\"og:description\" content=\"Les Portes de Paris s&#8217;ouvrent \u00e0 vous. Patrimoine d&#8217;une \u00e9tonnante richesse, les portes participent au d\u00e9cor de nos villes et villages, m\u00eame si les passants que nous sommes ne les remarquent gu\u00e8re ! La multitude de leurs formes et de leurs d\u00e9cors t\u00e9moigne de l&#8217;inventivit\u00e9 et du savoir-faire des architectes, sculpteurs, menuisiers et \u00e9b\u00e9nistes, ferronniers [&hellip;]\" \/>\n<meta property=\"og:url\" content=\"https:\/\/librairie7l.com\/en\/produit\/lart-de-la-porte-a-paris-2\/\" \/>\n<meta property=\"og:site_name\" content=\"Librairie 7L\" \/>\n<meta property=\"article:modified_time\" content=\"2026-05-14T06:07:13+00:00\" \/>\n<meta property=\"og:image\" content=\"https:\/\/librairie7l.com\/wp-content\/uploads\/2021\/04\/9782867396908_1_75.jpg\" \/>\n\t<meta property=\"og:image:width\" content=\"643\" \/>\n\t<meta property=\"og:image:height\" content=\"600\" \/>\n\t<meta property=\"og:image:type\" content=\"image\/jpeg\" \/>\n<meta name=\"twitter:card\" content=\"summary_large_image\" \/>\n<meta name=\"twitter:label1\" content=\"Est. reading time\" \/>\n\t<meta name=\"twitter:data1\" content=\"1 minute\" \/>\n<script type=\"application\/ld+json\" class=\"yoast-schema-graph\">{\"@context\":\"https:\/\/schema.org\",\"@graph\":[{\"@type\":\"WebPage\",\"@id\":\"https:\/\/librairie7l.com\/en\/produit\/lart-de-la-porte-a-paris-2\/\",\"url\":\"https:\/\/librairie7l.com\/en\/produit\/lart-de-la-porte-a-paris-2\/\",\"name\":\"L'art de la porte \u00e0 Paris - Librairie 7L\",\"isPartOf\":{\"@id\":\"https:\/\/librairie7l.com\/en\/#website\"},\"datePublished\":\"2026-01-03T19:26:25+00:00\",\"dateModified\":\"2026-05-14T06:07:13+00:00\",\"breadcrumb\":{\"@id\":\"https:\/\/librairie7l.com\/en\/produit\/lart-de-la-porte-a-paris-2\/#breadcrumb\"},\"inLanguage\":\"en-US\",\"potentialAction\":[{\"@type\":\"ReadAction\",\"target\":[\"https:\/\/librairie7l.com\/en\/produit\/lart-de-la-porte-a-paris-2\/\"]}]},{\"@type\":\"BreadcrumbList\",\"@id\":\"https:\/\/librairie7l.com\/en\/produit\/lart-de-la-porte-a-paris-2\/#breadcrumb\",\"itemListElement\":[{\"@type\":\"ListItem\",\"position\":1,\"name\":\"Accueil\",\"item\":\"https:\/\/librairie7l.com\/en\/\"},{\"@type\":\"ListItem\",\"position\":2,\"name\":\"Shop\",\"item\":\"https:\/\/librairie7l.com\/en\/shop\/\"},{\"@type\":\"ListItem\",\"position\":3,\"name\":\"L&#8217;ART DE LA PORTE \u00c0 PARIS\"}]},{\"@type\":\"WebSite\",\"@id\":\"https:\/\/librairie7l.com\/en\/#website\",\"url\":\"https:\/\/librairie7l.com\/en\/\",\"name\":\"Librairie 7L\",\"description\":\"Librairie fond\u00e9e en 1999 par Karl Lagerfeld \u00e0 Paris\",\"publisher\":{\"@id\":\"https:\/\/librairie7l.com\/en\/#organization\"},\"potentialAction\":[{\"@type\":\"SearchAction\",\"target\":{\"@type\":\"EntryPoint\",\"urlTemplate\":\"https:\/\/librairie7l.com\/en\/?s={search_term_string}\"},\"query-input\":\"required name=search_term_string\"}],\"inLanguage\":\"en-US\"},{\"@type\":\"Organization\",\"@id\":\"https:\/\/librairie7l.com\/en\/#organization\",\"name\":\"Librairie 7L\",\"url\":\"https:\/\/librairie7l.com\/en\/\",\"logo\":{\"@type\":\"ImageObject\",\"inLanguage\":\"en-US\",\"@id\":\"https:\/\/librairie7l.com\/en\/#\/schema\/logo\/image\/\",\"url\":\"https:\/\/librairie7l.com\/wp-content\/uploads\/2022\/08\/logo-1.png\",\"contentUrl\":\"https:\/\/librairie7l.com\/wp-content\/uploads\/2022\/08\/logo-1.png\",\"width\":227,\"height\":301,\"caption\":\"Librairie 7L\"},\"image\":{\"@id\":\"https:\/\/librairie7l.com\/en\/#\/schema\/logo\/image\/\"}}]}<\/script>\n<!-- \/ Yoast SEO plugin. -->","yoast_head_json":{"title":"L'art de la porte \u00e0 Paris - Librairie 7L","robots":{"index":"index","follow":"follow","max-snippet":"max-snippet:-1","max-image-preview":"max-image-preview:large","max-video-preview":"max-video-preview:-1"},"canonical":"https:\/\/librairie7l.com\/en\/produit\/lart-de-la-porte-a-paris-2\/","og_locale":"en_US","og_type":"article","og_title":"L'art de la porte \u00e0 Paris - Librairie 7L","og_description":"Les Portes de Paris s&#8217;ouvrent \u00e0 vous. Patrimoine d&#8217;une \u00e9tonnante richesse, les portes participent au d\u00e9cor de nos villes et villages, m\u00eame si les passants que nous sommes ne les remarquent gu\u00e8re ! La multitude de leurs formes et de leurs d\u00e9cors t\u00e9moigne de l&#8217;inventivit\u00e9 et du savoir-faire des architectes, sculpteurs, menuisiers et \u00e9b\u00e9nistes, ferronniers [&hellip;]","og_url":"https:\/\/librairie7l.com\/en\/produit\/lart-de-la-porte-a-paris-2\/","og_site_name":"Librairie 7L","article_modified_time":"2026-05-14T06:07:13+00:00","og_image":[{"width":643,"height":600,"url":"https:\/\/librairie7l.com\/wp-content\/uploads\/2021\/04\/9782867396908_1_75.jpg","type":"image\/jpeg"}],"twitter_card":"summary_large_image","twitter_misc":{"Est. reading time":"1 minute"},"schema":{"@context":"https:\/\/schema.org","@graph":[{"@type":"WebPage","@id":"https:\/\/librairie7l.com\/en\/produit\/lart-de-la-porte-a-paris-2\/","url":"https:\/\/librairie7l.com\/en\/produit\/lart-de-la-porte-a-paris-2\/","name":"L'art de la porte \u00e0 Paris - Librairie 7L","isPartOf":{"@id":"https:\/\/librairie7l.com\/en\/#website"},"datePublished":"2026-01-03T19:26:25+00:00","dateModified":"2026-05-14T06:07:13+00:00","breadcrumb":{"@id":"https:\/\/librairie7l.com\/en\/produit\/lart-de-la-porte-a-paris-2\/#breadcrumb"},"inLanguage":"en-US","potentialAction":[{"@type":"ReadAction","target":["https:\/\/librairie7l.com\/en\/produit\/lart-de-la-porte-a-paris-2\/"]}]},{"@type":"BreadcrumbList","@id":"https:\/\/librairie7l.com\/en\/produit\/lart-de-la-porte-a-paris-2\/#breadcrumb","itemListElement":[{"@type":"ListItem","position":1,"name":"Accueil","item":"https:\/\/librairie7l.com\/en\/"},{"@type":"ListItem","position":2,"name":"Shop","item":"https:\/\/librairie7l.com\/en\/shop\/"},{"@type":"ListItem","position":3,"name":"L&#8217;ART DE LA PORTE \u00c0 PARIS"}]},{"@type":"WebSite","@id":"https:\/\/librairie7l.com\/en\/#website","url":"https:\/\/librairie7l.com\/en\/","name":"Librairie 7L","description":"Librairie fond\u00e9e en 1999 par Karl Lagerfeld \u00e0 Paris","publisher":{"@id":"https:\/\/librairie7l.com\/en\/#organization"},"potentialAction":[{"@type":"SearchAction","target":{"@type":"EntryPoint","urlTemplate":"https:\/\/librairie7l.com\/en\/?s={search_term_string}"},"query-input":"required name=search_term_string"}],"inLanguage":"en-US"},{"@type":"Organization","@id":"https:\/\/librairie7l.com\/en\/#organization","name":"Librairie 7L","url":"https:\/\/librairie7l.com\/en\/","logo":{"@type":"ImageObject","inLanguage":"en-US","@id":"https:\/\/librairie7l.com\/en\/#\/schema\/logo\/image\/","url":"https:\/\/librairie7l.com\/wp-content\/uploads\/2022\/08\/logo-1.png","contentUrl":"https:\/\/librairie7l.com\/wp-content\/uploads\/2022\/08\/logo-1.png","width":227,"height":301,"caption":"Librairie 7L"},"image":{"@id":"https:\/\/librairie7l.com\/en\/#\/schema\/logo\/image\/"}}]}},"_links":{"self":[{"href":"https:\/\/librairie7l.com\/en\/wp-json\/wp\/v2\/product\/53441"}],"collection":[{"href":"https:\/\/librairie7l.com\/en\/wp-json\/wp\/v2\/product"}],"about":[{"href":"https:\/\/librairie7l.com\/en\/wp-json\/wp\/v2\/types\/product"}],"wp:featuredmedia":[{"embeddable":true,"href":"https:\/\/librairie7l.com\/en\/wp-json\/wp\/v2\/media\/53439"}],"wp:attachment":[{"href":"https:\/\/librairie7l.com\/en\/wp-json\/wp\/v2\/media?parent=53441"}],"wp:term":[{"taxonomy":"product_cat","embeddable":true,"href":"https:\/\/librairie7l.com\/en\/wp-json\/wp\/v2\/product_cat?post=53441"},{"taxonomy":"product_tag","embeddable":true,"href":"https:\/\/librairie7l.com\/en\/wp-json\/wp\/v2\/product_tag?post=53441"}],"curies":[{"name":"wp","href":"https:\/\/api.w.org\/{rel}","templated":true}]}}