{"id":53540,"date":"2026-01-10T10:16:16","date_gmt":"2026-01-10T09:16:16","guid":{"rendered":"https:\/\/librairie7l.com\/?post_type=product&#038;p=53540"},"modified":"2026-04-21T14:22:28","modified_gmt":"2026-04-21T12:22:28","slug":"tempura-hors-serie-n-5-food-2","status":"publish","type":"product","link":"https:\/\/librairie7l.com\/en\/produit\/tempura-hors-serie-n-5-food-2\/","title":{"rendered":"TEMPURA HORS-S\u00c9RIE N.5 : FOOD"},"content":{"rendered":"<p>Tonkatsu, ramen, onigiri, karaage, kaiseki, wagyu, sans oublier les ind\u00e9tr\u00f4nables sushi&#8230; la cuisine japonaise est plus que jamais ancr\u00e9e dans le paysage culinaire de l&#8217;hexagone. Loin de se cantonner \u00e0 la rue Sainte-Anne, \u00e0 Paris, des restaurants japonais ont fleuri un peu partout en France, de Strasbourg \u00e0 Marseille, en passant par Avignon, Tours ou encore Saint-Jean-de-Luz. Apr\u00e8s un premier hors-s\u00e9rie consacr\u00e9 \u00e0 d\u00e9cortiquer l&#8217;imaginaire autour du repas japonais &#8211; qui d\u00e9passe bien souvent ce qui se trouve dans l&#8217;assiette -, ce deuxi\u00e8me num\u00e9ro va encore plus loin, en s&#8217;ancrant dans le pr\u00e9sent et ses enjeux, pour tenter de r\u00e9pondre \u00e0 la question cruciale : que sera la cuisine japonaise de demain ?<br \/>\n180 pages de reportages hors des sentiers battus, de portraits intimes, d&#8217;enqu\u00eates, de guides pratiques, de photos et illustrations in\u00e9dites pour croquer le Japon \u00e0 pleines dents. Un Japon vivant, riche, complexe, et oh combien gourmand. Rejoignez-nous \u00e0 table, on vous a gard\u00e9 une place !<br \/>\nPour concocter ce num\u00e9ro sp\u00e9cial, nous avons planch\u00e9 pendant plus d&#8217;un an avec l&#8217;\u00e9crivaine et po\u00e9tesse Ryoko Sekiguchi. R\u00e9dactrice en chef invit\u00e9e de ce grand hors-s\u00e9rie, l&#8217;exploratrice des traditions culinaires a pens\u00e9 ce num\u00e9ro comme un guide \u00e0 destination des g\u00e9n\u00e9rations futures, mais aussi comme un hommage \u00e0 celles et ceux qui se battent au quotidien pour nous permettre de d\u00e9guster, pour longtemps encore, les d\u00e9lices du Japon.<\/p>\n","protected":false},"excerpt":{"rendered":"<p>Tonkatsu, ramen, onigiri, karaage, kaiseki, wagyu, sans oublier les ind\u00e9tr\u00f4nables sushi&#8230; la cuisine japonaise est plus que jamais ancr\u00e9e dans le paysage culinaire de l&#8217;hexagone. Loin de se cantonner \u00e0 la rue Sainte-Anne, \u00e0 Paris, des restaurants japonais ont fleuri un peu partout en France, de Strasbourg \u00e0 Marseille, en passant par Avignon, Tours ou [&hellip;]<\/p>\n","protected":false},"featured_media":53538,"template":"","meta":[],"product_cat":[2948],"product_tag":[],"acf":[],"yoast_head":"<!-- This site is optimized with the Yoast SEO plugin v20.11 - https:\/\/yoast.com\/wordpress\/plugins\/seo\/ -->\n<title>Tempura Hors-S\u00e9rie n.5 : Food - Librairie 7L<\/title>\n<meta name=\"robots\" content=\"index, follow, max-snippet:-1, max-image-preview:large, max-video-preview:-1\" \/>\n<link rel=\"canonical\" href=\"https:\/\/librairie7l.com\/en\/produit\/tempura-hors-serie-n-5-food-2\/\" \/>\n<meta property=\"og:locale\" content=\"en_US\" \/>\n<meta property=\"og:type\" content=\"article\" \/>\n<meta property=\"og:title\" content=\"Tempura Hors-S\u00e9rie n.5 : Food - Librairie 7L\" \/>\n<meta property=\"og:description\" content=\"Tonkatsu, ramen, onigiri, karaage, kaiseki, wagyu, sans oublier les ind\u00e9tr\u00f4nables sushi&#8230; la cuisine japonaise est plus que jamais ancr\u00e9e dans le paysage culinaire de l&#8217;hexagone. Loin de se cantonner \u00e0 la rue Sainte-Anne, \u00e0 Paris, des restaurants japonais ont fleuri un peu partout en France, de Strasbourg \u00e0 Marseille, en passant par Avignon, Tours ou [&hellip;]\" \/>\n<meta property=\"og:url\" content=\"https:\/\/librairie7l.com\/en\/produit\/tempura-hors-serie-n-5-food-2\/\" \/>\n<meta property=\"og:site_name\" content=\"Librairie 7L\" \/>\n<meta property=\"article:modified_time\" content=\"2026-04-21T12:22:28+00:00\" \/>\n<meta property=\"og:image\" content=\"https:\/\/librairie7l.com\/wp-content\/uploads\/2024\/09\/9782493543165_1_75.jpg\" \/>\n\t<meta property=\"og:image:width\" content=\"370\" \/>\n\t<meta property=\"og:image:height\" content=\"497\" \/>\n\t<meta property=\"og:image:type\" content=\"image\/jpeg\" \/>\n<meta name=\"twitter:card\" content=\"summary_large_image\" \/>\n<meta name=\"twitter:label1\" content=\"Est. reading time\" \/>\n\t<meta name=\"twitter:data1\" content=\"1 minute\" \/>\n<script type=\"application\/ld+json\" class=\"yoast-schema-graph\">{\"@context\":\"https:\/\/schema.org\",\"@graph\":[{\"@type\":\"WebPage\",\"@id\":\"https:\/\/librairie7l.com\/en\/produit\/tempura-hors-serie-n-5-food-2\/\",\"url\":\"https:\/\/librairie7l.com\/en\/produit\/tempura-hors-serie-n-5-food-2\/\",\"name\":\"Tempura Hors-S\u00e9rie n.5 : Food - Librairie 7L\",\"isPartOf\":{\"@id\":\"https:\/\/librairie7l.com\/en\/#website\"},\"datePublished\":\"2026-01-10T09:16:16+00:00\",\"dateModified\":\"2026-04-21T12:22:28+00:00\",\"breadcrumb\":{\"@id\":\"https:\/\/librairie7l.com\/en\/produit\/tempura-hors-serie-n-5-food-2\/#breadcrumb\"},\"inLanguage\":\"en-US\",\"potentialAction\":[{\"@type\":\"ReadAction\",\"target\":[\"https:\/\/librairie7l.com\/en\/produit\/tempura-hors-serie-n-5-food-2\/\"]}]},{\"@type\":\"BreadcrumbList\",\"@id\":\"https:\/\/librairie7l.com\/en\/produit\/tempura-hors-serie-n-5-food-2\/#breadcrumb\",\"itemListElement\":[{\"@type\":\"ListItem\",\"position\":1,\"name\":\"Accueil\",\"item\":\"https:\/\/librairie7l.com\/en\/\"},{\"@type\":\"ListItem\",\"position\":2,\"name\":\"Shop\",\"item\":\"https:\/\/librairie7l.com\/en\/shop\/\"},{\"@type\":\"ListItem\",\"position\":3,\"name\":\"TEMPURA HORS-S\u00c9RIE N.5 : FOOD\"}]},{\"@type\":\"WebSite\",\"@id\":\"https:\/\/librairie7l.com\/en\/#website\",\"url\":\"https:\/\/librairie7l.com\/en\/\",\"name\":\"Librairie 7L\",\"description\":\"Librairie fond\u00e9e en 1999 par Karl Lagerfeld \u00e0 Paris\",\"publisher\":{\"@id\":\"https:\/\/librairie7l.com\/en\/#organization\"},\"potentialAction\":[{\"@type\":\"SearchAction\",\"target\":{\"@type\":\"EntryPoint\",\"urlTemplate\":\"https:\/\/librairie7l.com\/en\/?s={search_term_string}\"},\"query-input\":\"required name=search_term_string\"}],\"inLanguage\":\"en-US\"},{\"@type\":\"Organization\",\"@id\":\"https:\/\/librairie7l.com\/en\/#organization\",\"name\":\"Librairie 7L\",\"url\":\"https:\/\/librairie7l.com\/en\/\",\"logo\":{\"@type\":\"ImageObject\",\"inLanguage\":\"en-US\",\"@id\":\"https:\/\/librairie7l.com\/en\/#\/schema\/logo\/image\/\",\"url\":\"https:\/\/librairie7l.com\/wp-content\/uploads\/2022\/08\/logo-1.png\",\"contentUrl\":\"https:\/\/librairie7l.com\/wp-content\/uploads\/2022\/08\/logo-1.png\",\"width\":227,\"height\":301,\"caption\":\"Librairie 7L\"},\"image\":{\"@id\":\"https:\/\/librairie7l.com\/en\/#\/schema\/logo\/image\/\"}}]}<\/script>\n<!-- \/ Yoast SEO plugin. -->","yoast_head_json":{"title":"Tempura Hors-S\u00e9rie n.5 : Food - Librairie 7L","robots":{"index":"index","follow":"follow","max-snippet":"max-snippet:-1","max-image-preview":"max-image-preview:large","max-video-preview":"max-video-preview:-1"},"canonical":"https:\/\/librairie7l.com\/en\/produit\/tempura-hors-serie-n-5-food-2\/","og_locale":"en_US","og_type":"article","og_title":"Tempura Hors-S\u00e9rie n.5 : Food - Librairie 7L","og_description":"Tonkatsu, ramen, onigiri, karaage, kaiseki, wagyu, sans oublier les ind\u00e9tr\u00f4nables sushi&#8230; la cuisine japonaise est plus que jamais ancr\u00e9e dans le paysage culinaire de l&#8217;hexagone. Loin de se cantonner \u00e0 la rue Sainte-Anne, \u00e0 Paris, des restaurants japonais ont fleuri un peu partout en France, de Strasbourg \u00e0 Marseille, en passant par Avignon, Tours ou [&hellip;]","og_url":"https:\/\/librairie7l.com\/en\/produit\/tempura-hors-serie-n-5-food-2\/","og_site_name":"Librairie 7L","article_modified_time":"2026-04-21T12:22:28+00:00","og_image":[{"width":370,"height":497,"url":"https:\/\/librairie7l.com\/wp-content\/uploads\/2024\/09\/9782493543165_1_75.jpg","type":"image\/jpeg"}],"twitter_card":"summary_large_image","twitter_misc":{"Est. reading time":"1 minute"},"schema":{"@context":"https:\/\/schema.org","@graph":[{"@type":"WebPage","@id":"https:\/\/librairie7l.com\/en\/produit\/tempura-hors-serie-n-5-food-2\/","url":"https:\/\/librairie7l.com\/en\/produit\/tempura-hors-serie-n-5-food-2\/","name":"Tempura Hors-S\u00e9rie n.5 : Food - Librairie 7L","isPartOf":{"@id":"https:\/\/librairie7l.com\/en\/#website"},"datePublished":"2026-01-10T09:16:16+00:00","dateModified":"2026-04-21T12:22:28+00:00","breadcrumb":{"@id":"https:\/\/librairie7l.com\/en\/produit\/tempura-hors-serie-n-5-food-2\/#breadcrumb"},"inLanguage":"en-US","potentialAction":[{"@type":"ReadAction","target":["https:\/\/librairie7l.com\/en\/produit\/tempura-hors-serie-n-5-food-2\/"]}]},{"@type":"BreadcrumbList","@id":"https:\/\/librairie7l.com\/en\/produit\/tempura-hors-serie-n-5-food-2\/#breadcrumb","itemListElement":[{"@type":"ListItem","position":1,"name":"Accueil","item":"https:\/\/librairie7l.com\/en\/"},{"@type":"ListItem","position":2,"name":"Shop","item":"https:\/\/librairie7l.com\/en\/shop\/"},{"@type":"ListItem","position":3,"name":"TEMPURA HORS-S\u00c9RIE N.5 : FOOD"}]},{"@type":"WebSite","@id":"https:\/\/librairie7l.com\/en\/#website","url":"https:\/\/librairie7l.com\/en\/","name":"Librairie 7L","description":"Librairie fond\u00e9e en 1999 par Karl Lagerfeld \u00e0 Paris","publisher":{"@id":"https:\/\/librairie7l.com\/en\/#organization"},"potentialAction":[{"@type":"SearchAction","target":{"@type":"EntryPoint","urlTemplate":"https:\/\/librairie7l.com\/en\/?s={search_term_string}"},"query-input":"required name=search_term_string"}],"inLanguage":"en-US"},{"@type":"Organization","@id":"https:\/\/librairie7l.com\/en\/#organization","name":"Librairie 7L","url":"https:\/\/librairie7l.com\/en\/","logo":{"@type":"ImageObject","inLanguage":"en-US","@id":"https:\/\/librairie7l.com\/en\/#\/schema\/logo\/image\/","url":"https:\/\/librairie7l.com\/wp-content\/uploads\/2022\/08\/logo-1.png","contentUrl":"https:\/\/librairie7l.com\/wp-content\/uploads\/2022\/08\/logo-1.png","width":227,"height":301,"caption":"Librairie 7L"},"image":{"@id":"https:\/\/librairie7l.com\/en\/#\/schema\/logo\/image\/"}}]}},"_links":{"self":[{"href":"https:\/\/librairie7l.com\/en\/wp-json\/wp\/v2\/product\/53540"}],"collection":[{"href":"https:\/\/librairie7l.com\/en\/wp-json\/wp\/v2\/product"}],"about":[{"href":"https:\/\/librairie7l.com\/en\/wp-json\/wp\/v2\/types\/product"}],"wp:featuredmedia":[{"embeddable":true,"href":"https:\/\/librairie7l.com\/en\/wp-json\/wp\/v2\/media\/53538"}],"wp:attachment":[{"href":"https:\/\/librairie7l.com\/en\/wp-json\/wp\/v2\/media?parent=53540"}],"wp:term":[{"taxonomy":"product_cat","embeddable":true,"href":"https:\/\/librairie7l.com\/en\/wp-json\/wp\/v2\/product_cat?post=53540"},{"taxonomy":"product_tag","embeddable":true,"href":"https:\/\/librairie7l.com\/en\/wp-json\/wp\/v2\/product_tag?post=53540"}],"curies":[{"name":"wp","href":"https:\/\/api.w.org\/{rel}","templated":true}]}}