{"id":53568,"date":"2026-01-10T10:16:37","date_gmt":"2026-01-10T09:16:37","guid":{"rendered":"https:\/\/librairie7l.com\/?post_type=product&#038;p=53568"},"modified":"2026-04-21T14:19:34","modified_gmt":"2026-04-21T12:19:34","slug":"villa-deste-tivoli-2","status":"publish","type":"product","link":"https:\/\/librairie7l.com\/en\/produit\/villa-deste-tivoli-2\/","title":{"rendered":"VILLA D&#8217;ESTE : TIVOLI"},"content":{"rendered":"<p>Villa d&#8217;Este rappresenta una novit\u00e0 assoluta nel panorama delle ville del XVI secolo. Mai era stato concentrato in un solo complesso, esteso poco pi\u00f9 di quattro ettari, un numero cos\u00ec stupefacente di fontane, grotte e ninfei, per creare un luogo assolutamente meraviglioso. La progettazione innovatrice, la straordinariet\u00e0 delle opere architettoniche, il genius di artisti e intellettuali che vi hanno operato, hanno lasciato impronte di tale fattura su fontane, grotte, ninfei, bacini e decorazioni da renderla un esempio rilevante e unico di quel dialogo fra artificio e natura che connota il XVI secolo. Forse il pi\u00f9 famoso tra i &#8220;giardini di meraviglia&#8221;, \u00e8 stato un modello influente nello sviluppo dei giardini in Europa e, anche per questo, il sito \u00e8 stato iscritto nel 2001 nella Lista del patrimonio mondiale dell&#8217;UNESCO. Concepita sulle fondamenta di una precedente dimora romana, la residenza cardinalizia di Ippolito II d&#8217;Este deve la sua maestosit\u00e0 alla grande disponibilit\u00e0 idrica assicurata dal fiume Aniene, che ha consentito di esplorare le infinite potenzialit\u00e0 artistiche dell&#8217;acqua, sperimentandone tutte le virtualit\u00e0, ingegneristiche ed estetiche. Questo volume splendidamente illustrato ne ripercorre la storia, l&#8217;arte e gli spettacolari giardini con i celebri giochi d&#8217;acqua.<\/p>\n","protected":false},"excerpt":{"rendered":"<p>Villa d&#8217;Este rappresenta una novit\u00e0 assoluta nel panorama delle ville del XVI secolo. Mai era stato concentrato in un solo complesso, esteso poco pi\u00f9 di quattro ettari, un numero cos\u00ec stupefacente di fontane, grotte e ninfei, per creare un luogo assolutamente meraviglioso. La progettazione innovatrice, la straordinariet\u00e0 delle opere architettoniche, il genius di artisti e [&hellip;]<\/p>\n","protected":false},"featured_media":53566,"template":"","meta":[],"product_cat":[2948],"product_tag":[],"acf":[],"yoast_head":"<!-- This site is optimized with the Yoast SEO plugin v20.11 - https:\/\/yoast.com\/wordpress\/plugins\/seo\/ -->\n<title>Villa d&#039;Este : Tivoli - Librairie 7L<\/title>\n<meta name=\"robots\" content=\"index, follow, max-snippet:-1, max-image-preview:large, max-video-preview:-1\" \/>\n<link rel=\"canonical\" href=\"https:\/\/librairie7l.com\/en\/produit\/villa-deste-tivoli-2\/\" \/>\n<meta property=\"og:locale\" content=\"en_US\" \/>\n<meta property=\"og:type\" content=\"article\" \/>\n<meta property=\"og:title\" content=\"Villa d&#039;Este : Tivoli - Librairie 7L\" \/>\n<meta property=\"og:description\" content=\"Villa d&#8217;Este rappresenta una novit\u00e0 assoluta nel panorama delle ville del XVI secolo. Mai era stato concentrato in un solo complesso, esteso poco pi\u00f9 di quattro ettari, un numero cos\u00ec stupefacente di fontane, grotte e ninfei, per creare un luogo assolutamente meraviglioso. La progettazione innovatrice, la straordinariet\u00e0 delle opere architettoniche, il genius di artisti e [&hellip;]\" \/>\n<meta property=\"og:url\" content=\"https:\/\/librairie7l.com\/en\/produit\/villa-deste-tivoli-2\/\" \/>\n<meta property=\"og:site_name\" content=\"Librairie 7L\" \/>\n<meta property=\"article:modified_time\" content=\"2026-04-21T12:19:34+00:00\" \/>\n<meta property=\"og:image\" content=\"https:\/\/librairie7l.com\/wp-content\/uploads\/2025\/07\/9788857247618_1_75.jpg\" \/>\n\t<meta property=\"og:image:width\" content=\"600\" \/>\n\t<meta property=\"og:image:height\" content=\"766\" \/>\n\t<meta property=\"og:image:type\" content=\"image\/jpeg\" \/>\n<meta name=\"twitter:card\" content=\"summary_large_image\" \/>\n<meta name=\"twitter:label1\" content=\"Est. reading time\" \/>\n\t<meta name=\"twitter:data1\" content=\"1 minute\" \/>\n<script type=\"application\/ld+json\" class=\"yoast-schema-graph\">{\"@context\":\"https:\/\/schema.org\",\"@graph\":[{\"@type\":\"WebPage\",\"@id\":\"https:\/\/librairie7l.com\/en\/produit\/villa-deste-tivoli-2\/\",\"url\":\"https:\/\/librairie7l.com\/en\/produit\/villa-deste-tivoli-2\/\",\"name\":\"Villa d'Este : Tivoli - Librairie 7L\",\"isPartOf\":{\"@id\":\"https:\/\/librairie7l.com\/en\/#website\"},\"datePublished\":\"2026-01-10T09:16:37+00:00\",\"dateModified\":\"2026-04-21T12:19:34+00:00\",\"breadcrumb\":{\"@id\":\"https:\/\/librairie7l.com\/en\/produit\/villa-deste-tivoli-2\/#breadcrumb\"},\"inLanguage\":\"en-US\",\"potentialAction\":[{\"@type\":\"ReadAction\",\"target\":[\"https:\/\/librairie7l.com\/en\/produit\/villa-deste-tivoli-2\/\"]}]},{\"@type\":\"BreadcrumbList\",\"@id\":\"https:\/\/librairie7l.com\/en\/produit\/villa-deste-tivoli-2\/#breadcrumb\",\"itemListElement\":[{\"@type\":\"ListItem\",\"position\":1,\"name\":\"Accueil\",\"item\":\"https:\/\/librairie7l.com\/en\/\"},{\"@type\":\"ListItem\",\"position\":2,\"name\":\"Shop\",\"item\":\"https:\/\/librairie7l.com\/en\/shop\/\"},{\"@type\":\"ListItem\",\"position\":3,\"name\":\"VILLA D&#8217;ESTE : TIVOLI\"}]},{\"@type\":\"WebSite\",\"@id\":\"https:\/\/librairie7l.com\/en\/#website\",\"url\":\"https:\/\/librairie7l.com\/en\/\",\"name\":\"Librairie 7L\",\"description\":\"Librairie fond\u00e9e en 1999 par Karl Lagerfeld \u00e0 Paris\",\"publisher\":{\"@id\":\"https:\/\/librairie7l.com\/en\/#organization\"},\"potentialAction\":[{\"@type\":\"SearchAction\",\"target\":{\"@type\":\"EntryPoint\",\"urlTemplate\":\"https:\/\/librairie7l.com\/en\/?s={search_term_string}\"},\"query-input\":\"required name=search_term_string\"}],\"inLanguage\":\"en-US\"},{\"@type\":\"Organization\",\"@id\":\"https:\/\/librairie7l.com\/en\/#organization\",\"name\":\"Librairie 7L\",\"url\":\"https:\/\/librairie7l.com\/en\/\",\"logo\":{\"@type\":\"ImageObject\",\"inLanguage\":\"en-US\",\"@id\":\"https:\/\/librairie7l.com\/en\/#\/schema\/logo\/image\/\",\"url\":\"https:\/\/librairie7l.com\/wp-content\/uploads\/2022\/08\/logo-1.png\",\"contentUrl\":\"https:\/\/librairie7l.com\/wp-content\/uploads\/2022\/08\/logo-1.png\",\"width\":227,\"height\":301,\"caption\":\"Librairie 7L\"},\"image\":{\"@id\":\"https:\/\/librairie7l.com\/en\/#\/schema\/logo\/image\/\"}}]}<\/script>\n<!-- \/ Yoast SEO plugin. -->","yoast_head_json":{"title":"Villa d'Este : Tivoli - Librairie 7L","robots":{"index":"index","follow":"follow","max-snippet":"max-snippet:-1","max-image-preview":"max-image-preview:large","max-video-preview":"max-video-preview:-1"},"canonical":"https:\/\/librairie7l.com\/en\/produit\/villa-deste-tivoli-2\/","og_locale":"en_US","og_type":"article","og_title":"Villa d'Este : Tivoli - Librairie 7L","og_description":"Villa d&#8217;Este rappresenta una novit\u00e0 assoluta nel panorama delle ville del XVI secolo. Mai era stato concentrato in un solo complesso, esteso poco pi\u00f9 di quattro ettari, un numero cos\u00ec stupefacente di fontane, grotte e ninfei, per creare un luogo assolutamente meraviglioso. La progettazione innovatrice, la straordinariet\u00e0 delle opere architettoniche, il genius di artisti e [&hellip;]","og_url":"https:\/\/librairie7l.com\/en\/produit\/villa-deste-tivoli-2\/","og_site_name":"Librairie 7L","article_modified_time":"2026-04-21T12:19:34+00:00","og_image":[{"width":600,"height":766,"url":"https:\/\/librairie7l.com\/wp-content\/uploads\/2025\/07\/9788857247618_1_75.jpg","type":"image\/jpeg"}],"twitter_card":"summary_large_image","twitter_misc":{"Est. reading time":"1 minute"},"schema":{"@context":"https:\/\/schema.org","@graph":[{"@type":"WebPage","@id":"https:\/\/librairie7l.com\/en\/produit\/villa-deste-tivoli-2\/","url":"https:\/\/librairie7l.com\/en\/produit\/villa-deste-tivoli-2\/","name":"Villa d'Este : Tivoli - Librairie 7L","isPartOf":{"@id":"https:\/\/librairie7l.com\/en\/#website"},"datePublished":"2026-01-10T09:16:37+00:00","dateModified":"2026-04-21T12:19:34+00:00","breadcrumb":{"@id":"https:\/\/librairie7l.com\/en\/produit\/villa-deste-tivoli-2\/#breadcrumb"},"inLanguage":"en-US","potentialAction":[{"@type":"ReadAction","target":["https:\/\/librairie7l.com\/en\/produit\/villa-deste-tivoli-2\/"]}]},{"@type":"BreadcrumbList","@id":"https:\/\/librairie7l.com\/en\/produit\/villa-deste-tivoli-2\/#breadcrumb","itemListElement":[{"@type":"ListItem","position":1,"name":"Accueil","item":"https:\/\/librairie7l.com\/en\/"},{"@type":"ListItem","position":2,"name":"Shop","item":"https:\/\/librairie7l.com\/en\/shop\/"},{"@type":"ListItem","position":3,"name":"VILLA D&#8217;ESTE : TIVOLI"}]},{"@type":"WebSite","@id":"https:\/\/librairie7l.com\/en\/#website","url":"https:\/\/librairie7l.com\/en\/","name":"Librairie 7L","description":"Librairie fond\u00e9e en 1999 par Karl Lagerfeld \u00e0 Paris","publisher":{"@id":"https:\/\/librairie7l.com\/en\/#organization"},"potentialAction":[{"@type":"SearchAction","target":{"@type":"EntryPoint","urlTemplate":"https:\/\/librairie7l.com\/en\/?s={search_term_string}"},"query-input":"required name=search_term_string"}],"inLanguage":"en-US"},{"@type":"Organization","@id":"https:\/\/librairie7l.com\/en\/#organization","name":"Librairie 7L","url":"https:\/\/librairie7l.com\/en\/","logo":{"@type":"ImageObject","inLanguage":"en-US","@id":"https:\/\/librairie7l.com\/en\/#\/schema\/logo\/image\/","url":"https:\/\/librairie7l.com\/wp-content\/uploads\/2022\/08\/logo-1.png","contentUrl":"https:\/\/librairie7l.com\/wp-content\/uploads\/2022\/08\/logo-1.png","width":227,"height":301,"caption":"Librairie 7L"},"image":{"@id":"https:\/\/librairie7l.com\/en\/#\/schema\/logo\/image\/"}}]}},"_links":{"self":[{"href":"https:\/\/librairie7l.com\/en\/wp-json\/wp\/v2\/product\/53568"}],"collection":[{"href":"https:\/\/librairie7l.com\/en\/wp-json\/wp\/v2\/product"}],"about":[{"href":"https:\/\/librairie7l.com\/en\/wp-json\/wp\/v2\/types\/product"}],"wp:featuredmedia":[{"embeddable":true,"href":"https:\/\/librairie7l.com\/en\/wp-json\/wp\/v2\/media\/53566"}],"wp:attachment":[{"href":"https:\/\/librairie7l.com\/en\/wp-json\/wp\/v2\/media?parent=53568"}],"wp:term":[{"taxonomy":"product_cat","embeddable":true,"href":"https:\/\/librairie7l.com\/en\/wp-json\/wp\/v2\/product_cat?post=53568"},{"taxonomy":"product_tag","embeddable":true,"href":"https:\/\/librairie7l.com\/en\/wp-json\/wp\/v2\/product_tag?post=53568"}],"curies":[{"name":"wp","href":"https:\/\/api.w.org\/{rel}","templated":true}]}}