{"id":53609,"date":"2026-01-10T12:06:56","date_gmt":"2026-01-10T11:06:56","guid":{"rendered":"https:\/\/librairie7l.com\/?post_type=product&#038;p=53609"},"modified":"2026-05-14T02:40:02","modified_gmt":"2026-05-14T00:40:02","slug":"totem-1-a1-livre-de-leleve-2","status":"publish","type":"product","link":"https:\/\/librairie7l.com\/en\/produit\/totem-1-a1-livre-de-leleve-2\/","title":{"rendered":"TOTEM 1 ; A1 ; LIVRE DE L&#8217;\u00c9L\u00c8VE"},"content":{"rendered":"<p>Structure :1 dossier d\u00e9couverte6 dossiers avec :3 le\u00e7ons d&#8217;apprentissage en doubles pages par dossier avec un m\u00e9dia d\u00e9clencheur diff\u00e9rent (vid\u00e9o, \u00e9crit ou audio)1 le\u00e7on \u00ab Faits et gestes \/ Cultures \u00bb1 double page \u00ab Entra\u00eenement \u00bb1 page \u00ab T\u00e2che \u00bb1 entrainement au DELF (1 double page tous les 2 dossiers + 1 \u00e9preuve compl\u00e8te en annexe)Descriptif :<br \/>\n  Simple \u00e0 utiliser, la m\u00e9thode propose un parcours dynamique et rassurant (1 le\u00e7on = 1 double page = 1 s\u00e9quence p\u00e9dagogique)Chacune des 3 le\u00e7ons est bas\u00e9e sur un m\u00e9dia d\u00e9clencheur diff\u00e9rent (vid\u00e9o, \u00e9crit  ou audio) et guide l&#8217;apprenant dans une d\u00e9couverte de la langue et une construction progressive du sensUn travail \u00e9quilibr\u00e9 sur les comp\u00e9tences permet de r\u00e9aliser la t\u00e2che finale du dossierUne le\u00e7on \u00ab Faits et gestes\/Cultures \u00bb propose une d\u00e9marche innovante pour observer et comprendre les implicites culturels de la vid\u00e9o et des documents, permettant ainsi de d\u00e9velopper des \u00ab  savoir-\u00eatre  \/ savoir faire \/ savoirs  \u00bbUne offre multim\u00e9dia tr\u00e8s riche est incluse dans le livre de l&#8217;\u00e9l\u00e8ve : tout l&#8217;audio, toutes les vid\u00e9os (la s\u00e9rie + des documentaires + des s\u00e9quences vid\u00e9o interactives), un manuel num\u00e9rique simple \u00e0 t\u00e9l\u00e9charger et des activit\u00e9s interactives en lien avec la vid\u00e9o.<\/p>\n","protected":false},"excerpt":{"rendered":"<p>Structure :1 dossier d\u00e9couverte6 dossiers avec :3 le\u00e7ons d&#8217;apprentissage en doubles pages par dossier avec un m\u00e9dia d\u00e9clencheur diff\u00e9rent (vid\u00e9o, \u00e9crit ou audio)1 le\u00e7on \u00ab Faits et gestes \/ Cultures \u00bb1 double page \u00ab Entra\u00eenement \u00bb1 page \u00ab T\u00e2che \u00bb1 entrainement au DELF (1 double page tous les 2 dossiers + 1 \u00e9preuve compl\u00e8te en [&hellip;]<\/p>\n","protected":false},"featured_media":53607,"template":"","meta":[],"product_cat":[7364,2948],"product_tag":[],"acf":[],"yoast_head":"<!-- This site is optimized with the Yoast SEO plugin v20.11 - https:\/\/yoast.com\/wordpress\/plugins\/seo\/ -->\n<title>Totem 1 ; A1 ; livre de l&#039;\u00e9l\u00e8ve - Librairie 7L<\/title>\n<meta name=\"robots\" content=\"index, follow, max-snippet:-1, max-image-preview:large, max-video-preview:-1\" \/>\n<link rel=\"canonical\" href=\"https:\/\/librairie7l.com\/en\/produit\/totem-1-a1-livre-de-leleve-2\/\" \/>\n<meta property=\"og:locale\" content=\"en_US\" \/>\n<meta property=\"og:type\" content=\"article\" \/>\n<meta property=\"og:title\" content=\"Totem 1 ; A1 ; livre de l&#039;\u00e9l\u00e8ve - Librairie 7L\" \/>\n<meta property=\"og:description\" content=\"Structure :1 dossier d\u00e9couverte6 dossiers avec :3 le\u00e7ons d&#8217;apprentissage en doubles pages par dossier avec un m\u00e9dia d\u00e9clencheur diff\u00e9rent (vid\u00e9o, \u00e9crit ou audio)1 le\u00e7on \u00ab Faits et gestes \/ Cultures \u00bb1 double page \u00ab Entra\u00eenement \u00bb1 page \u00ab T\u00e2che \u00bb1 entrainement au DELF (1 double page tous les 2 dossiers + 1 \u00e9preuve compl\u00e8te en [&hellip;]\" \/>\n<meta property=\"og:url\" content=\"https:\/\/librairie7l.com\/en\/produit\/totem-1-a1-livre-de-leleve-2\/\" \/>\n<meta property=\"og:site_name\" content=\"Librairie 7L\" \/>\n<meta property=\"article:modified_time\" content=\"2026-05-14T00:40:02+00:00\" \/>\n<meta property=\"og:image\" content=\"https:\/\/librairie7l.com\/wp-content\/uploads\/2013\/12\/9782011560483_1_75.jpg\" \/>\n\t<meta property=\"og:image:width\" content=\"250\" \/>\n\t<meta property=\"og:image:height\" content=\"332\" \/>\n\t<meta property=\"og:image:type\" content=\"image\/jpeg\" \/>\n<meta name=\"twitter:card\" content=\"summary_large_image\" \/>\n<meta name=\"twitter:label1\" content=\"Est. reading time\" \/>\n\t<meta name=\"twitter:data1\" content=\"1 minute\" \/>\n<script type=\"application\/ld+json\" class=\"yoast-schema-graph\">{\"@context\":\"https:\/\/schema.org\",\"@graph\":[{\"@type\":\"WebPage\",\"@id\":\"https:\/\/librairie7l.com\/en\/produit\/totem-1-a1-livre-de-leleve-2\/\",\"url\":\"https:\/\/librairie7l.com\/en\/produit\/totem-1-a1-livre-de-leleve-2\/\",\"name\":\"Totem 1 ; A1 ; livre de l'\u00e9l\u00e8ve - Librairie 7L\",\"isPartOf\":{\"@id\":\"https:\/\/librairie7l.com\/en\/#website\"},\"datePublished\":\"2026-01-10T11:06:56+00:00\",\"dateModified\":\"2026-05-14T00:40:02+00:00\",\"breadcrumb\":{\"@id\":\"https:\/\/librairie7l.com\/en\/produit\/totem-1-a1-livre-de-leleve-2\/#breadcrumb\"},\"inLanguage\":\"en-US\",\"potentialAction\":[{\"@type\":\"ReadAction\",\"target\":[\"https:\/\/librairie7l.com\/en\/produit\/totem-1-a1-livre-de-leleve-2\/\"]}]},{\"@type\":\"BreadcrumbList\",\"@id\":\"https:\/\/librairie7l.com\/en\/produit\/totem-1-a1-livre-de-leleve-2\/#breadcrumb\",\"itemListElement\":[{\"@type\":\"ListItem\",\"position\":1,\"name\":\"Accueil\",\"item\":\"https:\/\/librairie7l.com\/en\/\"},{\"@type\":\"ListItem\",\"position\":2,\"name\":\"Shop\",\"item\":\"https:\/\/librairie7l.com\/en\/shop\/\"},{\"@type\":\"ListItem\",\"position\":3,\"name\":\"TOTEM 1 ; A1 ; LIVRE DE L&#8217;\u00c9L\u00c8VE\"}]},{\"@type\":\"WebSite\",\"@id\":\"https:\/\/librairie7l.com\/en\/#website\",\"url\":\"https:\/\/librairie7l.com\/en\/\",\"name\":\"Librairie 7L\",\"description\":\"Librairie fond\u00e9e en 1999 par Karl Lagerfeld \u00e0 Paris\",\"publisher\":{\"@id\":\"https:\/\/librairie7l.com\/en\/#organization\"},\"potentialAction\":[{\"@type\":\"SearchAction\",\"target\":{\"@type\":\"EntryPoint\",\"urlTemplate\":\"https:\/\/librairie7l.com\/en\/?s={search_term_string}\"},\"query-input\":\"required name=search_term_string\"}],\"inLanguage\":\"en-US\"},{\"@type\":\"Organization\",\"@id\":\"https:\/\/librairie7l.com\/en\/#organization\",\"name\":\"Librairie 7L\",\"url\":\"https:\/\/librairie7l.com\/en\/\",\"logo\":{\"@type\":\"ImageObject\",\"inLanguage\":\"en-US\",\"@id\":\"https:\/\/librairie7l.com\/en\/#\/schema\/logo\/image\/\",\"url\":\"https:\/\/librairie7l.com\/wp-content\/uploads\/2022\/08\/logo-1.png\",\"contentUrl\":\"https:\/\/librairie7l.com\/wp-content\/uploads\/2022\/08\/logo-1.png\",\"width\":227,\"height\":301,\"caption\":\"Librairie 7L\"},\"image\":{\"@id\":\"https:\/\/librairie7l.com\/en\/#\/schema\/logo\/image\/\"}}]}<\/script>\n<!-- \/ Yoast SEO plugin. -->","yoast_head_json":{"title":"Totem 1 ; A1 ; livre de l'\u00e9l\u00e8ve - Librairie 7L","robots":{"index":"index","follow":"follow","max-snippet":"max-snippet:-1","max-image-preview":"max-image-preview:large","max-video-preview":"max-video-preview:-1"},"canonical":"https:\/\/librairie7l.com\/en\/produit\/totem-1-a1-livre-de-leleve-2\/","og_locale":"en_US","og_type":"article","og_title":"Totem 1 ; A1 ; livre de l'\u00e9l\u00e8ve - Librairie 7L","og_description":"Structure :1 dossier d\u00e9couverte6 dossiers avec :3 le\u00e7ons d&#8217;apprentissage en doubles pages par dossier avec un m\u00e9dia d\u00e9clencheur diff\u00e9rent (vid\u00e9o, \u00e9crit ou audio)1 le\u00e7on \u00ab Faits et gestes \/ Cultures \u00bb1 double page \u00ab Entra\u00eenement \u00bb1 page \u00ab T\u00e2che \u00bb1 entrainement au DELF (1 double page tous les 2 dossiers + 1 \u00e9preuve compl\u00e8te en [&hellip;]","og_url":"https:\/\/librairie7l.com\/en\/produit\/totem-1-a1-livre-de-leleve-2\/","og_site_name":"Librairie 7L","article_modified_time":"2026-05-14T00:40:02+00:00","og_image":[{"width":250,"height":332,"url":"https:\/\/librairie7l.com\/wp-content\/uploads\/2013\/12\/9782011560483_1_75.jpg","type":"image\/jpeg"}],"twitter_card":"summary_large_image","twitter_misc":{"Est. reading time":"1 minute"},"schema":{"@context":"https:\/\/schema.org","@graph":[{"@type":"WebPage","@id":"https:\/\/librairie7l.com\/en\/produit\/totem-1-a1-livre-de-leleve-2\/","url":"https:\/\/librairie7l.com\/en\/produit\/totem-1-a1-livre-de-leleve-2\/","name":"Totem 1 ; A1 ; livre de l'\u00e9l\u00e8ve - Librairie 7L","isPartOf":{"@id":"https:\/\/librairie7l.com\/en\/#website"},"datePublished":"2026-01-10T11:06:56+00:00","dateModified":"2026-05-14T00:40:02+00:00","breadcrumb":{"@id":"https:\/\/librairie7l.com\/en\/produit\/totem-1-a1-livre-de-leleve-2\/#breadcrumb"},"inLanguage":"en-US","potentialAction":[{"@type":"ReadAction","target":["https:\/\/librairie7l.com\/en\/produit\/totem-1-a1-livre-de-leleve-2\/"]}]},{"@type":"BreadcrumbList","@id":"https:\/\/librairie7l.com\/en\/produit\/totem-1-a1-livre-de-leleve-2\/#breadcrumb","itemListElement":[{"@type":"ListItem","position":1,"name":"Accueil","item":"https:\/\/librairie7l.com\/en\/"},{"@type":"ListItem","position":2,"name":"Shop","item":"https:\/\/librairie7l.com\/en\/shop\/"},{"@type":"ListItem","position":3,"name":"TOTEM 1 ; A1 ; LIVRE DE L&#8217;\u00c9L\u00c8VE"}]},{"@type":"WebSite","@id":"https:\/\/librairie7l.com\/en\/#website","url":"https:\/\/librairie7l.com\/en\/","name":"Librairie 7L","description":"Librairie fond\u00e9e en 1999 par Karl Lagerfeld \u00e0 Paris","publisher":{"@id":"https:\/\/librairie7l.com\/en\/#organization"},"potentialAction":[{"@type":"SearchAction","target":{"@type":"EntryPoint","urlTemplate":"https:\/\/librairie7l.com\/en\/?s={search_term_string}"},"query-input":"required name=search_term_string"}],"inLanguage":"en-US"},{"@type":"Organization","@id":"https:\/\/librairie7l.com\/en\/#organization","name":"Librairie 7L","url":"https:\/\/librairie7l.com\/en\/","logo":{"@type":"ImageObject","inLanguage":"en-US","@id":"https:\/\/librairie7l.com\/en\/#\/schema\/logo\/image\/","url":"https:\/\/librairie7l.com\/wp-content\/uploads\/2022\/08\/logo-1.png","contentUrl":"https:\/\/librairie7l.com\/wp-content\/uploads\/2022\/08\/logo-1.png","width":227,"height":301,"caption":"Librairie 7L"},"image":{"@id":"https:\/\/librairie7l.com\/en\/#\/schema\/logo\/image\/"}}]}},"_links":{"self":[{"href":"https:\/\/librairie7l.com\/en\/wp-json\/wp\/v2\/product\/53609"}],"collection":[{"href":"https:\/\/librairie7l.com\/en\/wp-json\/wp\/v2\/product"}],"about":[{"href":"https:\/\/librairie7l.com\/en\/wp-json\/wp\/v2\/types\/product"}],"wp:featuredmedia":[{"embeddable":true,"href":"https:\/\/librairie7l.com\/en\/wp-json\/wp\/v2\/media\/53607"}],"wp:attachment":[{"href":"https:\/\/librairie7l.com\/en\/wp-json\/wp\/v2\/media?parent=53609"}],"wp:term":[{"taxonomy":"product_cat","embeddable":true,"href":"https:\/\/librairie7l.com\/en\/wp-json\/wp\/v2\/product_cat?post=53609"},{"taxonomy":"product_tag","embeddable":true,"href":"https:\/\/librairie7l.com\/en\/wp-json\/wp\/v2\/product_tag?post=53609"}],"curies":[{"name":"wp","href":"https:\/\/api.w.org\/{rel}","templated":true}]}}