{"id":53632,"date":"2026-01-12T15:02:49","date_gmt":"2026-01-12T14:02:49","guid":{"rendered":"https:\/\/librairie7l.com\/?post_type=product&#038;p=53632"},"modified":"2026-05-14T09:07:34","modified_gmt":"2026-05-14T07:07:34","slug":"chien-blanc-2","status":"publish","type":"product","link":"https:\/\/librairie7l.com\/en\/produit\/chien-blanc-2\/","title":{"rendered":"CHIEN BLANC"},"content":{"rendered":"<p>Los Angeles, 1968:Romain Gary et son \u00e9pouse Jean Seberg recueillent un chien qui se r\u00e9v\u00e8le terriblement humanis\u00e9. En proie au racisme inculqu\u00e9 par ses ma\u00eetres, il se m\u00e9tamorphose en b\u00eate furieuse \u00e0 la vue d&#8217;un Noir. Pourra-t-il \u00eatre r\u00e9\u00e9duqu\u00e9? Gary nous offre un puissant plaidoyer contre le racisme, contre tous les racismes (Blancs \/ Noirs, homme \/ animal), et un portrait sans concession d&#8217;une Am\u00e9rique boulevers\u00e9e par la lutte pour les droits civiques.Au fil du roman:<br \/>\n&#8211; 2 analyses de texte &#8211; 1 commentaire de texteLe dossier est compos\u00e9 de 9 chapitres:1 Histoire litt\u00e9raire:Un \u00e9crivain hors des cadres2 Romain Gary et son temps3 Pr\u00e9sentation de Chien Blanc4 Les mots importants de Chien Blanc (chiennerie; fraternit\u00e9; b\u00eatise)5 Pr\u00e9paration \u00e0 l&#8217;\u00e9crit:la dissertation6 La grammaire7 Groupement de textes:Regards crois\u00e9s sur le racismeMontesquieu, De l&#8217;esprit des loisAbb\u00e9 Gr\u00e9goire, De la litt\u00e9rature des N\u00e8gresBoris Vian, J&#8217;irai cracher sur vos tombesAim\u00e9 C\u00e9saire, La Trag\u00e9die du roi ChristopheToni Morrison, La Source de l&#8217;amour-propre8 Prolongements artistiques et culturels9 Exercices d&#8217;appropriation.<\/p>\n","protected":false},"excerpt":{"rendered":"<p>Los Angeles, 1968:Romain Gary et son \u00e9pouse Jean Seberg recueillent un chien qui se r\u00e9v\u00e8le terriblement humanis\u00e9. En proie au racisme inculqu\u00e9 par ses ma\u00eetres, il se m\u00e9tamorphose en b\u00eate furieuse \u00e0 la vue d&#8217;un Noir. Pourra-t-il \u00eatre r\u00e9\u00e9duqu\u00e9? Gary nous offre un puissant plaidoyer contre le racisme, contre tous les racismes (Blancs \/ Noirs, [&hellip;]<\/p>\n","protected":false},"featured_media":53630,"template":"","meta":[],"product_cat":[7364,2948],"product_tag":[],"acf":[],"yoast_head":"<!-- This site is optimized with the Yoast SEO plugin v20.11 - https:\/\/yoast.com\/wordpress\/plugins\/seo\/ -->\n<title>Chien blanc - Librairie 7L<\/title>\n<meta name=\"robots\" content=\"index, follow, max-snippet:-1, max-image-preview:large, max-video-preview:-1\" \/>\n<link rel=\"canonical\" href=\"https:\/\/librairie7l.com\/en\/produit\/chien-blanc-2\/\" \/>\n<meta property=\"og:locale\" content=\"en_US\" \/>\n<meta property=\"og:type\" content=\"article\" \/>\n<meta property=\"og:title\" content=\"Chien blanc - Librairie 7L\" \/>\n<meta property=\"og:description\" content=\"Los Angeles, 1968:Romain Gary et son \u00e9pouse Jean Seberg recueillent un chien qui se r\u00e9v\u00e8le terriblement humanis\u00e9. En proie au racisme inculqu\u00e9 par ses ma\u00eetres, il se m\u00e9tamorphose en b\u00eate furieuse \u00e0 la vue d&#8217;un Noir. Pourra-t-il \u00eatre r\u00e9\u00e9duqu\u00e9? Gary nous offre un puissant plaidoyer contre le racisme, contre tous les racismes (Blancs \/ Noirs, [&hellip;]\" \/>\n<meta property=\"og:url\" content=\"https:\/\/librairie7l.com\/en\/produit\/chien-blanc-2\/\" \/>\n<meta property=\"og:site_name\" content=\"Librairie 7L\" \/>\n<meta property=\"article:modified_time\" content=\"2026-05-14T07:07:34+00:00\" \/>\n<meta property=\"og:image\" content=\"https:\/\/librairie7l.com\/wp-content\/uploads\/2021\/09\/9782072926020_1_75.jpg\" \/>\n\t<meta property=\"og:image:width\" content=\"600\" \/>\n\t<meta property=\"og:image:height\" content=\"847\" \/>\n\t<meta property=\"og:image:type\" content=\"image\/jpeg\" \/>\n<meta name=\"twitter:card\" content=\"summary_large_image\" \/>\n<meta name=\"twitter:label1\" content=\"Est. reading time\" \/>\n\t<meta name=\"twitter:data1\" content=\"1 minute\" \/>\n<script type=\"application\/ld+json\" class=\"yoast-schema-graph\">{\"@context\":\"https:\/\/schema.org\",\"@graph\":[{\"@type\":\"WebPage\",\"@id\":\"https:\/\/librairie7l.com\/en\/produit\/chien-blanc-2\/\",\"url\":\"https:\/\/librairie7l.com\/en\/produit\/chien-blanc-2\/\",\"name\":\"Chien blanc - Librairie 7L\",\"isPartOf\":{\"@id\":\"https:\/\/librairie7l.com\/en\/#website\"},\"datePublished\":\"2026-01-12T14:02:49+00:00\",\"dateModified\":\"2026-05-14T07:07:34+00:00\",\"breadcrumb\":{\"@id\":\"https:\/\/librairie7l.com\/en\/produit\/chien-blanc-2\/#breadcrumb\"},\"inLanguage\":\"en-US\",\"potentialAction\":[{\"@type\":\"ReadAction\",\"target\":[\"https:\/\/librairie7l.com\/en\/produit\/chien-blanc-2\/\"]}]},{\"@type\":\"BreadcrumbList\",\"@id\":\"https:\/\/librairie7l.com\/en\/produit\/chien-blanc-2\/#breadcrumb\",\"itemListElement\":[{\"@type\":\"ListItem\",\"position\":1,\"name\":\"Accueil\",\"item\":\"https:\/\/librairie7l.com\/en\/\"},{\"@type\":\"ListItem\",\"position\":2,\"name\":\"Shop\",\"item\":\"https:\/\/librairie7l.com\/en\/shop\/\"},{\"@type\":\"ListItem\",\"position\":3,\"name\":\"CHIEN BLANC\"}]},{\"@type\":\"WebSite\",\"@id\":\"https:\/\/librairie7l.com\/en\/#website\",\"url\":\"https:\/\/librairie7l.com\/en\/\",\"name\":\"Librairie 7L\",\"description\":\"Librairie fond\u00e9e en 1999 par Karl Lagerfeld \u00e0 Paris\",\"publisher\":{\"@id\":\"https:\/\/librairie7l.com\/en\/#organization\"},\"potentialAction\":[{\"@type\":\"SearchAction\",\"target\":{\"@type\":\"EntryPoint\",\"urlTemplate\":\"https:\/\/librairie7l.com\/en\/?s={search_term_string}\"},\"query-input\":\"required name=search_term_string\"}],\"inLanguage\":\"en-US\"},{\"@type\":\"Organization\",\"@id\":\"https:\/\/librairie7l.com\/en\/#organization\",\"name\":\"Librairie 7L\",\"url\":\"https:\/\/librairie7l.com\/en\/\",\"logo\":{\"@type\":\"ImageObject\",\"inLanguage\":\"en-US\",\"@id\":\"https:\/\/librairie7l.com\/en\/#\/schema\/logo\/image\/\",\"url\":\"https:\/\/librairie7l.com\/wp-content\/uploads\/2022\/08\/logo-1.png\",\"contentUrl\":\"https:\/\/librairie7l.com\/wp-content\/uploads\/2022\/08\/logo-1.png\",\"width\":227,\"height\":301,\"caption\":\"Librairie 7L\"},\"image\":{\"@id\":\"https:\/\/librairie7l.com\/en\/#\/schema\/logo\/image\/\"}}]}<\/script>\n<!-- \/ Yoast SEO plugin. -->","yoast_head_json":{"title":"Chien blanc - Librairie 7L","robots":{"index":"index","follow":"follow","max-snippet":"max-snippet:-1","max-image-preview":"max-image-preview:large","max-video-preview":"max-video-preview:-1"},"canonical":"https:\/\/librairie7l.com\/en\/produit\/chien-blanc-2\/","og_locale":"en_US","og_type":"article","og_title":"Chien blanc - Librairie 7L","og_description":"Los Angeles, 1968:Romain Gary et son \u00e9pouse Jean Seberg recueillent un chien qui se r\u00e9v\u00e8le terriblement humanis\u00e9. En proie au racisme inculqu\u00e9 par ses ma\u00eetres, il se m\u00e9tamorphose en b\u00eate furieuse \u00e0 la vue d&#8217;un Noir. Pourra-t-il \u00eatre r\u00e9\u00e9duqu\u00e9? Gary nous offre un puissant plaidoyer contre le racisme, contre tous les racismes (Blancs \/ Noirs, [&hellip;]","og_url":"https:\/\/librairie7l.com\/en\/produit\/chien-blanc-2\/","og_site_name":"Librairie 7L","article_modified_time":"2026-05-14T07:07:34+00:00","og_image":[{"width":600,"height":847,"url":"https:\/\/librairie7l.com\/wp-content\/uploads\/2021\/09\/9782072926020_1_75.jpg","type":"image\/jpeg"}],"twitter_card":"summary_large_image","twitter_misc":{"Est. reading time":"1 minute"},"schema":{"@context":"https:\/\/schema.org","@graph":[{"@type":"WebPage","@id":"https:\/\/librairie7l.com\/en\/produit\/chien-blanc-2\/","url":"https:\/\/librairie7l.com\/en\/produit\/chien-blanc-2\/","name":"Chien blanc - Librairie 7L","isPartOf":{"@id":"https:\/\/librairie7l.com\/en\/#website"},"datePublished":"2026-01-12T14:02:49+00:00","dateModified":"2026-05-14T07:07:34+00:00","breadcrumb":{"@id":"https:\/\/librairie7l.com\/en\/produit\/chien-blanc-2\/#breadcrumb"},"inLanguage":"en-US","potentialAction":[{"@type":"ReadAction","target":["https:\/\/librairie7l.com\/en\/produit\/chien-blanc-2\/"]}]},{"@type":"BreadcrumbList","@id":"https:\/\/librairie7l.com\/en\/produit\/chien-blanc-2\/#breadcrumb","itemListElement":[{"@type":"ListItem","position":1,"name":"Accueil","item":"https:\/\/librairie7l.com\/en\/"},{"@type":"ListItem","position":2,"name":"Shop","item":"https:\/\/librairie7l.com\/en\/shop\/"},{"@type":"ListItem","position":3,"name":"CHIEN BLANC"}]},{"@type":"WebSite","@id":"https:\/\/librairie7l.com\/en\/#website","url":"https:\/\/librairie7l.com\/en\/","name":"Librairie 7L","description":"Librairie fond\u00e9e en 1999 par Karl Lagerfeld \u00e0 Paris","publisher":{"@id":"https:\/\/librairie7l.com\/en\/#organization"},"potentialAction":[{"@type":"SearchAction","target":{"@type":"EntryPoint","urlTemplate":"https:\/\/librairie7l.com\/en\/?s={search_term_string}"},"query-input":"required name=search_term_string"}],"inLanguage":"en-US"},{"@type":"Organization","@id":"https:\/\/librairie7l.com\/en\/#organization","name":"Librairie 7L","url":"https:\/\/librairie7l.com\/en\/","logo":{"@type":"ImageObject","inLanguage":"en-US","@id":"https:\/\/librairie7l.com\/en\/#\/schema\/logo\/image\/","url":"https:\/\/librairie7l.com\/wp-content\/uploads\/2022\/08\/logo-1.png","contentUrl":"https:\/\/librairie7l.com\/wp-content\/uploads\/2022\/08\/logo-1.png","width":227,"height":301,"caption":"Librairie 7L"},"image":{"@id":"https:\/\/librairie7l.com\/en\/#\/schema\/logo\/image\/"}}]}},"_links":{"self":[{"href":"https:\/\/librairie7l.com\/en\/wp-json\/wp\/v2\/product\/53632"}],"collection":[{"href":"https:\/\/librairie7l.com\/en\/wp-json\/wp\/v2\/product"}],"about":[{"href":"https:\/\/librairie7l.com\/en\/wp-json\/wp\/v2\/types\/product"}],"wp:featuredmedia":[{"embeddable":true,"href":"https:\/\/librairie7l.com\/en\/wp-json\/wp\/v2\/media\/53630"}],"wp:attachment":[{"href":"https:\/\/librairie7l.com\/en\/wp-json\/wp\/v2\/media?parent=53632"}],"wp:term":[{"taxonomy":"product_cat","embeddable":true,"href":"https:\/\/librairie7l.com\/en\/wp-json\/wp\/v2\/product_cat?post=53632"},{"taxonomy":"product_tag","embeddable":true,"href":"https:\/\/librairie7l.com\/en\/wp-json\/wp\/v2\/product_tag?post=53632"}],"curies":[{"name":"wp","href":"https:\/\/api.w.org\/{rel}","templated":true}]}}