{"id":53636,"date":"2026-01-12T19:27:42","date_gmt":"2026-01-12T18:27:42","guid":{"rendered":"https:\/\/librairie7l.com\/?post_type=product&#038;p=53636"},"modified":"2026-05-14T17:40:19","modified_gmt":"2026-05-14T15:40:19","slug":"afrikadaa-2","status":"publish","type":"product","link":"https:\/\/librairie7l.com\/en\/produit\/afrikadaa-2\/","title":{"rendered":"AFRIKADAA"},"content":{"rendered":"<p>La th\u00e9matique \u00ab Politics of Sound \u00bb nous invite \u00e0 explorer le r\u00f4le de la musique comme force sociale et politique, une \u00e9coute souvent n\u00e9glig\u00e9e mais incroyablement puissante de notre culture et de notre soci\u00e9t\u00e9. \u00c9chappant au visible, la musique est capable de refl\u00e9ter, de percevoir et d&#8217;entendre le monde d&#8217;une mani\u00e8re plus juste, masqu\u00e9e par le regard.<br \/>\n Pour c\u00e9l\u00e9brer l&#8217;ann\u00e9e 2024, la revue Afrikadaa propose dans son prochain num\u00e9ro Politics of Sound #2 une arch\u00e9ologie captivante des sonorit\u00e9s et des mouvements musicaux comme impulsions, rythmes, convulsions, \u00e9meutes, soul\u00e8vements, fluctuations et battements des transformations sociales, politiques et culturelles.<br \/>\n Ce num\u00e9ro s&#8217;engage de fait \u00e0 questionner la multiplicit\u00e9 des courants musicaux ayant marqu\u00e9 les luttes pour les libert\u00e9s, les droits civiques ou les mouvements panafricains. \u00c0 travers des r\u00e9cits fictifs, il s&#8217;agira d&#8217;\u00e9tablir des ponts entre une histoire esth\u00e9tique et une histoire sociale et politique du son et de la musique, r\u00e9v\u00e9lant ainsi leur profonde influence culturelle et politique et l&#8217;inter-d\u00e9pendance de ces influences. Ici, la musique se profile comme la promesse et le mouvement vers des mondes diff\u00e9rents. Dans une \u00e9coute d\u00e9coloniale, elle est entendue comme un geste de r\u00e9sistance et de r\u00e9- appropriation culturelle. Musiques et sonorit\u00e9s deviennent alors des espaces privil\u00e9gi\u00e9s, \u00e0 la fois mat\u00e9riels et immat\u00e9riels, pass\u00e9s, pr\u00e9sents, futurs et en devenir, o\u00f9 les voix marginalis\u00e9es peuvent s&#8217;exprimer, o\u00f9 la lib\u00e9ration peut s&#8217;imaginer et les r\u00e9cits alternatifs, prendre forme.<br \/>\n Cr\u00e9e par un collectif d&#8217;artistes, AFRIKADAA est une revue d&#8217;art contemporain interactive. Parce qu&#8217;il est temps de red\u00e9finir les relations entre territoires, id\u00e9es et mouvements artistiques, AFRIKADAA est une revue qui apporte une autre perspective \u00e0 la sc\u00e8ne artistique contemporaine en racontant l&#8217;histoire et les trajectoires des communaut\u00e9s d&#8217;artistes au-del\u00e0 des fronti\u00e8res du march\u00e9.<\/p>\n","protected":false},"excerpt":{"rendered":"<p>La th\u00e9matique \u00ab Politics of Sound \u00bb nous invite \u00e0 explorer le r\u00f4le de la musique comme force sociale et politique, une \u00e9coute souvent n\u00e9glig\u00e9e mais incroyablement puissante de notre culture et de notre soci\u00e9t\u00e9. \u00c9chappant au visible, la musique est capable de refl\u00e9ter, de percevoir et d&#8217;entendre le monde d&#8217;une mani\u00e8re plus juste, masqu\u00e9e [&hellip;]<\/p>\n","protected":false},"featured_media":53634,"template":"","meta":[],"product_cat":[7364,2948],"product_tag":[],"acf":[],"yoast_head":"<!-- This site is optimized with the Yoast SEO plugin v20.11 - https:\/\/yoast.com\/wordpress\/plugins\/seo\/ -->\n<title>Afrikadaa - Librairie 7L<\/title>\n<meta name=\"robots\" content=\"index, follow, max-snippet:-1, max-image-preview:large, max-video-preview:-1\" \/>\n<link rel=\"canonical\" href=\"https:\/\/librairie7l.com\/en\/produit\/afrikadaa-2\/\" \/>\n<meta property=\"og:locale\" content=\"en_US\" \/>\n<meta property=\"og:type\" content=\"article\" \/>\n<meta property=\"og:title\" content=\"Afrikadaa - Librairie 7L\" \/>\n<meta property=\"og:description\" content=\"La th\u00e9matique \u00ab Politics of Sound \u00bb nous invite \u00e0 explorer le r\u00f4le de la musique comme force sociale et politique, une \u00e9coute souvent n\u00e9glig\u00e9e mais incroyablement puissante de notre culture et de notre soci\u00e9t\u00e9. \u00c9chappant au visible, la musique est capable de refl\u00e9ter, de percevoir et d&#8217;entendre le monde d&#8217;une mani\u00e8re plus juste, masqu\u00e9e [&hellip;]\" \/>\n<meta property=\"og:url\" content=\"https:\/\/librairie7l.com\/en\/produit\/afrikadaa-2\/\" \/>\n<meta property=\"og:site_name\" content=\"Librairie 7L\" \/>\n<meta property=\"article:modified_time\" content=\"2026-05-14T15:40:19+00:00\" \/>\n<meta property=\"og:image\" content=\"https:\/\/librairie7l.com\/wp-content\/uploads\/2025\/03\/9782363451842_1_75.jpg\" \/>\n\t<meta property=\"og:image:width\" content=\"600\" \/>\n\t<meta property=\"og:image:height\" content=\"846\" \/>\n\t<meta property=\"og:image:type\" content=\"image\/jpeg\" \/>\n<meta name=\"twitter:card\" content=\"summary_large_image\" \/>\n<meta name=\"twitter:label1\" content=\"Est. reading time\" \/>\n\t<meta name=\"twitter:data1\" content=\"2 minutes\" \/>\n<script type=\"application\/ld+json\" class=\"yoast-schema-graph\">{\"@context\":\"https:\/\/schema.org\",\"@graph\":[{\"@type\":\"WebPage\",\"@id\":\"https:\/\/librairie7l.com\/en\/produit\/afrikadaa-2\/\",\"url\":\"https:\/\/librairie7l.com\/en\/produit\/afrikadaa-2\/\",\"name\":\"Afrikadaa - Librairie 7L\",\"isPartOf\":{\"@id\":\"https:\/\/librairie7l.com\/en\/#website\"},\"datePublished\":\"2026-01-12T18:27:42+00:00\",\"dateModified\":\"2026-05-14T15:40:19+00:00\",\"breadcrumb\":{\"@id\":\"https:\/\/librairie7l.com\/en\/produit\/afrikadaa-2\/#breadcrumb\"},\"inLanguage\":\"en-US\",\"potentialAction\":[{\"@type\":\"ReadAction\",\"target\":[\"https:\/\/librairie7l.com\/en\/produit\/afrikadaa-2\/\"]}]},{\"@type\":\"BreadcrumbList\",\"@id\":\"https:\/\/librairie7l.com\/en\/produit\/afrikadaa-2\/#breadcrumb\",\"itemListElement\":[{\"@type\":\"ListItem\",\"position\":1,\"name\":\"Accueil\",\"item\":\"https:\/\/librairie7l.com\/en\/\"},{\"@type\":\"ListItem\",\"position\":2,\"name\":\"Shop\",\"item\":\"https:\/\/librairie7l.com\/en\/shop\/\"},{\"@type\":\"ListItem\",\"position\":3,\"name\":\"AFRIKADAA\"}]},{\"@type\":\"WebSite\",\"@id\":\"https:\/\/librairie7l.com\/en\/#website\",\"url\":\"https:\/\/librairie7l.com\/en\/\",\"name\":\"Librairie 7L\",\"description\":\"Librairie fond\u00e9e en 1999 par Karl Lagerfeld \u00e0 Paris\",\"publisher\":{\"@id\":\"https:\/\/librairie7l.com\/en\/#organization\"},\"potentialAction\":[{\"@type\":\"SearchAction\",\"target\":{\"@type\":\"EntryPoint\",\"urlTemplate\":\"https:\/\/librairie7l.com\/en\/?s={search_term_string}\"},\"query-input\":\"required name=search_term_string\"}],\"inLanguage\":\"en-US\"},{\"@type\":\"Organization\",\"@id\":\"https:\/\/librairie7l.com\/en\/#organization\",\"name\":\"Librairie 7L\",\"url\":\"https:\/\/librairie7l.com\/en\/\",\"logo\":{\"@type\":\"ImageObject\",\"inLanguage\":\"en-US\",\"@id\":\"https:\/\/librairie7l.com\/en\/#\/schema\/logo\/image\/\",\"url\":\"https:\/\/librairie7l.com\/wp-content\/uploads\/2022\/08\/logo-1.png\",\"contentUrl\":\"https:\/\/librairie7l.com\/wp-content\/uploads\/2022\/08\/logo-1.png\",\"width\":227,\"height\":301,\"caption\":\"Librairie 7L\"},\"image\":{\"@id\":\"https:\/\/librairie7l.com\/en\/#\/schema\/logo\/image\/\"}}]}<\/script>\n<!-- \/ Yoast SEO plugin. -->","yoast_head_json":{"title":"Afrikadaa - Librairie 7L","robots":{"index":"index","follow":"follow","max-snippet":"max-snippet:-1","max-image-preview":"max-image-preview:large","max-video-preview":"max-video-preview:-1"},"canonical":"https:\/\/librairie7l.com\/en\/produit\/afrikadaa-2\/","og_locale":"en_US","og_type":"article","og_title":"Afrikadaa - Librairie 7L","og_description":"La th\u00e9matique \u00ab Politics of Sound \u00bb nous invite \u00e0 explorer le r\u00f4le de la musique comme force sociale et politique, une \u00e9coute souvent n\u00e9glig\u00e9e mais incroyablement puissante de notre culture et de notre soci\u00e9t\u00e9. \u00c9chappant au visible, la musique est capable de refl\u00e9ter, de percevoir et d&#8217;entendre le monde d&#8217;une mani\u00e8re plus juste, masqu\u00e9e [&hellip;]","og_url":"https:\/\/librairie7l.com\/en\/produit\/afrikadaa-2\/","og_site_name":"Librairie 7L","article_modified_time":"2026-05-14T15:40:19+00:00","og_image":[{"width":600,"height":846,"url":"https:\/\/librairie7l.com\/wp-content\/uploads\/2025\/03\/9782363451842_1_75.jpg","type":"image\/jpeg"}],"twitter_card":"summary_large_image","twitter_misc":{"Est. reading time":"2 minutes"},"schema":{"@context":"https:\/\/schema.org","@graph":[{"@type":"WebPage","@id":"https:\/\/librairie7l.com\/en\/produit\/afrikadaa-2\/","url":"https:\/\/librairie7l.com\/en\/produit\/afrikadaa-2\/","name":"Afrikadaa - Librairie 7L","isPartOf":{"@id":"https:\/\/librairie7l.com\/en\/#website"},"datePublished":"2026-01-12T18:27:42+00:00","dateModified":"2026-05-14T15:40:19+00:00","breadcrumb":{"@id":"https:\/\/librairie7l.com\/en\/produit\/afrikadaa-2\/#breadcrumb"},"inLanguage":"en-US","potentialAction":[{"@type":"ReadAction","target":["https:\/\/librairie7l.com\/en\/produit\/afrikadaa-2\/"]}]},{"@type":"BreadcrumbList","@id":"https:\/\/librairie7l.com\/en\/produit\/afrikadaa-2\/#breadcrumb","itemListElement":[{"@type":"ListItem","position":1,"name":"Accueil","item":"https:\/\/librairie7l.com\/en\/"},{"@type":"ListItem","position":2,"name":"Shop","item":"https:\/\/librairie7l.com\/en\/shop\/"},{"@type":"ListItem","position":3,"name":"AFRIKADAA"}]},{"@type":"WebSite","@id":"https:\/\/librairie7l.com\/en\/#website","url":"https:\/\/librairie7l.com\/en\/","name":"Librairie 7L","description":"Librairie fond\u00e9e en 1999 par Karl Lagerfeld \u00e0 Paris","publisher":{"@id":"https:\/\/librairie7l.com\/en\/#organization"},"potentialAction":[{"@type":"SearchAction","target":{"@type":"EntryPoint","urlTemplate":"https:\/\/librairie7l.com\/en\/?s={search_term_string}"},"query-input":"required name=search_term_string"}],"inLanguage":"en-US"},{"@type":"Organization","@id":"https:\/\/librairie7l.com\/en\/#organization","name":"Librairie 7L","url":"https:\/\/librairie7l.com\/en\/","logo":{"@type":"ImageObject","inLanguage":"en-US","@id":"https:\/\/librairie7l.com\/en\/#\/schema\/logo\/image\/","url":"https:\/\/librairie7l.com\/wp-content\/uploads\/2022\/08\/logo-1.png","contentUrl":"https:\/\/librairie7l.com\/wp-content\/uploads\/2022\/08\/logo-1.png","width":227,"height":301,"caption":"Librairie 7L"},"image":{"@id":"https:\/\/librairie7l.com\/en\/#\/schema\/logo\/image\/"}}]}},"_links":{"self":[{"href":"https:\/\/librairie7l.com\/en\/wp-json\/wp\/v2\/product\/53636"}],"collection":[{"href":"https:\/\/librairie7l.com\/en\/wp-json\/wp\/v2\/product"}],"about":[{"href":"https:\/\/librairie7l.com\/en\/wp-json\/wp\/v2\/types\/product"}],"wp:featuredmedia":[{"embeddable":true,"href":"https:\/\/librairie7l.com\/en\/wp-json\/wp\/v2\/media\/53634"}],"wp:attachment":[{"href":"https:\/\/librairie7l.com\/en\/wp-json\/wp\/v2\/media?parent=53636"}],"wp:term":[{"taxonomy":"product_cat","embeddable":true,"href":"https:\/\/librairie7l.com\/en\/wp-json\/wp\/v2\/product_cat?post=53636"},{"taxonomy":"product_tag","embeddable":true,"href":"https:\/\/librairie7l.com\/en\/wp-json\/wp\/v2\/product_tag?post=53636"}],"curies":[{"name":"wp","href":"https:\/\/api.w.org\/{rel}","templated":true}]}}