{"id":53652,"date":"2026-01-14T09:18:08","date_gmt":"2026-01-14T08:18:08","guid":{"rendered":"https:\/\/librairie7l.com\/?post_type=product&#038;p=53652"},"modified":"2026-05-14T03:50:59","modified_gmt":"2026-05-14T01:50:59","slug":"panache-les-origines-equestres-et-militaires-du-cirque-2","status":"publish","type":"product","link":"https:\/\/librairie7l.com\/en\/produit\/panache-les-origines-equestres-et-militaires-du-cirque-2\/","title":{"rendered":"PANACHE ! LES ORIGINES \u00c9QUESTRES ET MILITAIRES DU CIRQUE"},"content":{"rendered":"<p>Philip Astley (1742-1814), ancien sous-officier de cavalerie de l&#8217;arm\u00e9e britannique impose un mod\u00e8le de spectacle fond\u00e9 sur la ma\u00eetrise \u00e9questre et la bravoure tout en introduisant l&#8217;humour comme un \u00e9l\u00e9ment r\u00e9current du divertissement. \u00c0 sa suite, Antonio Franconi (1737-1836) d\u00e9veloppe en France un r\u00e9pertoire o\u00f9 se m\u00ealent exercices \u00e9questres, fascination pour l&#8217;Antique et pantomimes militaires \u00e0 la gloire de l&#8217;Empire. Officiers de cavalerie, ma\u00eetres-\u00e9cuyers et dresseurs irriguent l&#8217;Occident de trait\u00e9s et autres manuels d&#8217;instruction qui font \u00e0 la fois \u00e9cole et autorit\u00e9.<br \/>\nParall\u00e8lement, les spectacles de cirque contribuent \u00e0 l&#8217;explosion artistique du romantisme, les fronti\u00e8res entre les r\u00e9pertoires avec le th\u00e9\u00e2tre devenant parfois poreux. Le cirque est un lieu d&#8217;inspiration majeur pour de nombreux artistes de cette \u00e9poque. Th\u00e9odore G\u00e9ricault (1791 &#8211; 1824), notamment, y puise des motifs propres \u00e0 la lib\u00e9ration de certains sujets et motifs dans lesquels le cheval, reflet du lien entre l&#8217;homme et l&#8217;h\u00e9ro\u00efsme, devient un protagoniste \u00e0 part enti\u00e8re.<br \/>\nL&#8217;\u00e2ge d&#8217;or du cirque est aussi celui du triomphe des femmes, amazones ou ballerines \u00e0 cheval, incarnation d&#8217;une porosit\u00e9 des formes entre la piste et la sc\u00e8ne, le th\u00e9\u00e2tre et la danse. Parall\u00e8lement, l&#8217;art de la guerre transpara\u00eet avec faste dans une qu\u00eate de reconstitutions spectaculaires. Parades et cavalcades, jusqu&#8217;aux prodigieux cort\u00e8ges am\u00e9ricains, perp\u00e9tuent ce puissant vocabulaire visuel et narratif.<br \/>\nEntre dialogue vivifiant et m\u00e9moire f\u00e9conde, cette exposition \u00e9claire ainsi la permanence de ces codes et les va-et-vient nombreux entre le monde militaire et celui du cirque, tout en ouvrant des perspectives aux multiples fa\u00e7ons dont le cirque contemporain les d\u00e9tourne, et les r\u00e9invente.<\/p>\n","protected":false},"excerpt":{"rendered":"<p>Philip Astley (1742-1814), ancien sous-officier de cavalerie de l&#8217;arm\u00e9e britannique impose un mod\u00e8le de spectacle fond\u00e9 sur la ma\u00eetrise \u00e9questre et la bravoure tout en introduisant l&#8217;humour comme un \u00e9l\u00e9ment r\u00e9current du divertissement. \u00c0 sa suite, Antonio Franconi (1737-1836) d\u00e9veloppe en France un r\u00e9pertoire o\u00f9 se m\u00ealent exercices \u00e9questres, fascination pour l&#8217;Antique et pantomimes militaires [&hellip;]<\/p>\n","protected":false},"featured_media":53650,"template":"","meta":[],"product_cat":[2948],"product_tag":[],"acf":[],"yoast_head":"<!-- This site is optimized with the Yoast SEO plugin v20.11 - https:\/\/yoast.com\/wordpress\/plugins\/seo\/ -->\n<title>Panache ! Les origines \u00e9questres et militaires du cirque - Librairie 7L<\/title>\n<meta name=\"robots\" content=\"index, follow, max-snippet:-1, max-image-preview:large, max-video-preview:-1\" \/>\n<link rel=\"canonical\" href=\"https:\/\/librairie7l.com\/en\/produit\/panache-les-origines-equestres-et-militaires-du-cirque-2\/\" \/>\n<meta property=\"og:locale\" content=\"en_US\" \/>\n<meta property=\"og:type\" content=\"article\" \/>\n<meta property=\"og:title\" content=\"Panache ! Les origines \u00e9questres et militaires du cirque - Librairie 7L\" \/>\n<meta property=\"og:description\" content=\"Philip Astley (1742-1814), ancien sous-officier de cavalerie de l&#8217;arm\u00e9e britannique impose un mod\u00e8le de spectacle fond\u00e9 sur la ma\u00eetrise \u00e9questre et la bravoure tout en introduisant l&#8217;humour comme un \u00e9l\u00e9ment r\u00e9current du divertissement. \u00c0 sa suite, Antonio Franconi (1737-1836) d\u00e9veloppe en France un r\u00e9pertoire o\u00f9 se m\u00ealent exercices \u00e9questres, fascination pour l&#8217;Antique et pantomimes militaires [&hellip;]\" \/>\n<meta property=\"og:url\" content=\"https:\/\/librairie7l.com\/en\/produit\/panache-les-origines-equestres-et-militaires-du-cirque-2\/\" \/>\n<meta property=\"og:site_name\" content=\"Librairie 7L\" \/>\n<meta property=\"article:modified_time\" content=\"2026-05-14T01:50:59+00:00\" \/>\n<meta property=\"og:image\" content=\"https:\/\/librairie7l.com\/wp-content\/uploads\/2025\/08\/9788836662500_1_75.jpg\" \/>\n\t<meta property=\"og:image:width\" content=\"600\" \/>\n\t<meta property=\"og:image:height\" content=\"769\" \/>\n\t<meta property=\"og:image:type\" content=\"image\/jpeg\" \/>\n<meta name=\"twitter:card\" content=\"summary_large_image\" \/>\n<meta name=\"twitter:label1\" content=\"Est. reading time\" \/>\n\t<meta name=\"twitter:data1\" content=\"1 minute\" \/>\n<script type=\"application\/ld+json\" class=\"yoast-schema-graph\">{\"@context\":\"https:\/\/schema.org\",\"@graph\":[{\"@type\":\"WebPage\",\"@id\":\"https:\/\/librairie7l.com\/en\/produit\/panache-les-origines-equestres-et-militaires-du-cirque-2\/\",\"url\":\"https:\/\/librairie7l.com\/en\/produit\/panache-les-origines-equestres-et-militaires-du-cirque-2\/\",\"name\":\"Panache ! Les origines \u00e9questres et militaires du cirque - Librairie 7L\",\"isPartOf\":{\"@id\":\"https:\/\/librairie7l.com\/en\/#website\"},\"datePublished\":\"2026-01-14T08:18:08+00:00\",\"dateModified\":\"2026-05-14T01:50:59+00:00\",\"breadcrumb\":{\"@id\":\"https:\/\/librairie7l.com\/en\/produit\/panache-les-origines-equestres-et-militaires-du-cirque-2\/#breadcrumb\"},\"inLanguage\":\"en-US\",\"potentialAction\":[{\"@type\":\"ReadAction\",\"target\":[\"https:\/\/librairie7l.com\/en\/produit\/panache-les-origines-equestres-et-militaires-du-cirque-2\/\"]}]},{\"@type\":\"BreadcrumbList\",\"@id\":\"https:\/\/librairie7l.com\/en\/produit\/panache-les-origines-equestres-et-militaires-du-cirque-2\/#breadcrumb\",\"itemListElement\":[{\"@type\":\"ListItem\",\"position\":1,\"name\":\"Accueil\",\"item\":\"https:\/\/librairie7l.com\/en\/\"},{\"@type\":\"ListItem\",\"position\":2,\"name\":\"Shop\",\"item\":\"https:\/\/librairie7l.com\/en\/shop\/\"},{\"@type\":\"ListItem\",\"position\":3,\"name\":\"PANACHE ! LES ORIGINES \u00c9QUESTRES ET MILITAIRES DU CIRQUE\"}]},{\"@type\":\"WebSite\",\"@id\":\"https:\/\/librairie7l.com\/en\/#website\",\"url\":\"https:\/\/librairie7l.com\/en\/\",\"name\":\"Librairie 7L\",\"description\":\"Librairie fond\u00e9e en 1999 par Karl Lagerfeld \u00e0 Paris\",\"publisher\":{\"@id\":\"https:\/\/librairie7l.com\/en\/#organization\"},\"potentialAction\":[{\"@type\":\"SearchAction\",\"target\":{\"@type\":\"EntryPoint\",\"urlTemplate\":\"https:\/\/librairie7l.com\/en\/?s={search_term_string}\"},\"query-input\":\"required name=search_term_string\"}],\"inLanguage\":\"en-US\"},{\"@type\":\"Organization\",\"@id\":\"https:\/\/librairie7l.com\/en\/#organization\",\"name\":\"Librairie 7L\",\"url\":\"https:\/\/librairie7l.com\/en\/\",\"logo\":{\"@type\":\"ImageObject\",\"inLanguage\":\"en-US\",\"@id\":\"https:\/\/librairie7l.com\/en\/#\/schema\/logo\/image\/\",\"url\":\"https:\/\/librairie7l.com\/wp-content\/uploads\/2022\/08\/logo-1.png\",\"contentUrl\":\"https:\/\/librairie7l.com\/wp-content\/uploads\/2022\/08\/logo-1.png\",\"width\":227,\"height\":301,\"caption\":\"Librairie 7L\"},\"image\":{\"@id\":\"https:\/\/librairie7l.com\/en\/#\/schema\/logo\/image\/\"}}]}<\/script>\n<!-- \/ Yoast SEO plugin. -->","yoast_head_json":{"title":"Panache ! Les origines \u00e9questres et militaires du cirque - Librairie 7L","robots":{"index":"index","follow":"follow","max-snippet":"max-snippet:-1","max-image-preview":"max-image-preview:large","max-video-preview":"max-video-preview:-1"},"canonical":"https:\/\/librairie7l.com\/en\/produit\/panache-les-origines-equestres-et-militaires-du-cirque-2\/","og_locale":"en_US","og_type":"article","og_title":"Panache ! Les origines \u00e9questres et militaires du cirque - Librairie 7L","og_description":"Philip Astley (1742-1814), ancien sous-officier de cavalerie de l&#8217;arm\u00e9e britannique impose un mod\u00e8le de spectacle fond\u00e9 sur la ma\u00eetrise \u00e9questre et la bravoure tout en introduisant l&#8217;humour comme un \u00e9l\u00e9ment r\u00e9current du divertissement. \u00c0 sa suite, Antonio Franconi (1737-1836) d\u00e9veloppe en France un r\u00e9pertoire o\u00f9 se m\u00ealent exercices \u00e9questres, fascination pour l&#8217;Antique et pantomimes militaires [&hellip;]","og_url":"https:\/\/librairie7l.com\/en\/produit\/panache-les-origines-equestres-et-militaires-du-cirque-2\/","og_site_name":"Librairie 7L","article_modified_time":"2026-05-14T01:50:59+00:00","og_image":[{"width":600,"height":769,"url":"https:\/\/librairie7l.com\/wp-content\/uploads\/2025\/08\/9788836662500_1_75.jpg","type":"image\/jpeg"}],"twitter_card":"summary_large_image","twitter_misc":{"Est. reading time":"1 minute"},"schema":{"@context":"https:\/\/schema.org","@graph":[{"@type":"WebPage","@id":"https:\/\/librairie7l.com\/en\/produit\/panache-les-origines-equestres-et-militaires-du-cirque-2\/","url":"https:\/\/librairie7l.com\/en\/produit\/panache-les-origines-equestres-et-militaires-du-cirque-2\/","name":"Panache ! Les origines \u00e9questres et militaires du cirque - Librairie 7L","isPartOf":{"@id":"https:\/\/librairie7l.com\/en\/#website"},"datePublished":"2026-01-14T08:18:08+00:00","dateModified":"2026-05-14T01:50:59+00:00","breadcrumb":{"@id":"https:\/\/librairie7l.com\/en\/produit\/panache-les-origines-equestres-et-militaires-du-cirque-2\/#breadcrumb"},"inLanguage":"en-US","potentialAction":[{"@type":"ReadAction","target":["https:\/\/librairie7l.com\/en\/produit\/panache-les-origines-equestres-et-militaires-du-cirque-2\/"]}]},{"@type":"BreadcrumbList","@id":"https:\/\/librairie7l.com\/en\/produit\/panache-les-origines-equestres-et-militaires-du-cirque-2\/#breadcrumb","itemListElement":[{"@type":"ListItem","position":1,"name":"Accueil","item":"https:\/\/librairie7l.com\/en\/"},{"@type":"ListItem","position":2,"name":"Shop","item":"https:\/\/librairie7l.com\/en\/shop\/"},{"@type":"ListItem","position":3,"name":"PANACHE ! LES ORIGINES \u00c9QUESTRES ET MILITAIRES DU CIRQUE"}]},{"@type":"WebSite","@id":"https:\/\/librairie7l.com\/en\/#website","url":"https:\/\/librairie7l.com\/en\/","name":"Librairie 7L","description":"Librairie fond\u00e9e en 1999 par Karl Lagerfeld \u00e0 Paris","publisher":{"@id":"https:\/\/librairie7l.com\/en\/#organization"},"potentialAction":[{"@type":"SearchAction","target":{"@type":"EntryPoint","urlTemplate":"https:\/\/librairie7l.com\/en\/?s={search_term_string}"},"query-input":"required name=search_term_string"}],"inLanguage":"en-US"},{"@type":"Organization","@id":"https:\/\/librairie7l.com\/en\/#organization","name":"Librairie 7L","url":"https:\/\/librairie7l.com\/en\/","logo":{"@type":"ImageObject","inLanguage":"en-US","@id":"https:\/\/librairie7l.com\/en\/#\/schema\/logo\/image\/","url":"https:\/\/librairie7l.com\/wp-content\/uploads\/2022\/08\/logo-1.png","contentUrl":"https:\/\/librairie7l.com\/wp-content\/uploads\/2022\/08\/logo-1.png","width":227,"height":301,"caption":"Librairie 7L"},"image":{"@id":"https:\/\/librairie7l.com\/en\/#\/schema\/logo\/image\/"}}]}},"_links":{"self":[{"href":"https:\/\/librairie7l.com\/en\/wp-json\/wp\/v2\/product\/53652"}],"collection":[{"href":"https:\/\/librairie7l.com\/en\/wp-json\/wp\/v2\/product"}],"about":[{"href":"https:\/\/librairie7l.com\/en\/wp-json\/wp\/v2\/types\/product"}],"wp:featuredmedia":[{"embeddable":true,"href":"https:\/\/librairie7l.com\/en\/wp-json\/wp\/v2\/media\/53650"}],"wp:attachment":[{"href":"https:\/\/librairie7l.com\/en\/wp-json\/wp\/v2\/media?parent=53652"}],"wp:term":[{"taxonomy":"product_cat","embeddable":true,"href":"https:\/\/librairie7l.com\/en\/wp-json\/wp\/v2\/product_cat?post=53652"},{"taxonomy":"product_tag","embeddable":true,"href":"https:\/\/librairie7l.com\/en\/wp-json\/wp\/v2\/product_tag?post=53652"}],"curies":[{"name":"wp","href":"https:\/\/api.w.org\/{rel}","templated":true}]}}