{"id":53656,"date":"2026-01-14T09:18:10","date_gmt":"2026-01-14T08:18:10","guid":{"rendered":"https:\/\/librairie7l.com\/?post_type=product&#038;p=53656"},"modified":"2026-04-21T12:09:41","modified_gmt":"2026-04-21T10:09:41","slug":"lumiere-sud-2","status":"publish","type":"product","link":"https:\/\/librairie7l.com\/en\/produit\/lumiere-sud-2\/","title":{"rendered":"LUMI\u00c8RE SUD"},"content":{"rendered":"<p>Avec un appareil-jouet, un Canonmatic, Bernard Plossu a photographi\u00e9 en 2003 les paysages urbains et le littoral br\u00fbl\u00e9s par la lumi\u00e8re estivale de La Ciotat o\u00f9 il r\u00e9side. Adepte de l&#8217;\u00ab image-sensation \u00bb, par opposition \u00e0 l&#8217; \u00ab image sensationnelle \u00bb, il s&#8217;affirme une fois de plus comme la figure tut\u00e9laire en France d&#8217;un courant photographique contemporain vivace nomm\u00e9 \u00ab Foto Povera \u00bb par Yannick Vigouroux qui revendique le caract\u00e8re instinctif et archa\u00efsant de la prise de vue. Difficiles \u00e0 tirer \u00e0 cause de la mauvaise exposition des n\u00e9gatifs, les \u00e9preuves en noir blanc r\u00e9alis\u00e9es par sa femme Fran\u00e7oise Nu\u00f1ez restituent avec une subtile d\u00e9licatesse cette vision sensible et po\u00e9tique de la c\u00f4te m\u00e9diterran\u00e9enne.<\/p>\n","protected":false},"excerpt":{"rendered":"<p>Avec un appareil-jouet, un Canonmatic, Bernard Plossu a photographi\u00e9 en 2003 les paysages urbains et le littoral br\u00fbl\u00e9s par la lumi\u00e8re estivale de La Ciotat o\u00f9 il r\u00e9side. Adepte de l&#8217;\u00ab image-sensation \u00bb, par opposition \u00e0 l&#8217; \u00ab image sensationnelle \u00bb, il s&#8217;affirme une fois de plus comme la figure tut\u00e9laire en France d&#8217;un courant [&hellip;]<\/p>\n","protected":false},"featured_media":53654,"template":"","meta":[],"product_cat":[2948],"product_tag":[],"acf":[],"yoast_head":"<!-- This site is optimized with the Yoast SEO plugin v20.11 - https:\/\/yoast.com\/wordpress\/plugins\/seo\/ -->\n<title>Lumi\u00e8re sud - Librairie 7L<\/title>\n<meta name=\"robots\" content=\"index, follow, max-snippet:-1, max-image-preview:large, max-video-preview:-1\" \/>\n<link rel=\"canonical\" href=\"https:\/\/librairie7l.com\/en\/produit\/lumiere-sud-2\/\" \/>\n<meta property=\"og:locale\" content=\"en_US\" \/>\n<meta property=\"og:type\" content=\"article\" \/>\n<meta property=\"og:title\" content=\"Lumi\u00e8re sud - Librairie 7L\" \/>\n<meta property=\"og:description\" content=\"Avec un appareil-jouet, un Canonmatic, Bernard Plossu a photographi\u00e9 en 2003 les paysages urbains et le littoral br\u00fbl\u00e9s par la lumi\u00e8re estivale de La Ciotat o\u00f9 il r\u00e9side. Adepte de l&#8217;\u00ab image-sensation \u00bb, par opposition \u00e0 l&#8217; \u00ab image sensationnelle \u00bb, il s&#8217;affirme une fois de plus comme la figure tut\u00e9laire en France d&#8217;un courant [&hellip;]\" \/>\n<meta property=\"og:url\" content=\"https:\/\/librairie7l.com\/en\/produit\/lumiere-sud-2\/\" \/>\n<meta property=\"og:site_name\" content=\"Librairie 7L\" \/>\n<meta property=\"article:modified_time\" content=\"2026-04-21T10:09:41+00:00\" \/>\n<meta property=\"og:image\" content=\"https:\/\/librairie7l.com\/wp-content\/uploads\/2025\/03\/9782369802143_1_75.jpg\" \/>\n\t<meta property=\"og:image:width\" content=\"600\" \/>\n\t<meta property=\"og:image:height\" content=\"743\" \/>\n\t<meta property=\"og:image:type\" content=\"image\/jpeg\" \/>\n<meta name=\"twitter:card\" content=\"summary_large_image\" \/>\n<meta name=\"twitter:label1\" content=\"Est. reading time\" \/>\n\t<meta name=\"twitter:data1\" content=\"1 minute\" \/>\n<script type=\"application\/ld+json\" class=\"yoast-schema-graph\">{\"@context\":\"https:\/\/schema.org\",\"@graph\":[{\"@type\":\"WebPage\",\"@id\":\"https:\/\/librairie7l.com\/en\/produit\/lumiere-sud-2\/\",\"url\":\"https:\/\/librairie7l.com\/en\/produit\/lumiere-sud-2\/\",\"name\":\"Lumi\u00e8re sud - Librairie 7L\",\"isPartOf\":{\"@id\":\"https:\/\/librairie7l.com\/en\/#website\"},\"datePublished\":\"2026-01-14T08:18:10+00:00\",\"dateModified\":\"2026-04-21T10:09:41+00:00\",\"breadcrumb\":{\"@id\":\"https:\/\/librairie7l.com\/en\/produit\/lumiere-sud-2\/#breadcrumb\"},\"inLanguage\":\"en-US\",\"potentialAction\":[{\"@type\":\"ReadAction\",\"target\":[\"https:\/\/librairie7l.com\/en\/produit\/lumiere-sud-2\/\"]}]},{\"@type\":\"BreadcrumbList\",\"@id\":\"https:\/\/librairie7l.com\/en\/produit\/lumiere-sud-2\/#breadcrumb\",\"itemListElement\":[{\"@type\":\"ListItem\",\"position\":1,\"name\":\"Accueil\",\"item\":\"https:\/\/librairie7l.com\/en\/\"},{\"@type\":\"ListItem\",\"position\":2,\"name\":\"Shop\",\"item\":\"https:\/\/librairie7l.com\/en\/shop\/\"},{\"@type\":\"ListItem\",\"position\":3,\"name\":\"LUMI\u00c8RE SUD\"}]},{\"@type\":\"WebSite\",\"@id\":\"https:\/\/librairie7l.com\/en\/#website\",\"url\":\"https:\/\/librairie7l.com\/en\/\",\"name\":\"Librairie 7L\",\"description\":\"Librairie fond\u00e9e en 1999 par Karl Lagerfeld \u00e0 Paris\",\"publisher\":{\"@id\":\"https:\/\/librairie7l.com\/en\/#organization\"},\"potentialAction\":[{\"@type\":\"SearchAction\",\"target\":{\"@type\":\"EntryPoint\",\"urlTemplate\":\"https:\/\/librairie7l.com\/en\/?s={search_term_string}\"},\"query-input\":\"required name=search_term_string\"}],\"inLanguage\":\"en-US\"},{\"@type\":\"Organization\",\"@id\":\"https:\/\/librairie7l.com\/en\/#organization\",\"name\":\"Librairie 7L\",\"url\":\"https:\/\/librairie7l.com\/en\/\",\"logo\":{\"@type\":\"ImageObject\",\"inLanguage\":\"en-US\",\"@id\":\"https:\/\/librairie7l.com\/en\/#\/schema\/logo\/image\/\",\"url\":\"https:\/\/librairie7l.com\/wp-content\/uploads\/2022\/08\/logo-1.png\",\"contentUrl\":\"https:\/\/librairie7l.com\/wp-content\/uploads\/2022\/08\/logo-1.png\",\"width\":227,\"height\":301,\"caption\":\"Librairie 7L\"},\"image\":{\"@id\":\"https:\/\/librairie7l.com\/en\/#\/schema\/logo\/image\/\"}}]}<\/script>\n<!-- \/ Yoast SEO plugin. -->","yoast_head_json":{"title":"Lumi\u00e8re sud - Librairie 7L","robots":{"index":"index","follow":"follow","max-snippet":"max-snippet:-1","max-image-preview":"max-image-preview:large","max-video-preview":"max-video-preview:-1"},"canonical":"https:\/\/librairie7l.com\/en\/produit\/lumiere-sud-2\/","og_locale":"en_US","og_type":"article","og_title":"Lumi\u00e8re sud - Librairie 7L","og_description":"Avec un appareil-jouet, un Canonmatic, Bernard Plossu a photographi\u00e9 en 2003 les paysages urbains et le littoral br\u00fbl\u00e9s par la lumi\u00e8re estivale de La Ciotat o\u00f9 il r\u00e9side. Adepte de l&#8217;\u00ab image-sensation \u00bb, par opposition \u00e0 l&#8217; \u00ab image sensationnelle \u00bb, il s&#8217;affirme une fois de plus comme la figure tut\u00e9laire en France d&#8217;un courant [&hellip;]","og_url":"https:\/\/librairie7l.com\/en\/produit\/lumiere-sud-2\/","og_site_name":"Librairie 7L","article_modified_time":"2026-04-21T10:09:41+00:00","og_image":[{"width":600,"height":743,"url":"https:\/\/librairie7l.com\/wp-content\/uploads\/2025\/03\/9782369802143_1_75.jpg","type":"image\/jpeg"}],"twitter_card":"summary_large_image","twitter_misc":{"Est. reading time":"1 minute"},"schema":{"@context":"https:\/\/schema.org","@graph":[{"@type":"WebPage","@id":"https:\/\/librairie7l.com\/en\/produit\/lumiere-sud-2\/","url":"https:\/\/librairie7l.com\/en\/produit\/lumiere-sud-2\/","name":"Lumi\u00e8re sud - Librairie 7L","isPartOf":{"@id":"https:\/\/librairie7l.com\/en\/#website"},"datePublished":"2026-01-14T08:18:10+00:00","dateModified":"2026-04-21T10:09:41+00:00","breadcrumb":{"@id":"https:\/\/librairie7l.com\/en\/produit\/lumiere-sud-2\/#breadcrumb"},"inLanguage":"en-US","potentialAction":[{"@type":"ReadAction","target":["https:\/\/librairie7l.com\/en\/produit\/lumiere-sud-2\/"]}]},{"@type":"BreadcrumbList","@id":"https:\/\/librairie7l.com\/en\/produit\/lumiere-sud-2\/#breadcrumb","itemListElement":[{"@type":"ListItem","position":1,"name":"Accueil","item":"https:\/\/librairie7l.com\/en\/"},{"@type":"ListItem","position":2,"name":"Shop","item":"https:\/\/librairie7l.com\/en\/shop\/"},{"@type":"ListItem","position":3,"name":"LUMI\u00c8RE SUD"}]},{"@type":"WebSite","@id":"https:\/\/librairie7l.com\/en\/#website","url":"https:\/\/librairie7l.com\/en\/","name":"Librairie 7L","description":"Librairie fond\u00e9e en 1999 par Karl Lagerfeld \u00e0 Paris","publisher":{"@id":"https:\/\/librairie7l.com\/en\/#organization"},"potentialAction":[{"@type":"SearchAction","target":{"@type":"EntryPoint","urlTemplate":"https:\/\/librairie7l.com\/en\/?s={search_term_string}"},"query-input":"required name=search_term_string"}],"inLanguage":"en-US"},{"@type":"Organization","@id":"https:\/\/librairie7l.com\/en\/#organization","name":"Librairie 7L","url":"https:\/\/librairie7l.com\/en\/","logo":{"@type":"ImageObject","inLanguage":"en-US","@id":"https:\/\/librairie7l.com\/en\/#\/schema\/logo\/image\/","url":"https:\/\/librairie7l.com\/wp-content\/uploads\/2022\/08\/logo-1.png","contentUrl":"https:\/\/librairie7l.com\/wp-content\/uploads\/2022\/08\/logo-1.png","width":227,"height":301,"caption":"Librairie 7L"},"image":{"@id":"https:\/\/librairie7l.com\/en\/#\/schema\/logo\/image\/"}}]}},"_links":{"self":[{"href":"https:\/\/librairie7l.com\/en\/wp-json\/wp\/v2\/product\/53656"}],"collection":[{"href":"https:\/\/librairie7l.com\/en\/wp-json\/wp\/v2\/product"}],"about":[{"href":"https:\/\/librairie7l.com\/en\/wp-json\/wp\/v2\/types\/product"}],"wp:featuredmedia":[{"embeddable":true,"href":"https:\/\/librairie7l.com\/en\/wp-json\/wp\/v2\/media\/53654"}],"wp:attachment":[{"href":"https:\/\/librairie7l.com\/en\/wp-json\/wp\/v2\/media?parent=53656"}],"wp:term":[{"taxonomy":"product_cat","embeddable":true,"href":"https:\/\/librairie7l.com\/en\/wp-json\/wp\/v2\/product_cat?post=53656"},{"taxonomy":"product_tag","embeddable":true,"href":"https:\/\/librairie7l.com\/en\/wp-json\/wp\/v2\/product_tag?post=53656"}],"curies":[{"name":"wp","href":"https:\/\/api.w.org\/{rel}","templated":true}]}}