{"id":53660,"date":"2026-01-14T09:18:14","date_gmt":"2026-01-14T08:18:14","guid":{"rendered":"https:\/\/librairie7l.com\/?post_type=product&#038;p=53660"},"modified":"2026-04-23T12:57:46","modified_gmt":"2026-04-23T10:57:46","slug":"new-york-style-la-ou-le-design-recontre-le-rythme-de-la-cille-2","status":"publish","type":"product","link":"https:\/\/librairie7l.com\/en\/produit\/new-york-style-la-ou-le-design-recontre-le-rythme-de-la-cille-2\/","title":{"rendered":"NEW YORK STYLE : LA O\u00d9 LE DESIGN RECONTRE LE RYTHME DE LA CILLE"},"content":{"rendered":"<p>NY STYLE est un superbe livre de poche qui pr\u00e9sente les appartements les plus exquis de la ville de New York. Des penthouses \u00e9l\u00e9gants aux brownstones historiques, cette collection met en lumi\u00e8re le meilleur du luxe, de l&#8217;architecture et de la d\u00e9coration d&#8217;int\u00e9rieur. Chaque page d\u00e9voile des espaces \u00e0 couper le souffle avec des vues panoramiques sur la skyline, un mobilier \u00e9l\u00e9gant et un style impeccable.  Avec les maisons des plus grands designers, artistes et visionnaires,          NY STYLE capture l&#8217;essence de la sophistication urbaine. Gr\u00e2ce \u00e0 de riches photographies et \u00e0 l&#8217;avis d&#8217;experts, ce livre est un must pour les amateurs de design. Que vous soyez en qu\u00eate d&#8217;inspiration ou que vous admiriez simplement les plus belles demeures de New York, cet ouvrage est le guide ultime de la vie urbaine haut de gamme.<br \/>\n D\u00e9couvrez le glamour, l&#8217;\u00e9l\u00e9gance et la cr\u00e9ativit\u00e9 qui caract\u00e9risent les maisons les plus extraordinaires de New York.<\/p>\n","protected":false},"excerpt":{"rendered":"<p>NY STYLE est un superbe livre de poche qui pr\u00e9sente les appartements les plus exquis de la ville de New York. Des penthouses \u00e9l\u00e9gants aux brownstones historiques, cette collection met en lumi\u00e8re le meilleur du luxe, de l&#8217;architecture et de la d\u00e9coration d&#8217;int\u00e9rieur. Chaque page d\u00e9voile des espaces \u00e0 couper le souffle avec des vues [&hellip;]<\/p>\n","protected":false},"featured_media":53658,"template":"","meta":[],"product_cat":[2948],"product_tag":[],"acf":[],"yoast_head":"<!-- This site is optimized with the Yoast SEO plugin v20.11 - https:\/\/yoast.com\/wordpress\/plugins\/seo\/ -->\n<title>New York Style : La o\u00f9 le design recontre le rythme de la cille - Librairie 7L<\/title>\n<meta name=\"robots\" content=\"index, follow, max-snippet:-1, max-image-preview:large, max-video-preview:-1\" \/>\n<link rel=\"canonical\" href=\"https:\/\/librairie7l.com\/en\/produit\/new-york-style-la-ou-le-design-recontre-le-rythme-de-la-cille-2\/\" \/>\n<meta property=\"og:locale\" content=\"en_US\" \/>\n<meta property=\"og:type\" content=\"article\" \/>\n<meta property=\"og:title\" content=\"New York Style : La o\u00f9 le design recontre le rythme de la cille - Librairie 7L\" \/>\n<meta property=\"og:description\" content=\"NY STYLE est un superbe livre de poche qui pr\u00e9sente les appartements les plus exquis de la ville de New York. Des penthouses \u00e9l\u00e9gants aux brownstones historiques, cette collection met en lumi\u00e8re le meilleur du luxe, de l&#8217;architecture et de la d\u00e9coration d&#8217;int\u00e9rieur. Chaque page d\u00e9voile des espaces \u00e0 couper le souffle avec des vues [&hellip;]\" \/>\n<meta property=\"og:url\" content=\"https:\/\/librairie7l.com\/en\/produit\/new-york-style-la-ou-le-design-recontre-le-rythme-de-la-cille-2\/\" \/>\n<meta property=\"og:site_name\" content=\"Librairie 7L\" \/>\n<meta property=\"article:modified_time\" content=\"2026-04-23T10:57:46+00:00\" \/>\n<meta property=\"og:image\" content=\"https:\/\/librairie7l.com\/wp-content\/uploads\/2025\/05\/9788499365770_1_75.jpg\" \/>\n\t<meta property=\"og:image:width\" content=\"600\" \/>\n\t<meta property=\"og:image:height\" content=\"774\" \/>\n\t<meta property=\"og:image:type\" content=\"image\/jpeg\" \/>\n<meta name=\"twitter:card\" content=\"summary_large_image\" \/>\n<meta name=\"twitter:label1\" content=\"Est. reading time\" \/>\n\t<meta name=\"twitter:data1\" content=\"1 minute\" \/>\n<script type=\"application\/ld+json\" class=\"yoast-schema-graph\">{\"@context\":\"https:\/\/schema.org\",\"@graph\":[{\"@type\":\"WebPage\",\"@id\":\"https:\/\/librairie7l.com\/en\/produit\/new-york-style-la-ou-le-design-recontre-le-rythme-de-la-cille-2\/\",\"url\":\"https:\/\/librairie7l.com\/en\/produit\/new-york-style-la-ou-le-design-recontre-le-rythme-de-la-cille-2\/\",\"name\":\"New York Style : La o\u00f9 le design recontre le rythme de la cille - Librairie 7L\",\"isPartOf\":{\"@id\":\"https:\/\/librairie7l.com\/en\/#website\"},\"datePublished\":\"2026-01-14T08:18:14+00:00\",\"dateModified\":\"2026-04-23T10:57:46+00:00\",\"breadcrumb\":{\"@id\":\"https:\/\/librairie7l.com\/en\/produit\/new-york-style-la-ou-le-design-recontre-le-rythme-de-la-cille-2\/#breadcrumb\"},\"inLanguage\":\"en-US\",\"potentialAction\":[{\"@type\":\"ReadAction\",\"target\":[\"https:\/\/librairie7l.com\/en\/produit\/new-york-style-la-ou-le-design-recontre-le-rythme-de-la-cille-2\/\"]}]},{\"@type\":\"BreadcrumbList\",\"@id\":\"https:\/\/librairie7l.com\/en\/produit\/new-york-style-la-ou-le-design-recontre-le-rythme-de-la-cille-2\/#breadcrumb\",\"itemListElement\":[{\"@type\":\"ListItem\",\"position\":1,\"name\":\"Accueil\",\"item\":\"https:\/\/librairie7l.com\/en\/\"},{\"@type\":\"ListItem\",\"position\":2,\"name\":\"Shop\",\"item\":\"https:\/\/librairie7l.com\/en\/shop\/\"},{\"@type\":\"ListItem\",\"position\":3,\"name\":\"NEW YORK STYLE : LA O\u00d9 LE DESIGN RECONTRE LE RYTHME DE LA CILLE\"}]},{\"@type\":\"WebSite\",\"@id\":\"https:\/\/librairie7l.com\/en\/#website\",\"url\":\"https:\/\/librairie7l.com\/en\/\",\"name\":\"Librairie 7L\",\"description\":\"Librairie fond\u00e9e en 1999 par Karl Lagerfeld \u00e0 Paris\",\"publisher\":{\"@id\":\"https:\/\/librairie7l.com\/en\/#organization\"},\"potentialAction\":[{\"@type\":\"SearchAction\",\"target\":{\"@type\":\"EntryPoint\",\"urlTemplate\":\"https:\/\/librairie7l.com\/en\/?s={search_term_string}\"},\"query-input\":\"required name=search_term_string\"}],\"inLanguage\":\"en-US\"},{\"@type\":\"Organization\",\"@id\":\"https:\/\/librairie7l.com\/en\/#organization\",\"name\":\"Librairie 7L\",\"url\":\"https:\/\/librairie7l.com\/en\/\",\"logo\":{\"@type\":\"ImageObject\",\"inLanguage\":\"en-US\",\"@id\":\"https:\/\/librairie7l.com\/en\/#\/schema\/logo\/image\/\",\"url\":\"https:\/\/librairie7l.com\/wp-content\/uploads\/2022\/08\/logo-1.png\",\"contentUrl\":\"https:\/\/librairie7l.com\/wp-content\/uploads\/2022\/08\/logo-1.png\",\"width\":227,\"height\":301,\"caption\":\"Librairie 7L\"},\"image\":{\"@id\":\"https:\/\/librairie7l.com\/en\/#\/schema\/logo\/image\/\"}}]}<\/script>\n<!-- \/ Yoast SEO plugin. -->","yoast_head_json":{"title":"New York Style : La o\u00f9 le design recontre le rythme de la cille - Librairie 7L","robots":{"index":"index","follow":"follow","max-snippet":"max-snippet:-1","max-image-preview":"max-image-preview:large","max-video-preview":"max-video-preview:-1"},"canonical":"https:\/\/librairie7l.com\/en\/produit\/new-york-style-la-ou-le-design-recontre-le-rythme-de-la-cille-2\/","og_locale":"en_US","og_type":"article","og_title":"New York Style : La o\u00f9 le design recontre le rythme de la cille - Librairie 7L","og_description":"NY STYLE est un superbe livre de poche qui pr\u00e9sente les appartements les plus exquis de la ville de New York. Des penthouses \u00e9l\u00e9gants aux brownstones historiques, cette collection met en lumi\u00e8re le meilleur du luxe, de l&#8217;architecture et de la d\u00e9coration d&#8217;int\u00e9rieur. Chaque page d\u00e9voile des espaces \u00e0 couper le souffle avec des vues [&hellip;]","og_url":"https:\/\/librairie7l.com\/en\/produit\/new-york-style-la-ou-le-design-recontre-le-rythme-de-la-cille-2\/","og_site_name":"Librairie 7L","article_modified_time":"2026-04-23T10:57:46+00:00","og_image":[{"width":600,"height":774,"url":"https:\/\/librairie7l.com\/wp-content\/uploads\/2025\/05\/9788499365770_1_75.jpg","type":"image\/jpeg"}],"twitter_card":"summary_large_image","twitter_misc":{"Est. reading time":"1 minute"},"schema":{"@context":"https:\/\/schema.org","@graph":[{"@type":"WebPage","@id":"https:\/\/librairie7l.com\/en\/produit\/new-york-style-la-ou-le-design-recontre-le-rythme-de-la-cille-2\/","url":"https:\/\/librairie7l.com\/en\/produit\/new-york-style-la-ou-le-design-recontre-le-rythme-de-la-cille-2\/","name":"New York Style : La o\u00f9 le design recontre le rythme de la cille - Librairie 7L","isPartOf":{"@id":"https:\/\/librairie7l.com\/en\/#website"},"datePublished":"2026-01-14T08:18:14+00:00","dateModified":"2026-04-23T10:57:46+00:00","breadcrumb":{"@id":"https:\/\/librairie7l.com\/en\/produit\/new-york-style-la-ou-le-design-recontre-le-rythme-de-la-cille-2\/#breadcrumb"},"inLanguage":"en-US","potentialAction":[{"@type":"ReadAction","target":["https:\/\/librairie7l.com\/en\/produit\/new-york-style-la-ou-le-design-recontre-le-rythme-de-la-cille-2\/"]}]},{"@type":"BreadcrumbList","@id":"https:\/\/librairie7l.com\/en\/produit\/new-york-style-la-ou-le-design-recontre-le-rythme-de-la-cille-2\/#breadcrumb","itemListElement":[{"@type":"ListItem","position":1,"name":"Accueil","item":"https:\/\/librairie7l.com\/en\/"},{"@type":"ListItem","position":2,"name":"Shop","item":"https:\/\/librairie7l.com\/en\/shop\/"},{"@type":"ListItem","position":3,"name":"NEW YORK STYLE : LA O\u00d9 LE DESIGN RECONTRE LE RYTHME DE LA CILLE"}]},{"@type":"WebSite","@id":"https:\/\/librairie7l.com\/en\/#website","url":"https:\/\/librairie7l.com\/en\/","name":"Librairie 7L","description":"Librairie fond\u00e9e en 1999 par Karl Lagerfeld \u00e0 Paris","publisher":{"@id":"https:\/\/librairie7l.com\/en\/#organization"},"potentialAction":[{"@type":"SearchAction","target":{"@type":"EntryPoint","urlTemplate":"https:\/\/librairie7l.com\/en\/?s={search_term_string}"},"query-input":"required name=search_term_string"}],"inLanguage":"en-US"},{"@type":"Organization","@id":"https:\/\/librairie7l.com\/en\/#organization","name":"Librairie 7L","url":"https:\/\/librairie7l.com\/en\/","logo":{"@type":"ImageObject","inLanguage":"en-US","@id":"https:\/\/librairie7l.com\/en\/#\/schema\/logo\/image\/","url":"https:\/\/librairie7l.com\/wp-content\/uploads\/2022\/08\/logo-1.png","contentUrl":"https:\/\/librairie7l.com\/wp-content\/uploads\/2022\/08\/logo-1.png","width":227,"height":301,"caption":"Librairie 7L"},"image":{"@id":"https:\/\/librairie7l.com\/en\/#\/schema\/logo\/image\/"}}]}},"_links":{"self":[{"href":"https:\/\/librairie7l.com\/en\/wp-json\/wp\/v2\/product\/53660"}],"collection":[{"href":"https:\/\/librairie7l.com\/en\/wp-json\/wp\/v2\/product"}],"about":[{"href":"https:\/\/librairie7l.com\/en\/wp-json\/wp\/v2\/types\/product"}],"wp:featuredmedia":[{"embeddable":true,"href":"https:\/\/librairie7l.com\/en\/wp-json\/wp\/v2\/media\/53658"}],"wp:attachment":[{"href":"https:\/\/librairie7l.com\/en\/wp-json\/wp\/v2\/media?parent=53660"}],"wp:term":[{"taxonomy":"product_cat","embeddable":true,"href":"https:\/\/librairie7l.com\/en\/wp-json\/wp\/v2\/product_cat?post=53660"},{"taxonomy":"product_tag","embeddable":true,"href":"https:\/\/librairie7l.com\/en\/wp-json\/wp\/v2\/product_tag?post=53660"}],"curies":[{"name":"wp","href":"https:\/\/api.w.org\/{rel}","templated":true}]}}