{"id":53668,"date":"2026-01-14T09:18:20","date_gmt":"2026-01-14T08:18:20","guid":{"rendered":"https:\/\/librairie7l.com\/?post_type=product&#038;p=53668"},"modified":"2026-04-21T12:37:22","modified_gmt":"2026-04-21T10:37:22","slug":"tempura-hors-serie-n-3-made-in-japan-2","status":"publish","type":"product","link":"https:\/\/librairie7l.com\/en\/produit\/tempura-hors-serie-n-3-made-in-japan-2\/","title":{"rendered":"TEMPURA HORS-S\u00c9RIE N.3 : MADE IN JAPAN"},"content":{"rendered":"<p>Pourquoi est-on tant fascin\u00e9 par l&#8217;artisanat japonais ? Comment expliquer le boom de sa coutellerie traditionnelle ou de ses c\u00e9ramiques en dehors des fronti\u00e8res de l&#8217;archipel ? N&#8217;est-ce l\u00e0 qu&#8217;une question d&#8217;excellence et de savoir-faire ? Ce troisi\u00e8me hors-s\u00e9rie de TEMPURA part \u00e0 la rencontre des artisans japonais, au plus pr\u00e8s de ceux qui fabriquent, \u00e0 la main, ces objets que tout le monde convoite. Car parler des m\u00e9tiers d&#8217;art, c&#8217;est parler de transmission, d&#8217;\u00e9volutions techniques, d&#8217;\u00e9cologie, de la mani\u00e8re dont nous consommons les choses aujourd&#8217;hui, mais aussi de la soci\u00e9t\u00e9 que l&#8217;on veut construire demain.<\/p>\n","protected":false},"excerpt":{"rendered":"<p>Pourquoi est-on tant fascin\u00e9 par l&#8217;artisanat japonais ? Comment expliquer le boom de sa coutellerie traditionnelle ou de ses c\u00e9ramiques en dehors des fronti\u00e8res de l&#8217;archipel ? N&#8217;est-ce l\u00e0 qu&#8217;une question d&#8217;excellence et de savoir-faire ? Ce troisi\u00e8me hors-s\u00e9rie de TEMPURA part \u00e0 la rencontre des artisans japonais, au plus pr\u00e8s de ceux qui fabriquent, [&hellip;]<\/p>\n","protected":false},"featured_media":53666,"template":"","meta":[],"product_cat":[2948],"product_tag":[],"acf":[],"yoast_head":"<!-- This site is optimized with the Yoast SEO plugin v20.11 - https:\/\/yoast.com\/wordpress\/plugins\/seo\/ -->\n<title>Tempura Hors-S\u00e9rie n.3 : made in Japan - Librairie 7L<\/title>\n<meta name=\"robots\" content=\"index, follow, max-snippet:-1, max-image-preview:large, max-video-preview:-1\" \/>\n<link rel=\"canonical\" href=\"https:\/\/librairie7l.com\/en\/produit\/tempura-hors-serie-n-3-made-in-japan-2\/\" \/>\n<meta property=\"og:locale\" content=\"en_US\" \/>\n<meta property=\"og:type\" content=\"article\" \/>\n<meta property=\"og:title\" content=\"Tempura Hors-S\u00e9rie n.3 : made in Japan - Librairie 7L\" \/>\n<meta property=\"og:description\" content=\"Pourquoi est-on tant fascin\u00e9 par l&#8217;artisanat japonais ? Comment expliquer le boom de sa coutellerie traditionnelle ou de ses c\u00e9ramiques en dehors des fronti\u00e8res de l&#8217;archipel ? N&#8217;est-ce l\u00e0 qu&#8217;une question d&#8217;excellence et de savoir-faire ? Ce troisi\u00e8me hors-s\u00e9rie de TEMPURA part \u00e0 la rencontre des artisans japonais, au plus pr\u00e8s de ceux qui fabriquent, [&hellip;]\" \/>\n<meta property=\"og:url\" content=\"https:\/\/librairie7l.com\/en\/produit\/tempura-hors-serie-n-3-made-in-japan-2\/\" \/>\n<meta property=\"og:site_name\" content=\"Librairie 7L\" \/>\n<meta property=\"article:modified_time\" content=\"2026-04-21T10:37:22+00:00\" \/>\n<meta property=\"og:image\" content=\"https:\/\/librairie7l.com\/wp-content\/uploads\/2023\/02\/9782493543080_1_75.jpg\" \/>\n\t<meta property=\"og:image:width\" content=\"880\" \/>\n\t<meta property=\"og:image:height\" content=\"600\" \/>\n\t<meta property=\"og:image:type\" content=\"image\/jpeg\" \/>\n<meta name=\"twitter:card\" content=\"summary_large_image\" \/>\n<meta name=\"twitter:label1\" content=\"Est. reading time\" \/>\n\t<meta name=\"twitter:data1\" content=\"1 minute\" \/>\n<script type=\"application\/ld+json\" class=\"yoast-schema-graph\">{\"@context\":\"https:\/\/schema.org\",\"@graph\":[{\"@type\":\"WebPage\",\"@id\":\"https:\/\/librairie7l.com\/en\/produit\/tempura-hors-serie-n-3-made-in-japan-2\/\",\"url\":\"https:\/\/librairie7l.com\/en\/produit\/tempura-hors-serie-n-3-made-in-japan-2\/\",\"name\":\"Tempura Hors-S\u00e9rie n.3 : made in Japan - Librairie 7L\",\"isPartOf\":{\"@id\":\"https:\/\/librairie7l.com\/en\/#website\"},\"datePublished\":\"2026-01-14T08:18:20+00:00\",\"dateModified\":\"2026-04-21T10:37:22+00:00\",\"breadcrumb\":{\"@id\":\"https:\/\/librairie7l.com\/en\/produit\/tempura-hors-serie-n-3-made-in-japan-2\/#breadcrumb\"},\"inLanguage\":\"en-US\",\"potentialAction\":[{\"@type\":\"ReadAction\",\"target\":[\"https:\/\/librairie7l.com\/en\/produit\/tempura-hors-serie-n-3-made-in-japan-2\/\"]}]},{\"@type\":\"BreadcrumbList\",\"@id\":\"https:\/\/librairie7l.com\/en\/produit\/tempura-hors-serie-n-3-made-in-japan-2\/#breadcrumb\",\"itemListElement\":[{\"@type\":\"ListItem\",\"position\":1,\"name\":\"Accueil\",\"item\":\"https:\/\/librairie7l.com\/en\/\"},{\"@type\":\"ListItem\",\"position\":2,\"name\":\"Shop\",\"item\":\"https:\/\/librairie7l.com\/en\/shop\/\"},{\"@type\":\"ListItem\",\"position\":3,\"name\":\"TEMPURA HORS-S\u00c9RIE N.3 : MADE IN JAPAN\"}]},{\"@type\":\"WebSite\",\"@id\":\"https:\/\/librairie7l.com\/en\/#website\",\"url\":\"https:\/\/librairie7l.com\/en\/\",\"name\":\"Librairie 7L\",\"description\":\"Librairie fond\u00e9e en 1999 par Karl Lagerfeld \u00e0 Paris\",\"publisher\":{\"@id\":\"https:\/\/librairie7l.com\/en\/#organization\"},\"potentialAction\":[{\"@type\":\"SearchAction\",\"target\":{\"@type\":\"EntryPoint\",\"urlTemplate\":\"https:\/\/librairie7l.com\/en\/?s={search_term_string}\"},\"query-input\":\"required name=search_term_string\"}],\"inLanguage\":\"en-US\"},{\"@type\":\"Organization\",\"@id\":\"https:\/\/librairie7l.com\/en\/#organization\",\"name\":\"Librairie 7L\",\"url\":\"https:\/\/librairie7l.com\/en\/\",\"logo\":{\"@type\":\"ImageObject\",\"inLanguage\":\"en-US\",\"@id\":\"https:\/\/librairie7l.com\/en\/#\/schema\/logo\/image\/\",\"url\":\"https:\/\/librairie7l.com\/wp-content\/uploads\/2022\/08\/logo-1.png\",\"contentUrl\":\"https:\/\/librairie7l.com\/wp-content\/uploads\/2022\/08\/logo-1.png\",\"width\":227,\"height\":301,\"caption\":\"Librairie 7L\"},\"image\":{\"@id\":\"https:\/\/librairie7l.com\/en\/#\/schema\/logo\/image\/\"}}]}<\/script>\n<!-- \/ Yoast SEO plugin. -->","yoast_head_json":{"title":"Tempura Hors-S\u00e9rie n.3 : made in Japan - Librairie 7L","robots":{"index":"index","follow":"follow","max-snippet":"max-snippet:-1","max-image-preview":"max-image-preview:large","max-video-preview":"max-video-preview:-1"},"canonical":"https:\/\/librairie7l.com\/en\/produit\/tempura-hors-serie-n-3-made-in-japan-2\/","og_locale":"en_US","og_type":"article","og_title":"Tempura Hors-S\u00e9rie n.3 : made in Japan - Librairie 7L","og_description":"Pourquoi est-on tant fascin\u00e9 par l&#8217;artisanat japonais ? Comment expliquer le boom de sa coutellerie traditionnelle ou de ses c\u00e9ramiques en dehors des fronti\u00e8res de l&#8217;archipel ? N&#8217;est-ce l\u00e0 qu&#8217;une question d&#8217;excellence et de savoir-faire ? Ce troisi\u00e8me hors-s\u00e9rie de TEMPURA part \u00e0 la rencontre des artisans japonais, au plus pr\u00e8s de ceux qui fabriquent, [&hellip;]","og_url":"https:\/\/librairie7l.com\/en\/produit\/tempura-hors-serie-n-3-made-in-japan-2\/","og_site_name":"Librairie 7L","article_modified_time":"2026-04-21T10:37:22+00:00","og_image":[{"width":880,"height":600,"url":"https:\/\/librairie7l.com\/wp-content\/uploads\/2023\/02\/9782493543080_1_75.jpg","type":"image\/jpeg"}],"twitter_card":"summary_large_image","twitter_misc":{"Est. reading time":"1 minute"},"schema":{"@context":"https:\/\/schema.org","@graph":[{"@type":"WebPage","@id":"https:\/\/librairie7l.com\/en\/produit\/tempura-hors-serie-n-3-made-in-japan-2\/","url":"https:\/\/librairie7l.com\/en\/produit\/tempura-hors-serie-n-3-made-in-japan-2\/","name":"Tempura Hors-S\u00e9rie n.3 : made in Japan - Librairie 7L","isPartOf":{"@id":"https:\/\/librairie7l.com\/en\/#website"},"datePublished":"2026-01-14T08:18:20+00:00","dateModified":"2026-04-21T10:37:22+00:00","breadcrumb":{"@id":"https:\/\/librairie7l.com\/en\/produit\/tempura-hors-serie-n-3-made-in-japan-2\/#breadcrumb"},"inLanguage":"en-US","potentialAction":[{"@type":"ReadAction","target":["https:\/\/librairie7l.com\/en\/produit\/tempura-hors-serie-n-3-made-in-japan-2\/"]}]},{"@type":"BreadcrumbList","@id":"https:\/\/librairie7l.com\/en\/produit\/tempura-hors-serie-n-3-made-in-japan-2\/#breadcrumb","itemListElement":[{"@type":"ListItem","position":1,"name":"Accueil","item":"https:\/\/librairie7l.com\/en\/"},{"@type":"ListItem","position":2,"name":"Shop","item":"https:\/\/librairie7l.com\/en\/shop\/"},{"@type":"ListItem","position":3,"name":"TEMPURA HORS-S\u00c9RIE N.3 : MADE IN JAPAN"}]},{"@type":"WebSite","@id":"https:\/\/librairie7l.com\/en\/#website","url":"https:\/\/librairie7l.com\/en\/","name":"Librairie 7L","description":"Librairie fond\u00e9e en 1999 par Karl Lagerfeld \u00e0 Paris","publisher":{"@id":"https:\/\/librairie7l.com\/en\/#organization"},"potentialAction":[{"@type":"SearchAction","target":{"@type":"EntryPoint","urlTemplate":"https:\/\/librairie7l.com\/en\/?s={search_term_string}"},"query-input":"required name=search_term_string"}],"inLanguage":"en-US"},{"@type":"Organization","@id":"https:\/\/librairie7l.com\/en\/#organization","name":"Librairie 7L","url":"https:\/\/librairie7l.com\/en\/","logo":{"@type":"ImageObject","inLanguage":"en-US","@id":"https:\/\/librairie7l.com\/en\/#\/schema\/logo\/image\/","url":"https:\/\/librairie7l.com\/wp-content\/uploads\/2022\/08\/logo-1.png","contentUrl":"https:\/\/librairie7l.com\/wp-content\/uploads\/2022\/08\/logo-1.png","width":227,"height":301,"caption":"Librairie 7L"},"image":{"@id":"https:\/\/librairie7l.com\/en\/#\/schema\/logo\/image\/"}}]}},"_links":{"self":[{"href":"https:\/\/librairie7l.com\/en\/wp-json\/wp\/v2\/product\/53668"}],"collection":[{"href":"https:\/\/librairie7l.com\/en\/wp-json\/wp\/v2\/product"}],"about":[{"href":"https:\/\/librairie7l.com\/en\/wp-json\/wp\/v2\/types\/product"}],"wp:featuredmedia":[{"embeddable":true,"href":"https:\/\/librairie7l.com\/en\/wp-json\/wp\/v2\/media\/53666"}],"wp:attachment":[{"href":"https:\/\/librairie7l.com\/en\/wp-json\/wp\/v2\/media?parent=53668"}],"wp:term":[{"taxonomy":"product_cat","embeddable":true,"href":"https:\/\/librairie7l.com\/en\/wp-json\/wp\/v2\/product_cat?post=53668"},{"taxonomy":"product_tag","embeddable":true,"href":"https:\/\/librairie7l.com\/en\/wp-json\/wp\/v2\/product_tag?post=53668"}],"curies":[{"name":"wp","href":"https:\/\/api.w.org\/{rel}","templated":true}]}}