{"id":53672,"date":"2026-01-14T10:17:10","date_gmt":"2026-01-14T09:17:10","guid":{"rendered":"https:\/\/librairie7l.com\/?post_type=product&#038;p=53672"},"modified":"2026-04-05T12:30:48","modified_gmt":"2026-04-05T10:30:48","slug":"chien-blanc-3","status":"publish","type":"product","link":"https:\/\/librairie7l.com\/en\/produit\/chien-blanc-3\/","title":{"rendered":"CHIEN BLANC"},"content":{"rendered":"<p>\u00abC&#8217;\u00e9tait un chien gris avec une verrue comme un grain de beaut\u00e9 sur le c\u00f4t\u00e9 droit du museau et du poil roussi autour de la truffe qui le faisait ressembler au fumeur inv\u00e9t\u00e9r\u00e9 sur l&#8217;enseigne du Chien-qui-fume, un bar-tabac \u00e0 Nice, non loin du lyc\u00e9e de mon enfance. Il m&#8217;observait, la t\u00eate l\u00e9g\u00e8rement pench\u00e9e de c\u00f4t\u00e9, d&#8217;un regard intense et fixe, ce regard des chiens de fourri\u00e8re qui vous guettent au passage avec un espoir angoiss\u00e9 et insupportable. Il entra dans mon existence le 17 f\u00e9vrier 1968 \u00e0 Beverly Hills, o\u00f9 je venais de rejoindre ma femme Jean Seberg, pendant le tournage d&#8217;un film.\u00bb<\/p>\n","protected":false},"excerpt":{"rendered":"<p>\u00abC&#8217;\u00e9tait un chien gris avec une verrue comme un grain de beaut\u00e9 sur le c\u00f4t\u00e9 droit du museau et du poil roussi autour de la truffe qui le faisait ressembler au fumeur inv\u00e9t\u00e9r\u00e9 sur l&#8217;enseigne du Chien-qui-fume, un bar-tabac \u00e0 Nice, non loin du lyc\u00e9e de mon enfance. Il m&#8217;observait, la t\u00eate l\u00e9g\u00e8rement pench\u00e9e de [&hellip;]<\/p>\n","protected":false},"featured_media":53670,"template":"","meta":[],"product_cat":[7364,2948],"product_tag":[],"acf":[],"yoast_head":"<!-- This site is optimized with the Yoast SEO plugin v20.11 - https:\/\/yoast.com\/wordpress\/plugins\/seo\/ -->\n<title>Chien blanc - Librairie 7L<\/title>\n<meta name=\"robots\" content=\"index, follow, max-snippet:-1, max-image-preview:large, max-video-preview:-1\" \/>\n<link rel=\"canonical\" href=\"https:\/\/librairie7l.com\/en\/produit\/chien-blanc-3\/\" \/>\n<meta property=\"og:locale\" content=\"en_US\" \/>\n<meta property=\"og:type\" content=\"article\" \/>\n<meta property=\"og:title\" content=\"Chien blanc - Librairie 7L\" \/>\n<meta property=\"og:description\" content=\"\u00abC&#8217;\u00e9tait un chien gris avec une verrue comme un grain de beaut\u00e9 sur le c\u00f4t\u00e9 droit du museau et du poil roussi autour de la truffe qui le faisait ressembler au fumeur inv\u00e9t\u00e9r\u00e9 sur l&#8217;enseigne du Chien-qui-fume, un bar-tabac \u00e0 Nice, non loin du lyc\u00e9e de mon enfance. Il m&#8217;observait, la t\u00eate l\u00e9g\u00e8rement pench\u00e9e de [&hellip;]\" \/>\n<meta property=\"og:url\" content=\"https:\/\/librairie7l.com\/en\/produit\/chien-blanc-3\/\" \/>\n<meta property=\"og:site_name\" content=\"Librairie 7L\" \/>\n<meta property=\"article:modified_time\" content=\"2026-04-05T10:30:48+00:00\" \/>\n<meta property=\"og:image\" content=\"https:\/\/librairie7l.com\/wp-content\/uploads\/1998\/02\/9782070360505_1_75.jpg\" \/>\n\t<meta property=\"og:image:width\" content=\"600\" \/>\n\t<meta property=\"og:image:height\" content=\"988\" \/>\n\t<meta property=\"og:image:type\" content=\"image\/jpeg\" \/>\n<meta name=\"twitter:card\" content=\"summary_large_image\" \/>\n<meta name=\"twitter:label1\" content=\"Est. reading time\" \/>\n\t<meta name=\"twitter:data1\" content=\"1 minute\" \/>\n<script type=\"application\/ld+json\" class=\"yoast-schema-graph\">{\"@context\":\"https:\/\/schema.org\",\"@graph\":[{\"@type\":\"WebPage\",\"@id\":\"https:\/\/librairie7l.com\/en\/produit\/chien-blanc-3\/\",\"url\":\"https:\/\/librairie7l.com\/en\/produit\/chien-blanc-3\/\",\"name\":\"Chien blanc - Librairie 7L\",\"isPartOf\":{\"@id\":\"https:\/\/librairie7l.com\/en\/#website\"},\"datePublished\":\"2026-01-14T09:17:10+00:00\",\"dateModified\":\"2026-04-05T10:30:48+00:00\",\"breadcrumb\":{\"@id\":\"https:\/\/librairie7l.com\/en\/produit\/chien-blanc-3\/#breadcrumb\"},\"inLanguage\":\"en-US\",\"potentialAction\":[{\"@type\":\"ReadAction\",\"target\":[\"https:\/\/librairie7l.com\/en\/produit\/chien-blanc-3\/\"]}]},{\"@type\":\"BreadcrumbList\",\"@id\":\"https:\/\/librairie7l.com\/en\/produit\/chien-blanc-3\/#breadcrumb\",\"itemListElement\":[{\"@type\":\"ListItem\",\"position\":1,\"name\":\"Accueil\",\"item\":\"https:\/\/librairie7l.com\/en\/\"},{\"@type\":\"ListItem\",\"position\":2,\"name\":\"Shop\",\"item\":\"https:\/\/librairie7l.com\/en\/shop\/\"},{\"@type\":\"ListItem\",\"position\":3,\"name\":\"CHIEN BLANC\"}]},{\"@type\":\"WebSite\",\"@id\":\"https:\/\/librairie7l.com\/en\/#website\",\"url\":\"https:\/\/librairie7l.com\/en\/\",\"name\":\"Librairie 7L\",\"description\":\"Librairie fond\u00e9e en 1999 par Karl Lagerfeld \u00e0 Paris\",\"publisher\":{\"@id\":\"https:\/\/librairie7l.com\/en\/#organization\"},\"potentialAction\":[{\"@type\":\"SearchAction\",\"target\":{\"@type\":\"EntryPoint\",\"urlTemplate\":\"https:\/\/librairie7l.com\/en\/?s={search_term_string}\"},\"query-input\":\"required name=search_term_string\"}],\"inLanguage\":\"en-US\"},{\"@type\":\"Organization\",\"@id\":\"https:\/\/librairie7l.com\/en\/#organization\",\"name\":\"Librairie 7L\",\"url\":\"https:\/\/librairie7l.com\/en\/\",\"logo\":{\"@type\":\"ImageObject\",\"inLanguage\":\"en-US\",\"@id\":\"https:\/\/librairie7l.com\/en\/#\/schema\/logo\/image\/\",\"url\":\"https:\/\/librairie7l.com\/wp-content\/uploads\/2022\/08\/logo-1.png\",\"contentUrl\":\"https:\/\/librairie7l.com\/wp-content\/uploads\/2022\/08\/logo-1.png\",\"width\":227,\"height\":301,\"caption\":\"Librairie 7L\"},\"image\":{\"@id\":\"https:\/\/librairie7l.com\/en\/#\/schema\/logo\/image\/\"}}]}<\/script>\n<!-- \/ Yoast SEO plugin. -->","yoast_head_json":{"title":"Chien blanc - Librairie 7L","robots":{"index":"index","follow":"follow","max-snippet":"max-snippet:-1","max-image-preview":"max-image-preview:large","max-video-preview":"max-video-preview:-1"},"canonical":"https:\/\/librairie7l.com\/en\/produit\/chien-blanc-3\/","og_locale":"en_US","og_type":"article","og_title":"Chien blanc - Librairie 7L","og_description":"\u00abC&#8217;\u00e9tait un chien gris avec une verrue comme un grain de beaut\u00e9 sur le c\u00f4t\u00e9 droit du museau et du poil roussi autour de la truffe qui le faisait ressembler au fumeur inv\u00e9t\u00e9r\u00e9 sur l&#8217;enseigne du Chien-qui-fume, un bar-tabac \u00e0 Nice, non loin du lyc\u00e9e de mon enfance. Il m&#8217;observait, la t\u00eate l\u00e9g\u00e8rement pench\u00e9e de [&hellip;]","og_url":"https:\/\/librairie7l.com\/en\/produit\/chien-blanc-3\/","og_site_name":"Librairie 7L","article_modified_time":"2026-04-05T10:30:48+00:00","og_image":[{"width":600,"height":988,"url":"https:\/\/librairie7l.com\/wp-content\/uploads\/1998\/02\/9782070360505_1_75.jpg","type":"image\/jpeg"}],"twitter_card":"summary_large_image","twitter_misc":{"Est. reading time":"1 minute"},"schema":{"@context":"https:\/\/schema.org","@graph":[{"@type":"WebPage","@id":"https:\/\/librairie7l.com\/en\/produit\/chien-blanc-3\/","url":"https:\/\/librairie7l.com\/en\/produit\/chien-blanc-3\/","name":"Chien blanc - Librairie 7L","isPartOf":{"@id":"https:\/\/librairie7l.com\/en\/#website"},"datePublished":"2026-01-14T09:17:10+00:00","dateModified":"2026-04-05T10:30:48+00:00","breadcrumb":{"@id":"https:\/\/librairie7l.com\/en\/produit\/chien-blanc-3\/#breadcrumb"},"inLanguage":"en-US","potentialAction":[{"@type":"ReadAction","target":["https:\/\/librairie7l.com\/en\/produit\/chien-blanc-3\/"]}]},{"@type":"BreadcrumbList","@id":"https:\/\/librairie7l.com\/en\/produit\/chien-blanc-3\/#breadcrumb","itemListElement":[{"@type":"ListItem","position":1,"name":"Accueil","item":"https:\/\/librairie7l.com\/en\/"},{"@type":"ListItem","position":2,"name":"Shop","item":"https:\/\/librairie7l.com\/en\/shop\/"},{"@type":"ListItem","position":3,"name":"CHIEN BLANC"}]},{"@type":"WebSite","@id":"https:\/\/librairie7l.com\/en\/#website","url":"https:\/\/librairie7l.com\/en\/","name":"Librairie 7L","description":"Librairie fond\u00e9e en 1999 par Karl Lagerfeld \u00e0 Paris","publisher":{"@id":"https:\/\/librairie7l.com\/en\/#organization"},"potentialAction":[{"@type":"SearchAction","target":{"@type":"EntryPoint","urlTemplate":"https:\/\/librairie7l.com\/en\/?s={search_term_string}"},"query-input":"required name=search_term_string"}],"inLanguage":"en-US"},{"@type":"Organization","@id":"https:\/\/librairie7l.com\/en\/#organization","name":"Librairie 7L","url":"https:\/\/librairie7l.com\/en\/","logo":{"@type":"ImageObject","inLanguage":"en-US","@id":"https:\/\/librairie7l.com\/en\/#\/schema\/logo\/image\/","url":"https:\/\/librairie7l.com\/wp-content\/uploads\/2022\/08\/logo-1.png","contentUrl":"https:\/\/librairie7l.com\/wp-content\/uploads\/2022\/08\/logo-1.png","width":227,"height":301,"caption":"Librairie 7L"},"image":{"@id":"https:\/\/librairie7l.com\/en\/#\/schema\/logo\/image\/"}}]}},"_links":{"self":[{"href":"https:\/\/librairie7l.com\/en\/wp-json\/wp\/v2\/product\/53672"}],"collection":[{"href":"https:\/\/librairie7l.com\/en\/wp-json\/wp\/v2\/product"}],"about":[{"href":"https:\/\/librairie7l.com\/en\/wp-json\/wp\/v2\/types\/product"}],"wp:featuredmedia":[{"embeddable":true,"href":"https:\/\/librairie7l.com\/en\/wp-json\/wp\/v2\/media\/53670"}],"wp:attachment":[{"href":"https:\/\/librairie7l.com\/en\/wp-json\/wp\/v2\/media?parent=53672"}],"wp:term":[{"taxonomy":"product_cat","embeddable":true,"href":"https:\/\/librairie7l.com\/en\/wp-json\/wp\/v2\/product_cat?post=53672"},{"taxonomy":"product_tag","embeddable":true,"href":"https:\/\/librairie7l.com\/en\/wp-json\/wp\/v2\/product_tag?post=53672"}],"curies":[{"name":"wp","href":"https:\/\/api.w.org\/{rel}","templated":true}]}}