{"id":53676,"date":"2026-01-14T10:18:41","date_gmt":"2026-01-14T09:18:41","guid":{"rendered":"https:\/\/librairie7l.com\/?post_type=product&#038;p=53676"},"modified":"2026-04-05T08:38:06","modified_gmt":"2026-04-05T06:38:06","slug":"chien-blanc-4","status":"publish","type":"product","link":"https:\/\/librairie7l.com\/en\/produit\/chien-blanc-4\/","title":{"rendered":"CHIEN BLANC"},"content":{"rendered":"<p>Ce livre, comme La promesse de l&#8217;aube, est un r\u00e9cit v\u00e9cu. Romain Gary s&#8217;y met en sc\u00e8ne, ainsi que Jean Seberg, et d&#8217;autres personnages connus comme Marlon Brando ou Robert Kennedy. Le d\u00e9cor en est l&#8217;Am\u00e9rique en proie au probl\u00e8me noir. Mais le propos est bien plus vaste. Il s&#8217;agit de l&#8217;homme, avec sa bont\u00e9 et sa bassesse, sa grandeur et sa faiblesse&#8230; et aussi, de l&#8217;impossibilit\u00e9 de d\u00e9sesp\u00e9rer, envers et contre tout. \u00c0 Los Angeles, Romain Gary recueille un chien-loup perdu. Il s&#8217;aper\u00e7oit bient\u00f4t que ce chien, tr\u00e8s doux d&#8217;ordinaire, attaque tous les Noirs qu&#8217;il voit. C&#8217;est ce qu&#8217;on appelle dans le Sud un \u00abchien blanc\u00bb, un chien dress\u00e9 pour faire la chasse aux Noirs. On veut piquer le chien, trop vieux pour \u00eatre \u00abr\u00e9\u00e9duqu\u00e9\u00bb. Mais Gary s&#8217;obstine \u00e0 le sauver. Finalement, l&#8217;animal est pris en charge par un gardien de zoo, un musulman noir fanatique qui va r\u00e9ussir un prodige, dont il ne convient pas de d\u00e9voiler ici le caract\u00e8re de revanche impitoyable&#8230; Cette fable vraie a une valeur de symbole. C&#8217;est, malgr\u00e9 l&#8217;impuissance \u00e0 r\u00e9soudre les vrais probl\u00e8mes, le d\u00e9fi contre toutes les r\u00e9signations d\u00e9faitistes. En m\u00eame temps, on trouve un tableau, dramatique et burlesque, des mouvements extr\u00e9mistes noirs et de tous ceux, parfois malhonn\u00eates, qui gravitent autour d&#8217;eux. Autour de Jean Seberg, jeune actrice id\u00e9aliste, s&#8217;agite un monde pittoresque et dangereux : le chantage et le meurtre sont pr\u00e9sents \u00e0 tout instant. C&#8217;est la surench\u00e8re de la violence, le cabotinage de beaucoup de \u00ablib\u00e9raux\u00bb blancs qui soutiennent les Noirs, le noyautage et la manipulation par le F.B.I. ou la C.I.A. de tous ces petits groupes. Romain Gary ne se borne pas seulement ici \u00e0 la Californie et Hollywood. Il y a aussi Washington \u00e0 feu et \u00e0 sang, le jour de l&#8217;assassinat de Martin Luther King. Il y a Bob Kennedy vu dans l&#8217;intimit\u00e9, quelques jours avant sa mort et qui se savait marqu\u00e9. Il y a mai 1968 \u00e0 Paris. \u00abDes gens se sont noy\u00e9s en essayant de sauver un chien, mais c&#8217;est \u00e9videmment beaucoup plus qu&#8217;un chien qu&#8217;ils essayaient de sauver.\u00bb<\/p>\n","protected":false},"excerpt":{"rendered":"<p>Ce livre, comme La promesse de l&#8217;aube, est un r\u00e9cit v\u00e9cu. Romain Gary s&#8217;y met en sc\u00e8ne, ainsi que Jean Seberg, et d&#8217;autres personnages connus comme Marlon Brando ou Robert Kennedy. Le d\u00e9cor en est l&#8217;Am\u00e9rique en proie au probl\u00e8me noir. Mais le propos est bien plus vaste. Il s&#8217;agit de l&#8217;homme, avec sa bont\u00e9 [&hellip;]<\/p>\n","protected":false},"featured_media":53674,"template":"","meta":[],"product_cat":[7364,2948],"product_tag":[],"acf":[],"yoast_head":"<!-- This site is optimized with the Yoast SEO plugin v20.11 - https:\/\/yoast.com\/wordpress\/plugins\/seo\/ -->\n<title>Chien blanc - Librairie 7L<\/title>\n<meta name=\"robots\" content=\"index, follow, max-snippet:-1, max-image-preview:large, max-video-preview:-1\" \/>\n<link rel=\"canonical\" href=\"https:\/\/librairie7l.com\/en\/produit\/chien-blanc-4\/\" \/>\n<meta property=\"og:locale\" content=\"en_US\" \/>\n<meta property=\"og:type\" content=\"article\" \/>\n<meta property=\"og:title\" content=\"Chien blanc - Librairie 7L\" \/>\n<meta property=\"og:description\" content=\"Ce livre, comme La promesse de l&#8217;aube, est un r\u00e9cit v\u00e9cu. Romain Gary s&#8217;y met en sc\u00e8ne, ainsi que Jean Seberg, et d&#8217;autres personnages connus comme Marlon Brando ou Robert Kennedy. Le d\u00e9cor en est l&#8217;Am\u00e9rique en proie au probl\u00e8me noir. Mais le propos est bien plus vaste. Il s&#8217;agit de l&#8217;homme, avec sa bont\u00e9 [&hellip;]\" \/>\n<meta property=\"og:url\" content=\"https:\/\/librairie7l.com\/en\/produit\/chien-blanc-4\/\" \/>\n<meta property=\"og:site_name\" content=\"Librairie 7L\" \/>\n<meta property=\"article:modified_time\" content=\"2026-04-05T06:38:06+00:00\" \/>\n<meta property=\"og:image\" content=\"https:\/\/librairie7l.com\/wp-content\/uploads\/1998\/02\/9782070270224_1_75.jpg\" \/>\n\t<meta property=\"og:image:width\" content=\"600\" \/>\n\t<meta property=\"og:image:height\" content=\"874\" \/>\n\t<meta property=\"og:image:type\" content=\"image\/jpeg\" \/>\n<meta name=\"twitter:card\" content=\"summary_large_image\" \/>\n<meta name=\"twitter:label1\" content=\"Est. reading time\" \/>\n\t<meta name=\"twitter:data1\" content=\"2 minutes\" \/>\n<script type=\"application\/ld+json\" class=\"yoast-schema-graph\">{\"@context\":\"https:\/\/schema.org\",\"@graph\":[{\"@type\":\"WebPage\",\"@id\":\"https:\/\/librairie7l.com\/en\/produit\/chien-blanc-4\/\",\"url\":\"https:\/\/librairie7l.com\/en\/produit\/chien-blanc-4\/\",\"name\":\"Chien blanc - Librairie 7L\",\"isPartOf\":{\"@id\":\"https:\/\/librairie7l.com\/en\/#website\"},\"datePublished\":\"2026-01-14T09:18:41+00:00\",\"dateModified\":\"2026-04-05T06:38:06+00:00\",\"breadcrumb\":{\"@id\":\"https:\/\/librairie7l.com\/en\/produit\/chien-blanc-4\/#breadcrumb\"},\"inLanguage\":\"en-US\",\"potentialAction\":[{\"@type\":\"ReadAction\",\"target\":[\"https:\/\/librairie7l.com\/en\/produit\/chien-blanc-4\/\"]}]},{\"@type\":\"BreadcrumbList\",\"@id\":\"https:\/\/librairie7l.com\/en\/produit\/chien-blanc-4\/#breadcrumb\",\"itemListElement\":[{\"@type\":\"ListItem\",\"position\":1,\"name\":\"Accueil\",\"item\":\"https:\/\/librairie7l.com\/en\/\"},{\"@type\":\"ListItem\",\"position\":2,\"name\":\"Shop\",\"item\":\"https:\/\/librairie7l.com\/en\/shop\/\"},{\"@type\":\"ListItem\",\"position\":3,\"name\":\"CHIEN BLANC\"}]},{\"@type\":\"WebSite\",\"@id\":\"https:\/\/librairie7l.com\/en\/#website\",\"url\":\"https:\/\/librairie7l.com\/en\/\",\"name\":\"Librairie 7L\",\"description\":\"Librairie fond\u00e9e en 1999 par Karl Lagerfeld \u00e0 Paris\",\"publisher\":{\"@id\":\"https:\/\/librairie7l.com\/en\/#organization\"},\"potentialAction\":[{\"@type\":\"SearchAction\",\"target\":{\"@type\":\"EntryPoint\",\"urlTemplate\":\"https:\/\/librairie7l.com\/en\/?s={search_term_string}\"},\"query-input\":\"required name=search_term_string\"}],\"inLanguage\":\"en-US\"},{\"@type\":\"Organization\",\"@id\":\"https:\/\/librairie7l.com\/en\/#organization\",\"name\":\"Librairie 7L\",\"url\":\"https:\/\/librairie7l.com\/en\/\",\"logo\":{\"@type\":\"ImageObject\",\"inLanguage\":\"en-US\",\"@id\":\"https:\/\/librairie7l.com\/en\/#\/schema\/logo\/image\/\",\"url\":\"https:\/\/librairie7l.com\/wp-content\/uploads\/2022\/08\/logo-1.png\",\"contentUrl\":\"https:\/\/librairie7l.com\/wp-content\/uploads\/2022\/08\/logo-1.png\",\"width\":227,\"height\":301,\"caption\":\"Librairie 7L\"},\"image\":{\"@id\":\"https:\/\/librairie7l.com\/en\/#\/schema\/logo\/image\/\"}}]}<\/script>\n<!-- \/ Yoast SEO plugin. -->","yoast_head_json":{"title":"Chien blanc - Librairie 7L","robots":{"index":"index","follow":"follow","max-snippet":"max-snippet:-1","max-image-preview":"max-image-preview:large","max-video-preview":"max-video-preview:-1"},"canonical":"https:\/\/librairie7l.com\/en\/produit\/chien-blanc-4\/","og_locale":"en_US","og_type":"article","og_title":"Chien blanc - Librairie 7L","og_description":"Ce livre, comme La promesse de l&#8217;aube, est un r\u00e9cit v\u00e9cu. Romain Gary s&#8217;y met en sc\u00e8ne, ainsi que Jean Seberg, et d&#8217;autres personnages connus comme Marlon Brando ou Robert Kennedy. Le d\u00e9cor en est l&#8217;Am\u00e9rique en proie au probl\u00e8me noir. Mais le propos est bien plus vaste. Il s&#8217;agit de l&#8217;homme, avec sa bont\u00e9 [&hellip;]","og_url":"https:\/\/librairie7l.com\/en\/produit\/chien-blanc-4\/","og_site_name":"Librairie 7L","article_modified_time":"2026-04-05T06:38:06+00:00","og_image":[{"width":600,"height":874,"url":"https:\/\/librairie7l.com\/wp-content\/uploads\/1998\/02\/9782070270224_1_75.jpg","type":"image\/jpeg"}],"twitter_card":"summary_large_image","twitter_misc":{"Est. reading time":"2 minutes"},"schema":{"@context":"https:\/\/schema.org","@graph":[{"@type":"WebPage","@id":"https:\/\/librairie7l.com\/en\/produit\/chien-blanc-4\/","url":"https:\/\/librairie7l.com\/en\/produit\/chien-blanc-4\/","name":"Chien blanc - Librairie 7L","isPartOf":{"@id":"https:\/\/librairie7l.com\/en\/#website"},"datePublished":"2026-01-14T09:18:41+00:00","dateModified":"2026-04-05T06:38:06+00:00","breadcrumb":{"@id":"https:\/\/librairie7l.com\/en\/produit\/chien-blanc-4\/#breadcrumb"},"inLanguage":"en-US","potentialAction":[{"@type":"ReadAction","target":["https:\/\/librairie7l.com\/en\/produit\/chien-blanc-4\/"]}]},{"@type":"BreadcrumbList","@id":"https:\/\/librairie7l.com\/en\/produit\/chien-blanc-4\/#breadcrumb","itemListElement":[{"@type":"ListItem","position":1,"name":"Accueil","item":"https:\/\/librairie7l.com\/en\/"},{"@type":"ListItem","position":2,"name":"Shop","item":"https:\/\/librairie7l.com\/en\/shop\/"},{"@type":"ListItem","position":3,"name":"CHIEN BLANC"}]},{"@type":"WebSite","@id":"https:\/\/librairie7l.com\/en\/#website","url":"https:\/\/librairie7l.com\/en\/","name":"Librairie 7L","description":"Librairie fond\u00e9e en 1999 par Karl Lagerfeld \u00e0 Paris","publisher":{"@id":"https:\/\/librairie7l.com\/en\/#organization"},"potentialAction":[{"@type":"SearchAction","target":{"@type":"EntryPoint","urlTemplate":"https:\/\/librairie7l.com\/en\/?s={search_term_string}"},"query-input":"required name=search_term_string"}],"inLanguage":"en-US"},{"@type":"Organization","@id":"https:\/\/librairie7l.com\/en\/#organization","name":"Librairie 7L","url":"https:\/\/librairie7l.com\/en\/","logo":{"@type":"ImageObject","inLanguage":"en-US","@id":"https:\/\/librairie7l.com\/en\/#\/schema\/logo\/image\/","url":"https:\/\/librairie7l.com\/wp-content\/uploads\/2022\/08\/logo-1.png","contentUrl":"https:\/\/librairie7l.com\/wp-content\/uploads\/2022\/08\/logo-1.png","width":227,"height":301,"caption":"Librairie 7L"},"image":{"@id":"https:\/\/librairie7l.com\/en\/#\/schema\/logo\/image\/"}}]}},"_links":{"self":[{"href":"https:\/\/librairie7l.com\/en\/wp-json\/wp\/v2\/product\/53676"}],"collection":[{"href":"https:\/\/librairie7l.com\/en\/wp-json\/wp\/v2\/product"}],"about":[{"href":"https:\/\/librairie7l.com\/en\/wp-json\/wp\/v2\/types\/product"}],"wp:featuredmedia":[{"embeddable":true,"href":"https:\/\/librairie7l.com\/en\/wp-json\/wp\/v2\/media\/53674"}],"wp:attachment":[{"href":"https:\/\/librairie7l.com\/en\/wp-json\/wp\/v2\/media?parent=53676"}],"wp:term":[{"taxonomy":"product_cat","embeddable":true,"href":"https:\/\/librairie7l.com\/en\/wp-json\/wp\/v2\/product_cat?post=53676"},{"taxonomy":"product_tag","embeddable":true,"href":"https:\/\/librairie7l.com\/en\/wp-json\/wp\/v2\/product_tag?post=53676"}],"curies":[{"name":"wp","href":"https:\/\/api.w.org\/{rel}","templated":true}]}}