{"id":53680,"date":"2026-01-15T09:18:04","date_gmt":"2026-01-15T08:18:04","guid":{"rendered":"https:\/\/librairie7l.com\/?post_type=product&#038;p=53680"},"modified":"2026-04-20T23:05:55","modified_gmt":"2026-04-20T21:05:55","slug":"decor-n5-nuances-2","status":"publish","type":"product","link":"https:\/\/librairie7l.com\/en\/produit\/decor-n5-nuances-2\/","title":{"rendered":"D\u00c9COR N\u00b05 : NUANCES"},"content":{"rendered":"<p>\u00c9dit\u00e9e en co\u00e9dition par l&#8217;\u00c9cole nationale des arts d\u00e9coratifs de Paris et les \u00c9ditions Dilecta, la revue D\u00e9cor propose un regard alerte et sensible sur les enjeux th\u00e9oriques et pratiques du d\u00e9cor contemporain. La revue, publi\u00e9e annuellement, explore les nouvelles formes de cr\u00e9ation dans des domaines vari\u00e9s, tels que le design, la mode, le graphisme, la vid\u00e9o, la sculpture, la sc\u00e9nographie, l&#8217;animation, le textile et la photographie. \u00c0 travers des entretiens, portfolios, textes th\u00e9oriques ou de fiction, chaque num\u00e9ro fait le point sur une probl\u00e9matique qui structure l&#8217;environnement, les repr\u00e9sentations et les dispositifs sociaux.<br \/>\nCe projet r\u00e9unit des auteur\u00b7rice\u00b7s &#8211; sp\u00e9cialistes, \u00e9tudiant\u00b7e\u00b7s, talents \u00e9mergents &#8211; issus de divers domaines th\u00e9oriques (philosophie, histoire de l&#8217;art, sciences humaines, etc.) ainsi que de la cr\u00e9ation litt\u00e9raire et artistique.<br \/>\nCe 5e num\u00e9ro de D\u00e9cor, intitul\u00e9 \u00ab Couleur \/ Mati\u00e8re \u00bb, explore les relations contemporaines entre couleur et mat\u00e9rialit\u00e9 \u00e0 travers plusieurs axes th\u00e9matiques qui renouvellent l&#8217;approche de ces questions. La revue interroge d&#8217;abord les fondements mat\u00e9riels et perceptuels de la couleur, des techniques traditionnelles de teinture aux ph\u00e9nom\u00e8nes d&#8217;impermanence chromatique. Elle examine ensuite la polarit\u00e9 noir \/ blanc non comme opposition, mais comme territoire d&#8217;investigation, avec des contributions sur l&#8217;architecture, les couleurs locales et la cartographie coloniale. Les transformations num\u00e9riques, les g\u00e9ographies territoriales et les langages de la couleur composent le coeur de la publication. Celle-ci accorde une attention particuli\u00e8re aux dimensions politiques contemporaines &#8211; de l&#8217;orange comme couleur de rupture \u00e0 l&#8217;\u00e9loge de la nuance &#8211; et aux t\u00e9moignages de praticiens qui incarnent une recherche vivante. Cette constellation de regards compose un portrait in\u00e9dit de la couleur contemporaine, o\u00f9 se m\u00ealent enjeux esth\u00e9tiques, politiques et \u00e9cologiques.<\/p>\n","protected":false},"excerpt":{"rendered":"<p>\u00c9dit\u00e9e en co\u00e9dition par l&#8217;\u00c9cole nationale des arts d\u00e9coratifs de Paris et les \u00c9ditions Dilecta, la revue D\u00e9cor propose un regard alerte et sensible sur les enjeux th\u00e9oriques et pratiques du d\u00e9cor contemporain. La revue, publi\u00e9e annuellement, explore les nouvelles formes de cr\u00e9ation dans des domaines vari\u00e9s, tels que le design, la mode, le graphisme, [&hellip;]<\/p>\n","protected":false},"featured_media":53678,"template":"","meta":[],"product_cat":[2948],"product_tag":[],"acf":[],"yoast_head":"<!-- This site is optimized with the Yoast SEO plugin v20.11 - https:\/\/yoast.com\/wordpress\/plugins\/seo\/ -->\n<title>D\u00e9cor n\u00b05 : Nuances - Librairie 7L<\/title>\n<meta name=\"robots\" content=\"index, follow, max-snippet:-1, max-image-preview:large, max-video-preview:-1\" \/>\n<link rel=\"canonical\" href=\"https:\/\/librairie7l.com\/en\/produit\/decor-n5-nuances-2\/\" \/>\n<meta property=\"og:locale\" content=\"en_US\" \/>\n<meta property=\"og:type\" content=\"article\" \/>\n<meta property=\"og:title\" content=\"D\u00e9cor n\u00b05 : Nuances - Librairie 7L\" \/>\n<meta property=\"og:description\" content=\"\u00c9dit\u00e9e en co\u00e9dition par l&#8217;\u00c9cole nationale des arts d\u00e9coratifs de Paris et les \u00c9ditions Dilecta, la revue D\u00e9cor propose un regard alerte et sensible sur les enjeux th\u00e9oriques et pratiques du d\u00e9cor contemporain. La revue, publi\u00e9e annuellement, explore les nouvelles formes de cr\u00e9ation dans des domaines vari\u00e9s, tels que le design, la mode, le graphisme, [&hellip;]\" \/>\n<meta property=\"og:url\" content=\"https:\/\/librairie7l.com\/en\/produit\/decor-n5-nuances-2\/\" \/>\n<meta property=\"og:site_name\" content=\"Librairie 7L\" \/>\n<meta property=\"article:modified_time\" content=\"2026-04-20T21:05:55+00:00\" \/>\n<meta property=\"og:image\" content=\"https:\/\/librairie7l.com\/wp-content\/uploads\/2025\/06\/9782373722345_1_75.jpg\" \/>\n\t<meta property=\"og:image:width\" content=\"600\" \/>\n\t<meta property=\"og:image:height\" content=\"775\" \/>\n\t<meta property=\"og:image:type\" content=\"image\/jpeg\" \/>\n<meta name=\"twitter:card\" content=\"summary_large_image\" \/>\n<meta name=\"twitter:label1\" content=\"Est. reading time\" \/>\n\t<meta name=\"twitter:data1\" content=\"2 minutes\" \/>\n<script type=\"application\/ld+json\" class=\"yoast-schema-graph\">{\"@context\":\"https:\/\/schema.org\",\"@graph\":[{\"@type\":\"WebPage\",\"@id\":\"https:\/\/librairie7l.com\/en\/produit\/decor-n5-nuances-2\/\",\"url\":\"https:\/\/librairie7l.com\/en\/produit\/decor-n5-nuances-2\/\",\"name\":\"D\u00e9cor n\u00b05 : Nuances - Librairie 7L\",\"isPartOf\":{\"@id\":\"https:\/\/librairie7l.com\/en\/#website\"},\"datePublished\":\"2026-01-15T08:18:04+00:00\",\"dateModified\":\"2026-04-20T21:05:55+00:00\",\"breadcrumb\":{\"@id\":\"https:\/\/librairie7l.com\/en\/produit\/decor-n5-nuances-2\/#breadcrumb\"},\"inLanguage\":\"en-US\",\"potentialAction\":[{\"@type\":\"ReadAction\",\"target\":[\"https:\/\/librairie7l.com\/en\/produit\/decor-n5-nuances-2\/\"]}]},{\"@type\":\"BreadcrumbList\",\"@id\":\"https:\/\/librairie7l.com\/en\/produit\/decor-n5-nuances-2\/#breadcrumb\",\"itemListElement\":[{\"@type\":\"ListItem\",\"position\":1,\"name\":\"Accueil\",\"item\":\"https:\/\/librairie7l.com\/en\/\"},{\"@type\":\"ListItem\",\"position\":2,\"name\":\"Shop\",\"item\":\"https:\/\/librairie7l.com\/en\/shop\/\"},{\"@type\":\"ListItem\",\"position\":3,\"name\":\"D\u00c9COR N\u00b05 : NUANCES\"}]},{\"@type\":\"WebSite\",\"@id\":\"https:\/\/librairie7l.com\/en\/#website\",\"url\":\"https:\/\/librairie7l.com\/en\/\",\"name\":\"Librairie 7L\",\"description\":\"Librairie fond\u00e9e en 1999 par Karl Lagerfeld \u00e0 Paris\",\"publisher\":{\"@id\":\"https:\/\/librairie7l.com\/en\/#organization\"},\"potentialAction\":[{\"@type\":\"SearchAction\",\"target\":{\"@type\":\"EntryPoint\",\"urlTemplate\":\"https:\/\/librairie7l.com\/en\/?s={search_term_string}\"},\"query-input\":\"required name=search_term_string\"}],\"inLanguage\":\"en-US\"},{\"@type\":\"Organization\",\"@id\":\"https:\/\/librairie7l.com\/en\/#organization\",\"name\":\"Librairie 7L\",\"url\":\"https:\/\/librairie7l.com\/en\/\",\"logo\":{\"@type\":\"ImageObject\",\"inLanguage\":\"en-US\",\"@id\":\"https:\/\/librairie7l.com\/en\/#\/schema\/logo\/image\/\",\"url\":\"https:\/\/librairie7l.com\/wp-content\/uploads\/2022\/08\/logo-1.png\",\"contentUrl\":\"https:\/\/librairie7l.com\/wp-content\/uploads\/2022\/08\/logo-1.png\",\"width\":227,\"height\":301,\"caption\":\"Librairie 7L\"},\"image\":{\"@id\":\"https:\/\/librairie7l.com\/en\/#\/schema\/logo\/image\/\"}}]}<\/script>\n<!-- \/ Yoast SEO plugin. -->","yoast_head_json":{"title":"D\u00e9cor n\u00b05 : Nuances - Librairie 7L","robots":{"index":"index","follow":"follow","max-snippet":"max-snippet:-1","max-image-preview":"max-image-preview:large","max-video-preview":"max-video-preview:-1"},"canonical":"https:\/\/librairie7l.com\/en\/produit\/decor-n5-nuances-2\/","og_locale":"en_US","og_type":"article","og_title":"D\u00e9cor n\u00b05 : Nuances - Librairie 7L","og_description":"\u00c9dit\u00e9e en co\u00e9dition par l&#8217;\u00c9cole nationale des arts d\u00e9coratifs de Paris et les \u00c9ditions Dilecta, la revue D\u00e9cor propose un regard alerte et sensible sur les enjeux th\u00e9oriques et pratiques du d\u00e9cor contemporain. La revue, publi\u00e9e annuellement, explore les nouvelles formes de cr\u00e9ation dans des domaines vari\u00e9s, tels que le design, la mode, le graphisme, [&hellip;]","og_url":"https:\/\/librairie7l.com\/en\/produit\/decor-n5-nuances-2\/","og_site_name":"Librairie 7L","article_modified_time":"2026-04-20T21:05:55+00:00","og_image":[{"width":600,"height":775,"url":"https:\/\/librairie7l.com\/wp-content\/uploads\/2025\/06\/9782373722345_1_75.jpg","type":"image\/jpeg"}],"twitter_card":"summary_large_image","twitter_misc":{"Est. reading time":"2 minutes"},"schema":{"@context":"https:\/\/schema.org","@graph":[{"@type":"WebPage","@id":"https:\/\/librairie7l.com\/en\/produit\/decor-n5-nuances-2\/","url":"https:\/\/librairie7l.com\/en\/produit\/decor-n5-nuances-2\/","name":"D\u00e9cor n\u00b05 : Nuances - Librairie 7L","isPartOf":{"@id":"https:\/\/librairie7l.com\/en\/#website"},"datePublished":"2026-01-15T08:18:04+00:00","dateModified":"2026-04-20T21:05:55+00:00","breadcrumb":{"@id":"https:\/\/librairie7l.com\/en\/produit\/decor-n5-nuances-2\/#breadcrumb"},"inLanguage":"en-US","potentialAction":[{"@type":"ReadAction","target":["https:\/\/librairie7l.com\/en\/produit\/decor-n5-nuances-2\/"]}]},{"@type":"BreadcrumbList","@id":"https:\/\/librairie7l.com\/en\/produit\/decor-n5-nuances-2\/#breadcrumb","itemListElement":[{"@type":"ListItem","position":1,"name":"Accueil","item":"https:\/\/librairie7l.com\/en\/"},{"@type":"ListItem","position":2,"name":"Shop","item":"https:\/\/librairie7l.com\/en\/shop\/"},{"@type":"ListItem","position":3,"name":"D\u00c9COR N\u00b05 : NUANCES"}]},{"@type":"WebSite","@id":"https:\/\/librairie7l.com\/en\/#website","url":"https:\/\/librairie7l.com\/en\/","name":"Librairie 7L","description":"Librairie fond\u00e9e en 1999 par Karl Lagerfeld \u00e0 Paris","publisher":{"@id":"https:\/\/librairie7l.com\/en\/#organization"},"potentialAction":[{"@type":"SearchAction","target":{"@type":"EntryPoint","urlTemplate":"https:\/\/librairie7l.com\/en\/?s={search_term_string}"},"query-input":"required name=search_term_string"}],"inLanguage":"en-US"},{"@type":"Organization","@id":"https:\/\/librairie7l.com\/en\/#organization","name":"Librairie 7L","url":"https:\/\/librairie7l.com\/en\/","logo":{"@type":"ImageObject","inLanguage":"en-US","@id":"https:\/\/librairie7l.com\/en\/#\/schema\/logo\/image\/","url":"https:\/\/librairie7l.com\/wp-content\/uploads\/2022\/08\/logo-1.png","contentUrl":"https:\/\/librairie7l.com\/wp-content\/uploads\/2022\/08\/logo-1.png","width":227,"height":301,"caption":"Librairie 7L"},"image":{"@id":"https:\/\/librairie7l.com\/en\/#\/schema\/logo\/image\/"}}]}},"_links":{"self":[{"href":"https:\/\/librairie7l.com\/en\/wp-json\/wp\/v2\/product\/53680"}],"collection":[{"href":"https:\/\/librairie7l.com\/en\/wp-json\/wp\/v2\/product"}],"about":[{"href":"https:\/\/librairie7l.com\/en\/wp-json\/wp\/v2\/types\/product"}],"wp:featuredmedia":[{"embeddable":true,"href":"https:\/\/librairie7l.com\/en\/wp-json\/wp\/v2\/media\/53678"}],"wp:attachment":[{"href":"https:\/\/librairie7l.com\/en\/wp-json\/wp\/v2\/media?parent=53680"}],"wp:term":[{"taxonomy":"product_cat","embeddable":true,"href":"https:\/\/librairie7l.com\/en\/wp-json\/wp\/v2\/product_cat?post=53680"},{"taxonomy":"product_tag","embeddable":true,"href":"https:\/\/librairie7l.com\/en\/wp-json\/wp\/v2\/product_tag?post=53680"}],"curies":[{"name":"wp","href":"https:\/\/api.w.org\/{rel}","templated":true}]}}