{"id":53688,"date":"2026-01-15T09:18:09","date_gmt":"2026-01-15T08:18:09","guid":{"rendered":"https:\/\/librairie7l.com\/?post_type=product&#038;p=53688"},"modified":"2026-04-21T12:39:44","modified_gmt":"2026-04-21T10:39:44","slug":"un-bestiaire-japonais-vivre-avec-les-animaux-a-edo-tokyo-xviii-xixe-siecle-2","status":"publish","type":"product","link":"https:\/\/librairie7l.com\/en\/produit\/un-bestiaire-japonais-vivre-avec-les-animaux-a-edo-tokyo-xviii-xixe-siecle-2\/","title":{"rendered":"UN BESTIAIRE JAPONAIS : VIVRE AVEC LES ANIMAUX \u00c0 EDO-TOKYO ( XVIII-XIXE SI\u00c8CLE)"},"content":{"rendered":"<p>Pendant plus de deux cent ans, \u00e0 partir de l&#8217;ordonnance de fermeture du pays de 1639, le Japon de l&#8217;\u00e9poque Edo (1603-1868) restreint drastiquement les \u00e9changes avec le monde ext\u00e9rieur. Apr\u00e8s la signature de trait\u00e9s commerciaux avec les \u00c9tats-Unis et l&#8217;Europe en 1858 mais surtout \u00e0 partir de la restauration de Meiji (1868), le gouvernement adopte une politique d&#8217;industrialisation du pays et promeut l&#8217;introduction des id\u00e9es occidentales. Les \u00e9trangers qui se rendent alors au Japon ont laiss\u00e9 des descriptions d\u00e9taill\u00e9es du pays et de ses habitants.Le naturaliste am\u00e9ricain Edward S. Morse note dans Japan Day by Day que les citadins contournent ou enjambent les chiens et chats se pr\u00e9lassant au milieu de la route pour ne pas les d\u00e9ranger, et utilisent pour les appeler le suffixe honorifique \u00ab san \u00bb (\u00e9quivalant \u00e0 \u00ab Monsieur \u00bb ou \u00ab Madame \u00bb). Le peintre et dessinateur fran\u00e7ais Georges Bigot (1860-1927), qui s\u00e9journe au Japon \u00e0 partir de 1882 a laiss\u00e9 un grand nombre d&#8217;oeuvres pleines d&#8217;humour, d&#8217;animaux et de gens. Une longue p\u00e9riode de paix et de stabilit\u00e9 donne aux habitants de Tokyo le loisir de profiter de la vie et se divertir. On s&#8217;entoure volontiers d&#8217;animaux de compagnie : petits chiens et chats,de petits oiseaux tels les rossignols et les cailles, ou encore des insectes dont on appr\u00e9cie le chant, comme les grillons et les criquets. Les habitants d&#8217;Edo, ville \u00e0 la topographie riche en collines, rivi\u00e8res, et ouverte sur la mer, vivent en lien avec la nature et des rites saisonniers marquent le d\u00e9roulement de l&#8217;ann\u00e9e alors que les changements de saison offrent de nombreuses occasions d&#8217;admirer de superbes paysages naturels tout proches. D&#8217;abord figurines d&#8217;argile de sangliers ou autres, sous l&#8217;influence de la civilisation chinoise, les animaux sont ensuite repr\u00e9sent\u00e9s sous des formes fantastiques venus du continent comme les ph\u00e9nix et les dragons font leur apparition de m\u00eame que des animaux que l&#8217;on ne trouvait pas au Japon, tels les tigres et les paons. L&#8217;\u00e9panouissement d&#8217;une civilisation raffin\u00e9e bas\u00e9e sur une esth\u00e9tique proprement japonaise se d\u00e9marque de la culture et de l&#8217;art chinois : les animaux se mettent alors \u00e0 repr\u00e9senter l&#8217;esprit d&#8217;une saison ou \u00e0 symboliser des r\u00e9cits traditionnels japonais. Avec le d\u00e9veloppement, en litt\u00e9rature, de jeux de mots bas\u00e9s sur les sons et le sens de la langue japonaise, on appr\u00e9cie les dessins d&#8217;animaux synonymes de bon augure en raison de leurs noms ou de la fa\u00e7on de les \u00e9crire. Ainsi, \u00e0 l&#8217;\u00e9poque Edo, la puissance financi\u00e8re nouvelle de la classe commer\u00e7ante stimule la naissance d&#8217;une v\u00e9ritable culture citadine et le raffinement de divers objets de la vie quotidienne : les motifs d\u00e9coratifs repr\u00e9sentant des animaux \u00e9voluent vers une plus grande libert\u00e9 de conception et des variation plus riches.<\/p>\n","protected":false},"excerpt":{"rendered":"<p>Pendant plus de deux cent ans, \u00e0 partir de l&#8217;ordonnance de fermeture du pays de 1639, le Japon de l&#8217;\u00e9poque Edo (1603-1868) restreint drastiquement les \u00e9changes avec le monde ext\u00e9rieur. Apr\u00e8s la signature de trait\u00e9s commerciaux avec les \u00c9tats-Unis et l&#8217;Europe en 1858 mais surtout \u00e0 partir de la restauration de Meiji (1868), le gouvernement [&hellip;]<\/p>\n","protected":false},"featured_media":53686,"template":"","meta":[],"product_cat":[2948],"product_tag":[],"acf":[],"yoast_head":"<!-- This site is optimized with the Yoast SEO plugin v20.11 - https:\/\/yoast.com\/wordpress\/plugins\/seo\/ -->\n<title>Un bestiaire japonais : vivre avec les animaux \u00e0 Edo-Tokyo ( XVIII-XIXe si\u00e8cle) - Librairie 7L<\/title>\n<meta name=\"robots\" content=\"index, follow, max-snippet:-1, max-image-preview:large, max-video-preview:-1\" \/>\n<link rel=\"canonical\" href=\"https:\/\/librairie7l.com\/en\/produit\/un-bestiaire-japonais-vivre-avec-les-animaux-a-edo-tokyo-xviii-xixe-siecle-2\/\" \/>\n<meta property=\"og:locale\" content=\"en_US\" \/>\n<meta property=\"og:type\" content=\"article\" \/>\n<meta property=\"og:title\" content=\"Un bestiaire japonais : vivre avec les animaux \u00e0 Edo-Tokyo ( XVIII-XIXe si\u00e8cle) - Librairie 7L\" \/>\n<meta property=\"og:description\" content=\"Pendant plus de deux cent ans, \u00e0 partir de l&#8217;ordonnance de fermeture du pays de 1639, le Japon de l&#8217;\u00e9poque Edo (1603-1868) restreint drastiquement les \u00e9changes avec le monde ext\u00e9rieur. Apr\u00e8s la signature de trait\u00e9s commerciaux avec les \u00c9tats-Unis et l&#8217;Europe en 1858 mais surtout \u00e0 partir de la restauration de Meiji (1868), le gouvernement [&hellip;]\" \/>\n<meta property=\"og:url\" content=\"https:\/\/librairie7l.com\/en\/produit\/un-bestiaire-japonais-vivre-avec-les-animaux-a-edo-tokyo-xviii-xixe-siecle-2\/\" \/>\n<meta property=\"og:site_name\" content=\"Librairie 7L\" \/>\n<meta property=\"article:modified_time\" content=\"2026-04-21T10:39:44+00:00\" \/>\n<meta property=\"og:image\" content=\"https:\/\/librairie7l.com\/wp-content\/uploads\/2022\/07\/9782353403738_1_75.jpg\" \/>\n\t<meta property=\"og:image:width\" content=\"365\" \/>\n\t<meta property=\"og:image:height\" content=\"522\" \/>\n\t<meta property=\"og:image:type\" content=\"image\/jpeg\" \/>\n<meta name=\"twitter:card\" content=\"summary_large_image\" \/>\n<meta name=\"twitter:label1\" content=\"Est. reading time\" \/>\n\t<meta name=\"twitter:data1\" content=\"2 minutes\" \/>\n<script type=\"application\/ld+json\" class=\"yoast-schema-graph\">{\"@context\":\"https:\/\/schema.org\",\"@graph\":[{\"@type\":\"WebPage\",\"@id\":\"https:\/\/librairie7l.com\/en\/produit\/un-bestiaire-japonais-vivre-avec-les-animaux-a-edo-tokyo-xviii-xixe-siecle-2\/\",\"url\":\"https:\/\/librairie7l.com\/en\/produit\/un-bestiaire-japonais-vivre-avec-les-animaux-a-edo-tokyo-xviii-xixe-siecle-2\/\",\"name\":\"Un bestiaire japonais : vivre avec les animaux \u00e0 Edo-Tokyo ( XVIII-XIXe si\u00e8cle) - Librairie 7L\",\"isPartOf\":{\"@id\":\"https:\/\/librairie7l.com\/en\/#website\"},\"datePublished\":\"2026-01-15T08:18:09+00:00\",\"dateModified\":\"2026-04-21T10:39:44+00:00\",\"breadcrumb\":{\"@id\":\"https:\/\/librairie7l.com\/en\/produit\/un-bestiaire-japonais-vivre-avec-les-animaux-a-edo-tokyo-xviii-xixe-siecle-2\/#breadcrumb\"},\"inLanguage\":\"en-US\",\"potentialAction\":[{\"@type\":\"ReadAction\",\"target\":[\"https:\/\/librairie7l.com\/en\/produit\/un-bestiaire-japonais-vivre-avec-les-animaux-a-edo-tokyo-xviii-xixe-siecle-2\/\"]}]},{\"@type\":\"BreadcrumbList\",\"@id\":\"https:\/\/librairie7l.com\/en\/produit\/un-bestiaire-japonais-vivre-avec-les-animaux-a-edo-tokyo-xviii-xixe-siecle-2\/#breadcrumb\",\"itemListElement\":[{\"@type\":\"ListItem\",\"position\":1,\"name\":\"Accueil\",\"item\":\"https:\/\/librairie7l.com\/en\/\"},{\"@type\":\"ListItem\",\"position\":2,\"name\":\"Shop\",\"item\":\"https:\/\/librairie7l.com\/en\/shop\/\"},{\"@type\":\"ListItem\",\"position\":3,\"name\":\"UN BESTIAIRE JAPONAIS : VIVRE AVEC LES ANIMAUX \u00c0 EDO-TOKYO ( XVIII-XIXE SI\u00c8CLE)\"}]},{\"@type\":\"WebSite\",\"@id\":\"https:\/\/librairie7l.com\/en\/#website\",\"url\":\"https:\/\/librairie7l.com\/en\/\",\"name\":\"Librairie 7L\",\"description\":\"Librairie fond\u00e9e en 1999 par Karl Lagerfeld \u00e0 Paris\",\"publisher\":{\"@id\":\"https:\/\/librairie7l.com\/en\/#organization\"},\"potentialAction\":[{\"@type\":\"SearchAction\",\"target\":{\"@type\":\"EntryPoint\",\"urlTemplate\":\"https:\/\/librairie7l.com\/en\/?s={search_term_string}\"},\"query-input\":\"required name=search_term_string\"}],\"inLanguage\":\"en-US\"},{\"@type\":\"Organization\",\"@id\":\"https:\/\/librairie7l.com\/en\/#organization\",\"name\":\"Librairie 7L\",\"url\":\"https:\/\/librairie7l.com\/en\/\",\"logo\":{\"@type\":\"ImageObject\",\"inLanguage\":\"en-US\",\"@id\":\"https:\/\/librairie7l.com\/en\/#\/schema\/logo\/image\/\",\"url\":\"https:\/\/librairie7l.com\/wp-content\/uploads\/2022\/08\/logo-1.png\",\"contentUrl\":\"https:\/\/librairie7l.com\/wp-content\/uploads\/2022\/08\/logo-1.png\",\"width\":227,\"height\":301,\"caption\":\"Librairie 7L\"},\"image\":{\"@id\":\"https:\/\/librairie7l.com\/en\/#\/schema\/logo\/image\/\"}}]}<\/script>\n<!-- \/ Yoast SEO plugin. -->","yoast_head_json":{"title":"Un bestiaire japonais : vivre avec les animaux \u00e0 Edo-Tokyo ( XVIII-XIXe si\u00e8cle) - Librairie 7L","robots":{"index":"index","follow":"follow","max-snippet":"max-snippet:-1","max-image-preview":"max-image-preview:large","max-video-preview":"max-video-preview:-1"},"canonical":"https:\/\/librairie7l.com\/en\/produit\/un-bestiaire-japonais-vivre-avec-les-animaux-a-edo-tokyo-xviii-xixe-siecle-2\/","og_locale":"en_US","og_type":"article","og_title":"Un bestiaire japonais : vivre avec les animaux \u00e0 Edo-Tokyo ( XVIII-XIXe si\u00e8cle) - Librairie 7L","og_description":"Pendant plus de deux cent ans, \u00e0 partir de l&#8217;ordonnance de fermeture du pays de 1639, le Japon de l&#8217;\u00e9poque Edo (1603-1868) restreint drastiquement les \u00e9changes avec le monde ext\u00e9rieur. Apr\u00e8s la signature de trait\u00e9s commerciaux avec les \u00c9tats-Unis et l&#8217;Europe en 1858 mais surtout \u00e0 partir de la restauration de Meiji (1868), le gouvernement [&hellip;]","og_url":"https:\/\/librairie7l.com\/en\/produit\/un-bestiaire-japonais-vivre-avec-les-animaux-a-edo-tokyo-xviii-xixe-siecle-2\/","og_site_name":"Librairie 7L","article_modified_time":"2026-04-21T10:39:44+00:00","og_image":[{"width":365,"height":522,"url":"https:\/\/librairie7l.com\/wp-content\/uploads\/2022\/07\/9782353403738_1_75.jpg","type":"image\/jpeg"}],"twitter_card":"summary_large_image","twitter_misc":{"Est. reading time":"2 minutes"},"schema":{"@context":"https:\/\/schema.org","@graph":[{"@type":"WebPage","@id":"https:\/\/librairie7l.com\/en\/produit\/un-bestiaire-japonais-vivre-avec-les-animaux-a-edo-tokyo-xviii-xixe-siecle-2\/","url":"https:\/\/librairie7l.com\/en\/produit\/un-bestiaire-japonais-vivre-avec-les-animaux-a-edo-tokyo-xviii-xixe-siecle-2\/","name":"Un bestiaire japonais : vivre avec les animaux \u00e0 Edo-Tokyo ( XVIII-XIXe si\u00e8cle) - Librairie 7L","isPartOf":{"@id":"https:\/\/librairie7l.com\/en\/#website"},"datePublished":"2026-01-15T08:18:09+00:00","dateModified":"2026-04-21T10:39:44+00:00","breadcrumb":{"@id":"https:\/\/librairie7l.com\/en\/produit\/un-bestiaire-japonais-vivre-avec-les-animaux-a-edo-tokyo-xviii-xixe-siecle-2\/#breadcrumb"},"inLanguage":"en-US","potentialAction":[{"@type":"ReadAction","target":["https:\/\/librairie7l.com\/en\/produit\/un-bestiaire-japonais-vivre-avec-les-animaux-a-edo-tokyo-xviii-xixe-siecle-2\/"]}]},{"@type":"BreadcrumbList","@id":"https:\/\/librairie7l.com\/en\/produit\/un-bestiaire-japonais-vivre-avec-les-animaux-a-edo-tokyo-xviii-xixe-siecle-2\/#breadcrumb","itemListElement":[{"@type":"ListItem","position":1,"name":"Accueil","item":"https:\/\/librairie7l.com\/en\/"},{"@type":"ListItem","position":2,"name":"Shop","item":"https:\/\/librairie7l.com\/en\/shop\/"},{"@type":"ListItem","position":3,"name":"UN BESTIAIRE JAPONAIS : VIVRE AVEC LES ANIMAUX \u00c0 EDO-TOKYO ( XVIII-XIXE SI\u00c8CLE)"}]},{"@type":"WebSite","@id":"https:\/\/librairie7l.com\/en\/#website","url":"https:\/\/librairie7l.com\/en\/","name":"Librairie 7L","description":"Librairie fond\u00e9e en 1999 par Karl Lagerfeld \u00e0 Paris","publisher":{"@id":"https:\/\/librairie7l.com\/en\/#organization"},"potentialAction":[{"@type":"SearchAction","target":{"@type":"EntryPoint","urlTemplate":"https:\/\/librairie7l.com\/en\/?s={search_term_string}"},"query-input":"required name=search_term_string"}],"inLanguage":"en-US"},{"@type":"Organization","@id":"https:\/\/librairie7l.com\/en\/#organization","name":"Librairie 7L","url":"https:\/\/librairie7l.com\/en\/","logo":{"@type":"ImageObject","inLanguage":"en-US","@id":"https:\/\/librairie7l.com\/en\/#\/schema\/logo\/image\/","url":"https:\/\/librairie7l.com\/wp-content\/uploads\/2022\/08\/logo-1.png","contentUrl":"https:\/\/librairie7l.com\/wp-content\/uploads\/2022\/08\/logo-1.png","width":227,"height":301,"caption":"Librairie 7L"},"image":{"@id":"https:\/\/librairie7l.com\/en\/#\/schema\/logo\/image\/"}}]}},"_links":{"self":[{"href":"https:\/\/librairie7l.com\/en\/wp-json\/wp\/v2\/product\/53688"}],"collection":[{"href":"https:\/\/librairie7l.com\/en\/wp-json\/wp\/v2\/product"}],"about":[{"href":"https:\/\/librairie7l.com\/en\/wp-json\/wp\/v2\/types\/product"}],"wp:featuredmedia":[{"embeddable":true,"href":"https:\/\/librairie7l.com\/en\/wp-json\/wp\/v2\/media\/53686"}],"wp:attachment":[{"href":"https:\/\/librairie7l.com\/en\/wp-json\/wp\/v2\/media?parent=53688"}],"wp:term":[{"taxonomy":"product_cat","embeddable":true,"href":"https:\/\/librairie7l.com\/en\/wp-json\/wp\/v2\/product_cat?post=53688"},{"taxonomy":"product_tag","embeddable":true,"href":"https:\/\/librairie7l.com\/en\/wp-json\/wp\/v2\/product_tag?post=53688"}],"curies":[{"name":"wp","href":"https:\/\/api.w.org\/{rel}","templated":true}]}}