{"id":53696,"date":"2026-01-15T09:18:14","date_gmt":"2026-01-15T08:18:14","guid":{"rendered":"https:\/\/librairie7l.com\/?post_type=product&#038;p=53696"},"modified":"2026-04-20T22:07:02","modified_gmt":"2026-04-20T20:07:02","slug":"city-of-angels-houses-and-gardens-of-los-angeles-2","status":"publish","type":"product","link":"https:\/\/librairie7l.com\/en\/produit\/city-of-angels-houses-and-gardens-of-los-angeles-2\/","title":{"rendered":"CITY OF ANGELS: HOUSES AND GARDENS OF LOS ANGELES"},"content":{"rendered":"<p>Cet ouvrage pr\u00e9sente 30 maisons de Los Angeles con\u00e7ues par des architectes, designers ou architectes du paysage renomm\u00e9s, entre \u00e9l\u00e9gance, audace et \u00e9clat hollywoodien. Guid\u00e9s par Jennifer Ash Rudick et le photographe Firooz Zahedi, nous visitons la maison de Kelly Wearstler \u00e0 Malibu, le ranch exotique de Hutton Wilkinson dans les montagnes de Santa Monica, la maison moderniste Schindler, la villa d\u00e9cor\u00e9e de Oliver Furth \u00e0 Pacific Palisades, l&#8217;embl\u00e9matique et vertigineuse bo\u00eete de verre de John Lautner, ou encore le jardin luxuriant de Richard Shapiro entourant sa maison hispano-mauresque \u00e0 Holmby Hills.<\/p>\n","protected":false},"excerpt":{"rendered":"<p>Cet ouvrage pr\u00e9sente 30 maisons de Los Angeles con\u00e7ues par des architectes, designers ou architectes du paysage renomm\u00e9s, entre \u00e9l\u00e9gance, audace et \u00e9clat hollywoodien. Guid\u00e9s par Jennifer Ash Rudick et le photographe Firooz Zahedi, nous visitons la maison de Kelly Wearstler \u00e0 Malibu, le ranch exotique de Hutton Wilkinson dans les montagnes de Santa Monica, [&hellip;]<\/p>\n","protected":false},"featured_media":53694,"template":"","meta":[],"product_cat":[2948],"product_tag":[],"acf":[],"yoast_head":"<!-- This site is optimized with the Yoast SEO plugin v20.11 - https:\/\/yoast.com\/wordpress\/plugins\/seo\/ -->\n<title>City of angels: houses and gardens of los angeles - Librairie 7L<\/title>\n<meta name=\"robots\" content=\"index, follow, max-snippet:-1, max-image-preview:large, max-video-preview:-1\" \/>\n<link rel=\"canonical\" href=\"https:\/\/librairie7l.com\/en\/produit\/city-of-angels-houses-and-gardens-of-los-angeles-2\/\" \/>\n<meta property=\"og:locale\" content=\"en_US\" \/>\n<meta property=\"og:type\" content=\"article\" \/>\n<meta property=\"og:title\" content=\"City of angels: houses and gardens of los angeles - Librairie 7L\" \/>\n<meta property=\"og:description\" content=\"Cet ouvrage pr\u00e9sente 30 maisons de Los Angeles con\u00e7ues par des architectes, designers ou architectes du paysage renomm\u00e9s, entre \u00e9l\u00e9gance, audace et \u00e9clat hollywoodien. Guid\u00e9s par Jennifer Ash Rudick et le photographe Firooz Zahedi, nous visitons la maison de Kelly Wearstler \u00e0 Malibu, le ranch exotique de Hutton Wilkinson dans les montagnes de Santa Monica, [&hellip;]\" \/>\n<meta property=\"og:url\" content=\"https:\/\/librairie7l.com\/en\/produit\/city-of-angels-houses-and-gardens-of-los-angeles-2\/\" \/>\n<meta property=\"og:site_name\" content=\"Librairie 7L\" \/>\n<meta property=\"article:modified_time\" content=\"2026-04-20T20:07:02+00:00\" \/>\n<meta property=\"og:image\" content=\"https:\/\/librairie7l.com\/wp-content\/uploads\/2018\/05\/9780865653573_1_75.jpg\" \/>\n\t<meta property=\"og:image:width\" content=\"198\" \/>\n\t<meta property=\"og:image:height\" content=\"255\" \/>\n\t<meta property=\"og:image:type\" content=\"image\/jpeg\" \/>\n<meta name=\"twitter:card\" content=\"summary_large_image\" \/>\n<script type=\"application\/ld+json\" class=\"yoast-schema-graph\">{\"@context\":\"https:\/\/schema.org\",\"@graph\":[{\"@type\":\"WebPage\",\"@id\":\"https:\/\/librairie7l.com\/en\/produit\/city-of-angels-houses-and-gardens-of-los-angeles-2\/\",\"url\":\"https:\/\/librairie7l.com\/en\/produit\/city-of-angels-houses-and-gardens-of-los-angeles-2\/\",\"name\":\"City of angels: houses and gardens of los angeles - Librairie 7L\",\"isPartOf\":{\"@id\":\"https:\/\/librairie7l.com\/en\/#website\"},\"datePublished\":\"2026-01-15T08:18:14+00:00\",\"dateModified\":\"2026-04-20T20:07:02+00:00\",\"breadcrumb\":{\"@id\":\"https:\/\/librairie7l.com\/en\/produit\/city-of-angels-houses-and-gardens-of-los-angeles-2\/#breadcrumb\"},\"inLanguage\":\"en-US\",\"potentialAction\":[{\"@type\":\"ReadAction\",\"target\":[\"https:\/\/librairie7l.com\/en\/produit\/city-of-angels-houses-and-gardens-of-los-angeles-2\/\"]}]},{\"@type\":\"BreadcrumbList\",\"@id\":\"https:\/\/librairie7l.com\/en\/produit\/city-of-angels-houses-and-gardens-of-los-angeles-2\/#breadcrumb\",\"itemListElement\":[{\"@type\":\"ListItem\",\"position\":1,\"name\":\"Accueil\",\"item\":\"https:\/\/librairie7l.com\/en\/\"},{\"@type\":\"ListItem\",\"position\":2,\"name\":\"Shop\",\"item\":\"https:\/\/librairie7l.com\/en\/shop\/\"},{\"@type\":\"ListItem\",\"position\":3,\"name\":\"CITY OF ANGELS: HOUSES AND GARDENS OF LOS ANGELES\"}]},{\"@type\":\"WebSite\",\"@id\":\"https:\/\/librairie7l.com\/en\/#website\",\"url\":\"https:\/\/librairie7l.com\/en\/\",\"name\":\"Librairie 7L\",\"description\":\"Librairie fond\u00e9e en 1999 par Karl Lagerfeld \u00e0 Paris\",\"publisher\":{\"@id\":\"https:\/\/librairie7l.com\/en\/#organization\"},\"potentialAction\":[{\"@type\":\"SearchAction\",\"target\":{\"@type\":\"EntryPoint\",\"urlTemplate\":\"https:\/\/librairie7l.com\/en\/?s={search_term_string}\"},\"query-input\":\"required name=search_term_string\"}],\"inLanguage\":\"en-US\"},{\"@type\":\"Organization\",\"@id\":\"https:\/\/librairie7l.com\/en\/#organization\",\"name\":\"Librairie 7L\",\"url\":\"https:\/\/librairie7l.com\/en\/\",\"logo\":{\"@type\":\"ImageObject\",\"inLanguage\":\"en-US\",\"@id\":\"https:\/\/librairie7l.com\/en\/#\/schema\/logo\/image\/\",\"url\":\"https:\/\/librairie7l.com\/wp-content\/uploads\/2022\/08\/logo-1.png\",\"contentUrl\":\"https:\/\/librairie7l.com\/wp-content\/uploads\/2022\/08\/logo-1.png\",\"width\":227,\"height\":301,\"caption\":\"Librairie 7L\"},\"image\":{\"@id\":\"https:\/\/librairie7l.com\/en\/#\/schema\/logo\/image\/\"}}]}<\/script>\n<!-- \/ Yoast SEO plugin. -->","yoast_head_json":{"title":"City of angels: houses and gardens of los angeles - Librairie 7L","robots":{"index":"index","follow":"follow","max-snippet":"max-snippet:-1","max-image-preview":"max-image-preview:large","max-video-preview":"max-video-preview:-1"},"canonical":"https:\/\/librairie7l.com\/en\/produit\/city-of-angels-houses-and-gardens-of-los-angeles-2\/","og_locale":"en_US","og_type":"article","og_title":"City of angels: houses and gardens of los angeles - Librairie 7L","og_description":"Cet ouvrage pr\u00e9sente 30 maisons de Los Angeles con\u00e7ues par des architectes, designers ou architectes du paysage renomm\u00e9s, entre \u00e9l\u00e9gance, audace et \u00e9clat hollywoodien. Guid\u00e9s par Jennifer Ash Rudick et le photographe Firooz Zahedi, nous visitons la maison de Kelly Wearstler \u00e0 Malibu, le ranch exotique de Hutton Wilkinson dans les montagnes de Santa Monica, [&hellip;]","og_url":"https:\/\/librairie7l.com\/en\/produit\/city-of-angels-houses-and-gardens-of-los-angeles-2\/","og_site_name":"Librairie 7L","article_modified_time":"2026-04-20T20:07:02+00:00","og_image":[{"width":198,"height":255,"url":"https:\/\/librairie7l.com\/wp-content\/uploads\/2018\/05\/9780865653573_1_75.jpg","type":"image\/jpeg"}],"twitter_card":"summary_large_image","schema":{"@context":"https:\/\/schema.org","@graph":[{"@type":"WebPage","@id":"https:\/\/librairie7l.com\/en\/produit\/city-of-angels-houses-and-gardens-of-los-angeles-2\/","url":"https:\/\/librairie7l.com\/en\/produit\/city-of-angels-houses-and-gardens-of-los-angeles-2\/","name":"City of angels: houses and gardens of los angeles - Librairie 7L","isPartOf":{"@id":"https:\/\/librairie7l.com\/en\/#website"},"datePublished":"2026-01-15T08:18:14+00:00","dateModified":"2026-04-20T20:07:02+00:00","breadcrumb":{"@id":"https:\/\/librairie7l.com\/en\/produit\/city-of-angels-houses-and-gardens-of-los-angeles-2\/#breadcrumb"},"inLanguage":"en-US","potentialAction":[{"@type":"ReadAction","target":["https:\/\/librairie7l.com\/en\/produit\/city-of-angels-houses-and-gardens-of-los-angeles-2\/"]}]},{"@type":"BreadcrumbList","@id":"https:\/\/librairie7l.com\/en\/produit\/city-of-angels-houses-and-gardens-of-los-angeles-2\/#breadcrumb","itemListElement":[{"@type":"ListItem","position":1,"name":"Accueil","item":"https:\/\/librairie7l.com\/en\/"},{"@type":"ListItem","position":2,"name":"Shop","item":"https:\/\/librairie7l.com\/en\/shop\/"},{"@type":"ListItem","position":3,"name":"CITY OF ANGELS: HOUSES AND GARDENS OF LOS ANGELES"}]},{"@type":"WebSite","@id":"https:\/\/librairie7l.com\/en\/#website","url":"https:\/\/librairie7l.com\/en\/","name":"Librairie 7L","description":"Librairie fond\u00e9e en 1999 par Karl Lagerfeld \u00e0 Paris","publisher":{"@id":"https:\/\/librairie7l.com\/en\/#organization"},"potentialAction":[{"@type":"SearchAction","target":{"@type":"EntryPoint","urlTemplate":"https:\/\/librairie7l.com\/en\/?s={search_term_string}"},"query-input":"required name=search_term_string"}],"inLanguage":"en-US"},{"@type":"Organization","@id":"https:\/\/librairie7l.com\/en\/#organization","name":"Librairie 7L","url":"https:\/\/librairie7l.com\/en\/","logo":{"@type":"ImageObject","inLanguage":"en-US","@id":"https:\/\/librairie7l.com\/en\/#\/schema\/logo\/image\/","url":"https:\/\/librairie7l.com\/wp-content\/uploads\/2022\/08\/logo-1.png","contentUrl":"https:\/\/librairie7l.com\/wp-content\/uploads\/2022\/08\/logo-1.png","width":227,"height":301,"caption":"Librairie 7L"},"image":{"@id":"https:\/\/librairie7l.com\/en\/#\/schema\/logo\/image\/"}}]}},"_links":{"self":[{"href":"https:\/\/librairie7l.com\/en\/wp-json\/wp\/v2\/product\/53696"}],"collection":[{"href":"https:\/\/librairie7l.com\/en\/wp-json\/wp\/v2\/product"}],"about":[{"href":"https:\/\/librairie7l.com\/en\/wp-json\/wp\/v2\/types\/product"}],"wp:featuredmedia":[{"embeddable":true,"href":"https:\/\/librairie7l.com\/en\/wp-json\/wp\/v2\/media\/53694"}],"wp:attachment":[{"href":"https:\/\/librairie7l.com\/en\/wp-json\/wp\/v2\/media?parent=53696"}],"wp:term":[{"taxonomy":"product_cat","embeddable":true,"href":"https:\/\/librairie7l.com\/en\/wp-json\/wp\/v2\/product_cat?post=53696"},{"taxonomy":"product_tag","embeddable":true,"href":"https:\/\/librairie7l.com\/en\/wp-json\/wp\/v2\/product_tag?post=53696"}],"curies":[{"name":"wp","href":"https:\/\/api.w.org\/{rel}","templated":true}]}}