{"id":53736,"date":"2026-01-15T10:16:21","date_gmt":"2026-01-15T09:16:21","guid":{"rendered":"https:\/\/librairie7l.com\/?post_type=product&#038;p=53736"},"modified":"2026-04-21T11:01:47","modified_gmt":"2026-04-21T09:01:47","slug":"unravelled-contemporary-knit-art-2","status":"publish","type":"product","link":"https:\/\/librairie7l.com\/en\/produit\/unravelled-contemporary-knit-art-2\/","title":{"rendered":"UNRAVELLED: CONTEMPORARY KNIT ART"},"content":{"rendered":"<p>Ces femmes et ces hommes ont fait du tricot ou du crochet leur m\u00e9dium privil\u00e9gi\u00e9 pour partager leur fantaisie, leurs combats et leurs r\u00eaves. Les artistes pr\u00e9sent\u00e9s dans cet ouvrage ont en commun l&#8217;amour du fil et une immense originalit\u00e9. Tricot \u00e0 tr\u00e8s grande \u00e9chelle, installations po\u00e9tiques, reproductions tricot\u00e9es d&#8217;aliments et d&#8217;objets du quotidien constituent quelques-unes des pistes choisies. Militantisme, expression artistique tr\u00e8s personnelle et recherches esth\u00e9tiques contemporaines sont ainsi pr\u00e9sente dans ce livre.<\/p>\n","protected":false},"excerpt":{"rendered":"<p>Ces femmes et ces hommes ont fait du tricot ou du crochet leur m\u00e9dium privil\u00e9gi\u00e9 pour partager leur fantaisie, leurs combats et leurs r\u00eaves. Les artistes pr\u00e9sent\u00e9s dans cet ouvrage ont en commun l&#8217;amour du fil et une immense originalit\u00e9. Tricot \u00e0 tr\u00e8s grande \u00e9chelle, installations po\u00e9tiques, reproductions tricot\u00e9es d&#8217;aliments et d&#8217;objets du quotidien constituent [&hellip;]<\/p>\n","protected":false},"featured_media":53734,"template":"","meta":[],"product_cat":[2948],"product_tag":[],"acf":[],"yoast_head":"<!-- This site is optimized with the Yoast SEO plugin v20.11 - https:\/\/yoast.com\/wordpress\/plugins\/seo\/ -->\n<title>Unravelled: contemporary knit art - Librairie 7L<\/title>\n<meta name=\"robots\" content=\"index, follow, max-snippet:-1, max-image-preview:large, max-video-preview:-1\" \/>\n<link rel=\"canonical\" href=\"https:\/\/librairie7l.com\/en\/produit\/unravelled-contemporary-knit-art-2\/\" \/>\n<meta property=\"og:locale\" content=\"en_US\" \/>\n<meta property=\"og:type\" content=\"article\" \/>\n<meta property=\"og:title\" content=\"Unravelled: contemporary knit art - Librairie 7L\" \/>\n<meta property=\"og:description\" content=\"Ces femmes et ces hommes ont fait du tricot ou du crochet leur m\u00e9dium privil\u00e9gi\u00e9 pour partager leur fantaisie, leurs combats et leurs r\u00eaves. Les artistes pr\u00e9sent\u00e9s dans cet ouvrage ont en commun l&#8217;amour du fil et une immense originalit\u00e9. Tricot \u00e0 tr\u00e8s grande \u00e9chelle, installations po\u00e9tiques, reproductions tricot\u00e9es d&#8217;aliments et d&#8217;objets du quotidien constituent [&hellip;]\" \/>\n<meta property=\"og:url\" content=\"https:\/\/librairie7l.com\/en\/produit\/unravelled-contemporary-knit-art-2\/\" \/>\n<meta property=\"og:site_name\" content=\"Librairie 7L\" \/>\n<meta property=\"article:modified_time\" content=\"2026-04-21T09:01:47+00:00\" \/>\n<meta property=\"og:image\" content=\"https:\/\/librairie7l.com\/wp-content\/uploads\/2018\/05\/9780500239889_1_75.jpg\" \/>\n\t<meta property=\"og:image:width\" content=\"174\" \/>\n\t<meta property=\"og:image:height\" content=\"220\" \/>\n\t<meta property=\"og:image:type\" content=\"image\/jpeg\" \/>\n<meta name=\"twitter:card\" content=\"summary_large_image\" \/>\n<script type=\"application\/ld+json\" class=\"yoast-schema-graph\">{\"@context\":\"https:\/\/schema.org\",\"@graph\":[{\"@type\":\"WebPage\",\"@id\":\"https:\/\/librairie7l.com\/en\/produit\/unravelled-contemporary-knit-art-2\/\",\"url\":\"https:\/\/librairie7l.com\/en\/produit\/unravelled-contemporary-knit-art-2\/\",\"name\":\"Unravelled: contemporary knit art - Librairie 7L\",\"isPartOf\":{\"@id\":\"https:\/\/librairie7l.com\/en\/#website\"},\"datePublished\":\"2026-01-15T09:16:21+00:00\",\"dateModified\":\"2026-04-21T09:01:47+00:00\",\"breadcrumb\":{\"@id\":\"https:\/\/librairie7l.com\/en\/produit\/unravelled-contemporary-knit-art-2\/#breadcrumb\"},\"inLanguage\":\"en-US\",\"potentialAction\":[{\"@type\":\"ReadAction\",\"target\":[\"https:\/\/librairie7l.com\/en\/produit\/unravelled-contemporary-knit-art-2\/\"]}]},{\"@type\":\"BreadcrumbList\",\"@id\":\"https:\/\/librairie7l.com\/en\/produit\/unravelled-contemporary-knit-art-2\/#breadcrumb\",\"itemListElement\":[{\"@type\":\"ListItem\",\"position\":1,\"name\":\"Accueil\",\"item\":\"https:\/\/librairie7l.com\/en\/\"},{\"@type\":\"ListItem\",\"position\":2,\"name\":\"Shop\",\"item\":\"https:\/\/librairie7l.com\/en\/shop\/\"},{\"@type\":\"ListItem\",\"position\":3,\"name\":\"UNRAVELLED: CONTEMPORARY KNIT ART\"}]},{\"@type\":\"WebSite\",\"@id\":\"https:\/\/librairie7l.com\/en\/#website\",\"url\":\"https:\/\/librairie7l.com\/en\/\",\"name\":\"Librairie 7L\",\"description\":\"Librairie fond\u00e9e en 1999 par Karl Lagerfeld \u00e0 Paris\",\"publisher\":{\"@id\":\"https:\/\/librairie7l.com\/en\/#organization\"},\"potentialAction\":[{\"@type\":\"SearchAction\",\"target\":{\"@type\":\"EntryPoint\",\"urlTemplate\":\"https:\/\/librairie7l.com\/en\/?s={search_term_string}\"},\"query-input\":\"required name=search_term_string\"}],\"inLanguage\":\"en-US\"},{\"@type\":\"Organization\",\"@id\":\"https:\/\/librairie7l.com\/en\/#organization\",\"name\":\"Librairie 7L\",\"url\":\"https:\/\/librairie7l.com\/en\/\",\"logo\":{\"@type\":\"ImageObject\",\"inLanguage\":\"en-US\",\"@id\":\"https:\/\/librairie7l.com\/en\/#\/schema\/logo\/image\/\",\"url\":\"https:\/\/librairie7l.com\/wp-content\/uploads\/2022\/08\/logo-1.png\",\"contentUrl\":\"https:\/\/librairie7l.com\/wp-content\/uploads\/2022\/08\/logo-1.png\",\"width\":227,\"height\":301,\"caption\":\"Librairie 7L\"},\"image\":{\"@id\":\"https:\/\/librairie7l.com\/en\/#\/schema\/logo\/image\/\"}}]}<\/script>\n<!-- \/ Yoast SEO plugin. -->","yoast_head_json":{"title":"Unravelled: contemporary knit art - Librairie 7L","robots":{"index":"index","follow":"follow","max-snippet":"max-snippet:-1","max-image-preview":"max-image-preview:large","max-video-preview":"max-video-preview:-1"},"canonical":"https:\/\/librairie7l.com\/en\/produit\/unravelled-contemporary-knit-art-2\/","og_locale":"en_US","og_type":"article","og_title":"Unravelled: contemporary knit art - Librairie 7L","og_description":"Ces femmes et ces hommes ont fait du tricot ou du crochet leur m\u00e9dium privil\u00e9gi\u00e9 pour partager leur fantaisie, leurs combats et leurs r\u00eaves. Les artistes pr\u00e9sent\u00e9s dans cet ouvrage ont en commun l&#8217;amour du fil et une immense originalit\u00e9. Tricot \u00e0 tr\u00e8s grande \u00e9chelle, installations po\u00e9tiques, reproductions tricot\u00e9es d&#8217;aliments et d&#8217;objets du quotidien constituent [&hellip;]","og_url":"https:\/\/librairie7l.com\/en\/produit\/unravelled-contemporary-knit-art-2\/","og_site_name":"Librairie 7L","article_modified_time":"2026-04-21T09:01:47+00:00","og_image":[{"width":174,"height":220,"url":"https:\/\/librairie7l.com\/wp-content\/uploads\/2018\/05\/9780500239889_1_75.jpg","type":"image\/jpeg"}],"twitter_card":"summary_large_image","schema":{"@context":"https:\/\/schema.org","@graph":[{"@type":"WebPage","@id":"https:\/\/librairie7l.com\/en\/produit\/unravelled-contemporary-knit-art-2\/","url":"https:\/\/librairie7l.com\/en\/produit\/unravelled-contemporary-knit-art-2\/","name":"Unravelled: contemporary knit art - Librairie 7L","isPartOf":{"@id":"https:\/\/librairie7l.com\/en\/#website"},"datePublished":"2026-01-15T09:16:21+00:00","dateModified":"2026-04-21T09:01:47+00:00","breadcrumb":{"@id":"https:\/\/librairie7l.com\/en\/produit\/unravelled-contemporary-knit-art-2\/#breadcrumb"},"inLanguage":"en-US","potentialAction":[{"@type":"ReadAction","target":["https:\/\/librairie7l.com\/en\/produit\/unravelled-contemporary-knit-art-2\/"]}]},{"@type":"BreadcrumbList","@id":"https:\/\/librairie7l.com\/en\/produit\/unravelled-contemporary-knit-art-2\/#breadcrumb","itemListElement":[{"@type":"ListItem","position":1,"name":"Accueil","item":"https:\/\/librairie7l.com\/en\/"},{"@type":"ListItem","position":2,"name":"Shop","item":"https:\/\/librairie7l.com\/en\/shop\/"},{"@type":"ListItem","position":3,"name":"UNRAVELLED: CONTEMPORARY KNIT ART"}]},{"@type":"WebSite","@id":"https:\/\/librairie7l.com\/en\/#website","url":"https:\/\/librairie7l.com\/en\/","name":"Librairie 7L","description":"Librairie fond\u00e9e en 1999 par Karl Lagerfeld \u00e0 Paris","publisher":{"@id":"https:\/\/librairie7l.com\/en\/#organization"},"potentialAction":[{"@type":"SearchAction","target":{"@type":"EntryPoint","urlTemplate":"https:\/\/librairie7l.com\/en\/?s={search_term_string}"},"query-input":"required name=search_term_string"}],"inLanguage":"en-US"},{"@type":"Organization","@id":"https:\/\/librairie7l.com\/en\/#organization","name":"Librairie 7L","url":"https:\/\/librairie7l.com\/en\/","logo":{"@type":"ImageObject","inLanguage":"en-US","@id":"https:\/\/librairie7l.com\/en\/#\/schema\/logo\/image\/","url":"https:\/\/librairie7l.com\/wp-content\/uploads\/2022\/08\/logo-1.png","contentUrl":"https:\/\/librairie7l.com\/wp-content\/uploads\/2022\/08\/logo-1.png","width":227,"height":301,"caption":"Librairie 7L"},"image":{"@id":"https:\/\/librairie7l.com\/en\/#\/schema\/logo\/image\/"}}]}},"_links":{"self":[{"href":"https:\/\/librairie7l.com\/en\/wp-json\/wp\/v2\/product\/53736"}],"collection":[{"href":"https:\/\/librairie7l.com\/en\/wp-json\/wp\/v2\/product"}],"about":[{"href":"https:\/\/librairie7l.com\/en\/wp-json\/wp\/v2\/types\/product"}],"wp:featuredmedia":[{"embeddable":true,"href":"https:\/\/librairie7l.com\/en\/wp-json\/wp\/v2\/media\/53734"}],"wp:attachment":[{"href":"https:\/\/librairie7l.com\/en\/wp-json\/wp\/v2\/media?parent=53736"}],"wp:term":[{"taxonomy":"product_cat","embeddable":true,"href":"https:\/\/librairie7l.com\/en\/wp-json\/wp\/v2\/product_cat?post=53736"},{"taxonomy":"product_tag","embeddable":true,"href":"https:\/\/librairie7l.com\/en\/wp-json\/wp\/v2\/product_tag?post=53736"}],"curies":[{"name":"wp","href":"https:\/\/api.w.org\/{rel}","templated":true}]}}