{"id":53744,"date":"2026-01-15T10:16:25","date_gmt":"2026-01-15T09:16:25","guid":{"rendered":"https:\/\/librairie7l.com\/?post_type=product&#038;p=53744"},"modified":"2026-04-21T12:32:36","modified_gmt":"2026-04-21T10:32:36","slug":"masterworks-from-the-neue-galerie-new-york-2","status":"publish","type":"product","link":"https:\/\/librairie7l.com\/en\/produit\/masterworks-from-the-neue-galerie-new-york-2\/","title":{"rendered":"MASTERWORKS FROM THE NEUE GALERIE NEW YORK"},"content":{"rendered":"<p>Depuis son ouverture \u00e0 New York en 2001 par Ronald S. Lauder, la Neue Galerie expose sa collection unique d&#8217;oeuvres allemandes et autrichiennes du d\u00e9but du XXe si\u00e8cle. On lui doit de nombreuses expositions marquantes, notamment sur Ferdinand Hodler, Gustav Klimt, Egon Schiele ou Otto Dix. Cet ouvrage pr\u00e9sente toutes les pi\u00e8ces ma\u00eetresses de la collection, m\u00ealant peinture, sculpture et arts d\u00e9coratifs.<\/p>\n","protected":false},"excerpt":{"rendered":"<p>Depuis son ouverture \u00e0 New York en 2001 par Ronald S. Lauder, la Neue Galerie expose sa collection unique d&#8217;oeuvres allemandes et autrichiennes du d\u00e9but du XXe si\u00e8cle. On lui doit de nombreuses expositions marquantes, notamment sur Ferdinand Hodler, Gustav Klimt, Egon Schiele ou Otto Dix. Cet ouvrage pr\u00e9sente toutes les pi\u00e8ces ma\u00eetresses de la [&hellip;]<\/p>\n","protected":false},"featured_media":53742,"template":"","meta":[],"product_cat":[2948],"product_tag":[],"acf":[],"yoast_head":"<!-- This site is optimized with the Yoast SEO plugin v20.11 - https:\/\/yoast.com\/wordpress\/plugins\/seo\/ -->\n<title>Masterworks from the neue galerie new york - Librairie 7L<\/title>\n<meta name=\"robots\" content=\"index, follow, max-snippet:-1, max-image-preview:large, max-video-preview:-1\" \/>\n<link rel=\"canonical\" href=\"https:\/\/librairie7l.com\/en\/produit\/masterworks-from-the-neue-galerie-new-york-2\/\" \/>\n<meta property=\"og:locale\" content=\"en_US\" \/>\n<meta property=\"og:type\" content=\"article\" \/>\n<meta property=\"og:title\" content=\"Masterworks from the neue galerie new york - Librairie 7L\" \/>\n<meta property=\"og:description\" content=\"Depuis son ouverture \u00e0 New York en 2001 par Ronald S. Lauder, la Neue Galerie expose sa collection unique d&#8217;oeuvres allemandes et autrichiennes du d\u00e9but du XXe si\u00e8cle. On lui doit de nombreuses expositions marquantes, notamment sur Ferdinand Hodler, Gustav Klimt, Egon Schiele ou Otto Dix. Cet ouvrage pr\u00e9sente toutes les pi\u00e8ces ma\u00eetresses de la [&hellip;]\" \/>\n<meta property=\"og:url\" content=\"https:\/\/librairie7l.com\/en\/produit\/masterworks-from-the-neue-galerie-new-york-2\/\" \/>\n<meta property=\"og:site_name\" content=\"Librairie 7L\" \/>\n<meta property=\"article:modified_time\" content=\"2026-04-21T10:32:36+00:00\" \/>\n<meta property=\"og:image\" content=\"https:\/\/librairie7l.com\/wp-content\/uploads\/2016\/04\/9783791355818_1_75.jpg\" \/>\n\t<meta property=\"og:image:width\" content=\"401\" \/>\n\t<meta property=\"og:image:height\" content=\"482\" \/>\n\t<meta property=\"og:image:type\" content=\"image\/jpeg\" \/>\n<meta name=\"twitter:card\" content=\"summary_large_image\" \/>\n<script type=\"application\/ld+json\" class=\"yoast-schema-graph\">{\"@context\":\"https:\/\/schema.org\",\"@graph\":[{\"@type\":\"WebPage\",\"@id\":\"https:\/\/librairie7l.com\/en\/produit\/masterworks-from-the-neue-galerie-new-york-2\/\",\"url\":\"https:\/\/librairie7l.com\/en\/produit\/masterworks-from-the-neue-galerie-new-york-2\/\",\"name\":\"Masterworks from the neue galerie new york - Librairie 7L\",\"isPartOf\":{\"@id\":\"https:\/\/librairie7l.com\/en\/#website\"},\"datePublished\":\"2026-01-15T09:16:25+00:00\",\"dateModified\":\"2026-04-21T10:32:36+00:00\",\"breadcrumb\":{\"@id\":\"https:\/\/librairie7l.com\/en\/produit\/masterworks-from-the-neue-galerie-new-york-2\/#breadcrumb\"},\"inLanguage\":\"en-US\",\"potentialAction\":[{\"@type\":\"ReadAction\",\"target\":[\"https:\/\/librairie7l.com\/en\/produit\/masterworks-from-the-neue-galerie-new-york-2\/\"]}]},{\"@type\":\"BreadcrumbList\",\"@id\":\"https:\/\/librairie7l.com\/en\/produit\/masterworks-from-the-neue-galerie-new-york-2\/#breadcrumb\",\"itemListElement\":[{\"@type\":\"ListItem\",\"position\":1,\"name\":\"Accueil\",\"item\":\"https:\/\/librairie7l.com\/en\/\"},{\"@type\":\"ListItem\",\"position\":2,\"name\":\"Shop\",\"item\":\"https:\/\/librairie7l.com\/en\/shop\/\"},{\"@type\":\"ListItem\",\"position\":3,\"name\":\"MASTERWORKS FROM THE NEUE GALERIE NEW YORK\"}]},{\"@type\":\"WebSite\",\"@id\":\"https:\/\/librairie7l.com\/en\/#website\",\"url\":\"https:\/\/librairie7l.com\/en\/\",\"name\":\"Librairie 7L\",\"description\":\"Librairie fond\u00e9e en 1999 par Karl Lagerfeld \u00e0 Paris\",\"publisher\":{\"@id\":\"https:\/\/librairie7l.com\/en\/#organization\"},\"potentialAction\":[{\"@type\":\"SearchAction\",\"target\":{\"@type\":\"EntryPoint\",\"urlTemplate\":\"https:\/\/librairie7l.com\/en\/?s={search_term_string}\"},\"query-input\":\"required name=search_term_string\"}],\"inLanguage\":\"en-US\"},{\"@type\":\"Organization\",\"@id\":\"https:\/\/librairie7l.com\/en\/#organization\",\"name\":\"Librairie 7L\",\"url\":\"https:\/\/librairie7l.com\/en\/\",\"logo\":{\"@type\":\"ImageObject\",\"inLanguage\":\"en-US\",\"@id\":\"https:\/\/librairie7l.com\/en\/#\/schema\/logo\/image\/\",\"url\":\"https:\/\/librairie7l.com\/wp-content\/uploads\/2022\/08\/logo-1.png\",\"contentUrl\":\"https:\/\/librairie7l.com\/wp-content\/uploads\/2022\/08\/logo-1.png\",\"width\":227,\"height\":301,\"caption\":\"Librairie 7L\"},\"image\":{\"@id\":\"https:\/\/librairie7l.com\/en\/#\/schema\/logo\/image\/\"}}]}<\/script>\n<!-- \/ Yoast SEO plugin. -->","yoast_head_json":{"title":"Masterworks from the neue galerie new york - Librairie 7L","robots":{"index":"index","follow":"follow","max-snippet":"max-snippet:-1","max-image-preview":"max-image-preview:large","max-video-preview":"max-video-preview:-1"},"canonical":"https:\/\/librairie7l.com\/en\/produit\/masterworks-from-the-neue-galerie-new-york-2\/","og_locale":"en_US","og_type":"article","og_title":"Masterworks from the neue galerie new york - Librairie 7L","og_description":"Depuis son ouverture \u00e0 New York en 2001 par Ronald S. Lauder, la Neue Galerie expose sa collection unique d&#8217;oeuvres allemandes et autrichiennes du d\u00e9but du XXe si\u00e8cle. On lui doit de nombreuses expositions marquantes, notamment sur Ferdinand Hodler, Gustav Klimt, Egon Schiele ou Otto Dix. Cet ouvrage pr\u00e9sente toutes les pi\u00e8ces ma\u00eetresses de la [&hellip;]","og_url":"https:\/\/librairie7l.com\/en\/produit\/masterworks-from-the-neue-galerie-new-york-2\/","og_site_name":"Librairie 7L","article_modified_time":"2026-04-21T10:32:36+00:00","og_image":[{"width":401,"height":482,"url":"https:\/\/librairie7l.com\/wp-content\/uploads\/2016\/04\/9783791355818_1_75.jpg","type":"image\/jpeg"}],"twitter_card":"summary_large_image","schema":{"@context":"https:\/\/schema.org","@graph":[{"@type":"WebPage","@id":"https:\/\/librairie7l.com\/en\/produit\/masterworks-from-the-neue-galerie-new-york-2\/","url":"https:\/\/librairie7l.com\/en\/produit\/masterworks-from-the-neue-galerie-new-york-2\/","name":"Masterworks from the neue galerie new york - Librairie 7L","isPartOf":{"@id":"https:\/\/librairie7l.com\/en\/#website"},"datePublished":"2026-01-15T09:16:25+00:00","dateModified":"2026-04-21T10:32:36+00:00","breadcrumb":{"@id":"https:\/\/librairie7l.com\/en\/produit\/masterworks-from-the-neue-galerie-new-york-2\/#breadcrumb"},"inLanguage":"en-US","potentialAction":[{"@type":"ReadAction","target":["https:\/\/librairie7l.com\/en\/produit\/masterworks-from-the-neue-galerie-new-york-2\/"]}]},{"@type":"BreadcrumbList","@id":"https:\/\/librairie7l.com\/en\/produit\/masterworks-from-the-neue-galerie-new-york-2\/#breadcrumb","itemListElement":[{"@type":"ListItem","position":1,"name":"Accueil","item":"https:\/\/librairie7l.com\/en\/"},{"@type":"ListItem","position":2,"name":"Shop","item":"https:\/\/librairie7l.com\/en\/shop\/"},{"@type":"ListItem","position":3,"name":"MASTERWORKS FROM THE NEUE GALERIE NEW YORK"}]},{"@type":"WebSite","@id":"https:\/\/librairie7l.com\/en\/#website","url":"https:\/\/librairie7l.com\/en\/","name":"Librairie 7L","description":"Librairie fond\u00e9e en 1999 par Karl Lagerfeld \u00e0 Paris","publisher":{"@id":"https:\/\/librairie7l.com\/en\/#organization"},"potentialAction":[{"@type":"SearchAction","target":{"@type":"EntryPoint","urlTemplate":"https:\/\/librairie7l.com\/en\/?s={search_term_string}"},"query-input":"required name=search_term_string"}],"inLanguage":"en-US"},{"@type":"Organization","@id":"https:\/\/librairie7l.com\/en\/#organization","name":"Librairie 7L","url":"https:\/\/librairie7l.com\/en\/","logo":{"@type":"ImageObject","inLanguage":"en-US","@id":"https:\/\/librairie7l.com\/en\/#\/schema\/logo\/image\/","url":"https:\/\/librairie7l.com\/wp-content\/uploads\/2022\/08\/logo-1.png","contentUrl":"https:\/\/librairie7l.com\/wp-content\/uploads\/2022\/08\/logo-1.png","width":227,"height":301,"caption":"Librairie 7L"},"image":{"@id":"https:\/\/librairie7l.com\/en\/#\/schema\/logo\/image\/"}}]}},"_links":{"self":[{"href":"https:\/\/librairie7l.com\/en\/wp-json\/wp\/v2\/product\/53744"}],"collection":[{"href":"https:\/\/librairie7l.com\/en\/wp-json\/wp\/v2\/product"}],"about":[{"href":"https:\/\/librairie7l.com\/en\/wp-json\/wp\/v2\/types\/product"}],"wp:featuredmedia":[{"embeddable":true,"href":"https:\/\/librairie7l.com\/en\/wp-json\/wp\/v2\/media\/53742"}],"wp:attachment":[{"href":"https:\/\/librairie7l.com\/en\/wp-json\/wp\/v2\/media?parent=53744"}],"wp:term":[{"taxonomy":"product_cat","embeddable":true,"href":"https:\/\/librairie7l.com\/en\/wp-json\/wp\/v2\/product_cat?post=53744"},{"taxonomy":"product_tag","embeddable":true,"href":"https:\/\/librairie7l.com\/en\/wp-json\/wp\/v2\/product_tag?post=53744"}],"curies":[{"name":"wp","href":"https:\/\/api.w.org\/{rel}","templated":true}]}}