{"id":53764,"date":"2026-01-16T09:18:14","date_gmt":"2026-01-16T08:18:14","guid":{"rendered":"https:\/\/librairie7l.com\/?post_type=product&#038;p=53764"},"modified":"2026-04-21T12:32:35","modified_gmt":"2026-04-21T10:32:35","slug":"phyllis-dalton-a-career-in-costume-2","status":"publish","type":"product","link":"https:\/\/librairie7l.com\/en\/produit\/phyllis-dalton-a-career-in-costume-2\/","title":{"rendered":"PHYLLIS DALTON : A CAREER IN COSTUME"},"content":{"rendered":"<p>L&#8217;histoire extraordinaire de la costumi\u00e8re Phyllis Dalton, remplie d&#8217;id\u00e9es, de souvenirs et de r\u00e9v\u00e9lations d&#8217;une vie pass\u00e9e sur les plus grands lieux de tournage du XXe si\u00e8cle. En conversation avec l&#8217;historien du cin\u00e9ma Alexander Ballinger, Phyllis Dalton (1925-2025) r\u00e9v\u00e8le comment elle a cr\u00e9\u00e9 certains des costumes les plus inoubliables et les plus embl\u00e9matiques du grand \u00e9cran, en travail- lant avec des r\u00e9alisateurs l\u00e9gendaires tels qu&#8217;Alfred Hitchcock et David Lean, une femme dans un monde d&#8217;hommes. Le livre couvre les cinquante ans de carri\u00e8re extraordinaire de Dalton dans l&#8217;industrie cin\u00e9matographique, de la couture dans les salles de travail de Soho pour Henry V de Laurence Olivier \u00e0 la conception des costumes de L&#8217;homme qui en savait trop, en passant par le travail de renseignement \u00e0 Bletchley Park, l&#8217;apprentissage aux studios Gainsborough, les entreprises \u00e9piques que sont les costumes de Lawrence d&#8217;Arabie, Docteur Jivago (Oscar de la meilleure conception de costumes) et Oliver ! en passant par les classiques A Private Function et The Princess Bride, jusqu&#8217;\u00e0 sa collaboration tardive et fructueuse avec le jeune Kenneth Branagh sur Henry V (Oscar, meilleur costume), Dead Again et Much Ado About Nothing. De nombreuses illustrations du livre, issues des archives personnelles de Dalton, pr\u00e9sentent des documents \u00e9ph\u00e9m\u00e8res uniques, des \u00e9chantillons de tissus, des photos de production, des croquis grand format au crayon et \u00e0 l&#8217;aquarelle, ainsi que des carnets de notes de production datant de six d\u00e9cennies de r\u00e9alisation de films. Un grand nombre de ces images \u00e9tonnantes, y compris les photographies personnelles de Dalton prises sur place lors du tournage de Lawrence d&#8217;Arabie, n&#8217;ont jamais \u00e9t\u00e9 publi\u00e9es auparavant.<\/p>\n","protected":false},"excerpt":{"rendered":"<p>L&#8217;histoire extraordinaire de la costumi\u00e8re Phyllis Dalton, remplie d&#8217;id\u00e9es, de souvenirs et de r\u00e9v\u00e9lations d&#8217;une vie pass\u00e9e sur les plus grands lieux de tournage du XXe si\u00e8cle. En conversation avec l&#8217;historien du cin\u00e9ma Alexander Ballinger, Phyllis Dalton (1925-2025) r\u00e9v\u00e8le comment elle a cr\u00e9\u00e9 certains des costumes les plus inoubliables et les plus embl\u00e9matiques du grand [&hellip;]<\/p>\n","protected":false},"featured_media":53762,"template":"","meta":[],"product_cat":[2948],"product_tag":[],"acf":[],"yoast_head":"<!-- This site is optimized with the Yoast SEO plugin v20.11 - https:\/\/yoast.com\/wordpress\/plugins\/seo\/ -->\n<title>Phyllis Dalton : A career in costume - Librairie 7L<\/title>\n<meta name=\"robots\" content=\"index, follow, max-snippet:-1, max-image-preview:large, max-video-preview:-1\" \/>\n<link rel=\"canonical\" href=\"https:\/\/librairie7l.com\/en\/produit\/phyllis-dalton-a-career-in-costume-2\/\" \/>\n<meta property=\"og:locale\" content=\"en_US\" \/>\n<meta property=\"og:type\" content=\"article\" \/>\n<meta property=\"og:title\" content=\"Phyllis Dalton : A career in costume - Librairie 7L\" \/>\n<meta property=\"og:description\" content=\"L&#8217;histoire extraordinaire de la costumi\u00e8re Phyllis Dalton, remplie d&#8217;id\u00e9es, de souvenirs et de r\u00e9v\u00e9lations d&#8217;une vie pass\u00e9e sur les plus grands lieux de tournage du XXe si\u00e8cle. En conversation avec l&#8217;historien du cin\u00e9ma Alexander Ballinger, Phyllis Dalton (1925-2025) r\u00e9v\u00e8le comment elle a cr\u00e9\u00e9 certains des costumes les plus inoubliables et les plus embl\u00e9matiques du grand [&hellip;]\" \/>\n<meta property=\"og:url\" content=\"https:\/\/librairie7l.com\/en\/produit\/phyllis-dalton-a-career-in-costume-2\/\" \/>\n<meta property=\"og:site_name\" content=\"Librairie 7L\" \/>\n<meta property=\"article:modified_time\" content=\"2026-04-21T10:32:35+00:00\" \/>\n<meta property=\"og:image\" content=\"https:\/\/librairie7l.com\/wp-content\/uploads\/2025\/09\/9781399995641_1_75.jpg\" \/>\n\t<meta property=\"og:image:width\" content=\"600\" \/>\n\t<meta property=\"og:image:height\" content=\"757\" \/>\n\t<meta property=\"og:image:type\" content=\"image\/jpeg\" \/>\n<meta name=\"twitter:card\" content=\"summary_large_image\" \/>\n<meta name=\"twitter:label1\" content=\"Est. reading time\" \/>\n\t<meta name=\"twitter:data1\" content=\"1 minute\" \/>\n<script type=\"application\/ld+json\" class=\"yoast-schema-graph\">{\"@context\":\"https:\/\/schema.org\",\"@graph\":[{\"@type\":\"WebPage\",\"@id\":\"https:\/\/librairie7l.com\/en\/produit\/phyllis-dalton-a-career-in-costume-2\/\",\"url\":\"https:\/\/librairie7l.com\/en\/produit\/phyllis-dalton-a-career-in-costume-2\/\",\"name\":\"Phyllis Dalton : A career in costume - Librairie 7L\",\"isPartOf\":{\"@id\":\"https:\/\/librairie7l.com\/en\/#website\"},\"datePublished\":\"2026-01-16T08:18:14+00:00\",\"dateModified\":\"2026-04-21T10:32:35+00:00\",\"breadcrumb\":{\"@id\":\"https:\/\/librairie7l.com\/en\/produit\/phyllis-dalton-a-career-in-costume-2\/#breadcrumb\"},\"inLanguage\":\"en-US\",\"potentialAction\":[{\"@type\":\"ReadAction\",\"target\":[\"https:\/\/librairie7l.com\/en\/produit\/phyllis-dalton-a-career-in-costume-2\/\"]}]},{\"@type\":\"BreadcrumbList\",\"@id\":\"https:\/\/librairie7l.com\/en\/produit\/phyllis-dalton-a-career-in-costume-2\/#breadcrumb\",\"itemListElement\":[{\"@type\":\"ListItem\",\"position\":1,\"name\":\"Accueil\",\"item\":\"https:\/\/librairie7l.com\/en\/\"},{\"@type\":\"ListItem\",\"position\":2,\"name\":\"Shop\",\"item\":\"https:\/\/librairie7l.com\/en\/shop\/\"},{\"@type\":\"ListItem\",\"position\":3,\"name\":\"PHYLLIS DALTON : A CAREER IN COSTUME\"}]},{\"@type\":\"WebSite\",\"@id\":\"https:\/\/librairie7l.com\/en\/#website\",\"url\":\"https:\/\/librairie7l.com\/en\/\",\"name\":\"Librairie 7L\",\"description\":\"Librairie fond\u00e9e en 1999 par Karl Lagerfeld \u00e0 Paris\",\"publisher\":{\"@id\":\"https:\/\/librairie7l.com\/en\/#organization\"},\"potentialAction\":[{\"@type\":\"SearchAction\",\"target\":{\"@type\":\"EntryPoint\",\"urlTemplate\":\"https:\/\/librairie7l.com\/en\/?s={search_term_string}\"},\"query-input\":\"required name=search_term_string\"}],\"inLanguage\":\"en-US\"},{\"@type\":\"Organization\",\"@id\":\"https:\/\/librairie7l.com\/en\/#organization\",\"name\":\"Librairie 7L\",\"url\":\"https:\/\/librairie7l.com\/en\/\",\"logo\":{\"@type\":\"ImageObject\",\"inLanguage\":\"en-US\",\"@id\":\"https:\/\/librairie7l.com\/en\/#\/schema\/logo\/image\/\",\"url\":\"https:\/\/librairie7l.com\/wp-content\/uploads\/2022\/08\/logo-1.png\",\"contentUrl\":\"https:\/\/librairie7l.com\/wp-content\/uploads\/2022\/08\/logo-1.png\",\"width\":227,\"height\":301,\"caption\":\"Librairie 7L\"},\"image\":{\"@id\":\"https:\/\/librairie7l.com\/en\/#\/schema\/logo\/image\/\"}}]}<\/script>\n<!-- \/ Yoast SEO plugin. -->","yoast_head_json":{"title":"Phyllis Dalton : A career in costume - Librairie 7L","robots":{"index":"index","follow":"follow","max-snippet":"max-snippet:-1","max-image-preview":"max-image-preview:large","max-video-preview":"max-video-preview:-1"},"canonical":"https:\/\/librairie7l.com\/en\/produit\/phyllis-dalton-a-career-in-costume-2\/","og_locale":"en_US","og_type":"article","og_title":"Phyllis Dalton : A career in costume - Librairie 7L","og_description":"L&#8217;histoire extraordinaire de la costumi\u00e8re Phyllis Dalton, remplie d&#8217;id\u00e9es, de souvenirs et de r\u00e9v\u00e9lations d&#8217;une vie pass\u00e9e sur les plus grands lieux de tournage du XXe si\u00e8cle. En conversation avec l&#8217;historien du cin\u00e9ma Alexander Ballinger, Phyllis Dalton (1925-2025) r\u00e9v\u00e8le comment elle a cr\u00e9\u00e9 certains des costumes les plus inoubliables et les plus embl\u00e9matiques du grand [&hellip;]","og_url":"https:\/\/librairie7l.com\/en\/produit\/phyllis-dalton-a-career-in-costume-2\/","og_site_name":"Librairie 7L","article_modified_time":"2026-04-21T10:32:35+00:00","og_image":[{"width":600,"height":757,"url":"https:\/\/librairie7l.com\/wp-content\/uploads\/2025\/09\/9781399995641_1_75.jpg","type":"image\/jpeg"}],"twitter_card":"summary_large_image","twitter_misc":{"Est. reading time":"1 minute"},"schema":{"@context":"https:\/\/schema.org","@graph":[{"@type":"WebPage","@id":"https:\/\/librairie7l.com\/en\/produit\/phyllis-dalton-a-career-in-costume-2\/","url":"https:\/\/librairie7l.com\/en\/produit\/phyllis-dalton-a-career-in-costume-2\/","name":"Phyllis Dalton : A career in costume - Librairie 7L","isPartOf":{"@id":"https:\/\/librairie7l.com\/en\/#website"},"datePublished":"2026-01-16T08:18:14+00:00","dateModified":"2026-04-21T10:32:35+00:00","breadcrumb":{"@id":"https:\/\/librairie7l.com\/en\/produit\/phyllis-dalton-a-career-in-costume-2\/#breadcrumb"},"inLanguage":"en-US","potentialAction":[{"@type":"ReadAction","target":["https:\/\/librairie7l.com\/en\/produit\/phyllis-dalton-a-career-in-costume-2\/"]}]},{"@type":"BreadcrumbList","@id":"https:\/\/librairie7l.com\/en\/produit\/phyllis-dalton-a-career-in-costume-2\/#breadcrumb","itemListElement":[{"@type":"ListItem","position":1,"name":"Accueil","item":"https:\/\/librairie7l.com\/en\/"},{"@type":"ListItem","position":2,"name":"Shop","item":"https:\/\/librairie7l.com\/en\/shop\/"},{"@type":"ListItem","position":3,"name":"PHYLLIS DALTON : A CAREER IN COSTUME"}]},{"@type":"WebSite","@id":"https:\/\/librairie7l.com\/en\/#website","url":"https:\/\/librairie7l.com\/en\/","name":"Librairie 7L","description":"Librairie fond\u00e9e en 1999 par Karl Lagerfeld \u00e0 Paris","publisher":{"@id":"https:\/\/librairie7l.com\/en\/#organization"},"potentialAction":[{"@type":"SearchAction","target":{"@type":"EntryPoint","urlTemplate":"https:\/\/librairie7l.com\/en\/?s={search_term_string}"},"query-input":"required name=search_term_string"}],"inLanguage":"en-US"},{"@type":"Organization","@id":"https:\/\/librairie7l.com\/en\/#organization","name":"Librairie 7L","url":"https:\/\/librairie7l.com\/en\/","logo":{"@type":"ImageObject","inLanguage":"en-US","@id":"https:\/\/librairie7l.com\/en\/#\/schema\/logo\/image\/","url":"https:\/\/librairie7l.com\/wp-content\/uploads\/2022\/08\/logo-1.png","contentUrl":"https:\/\/librairie7l.com\/wp-content\/uploads\/2022\/08\/logo-1.png","width":227,"height":301,"caption":"Librairie 7L"},"image":{"@id":"https:\/\/librairie7l.com\/en\/#\/schema\/logo\/image\/"}}]}},"_links":{"self":[{"href":"https:\/\/librairie7l.com\/en\/wp-json\/wp\/v2\/product\/53764"}],"collection":[{"href":"https:\/\/librairie7l.com\/en\/wp-json\/wp\/v2\/product"}],"about":[{"href":"https:\/\/librairie7l.com\/en\/wp-json\/wp\/v2\/types\/product"}],"wp:featuredmedia":[{"embeddable":true,"href":"https:\/\/librairie7l.com\/en\/wp-json\/wp\/v2\/media\/53762"}],"wp:attachment":[{"href":"https:\/\/librairie7l.com\/en\/wp-json\/wp\/v2\/media?parent=53764"}],"wp:term":[{"taxonomy":"product_cat","embeddable":true,"href":"https:\/\/librairie7l.com\/en\/wp-json\/wp\/v2\/product_cat?post=53764"},{"taxonomy":"product_tag","embeddable":true,"href":"https:\/\/librairie7l.com\/en\/wp-json\/wp\/v2\/product_tag?post=53764"}],"curies":[{"name":"wp","href":"https:\/\/api.w.org\/{rel}","templated":true}]}}