{"id":53773,"date":"2026-01-16T15:33:07","date_gmt":"2026-01-16T14:33:07","guid":{"rendered":"https:\/\/librairie7l.com\/?post_type=product&#038;p=53773"},"modified":"2026-05-14T15:33:44","modified_gmt":"2026-05-14T13:33:44","slug":"exodes-2","status":"publish","type":"product","link":"https:\/\/librairie7l.com\/en\/produit\/exodes-2\/","title":{"rendered":"EXODES"},"content":{"rendered":"<p>Pr\u00e8s d&#8217;une g\u00e9n\u00e9ration a pass\u00e9 depuis que Sebasti\u00e3o Salgado a publi\u00e9 Exodes pour la premi\u00e8re fois. Pourtant le r\u00e9cit qu&#8217;il fait, celui des mouvements de populations dans le monde entier, n&#8217;a que peu chang\u00e9 en seize ans. Les facteurs d&#8217;attraction et de r\u00e9pulsion de certains territoires ont certes \u00e9volu\u00e9, le coeur du conflit s&#8217;est certes d\u00e9plac\u00e9 du Rwanda \u00e0 la Syrie, les peuples qui quittent leur foyer n&#8217;en racontent pas moins la m\u00eame histoire: une histoire faite de d\u00e9nuement, d&#8217;\u00e9preuves et de lueurs d&#8217;espoir, tiss\u00e9e au fil d&#8217;une longue errance au prix d&#8217;efforts psychologiques autant que physiques.<\/p>\n<p>Salgado a pass\u00e9 six ans aux c\u00f4t\u00e9s des migrants, parcourant plus de 35 pays pour t\u00e9moigner des d\u00e9placements de population sur la route, dans les camps et dans les bidonvilles surpeupl\u00e9s o\u00f9 les nouveaux arrivants ach\u00e8vent le plus souvent leur voyage. Son projet \u00e9voque le p\u00e9riple des Latino-Am\u00e9ricains vers les \u00c9tats-Unis, celui des juifs abandonnant l&#8217;ex-Union sovi\u00e9tique, des Kosovars fuyant l&#8217;Albanie, des r\u00e9fugi\u00e9s hutus venus du Rwanda, ainsi que des premi\u00e8res \u00abembarcations\u00bb d&#8217;Arabes et d&#8217;Africains originaires du Sud du Sahara tentant d&#8217;atteindre l&#8217;Europe par la mer M\u00e9diterran\u00e9e. Ses clich\u00e9s montrent autant ceux qui savent o\u00f9 aller que ceux qui sont simplement en fuite, d\u00e9j\u00e0 soulag\u00e9s d&#8217;\u00eatre sain et sauf et physiquement capables de marcher. Les visages qu&#8217;il a rencontr\u00e9s r\u00e9v\u00e8lent dignit\u00e9 et compassion dans les situations les plus \u00e2pres, mais aussi les nombreux ravages de la violence, de la haine et de l&#8217;avidit\u00e9.<\/p>\n<p>Gr\u00e2ce \u00e0 son regard singulier, attentif aux moindres gestes et d\u00e9tails, Salgado saisit chaque \u00e9v\u00e9nement marquant des mouvements migratoires, autant que les flux de masses: des camions surcharg\u00e9s, des bateaux surpeupl\u00e9s et des camps s&#8217;\u00e9tirant \u00e0 perte de vue, vers un horizon assombri par les nuages, une jambe maigre, entour\u00e9e d&#8217;un bandage, l&#8217;empreinte d&#8217;un doigt imprim\u00e9 sur une feuille, une discussion avec un garde des fronti\u00e8res, une m\u00e8re serrant avec force son b\u00e9b\u00e9 et son balluchon sur sa poitrine. Insistant sur l&#8217;ampleur du ph\u00e9nom\u00e8ne des migrants, Salgado n&#8217;oublie pas aussi, avec son humanisme caract\u00e9ristique, les histoires personnelles derri\u00e8re les chiffres impressionnants. \u00c0 la diff\u00e9rence des visages noy\u00e9s dans le flot de s\u00e9quences des reportages t\u00e9l\u00e9vis\u00e9s ou des foules illustrant la une du journal, ce sont l\u00e0 les portraits d&#8217;individus, de personnes dont l&#8217;identit\u00e9 demeure, y compris dans le gouffre provoqu\u00e9 par la perte d&#8217;une patrie, d&#8217;un foyer, parfois m\u00eame d&#8217;\u00eatres chers.<\/p>\n<p>Dans le m\u00eame temps, Salgado montre les similarit\u00e9s des situations des migrants, qui partagent une exp\u00e9rience commune et universelle. Il nous implique, non comme simples t\u00e9moins des souffrances des r\u00e9fugi\u00e9s ou des exil\u00e9s, mais comme acteurs des \u00e9volutions sociales et politiques que constituent l&#8217;information mondialis\u00e9e, l&#8217;urbanisation et les dommages \u00e9cologiques, ainsi que les profonds \u00e9carts de richesse, autant de facteurs qui provoquent les ph\u00e9nom\u00e8nes migratoires. Au moment o\u00f9 les embarcations flottant en direction des c\u00f4tes grecques et italiennes am\u00e8nent vers l&#8217;Europe une migration d&#8217;une ampleur sans pr\u00e9c\u00e9dent depuis la Seconde Guerre mondiale, Exodes lance un appel, non seulement pour une prise de conscience accrue, mais en faveur de notre responsabilit\u00e9 et de notre engagement. En voyant les corps meurtris, les centaines de pieds nus sur le macadam br\u00fblant, notre devoir n&#8217;est pas de leur porter un regard compatissant, mais, selon les mots m\u00eames de Salgado, de mod\u00e9rer nos comportements en mati\u00e8res politique, \u00e9conomique et environnementale, pour un \u00abnouveau mode de coexistence\u00bb.<\/p>\n","protected":false},"excerpt":{"rendered":"<p>Pr\u00e8s d&#8217;une g\u00e9n\u00e9ration a pass\u00e9 depuis que Sebasti\u00e3o Salgado a publi\u00e9 Exodes pour la premi\u00e8re fois. Pourtant le r\u00e9cit qu&#8217;il fait, celui des mouvements de populations dans le monde entier, n&#8217;a que peu chang\u00e9 en seize ans. Les facteurs d&#8217;attraction et de r\u00e9pulsion de certains territoires ont certes \u00e9volu\u00e9, le coeur du conflit s&#8217;est certes [&hellip;]<\/p>\n","protected":false},"featured_media":53771,"template":"","meta":[],"product_cat":[7364,2948],"product_tag":[],"acf":[],"yoast_head":"<!-- This site is optimized with the Yoast SEO plugin v20.11 - https:\/\/yoast.com\/wordpress\/plugins\/seo\/ -->\n<title>Exodes - Librairie 7L<\/title>\n<meta name=\"robots\" content=\"index, follow, max-snippet:-1, max-image-preview:large, max-video-preview:-1\" \/>\n<link rel=\"canonical\" href=\"https:\/\/librairie7l.com\/en\/produit\/exodes-2\/\" \/>\n<meta property=\"og:locale\" content=\"en_US\" \/>\n<meta property=\"og:type\" content=\"article\" \/>\n<meta property=\"og:title\" content=\"Exodes - Librairie 7L\" \/>\n<meta property=\"og:description\" content=\"Pr\u00e8s d&#8217;une g\u00e9n\u00e9ration a pass\u00e9 depuis que Sebasti\u00e3o Salgado a publi\u00e9 Exodes pour la premi\u00e8re fois. Pourtant le r\u00e9cit qu&#8217;il fait, celui des mouvements de populations dans le monde entier, n&#8217;a que peu chang\u00e9 en seize ans. Les facteurs d&#8217;attraction et de r\u00e9pulsion de certains territoires ont certes \u00e9volu\u00e9, le coeur du conflit s&#8217;est certes [&hellip;]\" \/>\n<meta property=\"og:url\" content=\"https:\/\/librairie7l.com\/en\/produit\/exodes-2\/\" \/>\n<meta property=\"og:site_name\" content=\"Librairie 7L\" \/>\n<meta property=\"article:modified_time\" content=\"2026-05-14T13:33:44+00:00\" \/>\n<meta property=\"og:image\" content=\"https:\/\/librairie7l.com\/wp-content\/uploads\/2016\/04\/9783836561310_1_75.jpg\" \/>\n\t<meta property=\"og:image:width\" content=\"600\" \/>\n\t<meta property=\"og:image:height\" content=\"789\" \/>\n\t<meta property=\"og:image:type\" content=\"image\/jpeg\" \/>\n<meta name=\"twitter:card\" content=\"summary_large_image\" \/>\n<meta name=\"twitter:label1\" content=\"Est. reading time\" \/>\n\t<meta name=\"twitter:data1\" content=\"3 minutes\" \/>\n<script type=\"application\/ld+json\" class=\"yoast-schema-graph\">{\"@context\":\"https:\/\/schema.org\",\"@graph\":[{\"@type\":\"WebPage\",\"@id\":\"https:\/\/librairie7l.com\/en\/produit\/exodes-2\/\",\"url\":\"https:\/\/librairie7l.com\/en\/produit\/exodes-2\/\",\"name\":\"Exodes - Librairie 7L\",\"isPartOf\":{\"@id\":\"https:\/\/librairie7l.com\/en\/#website\"},\"datePublished\":\"2026-01-16T14:33:07+00:00\",\"dateModified\":\"2026-05-14T13:33:44+00:00\",\"breadcrumb\":{\"@id\":\"https:\/\/librairie7l.com\/en\/produit\/exodes-2\/#breadcrumb\"},\"inLanguage\":\"en-US\",\"potentialAction\":[{\"@type\":\"ReadAction\",\"target\":[\"https:\/\/librairie7l.com\/en\/produit\/exodes-2\/\"]}]},{\"@type\":\"BreadcrumbList\",\"@id\":\"https:\/\/librairie7l.com\/en\/produit\/exodes-2\/#breadcrumb\",\"itemListElement\":[{\"@type\":\"ListItem\",\"position\":1,\"name\":\"Accueil\",\"item\":\"https:\/\/librairie7l.com\/en\/\"},{\"@type\":\"ListItem\",\"position\":2,\"name\":\"Shop\",\"item\":\"https:\/\/librairie7l.com\/en\/shop\/\"},{\"@type\":\"ListItem\",\"position\":3,\"name\":\"EXODES\"}]},{\"@type\":\"WebSite\",\"@id\":\"https:\/\/librairie7l.com\/en\/#website\",\"url\":\"https:\/\/librairie7l.com\/en\/\",\"name\":\"Librairie 7L\",\"description\":\"Librairie fond\u00e9e en 1999 par Karl Lagerfeld \u00e0 Paris\",\"publisher\":{\"@id\":\"https:\/\/librairie7l.com\/en\/#organization\"},\"potentialAction\":[{\"@type\":\"SearchAction\",\"target\":{\"@type\":\"EntryPoint\",\"urlTemplate\":\"https:\/\/librairie7l.com\/en\/?s={search_term_string}\"},\"query-input\":\"required name=search_term_string\"}],\"inLanguage\":\"en-US\"},{\"@type\":\"Organization\",\"@id\":\"https:\/\/librairie7l.com\/en\/#organization\",\"name\":\"Librairie 7L\",\"url\":\"https:\/\/librairie7l.com\/en\/\",\"logo\":{\"@type\":\"ImageObject\",\"inLanguage\":\"en-US\",\"@id\":\"https:\/\/librairie7l.com\/en\/#\/schema\/logo\/image\/\",\"url\":\"https:\/\/librairie7l.com\/wp-content\/uploads\/2022\/08\/logo-1.png\",\"contentUrl\":\"https:\/\/librairie7l.com\/wp-content\/uploads\/2022\/08\/logo-1.png\",\"width\":227,\"height\":301,\"caption\":\"Librairie 7L\"},\"image\":{\"@id\":\"https:\/\/librairie7l.com\/en\/#\/schema\/logo\/image\/\"}}]}<\/script>\n<!-- \/ Yoast SEO plugin. -->","yoast_head_json":{"title":"Exodes - Librairie 7L","robots":{"index":"index","follow":"follow","max-snippet":"max-snippet:-1","max-image-preview":"max-image-preview:large","max-video-preview":"max-video-preview:-1"},"canonical":"https:\/\/librairie7l.com\/en\/produit\/exodes-2\/","og_locale":"en_US","og_type":"article","og_title":"Exodes - Librairie 7L","og_description":"Pr\u00e8s d&#8217;une g\u00e9n\u00e9ration a pass\u00e9 depuis que Sebasti\u00e3o Salgado a publi\u00e9 Exodes pour la premi\u00e8re fois. Pourtant le r\u00e9cit qu&#8217;il fait, celui des mouvements de populations dans le monde entier, n&#8217;a que peu chang\u00e9 en seize ans. Les facteurs d&#8217;attraction et de r\u00e9pulsion de certains territoires ont certes \u00e9volu\u00e9, le coeur du conflit s&#8217;est certes [&hellip;]","og_url":"https:\/\/librairie7l.com\/en\/produit\/exodes-2\/","og_site_name":"Librairie 7L","article_modified_time":"2026-05-14T13:33:44+00:00","og_image":[{"width":600,"height":789,"url":"https:\/\/librairie7l.com\/wp-content\/uploads\/2016\/04\/9783836561310_1_75.jpg","type":"image\/jpeg"}],"twitter_card":"summary_large_image","twitter_misc":{"Est. reading time":"3 minutes"},"schema":{"@context":"https:\/\/schema.org","@graph":[{"@type":"WebPage","@id":"https:\/\/librairie7l.com\/en\/produit\/exodes-2\/","url":"https:\/\/librairie7l.com\/en\/produit\/exodes-2\/","name":"Exodes - Librairie 7L","isPartOf":{"@id":"https:\/\/librairie7l.com\/en\/#website"},"datePublished":"2026-01-16T14:33:07+00:00","dateModified":"2026-05-14T13:33:44+00:00","breadcrumb":{"@id":"https:\/\/librairie7l.com\/en\/produit\/exodes-2\/#breadcrumb"},"inLanguage":"en-US","potentialAction":[{"@type":"ReadAction","target":["https:\/\/librairie7l.com\/en\/produit\/exodes-2\/"]}]},{"@type":"BreadcrumbList","@id":"https:\/\/librairie7l.com\/en\/produit\/exodes-2\/#breadcrumb","itemListElement":[{"@type":"ListItem","position":1,"name":"Accueil","item":"https:\/\/librairie7l.com\/en\/"},{"@type":"ListItem","position":2,"name":"Shop","item":"https:\/\/librairie7l.com\/en\/shop\/"},{"@type":"ListItem","position":3,"name":"EXODES"}]},{"@type":"WebSite","@id":"https:\/\/librairie7l.com\/en\/#website","url":"https:\/\/librairie7l.com\/en\/","name":"Librairie 7L","description":"Librairie fond\u00e9e en 1999 par Karl Lagerfeld \u00e0 Paris","publisher":{"@id":"https:\/\/librairie7l.com\/en\/#organization"},"potentialAction":[{"@type":"SearchAction","target":{"@type":"EntryPoint","urlTemplate":"https:\/\/librairie7l.com\/en\/?s={search_term_string}"},"query-input":"required name=search_term_string"}],"inLanguage":"en-US"},{"@type":"Organization","@id":"https:\/\/librairie7l.com\/en\/#organization","name":"Librairie 7L","url":"https:\/\/librairie7l.com\/en\/","logo":{"@type":"ImageObject","inLanguage":"en-US","@id":"https:\/\/librairie7l.com\/en\/#\/schema\/logo\/image\/","url":"https:\/\/librairie7l.com\/wp-content\/uploads\/2022\/08\/logo-1.png","contentUrl":"https:\/\/librairie7l.com\/wp-content\/uploads\/2022\/08\/logo-1.png","width":227,"height":301,"caption":"Librairie 7L"},"image":{"@id":"https:\/\/librairie7l.com\/en\/#\/schema\/logo\/image\/"}}]}},"_links":{"self":[{"href":"https:\/\/librairie7l.com\/en\/wp-json\/wp\/v2\/product\/53773"}],"collection":[{"href":"https:\/\/librairie7l.com\/en\/wp-json\/wp\/v2\/product"}],"about":[{"href":"https:\/\/librairie7l.com\/en\/wp-json\/wp\/v2\/types\/product"}],"wp:featuredmedia":[{"embeddable":true,"href":"https:\/\/librairie7l.com\/en\/wp-json\/wp\/v2\/media\/53771"}],"wp:attachment":[{"href":"https:\/\/librairie7l.com\/en\/wp-json\/wp\/v2\/media?parent=53773"}],"wp:term":[{"taxonomy":"product_cat","embeddable":true,"href":"https:\/\/librairie7l.com\/en\/wp-json\/wp\/v2\/product_cat?post=53773"},{"taxonomy":"product_tag","embeddable":true,"href":"https:\/\/librairie7l.com\/en\/wp-json\/wp\/v2\/product_tag?post=53773"}],"curies":[{"name":"wp","href":"https:\/\/api.w.org\/{rel}","templated":true}]}}