{"id":53778,"date":"2026-01-17T09:18:16","date_gmt":"2026-01-17T08:18:16","guid":{"rendered":"https:\/\/librairie7l.com\/?post_type=product&#038;p=53778"},"modified":"2026-04-21T10:54:28","modified_gmt":"2026-04-21T08:54:28","slug":"kawase-hasui-modern-visions-of-japan-2","status":"publish","type":"product","link":"https:\/\/librairie7l.com\/en\/produit\/kawase-hasui-modern-visions-of-japan-2\/","title":{"rendered":"KAWASE HASUI  : MODERN VISIONS OF JAPAN"},"content":{"rendered":"<p>Kawase Hasui (1883-1957) fut un ma\u00eetre japonais du mouvement shin hanga, r\u00e9inventant paysages traditionnels avec une touche moderne influenc\u00e9e par la peinture occidentale. Form\u00e9 d&#8217;abord \u00e0 la peinture japonaise, il se tourna vers la gravure sur bois en 1919, cr\u00e9ant pr\u00e8s de mille estampes qui capturent une vision nostalgique et contemporaine du Japon. D\u00e9sign\u00e9 Tr\u00e9sor National Vivant, son uvre t\u00e9moigne d&#8217;un Japon en pleine modernisation. Kawase Hasui: Modern Visions of Japan explore sa vie, ses voyages, ses techniques et son h\u00e9ritage artistique, offrant une analyse riche et visuelle pour amateurs et chercheurs.<\/p>\n","protected":false},"excerpt":{"rendered":"<p>Kawase Hasui (1883-1957) fut un ma\u00eetre japonais du mouvement shin hanga, r\u00e9inventant paysages traditionnels avec une touche moderne influenc\u00e9e par la peinture occidentale. Form\u00e9 d&#8217;abord \u00e0 la peinture japonaise, il se tourna vers la gravure sur bois en 1919, cr\u00e9ant pr\u00e8s de mille estampes qui capturent une vision nostalgique et contemporaine du Japon. D\u00e9sign\u00e9 Tr\u00e9sor [&hellip;]<\/p>\n","protected":false},"featured_media":53776,"template":"","meta":[],"product_cat":[2948],"product_tag":[],"acf":[],"yoast_head":"<!-- This site is optimized with the Yoast SEO plugin v20.11 - https:\/\/yoast.com\/wordpress\/plugins\/seo\/ -->\n<title>Kawase Hasui : Modern Visions of Japan - Librairie 7L<\/title>\n<meta name=\"robots\" content=\"index, follow, max-snippet:-1, max-image-preview:large, max-video-preview:-1\" \/>\n<link rel=\"canonical\" href=\"https:\/\/librairie7l.com\/en\/produit\/kawase-hasui-modern-visions-of-japan-2\/\" \/>\n<meta property=\"og:locale\" content=\"en_US\" \/>\n<meta property=\"og:type\" content=\"article\" \/>\n<meta property=\"og:title\" content=\"Kawase Hasui : Modern Visions of Japan - Librairie 7L\" \/>\n<meta property=\"og:description\" content=\"Kawase Hasui (1883-1957) fut un ma\u00eetre japonais du mouvement shin hanga, r\u00e9inventant paysages traditionnels avec une touche moderne influenc\u00e9e par la peinture occidentale. Form\u00e9 d&#8217;abord \u00e0 la peinture japonaise, il se tourna vers la gravure sur bois en 1919, cr\u00e9ant pr\u00e8s de mille estampes qui capturent une vision nostalgique et contemporaine du Japon. D\u00e9sign\u00e9 Tr\u00e9sor [&hellip;]\" \/>\n<meta property=\"og:url\" content=\"https:\/\/librairie7l.com\/en\/produit\/kawase-hasui-modern-visions-of-japan-2\/\" \/>\n<meta property=\"og:site_name\" content=\"Librairie 7L\" \/>\n<meta property=\"article:modified_time\" content=\"2026-04-21T08:54:28+00:00\" \/>\n<meta property=\"og:image\" content=\"https:\/\/librairie7l.com\/wp-content\/uploads\/2025\/08\/9789464781182_1_75.jpg\" \/>\n\t<meta property=\"og:image:width\" content=\"408\" \/>\n\t<meta property=\"og:image:height\" content=\"500\" \/>\n\t<meta property=\"og:image:type\" content=\"image\/jpeg\" \/>\n<meta name=\"twitter:card\" content=\"summary_large_image\" \/>\n<script type=\"application\/ld+json\" class=\"yoast-schema-graph\">{\"@context\":\"https:\/\/schema.org\",\"@graph\":[{\"@type\":\"WebPage\",\"@id\":\"https:\/\/librairie7l.com\/en\/produit\/kawase-hasui-modern-visions-of-japan-2\/\",\"url\":\"https:\/\/librairie7l.com\/en\/produit\/kawase-hasui-modern-visions-of-japan-2\/\",\"name\":\"Kawase Hasui : Modern Visions of Japan - Librairie 7L\",\"isPartOf\":{\"@id\":\"https:\/\/librairie7l.com\/en\/#website\"},\"datePublished\":\"2026-01-17T08:18:16+00:00\",\"dateModified\":\"2026-04-21T08:54:28+00:00\",\"breadcrumb\":{\"@id\":\"https:\/\/librairie7l.com\/en\/produit\/kawase-hasui-modern-visions-of-japan-2\/#breadcrumb\"},\"inLanguage\":\"en-US\",\"potentialAction\":[{\"@type\":\"ReadAction\",\"target\":[\"https:\/\/librairie7l.com\/en\/produit\/kawase-hasui-modern-visions-of-japan-2\/\"]}]},{\"@type\":\"BreadcrumbList\",\"@id\":\"https:\/\/librairie7l.com\/en\/produit\/kawase-hasui-modern-visions-of-japan-2\/#breadcrumb\",\"itemListElement\":[{\"@type\":\"ListItem\",\"position\":1,\"name\":\"Accueil\",\"item\":\"https:\/\/librairie7l.com\/en\/\"},{\"@type\":\"ListItem\",\"position\":2,\"name\":\"Shop\",\"item\":\"https:\/\/librairie7l.com\/en\/shop\/\"},{\"@type\":\"ListItem\",\"position\":3,\"name\":\"KAWASE HASUI : MODERN VISIONS OF JAPAN\"}]},{\"@type\":\"WebSite\",\"@id\":\"https:\/\/librairie7l.com\/en\/#website\",\"url\":\"https:\/\/librairie7l.com\/en\/\",\"name\":\"Librairie 7L\",\"description\":\"Librairie fond\u00e9e en 1999 par Karl Lagerfeld \u00e0 Paris\",\"publisher\":{\"@id\":\"https:\/\/librairie7l.com\/en\/#organization\"},\"potentialAction\":[{\"@type\":\"SearchAction\",\"target\":{\"@type\":\"EntryPoint\",\"urlTemplate\":\"https:\/\/librairie7l.com\/en\/?s={search_term_string}\"},\"query-input\":\"required name=search_term_string\"}],\"inLanguage\":\"en-US\"},{\"@type\":\"Organization\",\"@id\":\"https:\/\/librairie7l.com\/en\/#organization\",\"name\":\"Librairie 7L\",\"url\":\"https:\/\/librairie7l.com\/en\/\",\"logo\":{\"@type\":\"ImageObject\",\"inLanguage\":\"en-US\",\"@id\":\"https:\/\/librairie7l.com\/en\/#\/schema\/logo\/image\/\",\"url\":\"https:\/\/librairie7l.com\/wp-content\/uploads\/2022\/08\/logo-1.png\",\"contentUrl\":\"https:\/\/librairie7l.com\/wp-content\/uploads\/2022\/08\/logo-1.png\",\"width\":227,\"height\":301,\"caption\":\"Librairie 7L\"},\"image\":{\"@id\":\"https:\/\/librairie7l.com\/en\/#\/schema\/logo\/image\/\"}}]}<\/script>\n<!-- \/ Yoast SEO plugin. -->","yoast_head_json":{"title":"Kawase Hasui : Modern Visions of Japan - Librairie 7L","robots":{"index":"index","follow":"follow","max-snippet":"max-snippet:-1","max-image-preview":"max-image-preview:large","max-video-preview":"max-video-preview:-1"},"canonical":"https:\/\/librairie7l.com\/en\/produit\/kawase-hasui-modern-visions-of-japan-2\/","og_locale":"en_US","og_type":"article","og_title":"Kawase Hasui : Modern Visions of Japan - Librairie 7L","og_description":"Kawase Hasui (1883-1957) fut un ma\u00eetre japonais du mouvement shin hanga, r\u00e9inventant paysages traditionnels avec une touche moderne influenc\u00e9e par la peinture occidentale. Form\u00e9 d&#8217;abord \u00e0 la peinture japonaise, il se tourna vers la gravure sur bois en 1919, cr\u00e9ant pr\u00e8s de mille estampes qui capturent une vision nostalgique et contemporaine du Japon. D\u00e9sign\u00e9 Tr\u00e9sor [&hellip;]","og_url":"https:\/\/librairie7l.com\/en\/produit\/kawase-hasui-modern-visions-of-japan-2\/","og_site_name":"Librairie 7L","article_modified_time":"2026-04-21T08:54:28+00:00","og_image":[{"width":408,"height":500,"url":"https:\/\/librairie7l.com\/wp-content\/uploads\/2025\/08\/9789464781182_1_75.jpg","type":"image\/jpeg"}],"twitter_card":"summary_large_image","schema":{"@context":"https:\/\/schema.org","@graph":[{"@type":"WebPage","@id":"https:\/\/librairie7l.com\/en\/produit\/kawase-hasui-modern-visions-of-japan-2\/","url":"https:\/\/librairie7l.com\/en\/produit\/kawase-hasui-modern-visions-of-japan-2\/","name":"Kawase Hasui : Modern Visions of Japan - Librairie 7L","isPartOf":{"@id":"https:\/\/librairie7l.com\/en\/#website"},"datePublished":"2026-01-17T08:18:16+00:00","dateModified":"2026-04-21T08:54:28+00:00","breadcrumb":{"@id":"https:\/\/librairie7l.com\/en\/produit\/kawase-hasui-modern-visions-of-japan-2\/#breadcrumb"},"inLanguage":"en-US","potentialAction":[{"@type":"ReadAction","target":["https:\/\/librairie7l.com\/en\/produit\/kawase-hasui-modern-visions-of-japan-2\/"]}]},{"@type":"BreadcrumbList","@id":"https:\/\/librairie7l.com\/en\/produit\/kawase-hasui-modern-visions-of-japan-2\/#breadcrumb","itemListElement":[{"@type":"ListItem","position":1,"name":"Accueil","item":"https:\/\/librairie7l.com\/en\/"},{"@type":"ListItem","position":2,"name":"Shop","item":"https:\/\/librairie7l.com\/en\/shop\/"},{"@type":"ListItem","position":3,"name":"KAWASE HASUI : MODERN VISIONS OF JAPAN"}]},{"@type":"WebSite","@id":"https:\/\/librairie7l.com\/en\/#website","url":"https:\/\/librairie7l.com\/en\/","name":"Librairie 7L","description":"Librairie fond\u00e9e en 1999 par Karl Lagerfeld \u00e0 Paris","publisher":{"@id":"https:\/\/librairie7l.com\/en\/#organization"},"potentialAction":[{"@type":"SearchAction","target":{"@type":"EntryPoint","urlTemplate":"https:\/\/librairie7l.com\/en\/?s={search_term_string}"},"query-input":"required name=search_term_string"}],"inLanguage":"en-US"},{"@type":"Organization","@id":"https:\/\/librairie7l.com\/en\/#organization","name":"Librairie 7L","url":"https:\/\/librairie7l.com\/en\/","logo":{"@type":"ImageObject","inLanguage":"en-US","@id":"https:\/\/librairie7l.com\/en\/#\/schema\/logo\/image\/","url":"https:\/\/librairie7l.com\/wp-content\/uploads\/2022\/08\/logo-1.png","contentUrl":"https:\/\/librairie7l.com\/wp-content\/uploads\/2022\/08\/logo-1.png","width":227,"height":301,"caption":"Librairie 7L"},"image":{"@id":"https:\/\/librairie7l.com\/en\/#\/schema\/logo\/image\/"}}]}},"_links":{"self":[{"href":"https:\/\/librairie7l.com\/en\/wp-json\/wp\/v2\/product\/53778"}],"collection":[{"href":"https:\/\/librairie7l.com\/en\/wp-json\/wp\/v2\/product"}],"about":[{"href":"https:\/\/librairie7l.com\/en\/wp-json\/wp\/v2\/types\/product"}],"wp:featuredmedia":[{"embeddable":true,"href":"https:\/\/librairie7l.com\/en\/wp-json\/wp\/v2\/media\/53776"}],"wp:attachment":[{"href":"https:\/\/librairie7l.com\/en\/wp-json\/wp\/v2\/media?parent=53778"}],"wp:term":[{"taxonomy":"product_cat","embeddable":true,"href":"https:\/\/librairie7l.com\/en\/wp-json\/wp\/v2\/product_cat?post=53778"},{"taxonomy":"product_tag","embeddable":true,"href":"https:\/\/librairie7l.com\/en\/wp-json\/wp\/v2\/product_tag?post=53778"}],"curies":[{"name":"wp","href":"https:\/\/api.w.org\/{rel}","templated":true}]}}