{"id":53811,"date":"2026-01-18T12:55:00","date_gmt":"2026-01-18T11:55:00","guid":{"rendered":"https:\/\/librairie7l.com\/?post_type=product&#038;p=53811"},"modified":"2026-05-14T14:43:51","modified_gmt":"2026-05-14T12:43:51","slug":"rose-royal-2","status":"publish","type":"product","link":"https:\/\/librairie7l.com\/en\/produit\/rose-royal-2\/","title":{"rendered":"ROSE ROYAL"},"content":{"rendered":"<p>Rose a la cinquantaine, une vie derri\u00e8re elle, avec ses joies, ses d\u00e9veines, des gosses, un divorce. Et des mecs qui presque tous lui ont fait mal. Le soir, en sortant du boulot, elle se rend au Royal, un bar o\u00f9 elle a ses habitudes. L\u00e0, elle boit. De temps en temps, elle y retrouve sa grande copine Marie-Jeanne. Puis, elle rentre chez elle et le lendemain tout recommence. Mais une nuit, Luc d\u00e9barque au Royal et Rose se laisse prendre une derni\u00e8re fois \u00e0 cette farce du grand amour.<br \/>\nSauf qu&#8217;elle s&#8217;est jur\u00e9 que plus jamais un mec ne lui ferait du mal.<\/p>\n","protected":false},"excerpt":{"rendered":"<p>Rose a la cinquantaine, une vie derri\u00e8re elle, avec ses joies, ses d\u00e9veines, des gosses, un divorce. Et des mecs qui presque tous lui ont fait mal. Le soir, en sortant du boulot, elle se rend au Royal, un bar o\u00f9 elle a ses habitudes. L\u00e0, elle boit. De temps en temps, elle y retrouve [&hellip;]<\/p>\n","protected":false},"featured_media":53809,"template":"","meta":[],"product_cat":[7364,2948],"product_tag":[],"acf":[],"yoast_head":"<!-- This site is optimized with the Yoast SEO plugin v20.11 - https:\/\/yoast.com\/wordpress\/plugins\/seo\/ -->\n<title>Rose royal - Librairie 7L<\/title>\n<meta name=\"robots\" content=\"index, follow, max-snippet:-1, max-image-preview:large, max-video-preview:-1\" \/>\n<link rel=\"canonical\" href=\"https:\/\/librairie7l.com\/en\/produit\/rose-royal-2\/\" \/>\n<meta property=\"og:locale\" content=\"en_US\" \/>\n<meta property=\"og:type\" content=\"article\" \/>\n<meta property=\"og:title\" content=\"Rose royal - Librairie 7L\" \/>\n<meta property=\"og:description\" content=\"Rose a la cinquantaine, une vie derri\u00e8re elle, avec ses joies, ses d\u00e9veines, des gosses, un divorce. Et des mecs qui presque tous lui ont fait mal. Le soir, en sortant du boulot, elle se rend au Royal, un bar o\u00f9 elle a ses habitudes. L\u00e0, elle boit. De temps en temps, elle y retrouve [&hellip;]\" \/>\n<meta property=\"og:url\" content=\"https:\/\/librairie7l.com\/en\/produit\/rose-royal-2\/\" \/>\n<meta property=\"og:site_name\" content=\"Librairie 7L\" \/>\n<meta property=\"article:modified_time\" content=\"2026-05-14T12:43:51+00:00\" \/>\n<meta property=\"og:image\" content=\"https:\/\/librairie7l.com\/wp-content\/uploads\/2019\/05\/9782362240980_1_75.jpg\" \/>\n\t<meta property=\"og:image:width\" content=\"339\" \/>\n\t<meta property=\"og:image:height\" content=\"600\" \/>\n\t<meta property=\"og:image:type\" content=\"image\/jpeg\" \/>\n<meta name=\"twitter:card\" content=\"summary_large_image\" \/>\n<meta name=\"twitter:label1\" content=\"Est. reading time\" \/>\n\t<meta name=\"twitter:data1\" content=\"1 minute\" \/>\n<script type=\"application\/ld+json\" class=\"yoast-schema-graph\">{\"@context\":\"https:\/\/schema.org\",\"@graph\":[{\"@type\":\"WebPage\",\"@id\":\"https:\/\/librairie7l.com\/en\/produit\/rose-royal-2\/\",\"url\":\"https:\/\/librairie7l.com\/en\/produit\/rose-royal-2\/\",\"name\":\"Rose royal - Librairie 7L\",\"isPartOf\":{\"@id\":\"https:\/\/librairie7l.com\/en\/#website\"},\"datePublished\":\"2026-01-18T11:55:00+00:00\",\"dateModified\":\"2026-05-14T12:43:51+00:00\",\"breadcrumb\":{\"@id\":\"https:\/\/librairie7l.com\/en\/produit\/rose-royal-2\/#breadcrumb\"},\"inLanguage\":\"en-US\",\"potentialAction\":[{\"@type\":\"ReadAction\",\"target\":[\"https:\/\/librairie7l.com\/en\/produit\/rose-royal-2\/\"]}]},{\"@type\":\"BreadcrumbList\",\"@id\":\"https:\/\/librairie7l.com\/en\/produit\/rose-royal-2\/#breadcrumb\",\"itemListElement\":[{\"@type\":\"ListItem\",\"position\":1,\"name\":\"Accueil\",\"item\":\"https:\/\/librairie7l.com\/en\/\"},{\"@type\":\"ListItem\",\"position\":2,\"name\":\"Shop\",\"item\":\"https:\/\/librairie7l.com\/en\/shop\/\"},{\"@type\":\"ListItem\",\"position\":3,\"name\":\"ROSE ROYAL\"}]},{\"@type\":\"WebSite\",\"@id\":\"https:\/\/librairie7l.com\/en\/#website\",\"url\":\"https:\/\/librairie7l.com\/en\/\",\"name\":\"Librairie 7L\",\"description\":\"Librairie fond\u00e9e en 1999 par Karl Lagerfeld \u00e0 Paris\",\"publisher\":{\"@id\":\"https:\/\/librairie7l.com\/en\/#organization\"},\"potentialAction\":[{\"@type\":\"SearchAction\",\"target\":{\"@type\":\"EntryPoint\",\"urlTemplate\":\"https:\/\/librairie7l.com\/en\/?s={search_term_string}\"},\"query-input\":\"required name=search_term_string\"}],\"inLanguage\":\"en-US\"},{\"@type\":\"Organization\",\"@id\":\"https:\/\/librairie7l.com\/en\/#organization\",\"name\":\"Librairie 7L\",\"url\":\"https:\/\/librairie7l.com\/en\/\",\"logo\":{\"@type\":\"ImageObject\",\"inLanguage\":\"en-US\",\"@id\":\"https:\/\/librairie7l.com\/en\/#\/schema\/logo\/image\/\",\"url\":\"https:\/\/librairie7l.com\/wp-content\/uploads\/2022\/08\/logo-1.png\",\"contentUrl\":\"https:\/\/librairie7l.com\/wp-content\/uploads\/2022\/08\/logo-1.png\",\"width\":227,\"height\":301,\"caption\":\"Librairie 7L\"},\"image\":{\"@id\":\"https:\/\/librairie7l.com\/en\/#\/schema\/logo\/image\/\"}}]}<\/script>\n<!-- \/ Yoast SEO plugin. -->","yoast_head_json":{"title":"Rose royal - Librairie 7L","robots":{"index":"index","follow":"follow","max-snippet":"max-snippet:-1","max-image-preview":"max-image-preview:large","max-video-preview":"max-video-preview:-1"},"canonical":"https:\/\/librairie7l.com\/en\/produit\/rose-royal-2\/","og_locale":"en_US","og_type":"article","og_title":"Rose royal - Librairie 7L","og_description":"Rose a la cinquantaine, une vie derri\u00e8re elle, avec ses joies, ses d\u00e9veines, des gosses, un divorce. Et des mecs qui presque tous lui ont fait mal. Le soir, en sortant du boulot, elle se rend au Royal, un bar o\u00f9 elle a ses habitudes. L\u00e0, elle boit. De temps en temps, elle y retrouve [&hellip;]","og_url":"https:\/\/librairie7l.com\/en\/produit\/rose-royal-2\/","og_site_name":"Librairie 7L","article_modified_time":"2026-05-14T12:43:51+00:00","og_image":[{"width":339,"height":600,"url":"https:\/\/librairie7l.com\/wp-content\/uploads\/2019\/05\/9782362240980_1_75.jpg","type":"image\/jpeg"}],"twitter_card":"summary_large_image","twitter_misc":{"Est. reading time":"1 minute"},"schema":{"@context":"https:\/\/schema.org","@graph":[{"@type":"WebPage","@id":"https:\/\/librairie7l.com\/en\/produit\/rose-royal-2\/","url":"https:\/\/librairie7l.com\/en\/produit\/rose-royal-2\/","name":"Rose royal - Librairie 7L","isPartOf":{"@id":"https:\/\/librairie7l.com\/en\/#website"},"datePublished":"2026-01-18T11:55:00+00:00","dateModified":"2026-05-14T12:43:51+00:00","breadcrumb":{"@id":"https:\/\/librairie7l.com\/en\/produit\/rose-royal-2\/#breadcrumb"},"inLanguage":"en-US","potentialAction":[{"@type":"ReadAction","target":["https:\/\/librairie7l.com\/en\/produit\/rose-royal-2\/"]}]},{"@type":"BreadcrumbList","@id":"https:\/\/librairie7l.com\/en\/produit\/rose-royal-2\/#breadcrumb","itemListElement":[{"@type":"ListItem","position":1,"name":"Accueil","item":"https:\/\/librairie7l.com\/en\/"},{"@type":"ListItem","position":2,"name":"Shop","item":"https:\/\/librairie7l.com\/en\/shop\/"},{"@type":"ListItem","position":3,"name":"ROSE ROYAL"}]},{"@type":"WebSite","@id":"https:\/\/librairie7l.com\/en\/#website","url":"https:\/\/librairie7l.com\/en\/","name":"Librairie 7L","description":"Librairie fond\u00e9e en 1999 par Karl Lagerfeld \u00e0 Paris","publisher":{"@id":"https:\/\/librairie7l.com\/en\/#organization"},"potentialAction":[{"@type":"SearchAction","target":{"@type":"EntryPoint","urlTemplate":"https:\/\/librairie7l.com\/en\/?s={search_term_string}"},"query-input":"required name=search_term_string"}],"inLanguage":"en-US"},{"@type":"Organization","@id":"https:\/\/librairie7l.com\/en\/#organization","name":"Librairie 7L","url":"https:\/\/librairie7l.com\/en\/","logo":{"@type":"ImageObject","inLanguage":"en-US","@id":"https:\/\/librairie7l.com\/en\/#\/schema\/logo\/image\/","url":"https:\/\/librairie7l.com\/wp-content\/uploads\/2022\/08\/logo-1.png","contentUrl":"https:\/\/librairie7l.com\/wp-content\/uploads\/2022\/08\/logo-1.png","width":227,"height":301,"caption":"Librairie 7L"},"image":{"@id":"https:\/\/librairie7l.com\/en\/#\/schema\/logo\/image\/"}}]}},"_links":{"self":[{"href":"https:\/\/librairie7l.com\/en\/wp-json\/wp\/v2\/product\/53811"}],"collection":[{"href":"https:\/\/librairie7l.com\/en\/wp-json\/wp\/v2\/product"}],"about":[{"href":"https:\/\/librairie7l.com\/en\/wp-json\/wp\/v2\/types\/product"}],"wp:featuredmedia":[{"embeddable":true,"href":"https:\/\/librairie7l.com\/en\/wp-json\/wp\/v2\/media\/53809"}],"wp:attachment":[{"href":"https:\/\/librairie7l.com\/en\/wp-json\/wp\/v2\/media?parent=53811"}],"wp:term":[{"taxonomy":"product_cat","embeddable":true,"href":"https:\/\/librairie7l.com\/en\/wp-json\/wp\/v2\/product_cat?post=53811"},{"taxonomy":"product_tag","embeddable":true,"href":"https:\/\/librairie7l.com\/en\/wp-json\/wp\/v2\/product_tag?post=53811"}],"curies":[{"name":"wp","href":"https:\/\/api.w.org\/{rel}","templated":true}]}}