{"id":53815,"date":"2026-01-18T12:57:24","date_gmt":"2026-01-18T11:57:24","guid":{"rendered":"https:\/\/librairie7l.com\/?post_type=product&#038;p=53815"},"modified":"2026-05-14T10:06:14","modified_gmt":"2026-05-14T08:06:14","slug":"avec-les-fees-2","status":"publish","type":"product","link":"https:\/\/librairie7l.com\/en\/produit\/avec-les-fees-2\/","title":{"rendered":"AVEC LES F\u00c9ES"},"content":{"rendered":"<p>L&#8217;\u00e9t\u00e9 venait de commencer quand je partis chercher les f\u00e9es sur la c\u00f4te atlantique. Je ne crois pas \u00e0 leur existence. Aucune fille-libellule ne volette en tutu au-dessus des fontaines. C&#8217;est dommage : les yeux de l&#8217;homme moderne ne captent plus de fantasmagories. Au XIIe si\u00e8cle, le moindre p\u00e2tre cheminait au milieu des fant\u00f4mes. On vivait dans les visions. Un Belge p\u00e2le (et tr\u00e8s oubli\u00e9), Maeterlinck, avait dit : \u00ab C&#8217;est bien curieux les hommes&#8230; Depuis la mort des f\u00e9es, ils n&#8217;y voient plus du tout et ne s&#8217;en doutent point. \u00bb Le mot f\u00e9e signifie autre chose. C&#8217;est une qualit\u00e9 du r\u00e9el r\u00e9v\u00e9l\u00e9e par une disposition du regard. Il y a une fa\u00e7on d&#8217;attraper le monde et d&#8217;y d\u00e9celer le miracle de l&#8217;imm\u00e9morial et de la perfection. Le reflet revenu du soleil sur la mer, le froissement du vent dans les feuilles d&#8217;un h\u00eatre, le sang sur la neige et la ros\u00e9e perlant sur une fourrure de must\u00e9lid\u00e9 : l\u00e0 sont les f\u00e9es.<\/p>\n<p>Elles apparaissent parce qu&#8217;on regarde la nature avec d\u00e9f\u00e9rence. Soudain, un signal. La beaut\u00e9 d&#8217;une forme \u00e9clate. Je donne le nom de f\u00e9e \u00e0 ce jaillissement.<\/p>\n<p>Les promontoires de la Galice, de la Bretagne, de la Cornouailles, du pays de Galles, de l&#8217;\u00eele de Man, de l&#8217;Irlande et de l&#8217;\u00c9cosse dessinaient un arc. Par voie de mer j&#8217;allais relier les miettes de ce d\u00e9chiqu\u00e8tement. En \u00e9quilibre sur cette courbe, on \u00e9tait certain de capter le surgissement du merveilleux.<\/p>\n<p>Puisque la nuit \u00e9tait tomb\u00e9e sur ce monde de machines et de banquiers, je me donnais trois mois pour essayer d&#8217;y voir. Je partais. Avec les f\u00e9es.<\/p>\n","protected":false},"excerpt":{"rendered":"<p>L&#8217;\u00e9t\u00e9 venait de commencer quand je partis chercher les f\u00e9es sur la c\u00f4te atlantique. Je ne crois pas \u00e0 leur existence. Aucune fille-libellule ne volette en tutu au-dessus des fontaines. C&#8217;est dommage : les yeux de l&#8217;homme moderne ne captent plus de fantasmagories. Au XIIe si\u00e8cle, le moindre p\u00e2tre cheminait au milieu des fant\u00f4mes. On [&hellip;]<\/p>\n","protected":false},"featured_media":53813,"template":"","meta":[],"product_cat":[7364,2948],"product_tag":[],"acf":[],"yoast_head":"<!-- This site is optimized with the Yoast SEO plugin v20.11 - https:\/\/yoast.com\/wordpress\/plugins\/seo\/ -->\n<title>Avec les f\u00e9es - Librairie 7L<\/title>\n<meta name=\"robots\" content=\"index, follow, max-snippet:-1, max-image-preview:large, max-video-preview:-1\" \/>\n<link rel=\"canonical\" href=\"https:\/\/librairie7l.com\/en\/produit\/avec-les-fees-2\/\" \/>\n<meta property=\"og:locale\" content=\"en_US\" \/>\n<meta property=\"og:type\" content=\"article\" \/>\n<meta property=\"og:title\" content=\"Avec les f\u00e9es - Librairie 7L\" \/>\n<meta property=\"og:description\" content=\"L&#8217;\u00e9t\u00e9 venait de commencer quand je partis chercher les f\u00e9es sur la c\u00f4te atlantique. Je ne crois pas \u00e0 leur existence. Aucune fille-libellule ne volette en tutu au-dessus des fontaines. C&#8217;est dommage : les yeux de l&#8217;homme moderne ne captent plus de fantasmagories. Au XIIe si\u00e8cle, le moindre p\u00e2tre cheminait au milieu des fant\u00f4mes. On [&hellip;]\" \/>\n<meta property=\"og:url\" content=\"https:\/\/librairie7l.com\/en\/produit\/avec-les-fees-2\/\" \/>\n<meta property=\"og:site_name\" content=\"Librairie 7L\" \/>\n<meta property=\"article:modified_time\" content=\"2026-05-14T08:06:14+00:00\" \/>\n<meta property=\"og:image\" content=\"https:\/\/librairie7l.com\/wp-content\/uploads\/2023\/10\/9782382843710_1_75.jpg\" \/>\n\t<meta property=\"og:image:width\" content=\"600\" \/>\n\t<meta property=\"og:image:height\" content=\"878\" \/>\n\t<meta property=\"og:image:type\" content=\"image\/jpeg\" \/>\n<meta name=\"twitter:card\" content=\"summary_large_image\" \/>\n<meta name=\"twitter:label1\" content=\"Est. reading time\" \/>\n\t<meta name=\"twitter:data1\" content=\"1 minute\" \/>\n<script type=\"application\/ld+json\" class=\"yoast-schema-graph\">{\"@context\":\"https:\/\/schema.org\",\"@graph\":[{\"@type\":\"WebPage\",\"@id\":\"https:\/\/librairie7l.com\/en\/produit\/avec-les-fees-2\/\",\"url\":\"https:\/\/librairie7l.com\/en\/produit\/avec-les-fees-2\/\",\"name\":\"Avec les f\u00e9es - Librairie 7L\",\"isPartOf\":{\"@id\":\"https:\/\/librairie7l.com\/en\/#website\"},\"datePublished\":\"2026-01-18T11:57:24+00:00\",\"dateModified\":\"2026-05-14T08:06:14+00:00\",\"breadcrumb\":{\"@id\":\"https:\/\/librairie7l.com\/en\/produit\/avec-les-fees-2\/#breadcrumb\"},\"inLanguage\":\"en-US\",\"potentialAction\":[{\"@type\":\"ReadAction\",\"target\":[\"https:\/\/librairie7l.com\/en\/produit\/avec-les-fees-2\/\"]}]},{\"@type\":\"BreadcrumbList\",\"@id\":\"https:\/\/librairie7l.com\/en\/produit\/avec-les-fees-2\/#breadcrumb\",\"itemListElement\":[{\"@type\":\"ListItem\",\"position\":1,\"name\":\"Accueil\",\"item\":\"https:\/\/librairie7l.com\/en\/\"},{\"@type\":\"ListItem\",\"position\":2,\"name\":\"Shop\",\"item\":\"https:\/\/librairie7l.com\/en\/shop\/\"},{\"@type\":\"ListItem\",\"position\":3,\"name\":\"AVEC LES F\u00c9ES\"}]},{\"@type\":\"WebSite\",\"@id\":\"https:\/\/librairie7l.com\/en\/#website\",\"url\":\"https:\/\/librairie7l.com\/en\/\",\"name\":\"Librairie 7L\",\"description\":\"Librairie fond\u00e9e en 1999 par Karl Lagerfeld \u00e0 Paris\",\"publisher\":{\"@id\":\"https:\/\/librairie7l.com\/en\/#organization\"},\"potentialAction\":[{\"@type\":\"SearchAction\",\"target\":{\"@type\":\"EntryPoint\",\"urlTemplate\":\"https:\/\/librairie7l.com\/en\/?s={search_term_string}\"},\"query-input\":\"required name=search_term_string\"}],\"inLanguage\":\"en-US\"},{\"@type\":\"Organization\",\"@id\":\"https:\/\/librairie7l.com\/en\/#organization\",\"name\":\"Librairie 7L\",\"url\":\"https:\/\/librairie7l.com\/en\/\",\"logo\":{\"@type\":\"ImageObject\",\"inLanguage\":\"en-US\",\"@id\":\"https:\/\/librairie7l.com\/en\/#\/schema\/logo\/image\/\",\"url\":\"https:\/\/librairie7l.com\/wp-content\/uploads\/2022\/08\/logo-1.png\",\"contentUrl\":\"https:\/\/librairie7l.com\/wp-content\/uploads\/2022\/08\/logo-1.png\",\"width\":227,\"height\":301,\"caption\":\"Librairie 7L\"},\"image\":{\"@id\":\"https:\/\/librairie7l.com\/en\/#\/schema\/logo\/image\/\"}}]}<\/script>\n<!-- \/ Yoast SEO plugin. -->","yoast_head_json":{"title":"Avec les f\u00e9es - Librairie 7L","robots":{"index":"index","follow":"follow","max-snippet":"max-snippet:-1","max-image-preview":"max-image-preview:large","max-video-preview":"max-video-preview:-1"},"canonical":"https:\/\/librairie7l.com\/en\/produit\/avec-les-fees-2\/","og_locale":"en_US","og_type":"article","og_title":"Avec les f\u00e9es - Librairie 7L","og_description":"L&#8217;\u00e9t\u00e9 venait de commencer quand je partis chercher les f\u00e9es sur la c\u00f4te atlantique. Je ne crois pas \u00e0 leur existence. Aucune fille-libellule ne volette en tutu au-dessus des fontaines. C&#8217;est dommage : les yeux de l&#8217;homme moderne ne captent plus de fantasmagories. Au XIIe si\u00e8cle, le moindre p\u00e2tre cheminait au milieu des fant\u00f4mes. On [&hellip;]","og_url":"https:\/\/librairie7l.com\/en\/produit\/avec-les-fees-2\/","og_site_name":"Librairie 7L","article_modified_time":"2026-05-14T08:06:14+00:00","og_image":[{"width":600,"height":878,"url":"https:\/\/librairie7l.com\/wp-content\/uploads\/2023\/10\/9782382843710_1_75.jpg","type":"image\/jpeg"}],"twitter_card":"summary_large_image","twitter_misc":{"Est. reading time":"1 minute"},"schema":{"@context":"https:\/\/schema.org","@graph":[{"@type":"WebPage","@id":"https:\/\/librairie7l.com\/en\/produit\/avec-les-fees-2\/","url":"https:\/\/librairie7l.com\/en\/produit\/avec-les-fees-2\/","name":"Avec les f\u00e9es - Librairie 7L","isPartOf":{"@id":"https:\/\/librairie7l.com\/en\/#website"},"datePublished":"2026-01-18T11:57:24+00:00","dateModified":"2026-05-14T08:06:14+00:00","breadcrumb":{"@id":"https:\/\/librairie7l.com\/en\/produit\/avec-les-fees-2\/#breadcrumb"},"inLanguage":"en-US","potentialAction":[{"@type":"ReadAction","target":["https:\/\/librairie7l.com\/en\/produit\/avec-les-fees-2\/"]}]},{"@type":"BreadcrumbList","@id":"https:\/\/librairie7l.com\/en\/produit\/avec-les-fees-2\/#breadcrumb","itemListElement":[{"@type":"ListItem","position":1,"name":"Accueil","item":"https:\/\/librairie7l.com\/en\/"},{"@type":"ListItem","position":2,"name":"Shop","item":"https:\/\/librairie7l.com\/en\/shop\/"},{"@type":"ListItem","position":3,"name":"AVEC LES F\u00c9ES"}]},{"@type":"WebSite","@id":"https:\/\/librairie7l.com\/en\/#website","url":"https:\/\/librairie7l.com\/en\/","name":"Librairie 7L","description":"Librairie fond\u00e9e en 1999 par Karl Lagerfeld \u00e0 Paris","publisher":{"@id":"https:\/\/librairie7l.com\/en\/#organization"},"potentialAction":[{"@type":"SearchAction","target":{"@type":"EntryPoint","urlTemplate":"https:\/\/librairie7l.com\/en\/?s={search_term_string}"},"query-input":"required name=search_term_string"}],"inLanguage":"en-US"},{"@type":"Organization","@id":"https:\/\/librairie7l.com\/en\/#organization","name":"Librairie 7L","url":"https:\/\/librairie7l.com\/en\/","logo":{"@type":"ImageObject","inLanguage":"en-US","@id":"https:\/\/librairie7l.com\/en\/#\/schema\/logo\/image\/","url":"https:\/\/librairie7l.com\/wp-content\/uploads\/2022\/08\/logo-1.png","contentUrl":"https:\/\/librairie7l.com\/wp-content\/uploads\/2022\/08\/logo-1.png","width":227,"height":301,"caption":"Librairie 7L"},"image":{"@id":"https:\/\/librairie7l.com\/en\/#\/schema\/logo\/image\/"}}]}},"_links":{"self":[{"href":"https:\/\/librairie7l.com\/en\/wp-json\/wp\/v2\/product\/53815"}],"collection":[{"href":"https:\/\/librairie7l.com\/en\/wp-json\/wp\/v2\/product"}],"about":[{"href":"https:\/\/librairie7l.com\/en\/wp-json\/wp\/v2\/types\/product"}],"wp:featuredmedia":[{"embeddable":true,"href":"https:\/\/librairie7l.com\/en\/wp-json\/wp\/v2\/media\/53813"}],"wp:attachment":[{"href":"https:\/\/librairie7l.com\/en\/wp-json\/wp\/v2\/media?parent=53815"}],"wp:term":[{"taxonomy":"product_cat","embeddable":true,"href":"https:\/\/librairie7l.com\/en\/wp-json\/wp\/v2\/product_cat?post=53815"},{"taxonomy":"product_tag","embeddable":true,"href":"https:\/\/librairie7l.com\/en\/wp-json\/wp\/v2\/product_tag?post=53815"}],"curies":[{"name":"wp","href":"https:\/\/api.w.org\/{rel}","templated":true}]}}