{"id":53838,"date":"2026-01-21T08:06:56","date_gmt":"2026-01-21T07:06:56","guid":{"rendered":"https:\/\/librairie7l.com\/?post_type=product&#038;p=53838"},"modified":"2026-04-04T23:09:08","modified_gmt":"2026-04-04T21:09:08","slug":"dogrun-2","status":"publish","type":"product","link":"https:\/\/librairie7l.com\/en\/produit\/dogrun-2\/","title":{"rendered":"DOGRUN"},"content":{"rendered":"<p>Apr\u00e8s le succ\u00e8s de Fuck Up : le second roman dr\u00f4le et piquant d&#8217;Arthur Nersesian, qui raconte le New York des ann\u00e9es 2000 comme personne !<br \/>\nQuand Mary revient un soir dans son appartement de l&#8217;East Village, elle n&#8217;est pas surprise de trouver Primo, son nouveau petit ami, avachi devant la t\u00e9l\u00e9. Mais lorsqu&#8217;elle comprend qu&#8217;il est mort, une tout autre histoire d\u00e9bute. Avec le chien de Primo sur les bras, elle va tenter de retrouver les proches du d\u00e9funt, et alors qu&#8217;elle parcourt les rues de New York, ses rencontres \u00e9tonnantes l\u00e8vent le voile sur celui qu&#8217;elle connaissait bien mal. Mary, avec sa meilleure amie Zoe, ses petits boulots, son groupe de punk tr\u00e8s amateur et une galerie de copains peu recommandables, va aussi en apprendre beaucoup sur elle-m\u00eame.<\/p>\n<p>Dogrun est le second roman d&#8217;Arthur Nersesian, \u00e9crit apr\u00e8s le grand succ\u00e8s de Fuck Up . Dans cette nouvelle odyss\u00e9e urbaine d\u00e9jant\u00e9e, au d\u00e9but des 2000s d&#8217;un capitalisme galopant, Nersesian poursuit son hommage aux vrais new yorkais, avec un humour inimitable, port\u00e9 cette fois par une h\u00e9ro\u00efne f\u00e9roce \u00e0 contre-pied des clich\u00e9s.<\/p>\n","protected":false},"excerpt":{"rendered":"<p>Apr\u00e8s le succ\u00e8s de Fuck Up : le second roman dr\u00f4le et piquant d&#8217;Arthur Nersesian, qui raconte le New York des ann\u00e9es 2000 comme personne ! Quand Mary revient un soir dans son appartement de l&#8217;East Village, elle n&#8217;est pas surprise de trouver Primo, son nouveau petit ami, avachi devant la t\u00e9l\u00e9. Mais lorsqu&#8217;elle comprend [&hellip;]<\/p>\n","protected":false},"featured_media":53836,"template":"","meta":[],"product_cat":[7364,2948],"product_tag":[],"acf":[],"yoast_head":"<!-- This site is optimized with the Yoast SEO plugin v20.11 - https:\/\/yoast.com\/wordpress\/plugins\/seo\/ -->\n<title>Dogrun - Librairie 7L<\/title>\n<meta name=\"robots\" content=\"index, follow, max-snippet:-1, max-image-preview:large, max-video-preview:-1\" \/>\n<link rel=\"canonical\" href=\"https:\/\/librairie7l.com\/en\/produit\/dogrun-2\/\" \/>\n<meta property=\"og:locale\" content=\"en_US\" \/>\n<meta property=\"og:type\" content=\"article\" \/>\n<meta property=\"og:title\" content=\"Dogrun - Librairie 7L\" \/>\n<meta property=\"og:description\" content=\"Apr\u00e8s le succ\u00e8s de Fuck Up : le second roman dr\u00f4le et piquant d&#8217;Arthur Nersesian, qui raconte le New York des ann\u00e9es 2000 comme personne ! Quand Mary revient un soir dans son appartement de l&#8217;East Village, elle n&#8217;est pas surprise de trouver Primo, son nouveau petit ami, avachi devant la t\u00e9l\u00e9. Mais lorsqu&#8217;elle comprend [&hellip;]\" \/>\n<meta property=\"og:url\" content=\"https:\/\/librairie7l.com\/en\/produit\/dogrun-2\/\" \/>\n<meta property=\"og:site_name\" content=\"Librairie 7L\" \/>\n<meta property=\"article:modified_time\" content=\"2026-04-04T21:09:08+00:00\" \/>\n<meta property=\"og:image\" content=\"https:\/\/librairie7l.com\/wp-content\/uploads\/2025\/10\/9782264086013_1_75.jpg\" \/>\n\t<meta property=\"og:image:width\" content=\"600\" \/>\n\t<meta property=\"og:image:height\" content=\"983\" \/>\n\t<meta property=\"og:image:type\" content=\"image\/jpeg\" \/>\n<meta name=\"twitter:card\" content=\"summary_large_image\" \/>\n<meta name=\"twitter:label1\" content=\"Est. reading time\" \/>\n\t<meta name=\"twitter:data1\" content=\"1 minute\" \/>\n<script type=\"application\/ld+json\" class=\"yoast-schema-graph\">{\"@context\":\"https:\/\/schema.org\",\"@graph\":[{\"@type\":\"WebPage\",\"@id\":\"https:\/\/librairie7l.com\/en\/produit\/dogrun-2\/\",\"url\":\"https:\/\/librairie7l.com\/en\/produit\/dogrun-2\/\",\"name\":\"Dogrun - Librairie 7L\",\"isPartOf\":{\"@id\":\"https:\/\/librairie7l.com\/en\/#website\"},\"datePublished\":\"2026-01-21T07:06:56+00:00\",\"dateModified\":\"2026-04-04T21:09:08+00:00\",\"breadcrumb\":{\"@id\":\"https:\/\/librairie7l.com\/en\/produit\/dogrun-2\/#breadcrumb\"},\"inLanguage\":\"en-US\",\"potentialAction\":[{\"@type\":\"ReadAction\",\"target\":[\"https:\/\/librairie7l.com\/en\/produit\/dogrun-2\/\"]}]},{\"@type\":\"BreadcrumbList\",\"@id\":\"https:\/\/librairie7l.com\/en\/produit\/dogrun-2\/#breadcrumb\",\"itemListElement\":[{\"@type\":\"ListItem\",\"position\":1,\"name\":\"Accueil\",\"item\":\"https:\/\/librairie7l.com\/en\/\"},{\"@type\":\"ListItem\",\"position\":2,\"name\":\"Shop\",\"item\":\"https:\/\/librairie7l.com\/en\/shop\/\"},{\"@type\":\"ListItem\",\"position\":3,\"name\":\"DOGRUN\"}]},{\"@type\":\"WebSite\",\"@id\":\"https:\/\/librairie7l.com\/en\/#website\",\"url\":\"https:\/\/librairie7l.com\/en\/\",\"name\":\"Librairie 7L\",\"description\":\"Librairie fond\u00e9e en 1999 par Karl Lagerfeld \u00e0 Paris\",\"publisher\":{\"@id\":\"https:\/\/librairie7l.com\/en\/#organization\"},\"potentialAction\":[{\"@type\":\"SearchAction\",\"target\":{\"@type\":\"EntryPoint\",\"urlTemplate\":\"https:\/\/librairie7l.com\/en\/?s={search_term_string}\"},\"query-input\":\"required name=search_term_string\"}],\"inLanguage\":\"en-US\"},{\"@type\":\"Organization\",\"@id\":\"https:\/\/librairie7l.com\/en\/#organization\",\"name\":\"Librairie 7L\",\"url\":\"https:\/\/librairie7l.com\/en\/\",\"logo\":{\"@type\":\"ImageObject\",\"inLanguage\":\"en-US\",\"@id\":\"https:\/\/librairie7l.com\/en\/#\/schema\/logo\/image\/\",\"url\":\"https:\/\/librairie7l.com\/wp-content\/uploads\/2022\/08\/logo-1.png\",\"contentUrl\":\"https:\/\/librairie7l.com\/wp-content\/uploads\/2022\/08\/logo-1.png\",\"width\":227,\"height\":301,\"caption\":\"Librairie 7L\"},\"image\":{\"@id\":\"https:\/\/librairie7l.com\/en\/#\/schema\/logo\/image\/\"}}]}<\/script>\n<!-- \/ Yoast SEO plugin. -->","yoast_head_json":{"title":"Dogrun - Librairie 7L","robots":{"index":"index","follow":"follow","max-snippet":"max-snippet:-1","max-image-preview":"max-image-preview:large","max-video-preview":"max-video-preview:-1"},"canonical":"https:\/\/librairie7l.com\/en\/produit\/dogrun-2\/","og_locale":"en_US","og_type":"article","og_title":"Dogrun - Librairie 7L","og_description":"Apr\u00e8s le succ\u00e8s de Fuck Up : le second roman dr\u00f4le et piquant d&#8217;Arthur Nersesian, qui raconte le New York des ann\u00e9es 2000 comme personne ! Quand Mary revient un soir dans son appartement de l&#8217;East Village, elle n&#8217;est pas surprise de trouver Primo, son nouveau petit ami, avachi devant la t\u00e9l\u00e9. Mais lorsqu&#8217;elle comprend [&hellip;]","og_url":"https:\/\/librairie7l.com\/en\/produit\/dogrun-2\/","og_site_name":"Librairie 7L","article_modified_time":"2026-04-04T21:09:08+00:00","og_image":[{"width":600,"height":983,"url":"https:\/\/librairie7l.com\/wp-content\/uploads\/2025\/10\/9782264086013_1_75.jpg","type":"image\/jpeg"}],"twitter_card":"summary_large_image","twitter_misc":{"Est. reading time":"1 minute"},"schema":{"@context":"https:\/\/schema.org","@graph":[{"@type":"WebPage","@id":"https:\/\/librairie7l.com\/en\/produit\/dogrun-2\/","url":"https:\/\/librairie7l.com\/en\/produit\/dogrun-2\/","name":"Dogrun - Librairie 7L","isPartOf":{"@id":"https:\/\/librairie7l.com\/en\/#website"},"datePublished":"2026-01-21T07:06:56+00:00","dateModified":"2026-04-04T21:09:08+00:00","breadcrumb":{"@id":"https:\/\/librairie7l.com\/en\/produit\/dogrun-2\/#breadcrumb"},"inLanguage":"en-US","potentialAction":[{"@type":"ReadAction","target":["https:\/\/librairie7l.com\/en\/produit\/dogrun-2\/"]}]},{"@type":"BreadcrumbList","@id":"https:\/\/librairie7l.com\/en\/produit\/dogrun-2\/#breadcrumb","itemListElement":[{"@type":"ListItem","position":1,"name":"Accueil","item":"https:\/\/librairie7l.com\/en\/"},{"@type":"ListItem","position":2,"name":"Shop","item":"https:\/\/librairie7l.com\/en\/shop\/"},{"@type":"ListItem","position":3,"name":"DOGRUN"}]},{"@type":"WebSite","@id":"https:\/\/librairie7l.com\/en\/#website","url":"https:\/\/librairie7l.com\/en\/","name":"Librairie 7L","description":"Librairie fond\u00e9e en 1999 par Karl Lagerfeld \u00e0 Paris","publisher":{"@id":"https:\/\/librairie7l.com\/en\/#organization"},"potentialAction":[{"@type":"SearchAction","target":{"@type":"EntryPoint","urlTemplate":"https:\/\/librairie7l.com\/en\/?s={search_term_string}"},"query-input":"required name=search_term_string"}],"inLanguage":"en-US"},{"@type":"Organization","@id":"https:\/\/librairie7l.com\/en\/#organization","name":"Librairie 7L","url":"https:\/\/librairie7l.com\/en\/","logo":{"@type":"ImageObject","inLanguage":"en-US","@id":"https:\/\/librairie7l.com\/en\/#\/schema\/logo\/image\/","url":"https:\/\/librairie7l.com\/wp-content\/uploads\/2022\/08\/logo-1.png","contentUrl":"https:\/\/librairie7l.com\/wp-content\/uploads\/2022\/08\/logo-1.png","width":227,"height":301,"caption":"Librairie 7L"},"image":{"@id":"https:\/\/librairie7l.com\/en\/#\/schema\/logo\/image\/"}}]}},"_links":{"self":[{"href":"https:\/\/librairie7l.com\/en\/wp-json\/wp\/v2\/product\/53838"}],"collection":[{"href":"https:\/\/librairie7l.com\/en\/wp-json\/wp\/v2\/product"}],"about":[{"href":"https:\/\/librairie7l.com\/en\/wp-json\/wp\/v2\/types\/product"}],"wp:featuredmedia":[{"embeddable":true,"href":"https:\/\/librairie7l.com\/en\/wp-json\/wp\/v2\/media\/53836"}],"wp:attachment":[{"href":"https:\/\/librairie7l.com\/en\/wp-json\/wp\/v2\/media?parent=53838"}],"wp:term":[{"taxonomy":"product_cat","embeddable":true,"href":"https:\/\/librairie7l.com\/en\/wp-json\/wp\/v2\/product_cat?post=53838"},{"taxonomy":"product_tag","embeddable":true,"href":"https:\/\/librairie7l.com\/en\/wp-json\/wp\/v2\/product_tag?post=53838"}],"curies":[{"name":"wp","href":"https:\/\/api.w.org\/{rel}","templated":true}]}}