{"id":53911,"date":"2026-01-22T09:18:12","date_gmt":"2026-01-22T08:18:12","guid":{"rendered":"https:\/\/librairie7l.com\/?post_type=product&#038;p=53911"},"modified":"2026-04-21T09:12:13","modified_gmt":"2026-04-21T07:12:13","slug":"le-japon-eternel-2","status":"publish","type":"product","link":"https:\/\/librairie7l.com\/en\/produit\/le-japon-eternel-2\/","title":{"rendered":"LE JAPON \u00c9TERNEL"},"content":{"rendered":"<p>S&#8217;il est un trait caract\u00e9ristique de la civilisation japonaise \u00e0 travers les \u00e2ges, c&#8217;est bien sa fascination pour la nature \u00e9ph\u00e9m\u00e8re du monde et son constant renouvellement. \u00abRien ne demeure, tout devient\u00bb, cette maxime zen s&#8217;adapte aussi \u00e0 la recherche du plaisir dans l&#8217;instant, vers quoi tend l&#8217;ukiyo-e, cet art de l&#8217;\u00e9poque Edo attach\u00e9 \u00e0 fixer les images d&#8217;un monde \u00ab\u00e9ph\u00e9m\u00e8re et mouvant\u00bb. Les palais, les monast\u00e8res \u00e9taient faits de bois et de papier comme les plus simples demeures. La terre, la paille du riz, le tronc des bambous \u00e9taient aussi pr\u00e9cieux que la laque et la soie. Dans la c\u00e9r\u00e9monie du th\u00e9 ou dans le rituel du tir \u00e0 l&#8217;arc, chaque geste doit ouvrir \u00e0 la conscience de soi et du monde. De cette relation entre l&#8217;intime et l&#8217;ext\u00e9rieur t\u00e9moigne aussi l&#8217;ordonnance des jardins, r\u00e9gie par la n\u00e9cessit\u00e9 d&#8217;apprivoiser les kami, esprits de la nature. Aujourd&#8217;hui encore, le Japon, tel que nous le pr\u00e9sente Nelly Delay, est fid\u00e8le \u00e0 toutes ces traditions, il est \u00e9ternel dans son culte de la beaut\u00e9.<\/p>\n","protected":false},"excerpt":{"rendered":"<p>S&#8217;il est un trait caract\u00e9ristique de la civilisation japonaise \u00e0 travers les \u00e2ges, c&#8217;est bien sa fascination pour la nature \u00e9ph\u00e9m\u00e8re du monde et son constant renouvellement. \u00abRien ne demeure, tout devient\u00bb, cette maxime zen s&#8217;adapte aussi \u00e0 la recherche du plaisir dans l&#8217;instant, vers quoi tend l&#8217;ukiyo-e, cet art de l&#8217;\u00e9poque Edo attach\u00e9 \u00e0 [&hellip;]<\/p>\n","protected":false},"featured_media":53909,"template":"","meta":[],"product_cat":[2948],"product_tag":[],"acf":[],"yoast_head":"<!-- This site is optimized with the Yoast SEO plugin v20.11 - https:\/\/yoast.com\/wordpress\/plugins\/seo\/ -->\n<title>Le Japon \u00e9ternel - Librairie 7L<\/title>\n<meta name=\"robots\" content=\"index, follow, max-snippet:-1, max-image-preview:large, max-video-preview:-1\" \/>\n<link rel=\"canonical\" href=\"https:\/\/librairie7l.com\/en\/produit\/le-japon-eternel-2\/\" \/>\n<meta property=\"og:locale\" content=\"en_US\" \/>\n<meta property=\"og:type\" content=\"article\" \/>\n<meta property=\"og:title\" content=\"Le Japon \u00e9ternel - Librairie 7L\" \/>\n<meta property=\"og:description\" content=\"S&#8217;il est un trait caract\u00e9ristique de la civilisation japonaise \u00e0 travers les \u00e2ges, c&#8217;est bien sa fascination pour la nature \u00e9ph\u00e9m\u00e8re du monde et son constant renouvellement. \u00abRien ne demeure, tout devient\u00bb, cette maxime zen s&#8217;adapte aussi \u00e0 la recherche du plaisir dans l&#8217;instant, vers quoi tend l&#8217;ukiyo-e, cet art de l&#8217;\u00e9poque Edo attach\u00e9 \u00e0 [&hellip;]\" \/>\n<meta property=\"og:url\" content=\"https:\/\/librairie7l.com\/en\/produit\/le-japon-eternel-2\/\" \/>\n<meta property=\"og:site_name\" content=\"Librairie 7L\" \/>\n<meta property=\"article:modified_time\" content=\"2026-04-21T07:12:13+00:00\" \/>\n<meta property=\"og:image\" content=\"https:\/\/librairie7l.com\/wp-content\/uploads\/1998\/02\/9782070534111_1_75.jpg\" \/>\n\t<meta property=\"og:image:width\" content=\"364\" \/>\n\t<meta property=\"og:image:height\" content=\"524\" \/>\n\t<meta property=\"og:image:type\" content=\"image\/jpeg\" \/>\n<meta name=\"twitter:card\" content=\"summary_large_image\" \/>\n<meta name=\"twitter:label1\" content=\"Est. reading time\" \/>\n\t<meta name=\"twitter:data1\" content=\"1 minute\" \/>\n<script type=\"application\/ld+json\" class=\"yoast-schema-graph\">{\"@context\":\"https:\/\/schema.org\",\"@graph\":[{\"@type\":\"WebPage\",\"@id\":\"https:\/\/librairie7l.com\/en\/produit\/le-japon-eternel-2\/\",\"url\":\"https:\/\/librairie7l.com\/en\/produit\/le-japon-eternel-2\/\",\"name\":\"Le Japon \u00e9ternel - Librairie 7L\",\"isPartOf\":{\"@id\":\"https:\/\/librairie7l.com\/en\/#website\"},\"datePublished\":\"2026-01-22T08:18:12+00:00\",\"dateModified\":\"2026-04-21T07:12:13+00:00\",\"breadcrumb\":{\"@id\":\"https:\/\/librairie7l.com\/en\/produit\/le-japon-eternel-2\/#breadcrumb\"},\"inLanguage\":\"en-US\",\"potentialAction\":[{\"@type\":\"ReadAction\",\"target\":[\"https:\/\/librairie7l.com\/en\/produit\/le-japon-eternel-2\/\"]}]},{\"@type\":\"BreadcrumbList\",\"@id\":\"https:\/\/librairie7l.com\/en\/produit\/le-japon-eternel-2\/#breadcrumb\",\"itemListElement\":[{\"@type\":\"ListItem\",\"position\":1,\"name\":\"Accueil\",\"item\":\"https:\/\/librairie7l.com\/en\/\"},{\"@type\":\"ListItem\",\"position\":2,\"name\":\"Shop\",\"item\":\"https:\/\/librairie7l.com\/en\/shop\/\"},{\"@type\":\"ListItem\",\"position\":3,\"name\":\"LE JAPON \u00c9TERNEL\"}]},{\"@type\":\"WebSite\",\"@id\":\"https:\/\/librairie7l.com\/en\/#website\",\"url\":\"https:\/\/librairie7l.com\/en\/\",\"name\":\"Librairie 7L\",\"description\":\"Librairie fond\u00e9e en 1999 par Karl Lagerfeld \u00e0 Paris\",\"publisher\":{\"@id\":\"https:\/\/librairie7l.com\/en\/#organization\"},\"potentialAction\":[{\"@type\":\"SearchAction\",\"target\":{\"@type\":\"EntryPoint\",\"urlTemplate\":\"https:\/\/librairie7l.com\/en\/?s={search_term_string}\"},\"query-input\":\"required name=search_term_string\"}],\"inLanguage\":\"en-US\"},{\"@type\":\"Organization\",\"@id\":\"https:\/\/librairie7l.com\/en\/#organization\",\"name\":\"Librairie 7L\",\"url\":\"https:\/\/librairie7l.com\/en\/\",\"logo\":{\"@type\":\"ImageObject\",\"inLanguage\":\"en-US\",\"@id\":\"https:\/\/librairie7l.com\/en\/#\/schema\/logo\/image\/\",\"url\":\"https:\/\/librairie7l.com\/wp-content\/uploads\/2022\/08\/logo-1.png\",\"contentUrl\":\"https:\/\/librairie7l.com\/wp-content\/uploads\/2022\/08\/logo-1.png\",\"width\":227,\"height\":301,\"caption\":\"Librairie 7L\"},\"image\":{\"@id\":\"https:\/\/librairie7l.com\/en\/#\/schema\/logo\/image\/\"}}]}<\/script>\n<!-- \/ Yoast SEO plugin. -->","yoast_head_json":{"title":"Le Japon \u00e9ternel - Librairie 7L","robots":{"index":"index","follow":"follow","max-snippet":"max-snippet:-1","max-image-preview":"max-image-preview:large","max-video-preview":"max-video-preview:-1"},"canonical":"https:\/\/librairie7l.com\/en\/produit\/le-japon-eternel-2\/","og_locale":"en_US","og_type":"article","og_title":"Le Japon \u00e9ternel - Librairie 7L","og_description":"S&#8217;il est un trait caract\u00e9ristique de la civilisation japonaise \u00e0 travers les \u00e2ges, c&#8217;est bien sa fascination pour la nature \u00e9ph\u00e9m\u00e8re du monde et son constant renouvellement. \u00abRien ne demeure, tout devient\u00bb, cette maxime zen s&#8217;adapte aussi \u00e0 la recherche du plaisir dans l&#8217;instant, vers quoi tend l&#8217;ukiyo-e, cet art de l&#8217;\u00e9poque Edo attach\u00e9 \u00e0 [&hellip;]","og_url":"https:\/\/librairie7l.com\/en\/produit\/le-japon-eternel-2\/","og_site_name":"Librairie 7L","article_modified_time":"2026-04-21T07:12:13+00:00","og_image":[{"width":364,"height":524,"url":"https:\/\/librairie7l.com\/wp-content\/uploads\/1998\/02\/9782070534111_1_75.jpg","type":"image\/jpeg"}],"twitter_card":"summary_large_image","twitter_misc":{"Est. reading time":"1 minute"},"schema":{"@context":"https:\/\/schema.org","@graph":[{"@type":"WebPage","@id":"https:\/\/librairie7l.com\/en\/produit\/le-japon-eternel-2\/","url":"https:\/\/librairie7l.com\/en\/produit\/le-japon-eternel-2\/","name":"Le Japon \u00e9ternel - Librairie 7L","isPartOf":{"@id":"https:\/\/librairie7l.com\/en\/#website"},"datePublished":"2026-01-22T08:18:12+00:00","dateModified":"2026-04-21T07:12:13+00:00","breadcrumb":{"@id":"https:\/\/librairie7l.com\/en\/produit\/le-japon-eternel-2\/#breadcrumb"},"inLanguage":"en-US","potentialAction":[{"@type":"ReadAction","target":["https:\/\/librairie7l.com\/en\/produit\/le-japon-eternel-2\/"]}]},{"@type":"BreadcrumbList","@id":"https:\/\/librairie7l.com\/en\/produit\/le-japon-eternel-2\/#breadcrumb","itemListElement":[{"@type":"ListItem","position":1,"name":"Accueil","item":"https:\/\/librairie7l.com\/en\/"},{"@type":"ListItem","position":2,"name":"Shop","item":"https:\/\/librairie7l.com\/en\/shop\/"},{"@type":"ListItem","position":3,"name":"LE JAPON \u00c9TERNEL"}]},{"@type":"WebSite","@id":"https:\/\/librairie7l.com\/en\/#website","url":"https:\/\/librairie7l.com\/en\/","name":"Librairie 7L","description":"Librairie fond\u00e9e en 1999 par Karl Lagerfeld \u00e0 Paris","publisher":{"@id":"https:\/\/librairie7l.com\/en\/#organization"},"potentialAction":[{"@type":"SearchAction","target":{"@type":"EntryPoint","urlTemplate":"https:\/\/librairie7l.com\/en\/?s={search_term_string}"},"query-input":"required name=search_term_string"}],"inLanguage":"en-US"},{"@type":"Organization","@id":"https:\/\/librairie7l.com\/en\/#organization","name":"Librairie 7L","url":"https:\/\/librairie7l.com\/en\/","logo":{"@type":"ImageObject","inLanguage":"en-US","@id":"https:\/\/librairie7l.com\/en\/#\/schema\/logo\/image\/","url":"https:\/\/librairie7l.com\/wp-content\/uploads\/2022\/08\/logo-1.png","contentUrl":"https:\/\/librairie7l.com\/wp-content\/uploads\/2022\/08\/logo-1.png","width":227,"height":301,"caption":"Librairie 7L"},"image":{"@id":"https:\/\/librairie7l.com\/en\/#\/schema\/logo\/image\/"}}]}},"_links":{"self":[{"href":"https:\/\/librairie7l.com\/en\/wp-json\/wp\/v2\/product\/53911"}],"collection":[{"href":"https:\/\/librairie7l.com\/en\/wp-json\/wp\/v2\/product"}],"about":[{"href":"https:\/\/librairie7l.com\/en\/wp-json\/wp\/v2\/types\/product"}],"wp:featuredmedia":[{"embeddable":true,"href":"https:\/\/librairie7l.com\/en\/wp-json\/wp\/v2\/media\/53909"}],"wp:attachment":[{"href":"https:\/\/librairie7l.com\/en\/wp-json\/wp\/v2\/media?parent=53911"}],"wp:term":[{"taxonomy":"product_cat","embeddable":true,"href":"https:\/\/librairie7l.com\/en\/wp-json\/wp\/v2\/product_cat?post=53911"},{"taxonomy":"product_tag","embeddable":true,"href":"https:\/\/librairie7l.com\/en\/wp-json\/wp\/v2\/product_tag?post=53911"}],"curies":[{"name":"wp","href":"https:\/\/api.w.org\/{rel}","templated":true}]}}