{"id":53929,"date":"2026-01-22T10:16:07","date_gmt":"2026-01-22T09:16:07","guid":{"rendered":"https:\/\/librairie7l.com\/?post_type=product&#038;p=53929"},"modified":"2026-04-21T07:35:43","modified_gmt":"2026-04-21T05:35:43","slug":"italie-dans-les-pas-des-grands-artistes-2","status":"publish","type":"product","link":"https:\/\/librairie7l.com\/en\/produit\/italie-dans-les-pas-des-grands-artistes-2\/","title":{"rendered":"ITALIE, DANS LES PAS DES GRANDS ARTISTES"},"content":{"rendered":"<p>D\u00e9di\u00e9 aux amoureux de l&#8217;Italie, ce tr\u00e8s beau livre propose 20 itin\u00e9raires originaux en Italie, sur les traces des grands artistes italiens. Vous d\u00e9couvrirez ainsi les chefs d&#8217;oeuvre et les tr\u00e9sors cach\u00e9s des plus belles villes\u00a0 : Padoue, Assise, Florence, Arezzo, Urbino, Rome, Venise, Naples, Bergame, Milan&#8230;<br \/>\n\u00a0<br \/>\nSuivez\u00a0 les pas de Giotto\u00a0 \u00e0 Padoue, o\u00f9 il commence \u00e0 \u00eatre connu par ses fresques dans la chapelle des riches Scrovegni\u00a0 ; \u00e0 Assise &#8211; qui a peu chang\u00e9 depuis le XIVe\u00a0 s. -, o\u00f9 il participe \u00e0 la d\u00e9coration de la basilique Saint-Fran\u00e7ois\u00a0 ; \u00e0 Florence, o\u00f9 il vit la plupart du temps entour\u00e9 de sa famille et de son atelier.<br \/>\n\u00a0<br \/>\nD\u00e9couvrez V\u00e9ron\u00e8se, depuis sa naissance \u00e0 V\u00e9rone jusqu&#8217;\u00e0 son \u00e9tablissement \u00e0 Venise, o\u00f9 il a v\u00e9cu trente ann\u00e9es prolifiques, en passant par Vicence, o\u00f9 il rencontre Palladio dans les ann\u00e9es 1570.<br \/>\nLes artistes femmes n&#8217;ont pas \u00e9t\u00e9 oubli\u00e9es, au premier rang desquelles\u00a0 Artemisia Gentileschi\u00a0 : fille d&#8217;un p\u00e8re peintre et dans la mouvance de Caravage, elle travaille pour les M\u00e9dicis \u00e0 Florence et s&#8217;installera \u00e0 Naples apr\u00e8s un passage par Rome vers 1625.<br \/>\nUn chapitre est consacr\u00e9 \u00e0 l&#8217;effervescence artistique f\u00e9minine de Bologne, avec notamment\u00a0 Lavinia Fontana, fille de peintre elle aussi et dont l&#8217;atelier regorgeait de commandes prestigieuses \u00e0 la fin du XVIe\u00a0 s.\u00a0 ; ou au si\u00e8cle suivant\u00a0 Elisabetta Sirani, dont la courte vie (vingt-sept ans) ne l&#8217;a pas emp\u00each\u00e9e d&#8217;\u00eatre la plus renomm\u00e9e de sa g\u00e9n\u00e9ration.<br \/>\n\u00a0<br \/>\nUn livre d&#8217;une richesse extraordinaire, pour explorer autrement l&#8217;Italie.<br \/>\nL&#8217;auteur,\u00a0 Nick Trend,\u00a0 est historien de l&#8217;art et r\u00e9dacteur en chef de la rubrique \u00ab\u00a0 Culture\u00a0 \u00bb du\u00a0 Daily Telegraph. Il a publi\u00e9 des guides sur les plus grands mus\u00e9es et collections d&#8217;art du monde entier et a \u00e9t\u00e9 conservateur de la National Gallery de Londres.<br \/>\n\u00a0<br \/>\n\u00a0<\/p>\n","protected":false},"excerpt":{"rendered":"<p>D\u00e9di\u00e9 aux amoureux de l&#8217;Italie, ce tr\u00e8s beau livre propose 20 itin\u00e9raires originaux en Italie, sur les traces des grands artistes italiens. Vous d\u00e9couvrirez ainsi les chefs d&#8217;oeuvre et les tr\u00e9sors cach\u00e9s des plus belles villes\u00a0 : Padoue, Assise, Florence, Arezzo, Urbino, Rome, Venise, Naples, Bergame, Milan&#8230; \u00a0 Suivez\u00a0 les pas de Giotto\u00a0 \u00e0 Padoue, [&hellip;]<\/p>\n","protected":false},"featured_media":53927,"template":"","meta":[],"product_cat":[2948],"product_tag":[],"acf":[],"yoast_head":"<!-- This site is optimized with the Yoast SEO plugin v20.11 - https:\/\/yoast.com\/wordpress\/plugins\/seo\/ -->\n<title>Italie, dans les pas des grands artistes - Librairie 7L<\/title>\n<meta name=\"robots\" content=\"index, follow, max-snippet:-1, max-image-preview:large, max-video-preview:-1\" \/>\n<link rel=\"canonical\" href=\"https:\/\/librairie7l.com\/en\/produit\/italie-dans-les-pas-des-grands-artistes-2\/\" \/>\n<meta property=\"og:locale\" content=\"en_US\" \/>\n<meta property=\"og:type\" content=\"article\" \/>\n<meta property=\"og:title\" content=\"Italie, dans les pas des grands artistes - Librairie 7L\" \/>\n<meta property=\"og:description\" content=\"D\u00e9di\u00e9 aux amoureux de l&#8217;Italie, ce tr\u00e8s beau livre propose 20 itin\u00e9raires originaux en Italie, sur les traces des grands artistes italiens. Vous d\u00e9couvrirez ainsi les chefs d&#8217;oeuvre et les tr\u00e9sors cach\u00e9s des plus belles villes\u00a0 : Padoue, Assise, Florence, Arezzo, Urbino, Rome, Venise, Naples, Bergame, Milan&#8230; \u00a0 Suivez\u00a0 les pas de Giotto\u00a0 \u00e0 Padoue, [&hellip;]\" \/>\n<meta property=\"og:url\" content=\"https:\/\/librairie7l.com\/en\/produit\/italie-dans-les-pas-des-grands-artistes-2\/\" \/>\n<meta property=\"og:site_name\" content=\"Librairie 7L\" \/>\n<meta property=\"article:modified_time\" content=\"2026-04-21T05:35:43+00:00\" \/>\n<meta property=\"og:image\" content=\"https:\/\/librairie7l.com\/wp-content\/uploads\/2025\/03\/9782017318521_1_75.jpg\" \/>\n\t<meta property=\"og:image:width\" content=\"600\" \/>\n\t<meta property=\"og:image:height\" content=\"760\" \/>\n\t<meta property=\"og:image:type\" content=\"image\/jpeg\" \/>\n<meta name=\"twitter:card\" content=\"summary_large_image\" \/>\n<meta name=\"twitter:label1\" content=\"Est. reading time\" \/>\n\t<meta name=\"twitter:data1\" content=\"2 minutes\" \/>\n<script type=\"application\/ld+json\" class=\"yoast-schema-graph\">{\"@context\":\"https:\/\/schema.org\",\"@graph\":[{\"@type\":\"WebPage\",\"@id\":\"https:\/\/librairie7l.com\/en\/produit\/italie-dans-les-pas-des-grands-artistes-2\/\",\"url\":\"https:\/\/librairie7l.com\/en\/produit\/italie-dans-les-pas-des-grands-artistes-2\/\",\"name\":\"Italie, dans les pas des grands artistes - Librairie 7L\",\"isPartOf\":{\"@id\":\"https:\/\/librairie7l.com\/en\/#website\"},\"datePublished\":\"2026-01-22T09:16:07+00:00\",\"dateModified\":\"2026-04-21T05:35:43+00:00\",\"breadcrumb\":{\"@id\":\"https:\/\/librairie7l.com\/en\/produit\/italie-dans-les-pas-des-grands-artistes-2\/#breadcrumb\"},\"inLanguage\":\"en-US\",\"potentialAction\":[{\"@type\":\"ReadAction\",\"target\":[\"https:\/\/librairie7l.com\/en\/produit\/italie-dans-les-pas-des-grands-artistes-2\/\"]}]},{\"@type\":\"BreadcrumbList\",\"@id\":\"https:\/\/librairie7l.com\/en\/produit\/italie-dans-les-pas-des-grands-artistes-2\/#breadcrumb\",\"itemListElement\":[{\"@type\":\"ListItem\",\"position\":1,\"name\":\"Accueil\",\"item\":\"https:\/\/librairie7l.com\/en\/\"},{\"@type\":\"ListItem\",\"position\":2,\"name\":\"Shop\",\"item\":\"https:\/\/librairie7l.com\/en\/shop\/\"},{\"@type\":\"ListItem\",\"position\":3,\"name\":\"ITALIE, DANS LES PAS DES GRANDS ARTISTES\"}]},{\"@type\":\"WebSite\",\"@id\":\"https:\/\/librairie7l.com\/en\/#website\",\"url\":\"https:\/\/librairie7l.com\/en\/\",\"name\":\"Librairie 7L\",\"description\":\"Librairie fond\u00e9e en 1999 par Karl Lagerfeld \u00e0 Paris\",\"publisher\":{\"@id\":\"https:\/\/librairie7l.com\/en\/#organization\"},\"potentialAction\":[{\"@type\":\"SearchAction\",\"target\":{\"@type\":\"EntryPoint\",\"urlTemplate\":\"https:\/\/librairie7l.com\/en\/?s={search_term_string}\"},\"query-input\":\"required name=search_term_string\"}],\"inLanguage\":\"en-US\"},{\"@type\":\"Organization\",\"@id\":\"https:\/\/librairie7l.com\/en\/#organization\",\"name\":\"Librairie 7L\",\"url\":\"https:\/\/librairie7l.com\/en\/\",\"logo\":{\"@type\":\"ImageObject\",\"inLanguage\":\"en-US\",\"@id\":\"https:\/\/librairie7l.com\/en\/#\/schema\/logo\/image\/\",\"url\":\"https:\/\/librairie7l.com\/wp-content\/uploads\/2022\/08\/logo-1.png\",\"contentUrl\":\"https:\/\/librairie7l.com\/wp-content\/uploads\/2022\/08\/logo-1.png\",\"width\":227,\"height\":301,\"caption\":\"Librairie 7L\"},\"image\":{\"@id\":\"https:\/\/librairie7l.com\/en\/#\/schema\/logo\/image\/\"}}]}<\/script>\n<!-- \/ Yoast SEO plugin. -->","yoast_head_json":{"title":"Italie, dans les pas des grands artistes - Librairie 7L","robots":{"index":"index","follow":"follow","max-snippet":"max-snippet:-1","max-image-preview":"max-image-preview:large","max-video-preview":"max-video-preview:-1"},"canonical":"https:\/\/librairie7l.com\/en\/produit\/italie-dans-les-pas-des-grands-artistes-2\/","og_locale":"en_US","og_type":"article","og_title":"Italie, dans les pas des grands artistes - Librairie 7L","og_description":"D\u00e9di\u00e9 aux amoureux de l&#8217;Italie, ce tr\u00e8s beau livre propose 20 itin\u00e9raires originaux en Italie, sur les traces des grands artistes italiens. Vous d\u00e9couvrirez ainsi les chefs d&#8217;oeuvre et les tr\u00e9sors cach\u00e9s des plus belles villes\u00a0 : Padoue, Assise, Florence, Arezzo, Urbino, Rome, Venise, Naples, Bergame, Milan&#8230; \u00a0 Suivez\u00a0 les pas de Giotto\u00a0 \u00e0 Padoue, [&hellip;]","og_url":"https:\/\/librairie7l.com\/en\/produit\/italie-dans-les-pas-des-grands-artistes-2\/","og_site_name":"Librairie 7L","article_modified_time":"2026-04-21T05:35:43+00:00","og_image":[{"width":600,"height":760,"url":"https:\/\/librairie7l.com\/wp-content\/uploads\/2025\/03\/9782017318521_1_75.jpg","type":"image\/jpeg"}],"twitter_card":"summary_large_image","twitter_misc":{"Est. reading time":"2 minutes"},"schema":{"@context":"https:\/\/schema.org","@graph":[{"@type":"WebPage","@id":"https:\/\/librairie7l.com\/en\/produit\/italie-dans-les-pas-des-grands-artistes-2\/","url":"https:\/\/librairie7l.com\/en\/produit\/italie-dans-les-pas-des-grands-artistes-2\/","name":"Italie, dans les pas des grands artistes - Librairie 7L","isPartOf":{"@id":"https:\/\/librairie7l.com\/en\/#website"},"datePublished":"2026-01-22T09:16:07+00:00","dateModified":"2026-04-21T05:35:43+00:00","breadcrumb":{"@id":"https:\/\/librairie7l.com\/en\/produit\/italie-dans-les-pas-des-grands-artistes-2\/#breadcrumb"},"inLanguage":"en-US","potentialAction":[{"@type":"ReadAction","target":["https:\/\/librairie7l.com\/en\/produit\/italie-dans-les-pas-des-grands-artistes-2\/"]}]},{"@type":"BreadcrumbList","@id":"https:\/\/librairie7l.com\/en\/produit\/italie-dans-les-pas-des-grands-artistes-2\/#breadcrumb","itemListElement":[{"@type":"ListItem","position":1,"name":"Accueil","item":"https:\/\/librairie7l.com\/en\/"},{"@type":"ListItem","position":2,"name":"Shop","item":"https:\/\/librairie7l.com\/en\/shop\/"},{"@type":"ListItem","position":3,"name":"ITALIE, DANS LES PAS DES GRANDS ARTISTES"}]},{"@type":"WebSite","@id":"https:\/\/librairie7l.com\/en\/#website","url":"https:\/\/librairie7l.com\/en\/","name":"Librairie 7L","description":"Librairie fond\u00e9e en 1999 par Karl Lagerfeld \u00e0 Paris","publisher":{"@id":"https:\/\/librairie7l.com\/en\/#organization"},"potentialAction":[{"@type":"SearchAction","target":{"@type":"EntryPoint","urlTemplate":"https:\/\/librairie7l.com\/en\/?s={search_term_string}"},"query-input":"required name=search_term_string"}],"inLanguage":"en-US"},{"@type":"Organization","@id":"https:\/\/librairie7l.com\/en\/#organization","name":"Librairie 7L","url":"https:\/\/librairie7l.com\/en\/","logo":{"@type":"ImageObject","inLanguage":"en-US","@id":"https:\/\/librairie7l.com\/en\/#\/schema\/logo\/image\/","url":"https:\/\/librairie7l.com\/wp-content\/uploads\/2022\/08\/logo-1.png","contentUrl":"https:\/\/librairie7l.com\/wp-content\/uploads\/2022\/08\/logo-1.png","width":227,"height":301,"caption":"Librairie 7L"},"image":{"@id":"https:\/\/librairie7l.com\/en\/#\/schema\/logo\/image\/"}}]}},"_links":{"self":[{"href":"https:\/\/librairie7l.com\/en\/wp-json\/wp\/v2\/product\/53929"}],"collection":[{"href":"https:\/\/librairie7l.com\/en\/wp-json\/wp\/v2\/product"}],"about":[{"href":"https:\/\/librairie7l.com\/en\/wp-json\/wp\/v2\/types\/product"}],"wp:featuredmedia":[{"embeddable":true,"href":"https:\/\/librairie7l.com\/en\/wp-json\/wp\/v2\/media\/53927"}],"wp:attachment":[{"href":"https:\/\/librairie7l.com\/en\/wp-json\/wp\/v2\/media?parent=53929"}],"wp:term":[{"taxonomy":"product_cat","embeddable":true,"href":"https:\/\/librairie7l.com\/en\/wp-json\/wp\/v2\/product_cat?post=53929"},{"taxonomy":"product_tag","embeddable":true,"href":"https:\/\/librairie7l.com\/en\/wp-json\/wp\/v2\/product_tag?post=53929"}],"curies":[{"name":"wp","href":"https:\/\/api.w.org\/{rel}","templated":true}]}}