{"id":53937,"date":"2026-01-22T10:16:13","date_gmt":"2026-01-22T09:16:13","guid":{"rendered":"https:\/\/librairie7l.com\/?post_type=product&#038;p=53937"},"modified":"2026-04-21T07:34:19","modified_gmt":"2026-04-21T05:34:19","slug":"bracha-lichtenberg-ettinger-2","status":"publish","type":"product","link":"https:\/\/librairie7l.com\/en\/produit\/bracha-lichtenberg-ettinger-2\/","title":{"rendered":"BRACHA LICHTENBERG ETTINGER"},"content":{"rendered":"<p>psychanalyste et philosophe franco-isra\u00e9lienne bas\u00e9e en<br \/>\nFrance. N\u00e9e en Palestine mandataire le 23 mars 1948, elle vit<br \/>\net travaille \u00e0 Paris.<br \/>\nSon oeuvre, profond\u00e9ment marqu\u00e9e par l&#8217;histoire personnelle<br \/>\nde ses parents rescap\u00e9s de la Shoah, s&#8217;inscrit dans un si\u00e8cle<br \/>\no\u00f9 la modernit\u00e9 en peinture s&#8217;est d\u00e9velopp\u00e9e en r\u00e9sonnance<br \/>\ndes drames individuels et collectifs. Puisant \u00e0 la fois dans<br \/>\nson h\u00e9ritage familial et dans l&#8217;histoire de l&#8217;art, elle interroge<br \/>\nles notions de transmission g\u00e9n\u00e9rationnelle, de traumatisme,<br \/>\nde m\u00e9moire et d&#8217;amn\u00e9sie collectives.<br \/>\n\u00c0 l&#8217;origine du concept d&#8217;espace matriciel, elle a \u00e9t\u00e9 expos\u00e9e<br \/>\nau Centre Pompidou en 2024. Plusieurs de ses oeuvres ont<br \/>\n\u00e9t\u00e9 int\u00e9gr\u00e9es aux collections permanentes. Ce catalogue<br \/>\nrassemble l&#8217;ensemble des oeuvres de l&#8217;exposition, des vues<br \/>\nd&#8217;installations, ainsi que des photographies de ses carnets<br \/>\npersonnels, offrant un panorama complet des diff\u00e9rents<br \/>\nprojets de Bracha Lichtenberg Ettinger avec le Centre<br \/>\nPompidou depuis pr\u00e8s de quarante ans.<\/p>\n","protected":false},"excerpt":{"rendered":"<p>psychanalyste et philosophe franco-isra\u00e9lienne bas\u00e9e en France. N\u00e9e en Palestine mandataire le 23 mars 1948, elle vit et travaille \u00e0 Paris. Son oeuvre, profond\u00e9ment marqu\u00e9e par l&#8217;histoire personnelle de ses parents rescap\u00e9s de la Shoah, s&#8217;inscrit dans un si\u00e8cle o\u00f9 la modernit\u00e9 en peinture s&#8217;est d\u00e9velopp\u00e9e en r\u00e9sonnance des drames individuels et collectifs. Puisant \u00e0 [&hellip;]<\/p>\n","protected":false},"featured_media":53935,"template":"","meta":[],"product_cat":[2948],"product_tag":[],"acf":[],"yoast_head":"<!-- This site is optimized with the Yoast SEO plugin v20.11 - https:\/\/yoast.com\/wordpress\/plugins\/seo\/ -->\n<title>Bracha Lichtenberg Ettinger - Librairie 7L<\/title>\n<meta name=\"robots\" content=\"index, follow, max-snippet:-1, max-image-preview:large, max-video-preview:-1\" \/>\n<link rel=\"canonical\" href=\"https:\/\/librairie7l.com\/en\/produit\/bracha-lichtenberg-ettinger-2\/\" \/>\n<meta property=\"og:locale\" content=\"en_US\" \/>\n<meta property=\"og:type\" content=\"article\" \/>\n<meta property=\"og:title\" content=\"Bracha Lichtenberg Ettinger - Librairie 7L\" \/>\n<meta property=\"og:description\" content=\"psychanalyste et philosophe franco-isra\u00e9lienne bas\u00e9e en France. N\u00e9e en Palestine mandataire le 23 mars 1948, elle vit et travaille \u00e0 Paris. Son oeuvre, profond\u00e9ment marqu\u00e9e par l&#8217;histoire personnelle de ses parents rescap\u00e9s de la Shoah, s&#8217;inscrit dans un si\u00e8cle o\u00f9 la modernit\u00e9 en peinture s&#8217;est d\u00e9velopp\u00e9e en r\u00e9sonnance des drames individuels et collectifs. Puisant \u00e0 [&hellip;]\" \/>\n<meta property=\"og:url\" content=\"https:\/\/librairie7l.com\/en\/produit\/bracha-lichtenberg-ettinger-2\/\" \/>\n<meta property=\"og:site_name\" content=\"Librairie 7L\" \/>\n<meta property=\"article:modified_time\" content=\"2026-04-21T05:34:19+00:00\" \/>\n<meta property=\"og:image\" content=\"https:\/\/librairie7l.com\/wp-content\/uploads\/2025\/06\/9782370742780_1_75.jpg\" \/>\n\t<meta property=\"og:image:width\" content=\"600\" \/>\n\t<meta property=\"og:image:height\" content=\"698\" \/>\n\t<meta property=\"og:image:type\" content=\"image\/jpeg\" \/>\n<meta name=\"twitter:card\" content=\"summary_large_image\" \/>\n<meta name=\"twitter:label1\" content=\"Est. reading time\" \/>\n\t<meta name=\"twitter:data1\" content=\"1 minute\" \/>\n<script type=\"application\/ld+json\" class=\"yoast-schema-graph\">{\"@context\":\"https:\/\/schema.org\",\"@graph\":[{\"@type\":\"WebPage\",\"@id\":\"https:\/\/librairie7l.com\/en\/produit\/bracha-lichtenberg-ettinger-2\/\",\"url\":\"https:\/\/librairie7l.com\/en\/produit\/bracha-lichtenberg-ettinger-2\/\",\"name\":\"Bracha Lichtenberg Ettinger - Librairie 7L\",\"isPartOf\":{\"@id\":\"https:\/\/librairie7l.com\/en\/#website\"},\"datePublished\":\"2026-01-22T09:16:13+00:00\",\"dateModified\":\"2026-04-21T05:34:19+00:00\",\"breadcrumb\":{\"@id\":\"https:\/\/librairie7l.com\/en\/produit\/bracha-lichtenberg-ettinger-2\/#breadcrumb\"},\"inLanguage\":\"en-US\",\"potentialAction\":[{\"@type\":\"ReadAction\",\"target\":[\"https:\/\/librairie7l.com\/en\/produit\/bracha-lichtenberg-ettinger-2\/\"]}]},{\"@type\":\"BreadcrumbList\",\"@id\":\"https:\/\/librairie7l.com\/en\/produit\/bracha-lichtenberg-ettinger-2\/#breadcrumb\",\"itemListElement\":[{\"@type\":\"ListItem\",\"position\":1,\"name\":\"Accueil\",\"item\":\"https:\/\/librairie7l.com\/en\/\"},{\"@type\":\"ListItem\",\"position\":2,\"name\":\"Shop\",\"item\":\"https:\/\/librairie7l.com\/en\/shop\/\"},{\"@type\":\"ListItem\",\"position\":3,\"name\":\"BRACHA LICHTENBERG ETTINGER\"}]},{\"@type\":\"WebSite\",\"@id\":\"https:\/\/librairie7l.com\/en\/#website\",\"url\":\"https:\/\/librairie7l.com\/en\/\",\"name\":\"Librairie 7L\",\"description\":\"Librairie fond\u00e9e en 1999 par Karl Lagerfeld \u00e0 Paris\",\"publisher\":{\"@id\":\"https:\/\/librairie7l.com\/en\/#organization\"},\"potentialAction\":[{\"@type\":\"SearchAction\",\"target\":{\"@type\":\"EntryPoint\",\"urlTemplate\":\"https:\/\/librairie7l.com\/en\/?s={search_term_string}\"},\"query-input\":\"required name=search_term_string\"}],\"inLanguage\":\"en-US\"},{\"@type\":\"Organization\",\"@id\":\"https:\/\/librairie7l.com\/en\/#organization\",\"name\":\"Librairie 7L\",\"url\":\"https:\/\/librairie7l.com\/en\/\",\"logo\":{\"@type\":\"ImageObject\",\"inLanguage\":\"en-US\",\"@id\":\"https:\/\/librairie7l.com\/en\/#\/schema\/logo\/image\/\",\"url\":\"https:\/\/librairie7l.com\/wp-content\/uploads\/2022\/08\/logo-1.png\",\"contentUrl\":\"https:\/\/librairie7l.com\/wp-content\/uploads\/2022\/08\/logo-1.png\",\"width\":227,\"height\":301,\"caption\":\"Librairie 7L\"},\"image\":{\"@id\":\"https:\/\/librairie7l.com\/en\/#\/schema\/logo\/image\/\"}}]}<\/script>\n<!-- \/ Yoast SEO plugin. -->","yoast_head_json":{"title":"Bracha Lichtenberg Ettinger - Librairie 7L","robots":{"index":"index","follow":"follow","max-snippet":"max-snippet:-1","max-image-preview":"max-image-preview:large","max-video-preview":"max-video-preview:-1"},"canonical":"https:\/\/librairie7l.com\/en\/produit\/bracha-lichtenberg-ettinger-2\/","og_locale":"en_US","og_type":"article","og_title":"Bracha Lichtenberg Ettinger - Librairie 7L","og_description":"psychanalyste et philosophe franco-isra\u00e9lienne bas\u00e9e en France. N\u00e9e en Palestine mandataire le 23 mars 1948, elle vit et travaille \u00e0 Paris. Son oeuvre, profond\u00e9ment marqu\u00e9e par l&#8217;histoire personnelle de ses parents rescap\u00e9s de la Shoah, s&#8217;inscrit dans un si\u00e8cle o\u00f9 la modernit\u00e9 en peinture s&#8217;est d\u00e9velopp\u00e9e en r\u00e9sonnance des drames individuels et collectifs. Puisant \u00e0 [&hellip;]","og_url":"https:\/\/librairie7l.com\/en\/produit\/bracha-lichtenberg-ettinger-2\/","og_site_name":"Librairie 7L","article_modified_time":"2026-04-21T05:34:19+00:00","og_image":[{"width":600,"height":698,"url":"https:\/\/librairie7l.com\/wp-content\/uploads\/2025\/06\/9782370742780_1_75.jpg","type":"image\/jpeg"}],"twitter_card":"summary_large_image","twitter_misc":{"Est. reading time":"1 minute"},"schema":{"@context":"https:\/\/schema.org","@graph":[{"@type":"WebPage","@id":"https:\/\/librairie7l.com\/en\/produit\/bracha-lichtenberg-ettinger-2\/","url":"https:\/\/librairie7l.com\/en\/produit\/bracha-lichtenberg-ettinger-2\/","name":"Bracha Lichtenberg Ettinger - Librairie 7L","isPartOf":{"@id":"https:\/\/librairie7l.com\/en\/#website"},"datePublished":"2026-01-22T09:16:13+00:00","dateModified":"2026-04-21T05:34:19+00:00","breadcrumb":{"@id":"https:\/\/librairie7l.com\/en\/produit\/bracha-lichtenberg-ettinger-2\/#breadcrumb"},"inLanguage":"en-US","potentialAction":[{"@type":"ReadAction","target":["https:\/\/librairie7l.com\/en\/produit\/bracha-lichtenberg-ettinger-2\/"]}]},{"@type":"BreadcrumbList","@id":"https:\/\/librairie7l.com\/en\/produit\/bracha-lichtenberg-ettinger-2\/#breadcrumb","itemListElement":[{"@type":"ListItem","position":1,"name":"Accueil","item":"https:\/\/librairie7l.com\/en\/"},{"@type":"ListItem","position":2,"name":"Shop","item":"https:\/\/librairie7l.com\/en\/shop\/"},{"@type":"ListItem","position":3,"name":"BRACHA LICHTENBERG ETTINGER"}]},{"@type":"WebSite","@id":"https:\/\/librairie7l.com\/en\/#website","url":"https:\/\/librairie7l.com\/en\/","name":"Librairie 7L","description":"Librairie fond\u00e9e en 1999 par Karl Lagerfeld \u00e0 Paris","publisher":{"@id":"https:\/\/librairie7l.com\/en\/#organization"},"potentialAction":[{"@type":"SearchAction","target":{"@type":"EntryPoint","urlTemplate":"https:\/\/librairie7l.com\/en\/?s={search_term_string}"},"query-input":"required name=search_term_string"}],"inLanguage":"en-US"},{"@type":"Organization","@id":"https:\/\/librairie7l.com\/en\/#organization","name":"Librairie 7L","url":"https:\/\/librairie7l.com\/en\/","logo":{"@type":"ImageObject","inLanguage":"en-US","@id":"https:\/\/librairie7l.com\/en\/#\/schema\/logo\/image\/","url":"https:\/\/librairie7l.com\/wp-content\/uploads\/2022\/08\/logo-1.png","contentUrl":"https:\/\/librairie7l.com\/wp-content\/uploads\/2022\/08\/logo-1.png","width":227,"height":301,"caption":"Librairie 7L"},"image":{"@id":"https:\/\/librairie7l.com\/en\/#\/schema\/logo\/image\/"}}]}},"_links":{"self":[{"href":"https:\/\/librairie7l.com\/en\/wp-json\/wp\/v2\/product\/53937"}],"collection":[{"href":"https:\/\/librairie7l.com\/en\/wp-json\/wp\/v2\/product"}],"about":[{"href":"https:\/\/librairie7l.com\/en\/wp-json\/wp\/v2\/types\/product"}],"wp:featuredmedia":[{"embeddable":true,"href":"https:\/\/librairie7l.com\/en\/wp-json\/wp\/v2\/media\/53935"}],"wp:attachment":[{"href":"https:\/\/librairie7l.com\/en\/wp-json\/wp\/v2\/media?parent=53937"}],"wp:term":[{"taxonomy":"product_cat","embeddable":true,"href":"https:\/\/librairie7l.com\/en\/wp-json\/wp\/v2\/product_cat?post=53937"},{"taxonomy":"product_tag","embeddable":true,"href":"https:\/\/librairie7l.com\/en\/wp-json\/wp\/v2\/product_tag?post=53937"}],"curies":[{"name":"wp","href":"https:\/\/api.w.org\/{rel}","templated":true}]}}