{"id":53945,"date":"2026-01-22T10:16:20","date_gmt":"2026-01-22T09:16:20","guid":{"rendered":"https:\/\/librairie7l.com\/?post_type=product&#038;p=53945"},"modified":"2026-04-21T07:33:04","modified_gmt":"2026-04-21T05:33:04","slug":"musee-picasso-paris-2","status":"publish","type":"product","link":"https:\/\/librairie7l.com\/en\/produit\/musee-picasso-paris-2\/","title":{"rendered":"MUS\u00c9E PICASSO PARIS"},"content":{"rendered":"<p>Il manquait un livre \u00e0 la hauteur des tr\u00e9sors que rec\u00e8le le mus\u00e9e national Picasso. Install\u00e9 dans l&#8217;h\u00f4tel Sal\u00e9, \u00e0 Paris, depuis 1985, il abrite, avec plus de 4500 pi\u00e8ces, la plus belle collection publique d&#8217;oeuvres du grand ma\u00eetre du XXe si\u00e8cle jamais constitu\u00e9e. C&#8217;est bien l&#8217;ambition de cet ouvrage, qui offre la reproduction de plus de 400 oeuvres de Picasso, accompagn\u00e9es de photographies du b\u00e2timent, poursuivant en creux l&#8217;histoire du bel h\u00f4tel particulier qui forme un \u00e9crin de choix pour cette collection d&#8217;exception.<br \/>\nStructur\u00e9e chronologiquement, cette somme permet de retracer toute la carri\u00e8re de ce formidable cr\u00e9ateur,en suivant les diff\u00e9rentes \u00e9poques qui scandent l&#8217;\u00e9volution de son oeuvre, de la p\u00e9riode bleue au tardif portrait Le Jeune Peintre de 1972, en faisant certes la part belle \u00e0 la peinture, mais aussi aux autres techniques que l&#8217;artiste a explor\u00e9es au gr\u00e9 de ses amours et de ses amiti\u00e9s :<br \/>\nSculpture, c\u00e9ramique, photographie, dessin et gravure.<br \/>\nUne vaste chronologie qui met en relation biographie et ex\u00e9g\u00e8se de l&#8217;oeuvre cl\u00f4t l&#8217;ouvrage, faisant suite \u00e0 des textes transversaux o\u00f9 le travail de Picasso est abord\u00e9 sous l&#8217;angle des techniques employ\u00e9es (peinture, sculpture, arts graphiques).<\/p>\n","protected":false},"excerpt":{"rendered":"<p>Il manquait un livre \u00e0 la hauteur des tr\u00e9sors que rec\u00e8le le mus\u00e9e national Picasso. Install\u00e9 dans l&#8217;h\u00f4tel Sal\u00e9, \u00e0 Paris, depuis 1985, il abrite, avec plus de 4500 pi\u00e8ces, la plus belle collection publique d&#8217;oeuvres du grand ma\u00eetre du XXe si\u00e8cle jamais constitu\u00e9e. C&#8217;est bien l&#8217;ambition de cet ouvrage, qui offre la reproduction de [&hellip;]<\/p>\n","protected":false},"featured_media":53943,"template":"","meta":[],"product_cat":[2948],"product_tag":[],"acf":[],"yoast_head":"<!-- This site is optimized with the Yoast SEO plugin v20.11 - https:\/\/yoast.com\/wordpress\/plugins\/seo\/ -->\n<title>Mus\u00e9e Picasso Paris - Librairie 7L<\/title>\n<meta name=\"robots\" content=\"index, follow, max-snippet:-1, max-image-preview:large, max-video-preview:-1\" \/>\n<link rel=\"canonical\" href=\"https:\/\/librairie7l.com\/en\/produit\/musee-picasso-paris-2\/\" \/>\n<meta property=\"og:locale\" content=\"en_US\" \/>\n<meta property=\"og:type\" content=\"article\" \/>\n<meta property=\"og:title\" content=\"Mus\u00e9e Picasso Paris - Librairie 7L\" \/>\n<meta property=\"og:description\" content=\"Il manquait un livre \u00e0 la hauteur des tr\u00e9sors que rec\u00e8le le mus\u00e9e national Picasso. Install\u00e9 dans l&#8217;h\u00f4tel Sal\u00e9, \u00e0 Paris, depuis 1985, il abrite, avec plus de 4500 pi\u00e8ces, la plus belle collection publique d&#8217;oeuvres du grand ma\u00eetre du XXe si\u00e8cle jamais constitu\u00e9e. C&#8217;est bien l&#8217;ambition de cet ouvrage, qui offre la reproduction de [&hellip;]\" \/>\n<meta property=\"og:url\" content=\"https:\/\/librairie7l.com\/en\/produit\/musee-picasso-paris-2\/\" \/>\n<meta property=\"og:site_name\" content=\"Librairie 7L\" \/>\n<meta property=\"article:modified_time\" content=\"2026-04-21T05:33:04+00:00\" \/>\n<meta property=\"og:image\" content=\"https:\/\/librairie7l.com\/wp-content\/uploads\/2014\/03\/9782081316386_1_75.jpg\" \/>\n\t<meta property=\"og:image:width\" content=\"600\" \/>\n\t<meta property=\"og:image:height\" content=\"822\" \/>\n\t<meta property=\"og:image:type\" content=\"image\/jpeg\" \/>\n<meta name=\"twitter:card\" content=\"summary_large_image\" \/>\n<meta name=\"twitter:label1\" content=\"Est. reading time\" \/>\n\t<meta name=\"twitter:data1\" content=\"1 minute\" \/>\n<script type=\"application\/ld+json\" class=\"yoast-schema-graph\">{\"@context\":\"https:\/\/schema.org\",\"@graph\":[{\"@type\":\"WebPage\",\"@id\":\"https:\/\/librairie7l.com\/en\/produit\/musee-picasso-paris-2\/\",\"url\":\"https:\/\/librairie7l.com\/en\/produit\/musee-picasso-paris-2\/\",\"name\":\"Mus\u00e9e Picasso Paris - Librairie 7L\",\"isPartOf\":{\"@id\":\"https:\/\/librairie7l.com\/en\/#website\"},\"datePublished\":\"2026-01-22T09:16:20+00:00\",\"dateModified\":\"2026-04-21T05:33:04+00:00\",\"breadcrumb\":{\"@id\":\"https:\/\/librairie7l.com\/en\/produit\/musee-picasso-paris-2\/#breadcrumb\"},\"inLanguage\":\"en-US\",\"potentialAction\":[{\"@type\":\"ReadAction\",\"target\":[\"https:\/\/librairie7l.com\/en\/produit\/musee-picasso-paris-2\/\"]}]},{\"@type\":\"BreadcrumbList\",\"@id\":\"https:\/\/librairie7l.com\/en\/produit\/musee-picasso-paris-2\/#breadcrumb\",\"itemListElement\":[{\"@type\":\"ListItem\",\"position\":1,\"name\":\"Accueil\",\"item\":\"https:\/\/librairie7l.com\/en\/\"},{\"@type\":\"ListItem\",\"position\":2,\"name\":\"Shop\",\"item\":\"https:\/\/librairie7l.com\/en\/shop\/\"},{\"@type\":\"ListItem\",\"position\":3,\"name\":\"MUS\u00c9E PICASSO PARIS\"}]},{\"@type\":\"WebSite\",\"@id\":\"https:\/\/librairie7l.com\/en\/#website\",\"url\":\"https:\/\/librairie7l.com\/en\/\",\"name\":\"Librairie 7L\",\"description\":\"Librairie fond\u00e9e en 1999 par Karl Lagerfeld \u00e0 Paris\",\"publisher\":{\"@id\":\"https:\/\/librairie7l.com\/en\/#organization\"},\"potentialAction\":[{\"@type\":\"SearchAction\",\"target\":{\"@type\":\"EntryPoint\",\"urlTemplate\":\"https:\/\/librairie7l.com\/en\/?s={search_term_string}\"},\"query-input\":\"required name=search_term_string\"}],\"inLanguage\":\"en-US\"},{\"@type\":\"Organization\",\"@id\":\"https:\/\/librairie7l.com\/en\/#organization\",\"name\":\"Librairie 7L\",\"url\":\"https:\/\/librairie7l.com\/en\/\",\"logo\":{\"@type\":\"ImageObject\",\"inLanguage\":\"en-US\",\"@id\":\"https:\/\/librairie7l.com\/en\/#\/schema\/logo\/image\/\",\"url\":\"https:\/\/librairie7l.com\/wp-content\/uploads\/2022\/08\/logo-1.png\",\"contentUrl\":\"https:\/\/librairie7l.com\/wp-content\/uploads\/2022\/08\/logo-1.png\",\"width\":227,\"height\":301,\"caption\":\"Librairie 7L\"},\"image\":{\"@id\":\"https:\/\/librairie7l.com\/en\/#\/schema\/logo\/image\/\"}}]}<\/script>\n<!-- \/ Yoast SEO plugin. -->","yoast_head_json":{"title":"Mus\u00e9e Picasso Paris - Librairie 7L","robots":{"index":"index","follow":"follow","max-snippet":"max-snippet:-1","max-image-preview":"max-image-preview:large","max-video-preview":"max-video-preview:-1"},"canonical":"https:\/\/librairie7l.com\/en\/produit\/musee-picasso-paris-2\/","og_locale":"en_US","og_type":"article","og_title":"Mus\u00e9e Picasso Paris - Librairie 7L","og_description":"Il manquait un livre \u00e0 la hauteur des tr\u00e9sors que rec\u00e8le le mus\u00e9e national Picasso. Install\u00e9 dans l&#8217;h\u00f4tel Sal\u00e9, \u00e0 Paris, depuis 1985, il abrite, avec plus de 4500 pi\u00e8ces, la plus belle collection publique d&#8217;oeuvres du grand ma\u00eetre du XXe si\u00e8cle jamais constitu\u00e9e. C&#8217;est bien l&#8217;ambition de cet ouvrage, qui offre la reproduction de [&hellip;]","og_url":"https:\/\/librairie7l.com\/en\/produit\/musee-picasso-paris-2\/","og_site_name":"Librairie 7L","article_modified_time":"2026-04-21T05:33:04+00:00","og_image":[{"width":600,"height":822,"url":"https:\/\/librairie7l.com\/wp-content\/uploads\/2014\/03\/9782081316386_1_75.jpg","type":"image\/jpeg"}],"twitter_card":"summary_large_image","twitter_misc":{"Est. reading time":"1 minute"},"schema":{"@context":"https:\/\/schema.org","@graph":[{"@type":"WebPage","@id":"https:\/\/librairie7l.com\/en\/produit\/musee-picasso-paris-2\/","url":"https:\/\/librairie7l.com\/en\/produit\/musee-picasso-paris-2\/","name":"Mus\u00e9e Picasso Paris - Librairie 7L","isPartOf":{"@id":"https:\/\/librairie7l.com\/en\/#website"},"datePublished":"2026-01-22T09:16:20+00:00","dateModified":"2026-04-21T05:33:04+00:00","breadcrumb":{"@id":"https:\/\/librairie7l.com\/en\/produit\/musee-picasso-paris-2\/#breadcrumb"},"inLanguage":"en-US","potentialAction":[{"@type":"ReadAction","target":["https:\/\/librairie7l.com\/en\/produit\/musee-picasso-paris-2\/"]}]},{"@type":"BreadcrumbList","@id":"https:\/\/librairie7l.com\/en\/produit\/musee-picasso-paris-2\/#breadcrumb","itemListElement":[{"@type":"ListItem","position":1,"name":"Accueil","item":"https:\/\/librairie7l.com\/en\/"},{"@type":"ListItem","position":2,"name":"Shop","item":"https:\/\/librairie7l.com\/en\/shop\/"},{"@type":"ListItem","position":3,"name":"MUS\u00c9E PICASSO PARIS"}]},{"@type":"WebSite","@id":"https:\/\/librairie7l.com\/en\/#website","url":"https:\/\/librairie7l.com\/en\/","name":"Librairie 7L","description":"Librairie fond\u00e9e en 1999 par Karl Lagerfeld \u00e0 Paris","publisher":{"@id":"https:\/\/librairie7l.com\/en\/#organization"},"potentialAction":[{"@type":"SearchAction","target":{"@type":"EntryPoint","urlTemplate":"https:\/\/librairie7l.com\/en\/?s={search_term_string}"},"query-input":"required name=search_term_string"}],"inLanguage":"en-US"},{"@type":"Organization","@id":"https:\/\/librairie7l.com\/en\/#organization","name":"Librairie 7L","url":"https:\/\/librairie7l.com\/en\/","logo":{"@type":"ImageObject","inLanguage":"en-US","@id":"https:\/\/librairie7l.com\/en\/#\/schema\/logo\/image\/","url":"https:\/\/librairie7l.com\/wp-content\/uploads\/2022\/08\/logo-1.png","contentUrl":"https:\/\/librairie7l.com\/wp-content\/uploads\/2022\/08\/logo-1.png","width":227,"height":301,"caption":"Librairie 7L"},"image":{"@id":"https:\/\/librairie7l.com\/en\/#\/schema\/logo\/image\/"}}]}},"_links":{"self":[{"href":"https:\/\/librairie7l.com\/en\/wp-json\/wp\/v2\/product\/53945"}],"collection":[{"href":"https:\/\/librairie7l.com\/en\/wp-json\/wp\/v2\/product"}],"about":[{"href":"https:\/\/librairie7l.com\/en\/wp-json\/wp\/v2\/types\/product"}],"wp:featuredmedia":[{"embeddable":true,"href":"https:\/\/librairie7l.com\/en\/wp-json\/wp\/v2\/media\/53943"}],"wp:attachment":[{"href":"https:\/\/librairie7l.com\/en\/wp-json\/wp\/v2\/media?parent=53945"}],"wp:term":[{"taxonomy":"product_cat","embeddable":true,"href":"https:\/\/librairie7l.com\/en\/wp-json\/wp\/v2\/product_cat?post=53945"},{"taxonomy":"product_tag","embeddable":true,"href":"https:\/\/librairie7l.com\/en\/wp-json\/wp\/v2\/product_tag?post=53945"}],"curies":[{"name":"wp","href":"https:\/\/api.w.org\/{rel}","templated":true}]}}