{"id":53953,"date":"2026-01-23T09:18:15","date_gmt":"2026-01-23T08:18:15","guid":{"rendered":"https:\/\/librairie7l.com\/?post_type=product&#038;p=53953"},"modified":"2026-04-21T05:50:45","modified_gmt":"2026-04-21T03:50:45","slug":"formes-dideologie-2","status":"publish","type":"product","link":"https:\/\/librairie7l.com\/en\/produit\/formes-dideologie-2\/","title":{"rendered":"FORMES D&#8217;ID\u00c9OLOGIE"},"content":{"rendered":"<p>Formes d&#8217;id\u00e9ologie. \u00c9crits sur l&#8217;image est un recueil de textes de l&#8217;artiste et th\u00e9oricien Victor Burgin. R\u00e9dig\u00e9s entre 1982 et 2024, ces douze essais s&#8217;int\u00e9ressent \u00e0 la part politique de l&#8217;esth\u00e9tique, en explorant des sujets aussi diff\u00e9rents que le r\u00f4le jou\u00e9 par la photographie dans la formation des id\u00e9ologies, la cat\u00e9gorie incertaine de film-essai ou encore la question de l&#8217;art \u00e0 l&#8217;\u00e9poque de l&#8217;IA. En proposant au lecteur francophone ce recueil de textes, cet ouvrage entend susciter avant tout la rencontre avec une pens\u00e9e et un parcours singuliers, marqu\u00e9s par une exigence critique exemplaire. Victor Burgin, artiste et th\u00e9oricien britannique majeur, est n\u00e9 \u00e0 Sheffield en 1941. Dipl\u00f4m\u00e9 du Royal College of Art et Yale, il est Emeritus Professor of History of Consciousness, \u00e0 l&#8217;Universit\u00e9 de Californie \u00e0 Santa Cruz, et Professor of Visual Culture, \u00e0 l&#8217;Universit\u00e9 de Southampton. Burgin est l&#8217;auteur de nombreux livres et essais, et ses oeuvres m\u00ealant textes, images fixes et anim\u00e9es sont repr\u00e9sent\u00e9es dans des collections publiques telles que le Los Angeles County Museum of Art; Museum of Modern Art, New York; Tate Modern, London; Museum Ludwig, Cologne, et le Centre Georges Pompidou, Paris. Le Film qui me reste en m\u00e9moire, traduction fran\u00e7aise de The Remembered Film, a \u00e9t\u00e9 publi\u00e9 par Mim\u00e9sis en 2019.<\/p>\n","protected":false},"excerpt":{"rendered":"<p>Formes d&#8217;id\u00e9ologie. \u00c9crits sur l&#8217;image est un recueil de textes de l&#8217;artiste et th\u00e9oricien Victor Burgin. R\u00e9dig\u00e9s entre 1982 et 2024, ces douze essais s&#8217;int\u00e9ressent \u00e0 la part politique de l&#8217;esth\u00e9tique, en explorant des sujets aussi diff\u00e9rents que le r\u00f4le jou\u00e9 par la photographie dans la formation des id\u00e9ologies, la cat\u00e9gorie incertaine de film-essai ou [&hellip;]<\/p>\n","protected":false},"featured_media":53951,"template":"","meta":[],"product_cat":[2948],"product_tag":[],"acf":[],"yoast_head":"<!-- This site is optimized with the Yoast SEO plugin v20.11 - https:\/\/yoast.com\/wordpress\/plugins\/seo\/ -->\n<title>Formes d&#039;id\u00e9ologie - Librairie 7L<\/title>\n<meta name=\"robots\" content=\"index, follow, max-snippet:-1, max-image-preview:large, max-video-preview:-1\" \/>\n<link rel=\"canonical\" href=\"https:\/\/librairie7l.com\/en\/produit\/formes-dideologie-2\/\" \/>\n<meta property=\"og:locale\" content=\"en_US\" \/>\n<meta property=\"og:type\" content=\"article\" \/>\n<meta property=\"og:title\" content=\"Formes d&#039;id\u00e9ologie - Librairie 7L\" \/>\n<meta property=\"og:description\" content=\"Formes d&#8217;id\u00e9ologie. \u00c9crits sur l&#8217;image est un recueil de textes de l&#8217;artiste et th\u00e9oricien Victor Burgin. R\u00e9dig\u00e9s entre 1982 et 2024, ces douze essais s&#8217;int\u00e9ressent \u00e0 la part politique de l&#8217;esth\u00e9tique, en explorant des sujets aussi diff\u00e9rents que le r\u00f4le jou\u00e9 par la photographie dans la formation des id\u00e9ologies, la cat\u00e9gorie incertaine de film-essai ou [&hellip;]\" \/>\n<meta property=\"og:url\" content=\"https:\/\/librairie7l.com\/en\/produit\/formes-dideologie-2\/\" \/>\n<meta property=\"og:site_name\" content=\"Librairie 7L\" \/>\n<meta property=\"article:modified_time\" content=\"2026-04-21T03:50:45+00:00\" \/>\n<meta property=\"og:image\" content=\"https:\/\/librairie7l.com\/wp-content\/uploads\/2024\/12\/9788869764578_1_75.jpg\" \/>\n\t<meta property=\"og:image:width\" content=\"600\" \/>\n\t<meta property=\"og:image:height\" content=\"899\" \/>\n\t<meta property=\"og:image:type\" content=\"image\/jpeg\" \/>\n<meta name=\"twitter:card\" content=\"summary_large_image\" \/>\n<meta name=\"twitter:label1\" content=\"Est. reading time\" \/>\n\t<meta name=\"twitter:data1\" content=\"1 minute\" \/>\n<script type=\"application\/ld+json\" class=\"yoast-schema-graph\">{\"@context\":\"https:\/\/schema.org\",\"@graph\":[{\"@type\":\"WebPage\",\"@id\":\"https:\/\/librairie7l.com\/en\/produit\/formes-dideologie-2\/\",\"url\":\"https:\/\/librairie7l.com\/en\/produit\/formes-dideologie-2\/\",\"name\":\"Formes d'id\u00e9ologie - Librairie 7L\",\"isPartOf\":{\"@id\":\"https:\/\/librairie7l.com\/en\/#website\"},\"datePublished\":\"2026-01-23T08:18:15+00:00\",\"dateModified\":\"2026-04-21T03:50:45+00:00\",\"breadcrumb\":{\"@id\":\"https:\/\/librairie7l.com\/en\/produit\/formes-dideologie-2\/#breadcrumb\"},\"inLanguage\":\"en-US\",\"potentialAction\":[{\"@type\":\"ReadAction\",\"target\":[\"https:\/\/librairie7l.com\/en\/produit\/formes-dideologie-2\/\"]}]},{\"@type\":\"BreadcrumbList\",\"@id\":\"https:\/\/librairie7l.com\/en\/produit\/formes-dideologie-2\/#breadcrumb\",\"itemListElement\":[{\"@type\":\"ListItem\",\"position\":1,\"name\":\"Accueil\",\"item\":\"https:\/\/librairie7l.com\/en\/\"},{\"@type\":\"ListItem\",\"position\":2,\"name\":\"Shop\",\"item\":\"https:\/\/librairie7l.com\/en\/shop\/\"},{\"@type\":\"ListItem\",\"position\":3,\"name\":\"FORMES D&#8217;ID\u00c9OLOGIE\"}]},{\"@type\":\"WebSite\",\"@id\":\"https:\/\/librairie7l.com\/en\/#website\",\"url\":\"https:\/\/librairie7l.com\/en\/\",\"name\":\"Librairie 7L\",\"description\":\"Librairie fond\u00e9e en 1999 par Karl Lagerfeld \u00e0 Paris\",\"publisher\":{\"@id\":\"https:\/\/librairie7l.com\/en\/#organization\"},\"potentialAction\":[{\"@type\":\"SearchAction\",\"target\":{\"@type\":\"EntryPoint\",\"urlTemplate\":\"https:\/\/librairie7l.com\/en\/?s={search_term_string}\"},\"query-input\":\"required name=search_term_string\"}],\"inLanguage\":\"en-US\"},{\"@type\":\"Organization\",\"@id\":\"https:\/\/librairie7l.com\/en\/#organization\",\"name\":\"Librairie 7L\",\"url\":\"https:\/\/librairie7l.com\/en\/\",\"logo\":{\"@type\":\"ImageObject\",\"inLanguage\":\"en-US\",\"@id\":\"https:\/\/librairie7l.com\/en\/#\/schema\/logo\/image\/\",\"url\":\"https:\/\/librairie7l.com\/wp-content\/uploads\/2022\/08\/logo-1.png\",\"contentUrl\":\"https:\/\/librairie7l.com\/wp-content\/uploads\/2022\/08\/logo-1.png\",\"width\":227,\"height\":301,\"caption\":\"Librairie 7L\"},\"image\":{\"@id\":\"https:\/\/librairie7l.com\/en\/#\/schema\/logo\/image\/\"}}]}<\/script>\n<!-- \/ Yoast SEO plugin. -->","yoast_head_json":{"title":"Formes d'id\u00e9ologie - Librairie 7L","robots":{"index":"index","follow":"follow","max-snippet":"max-snippet:-1","max-image-preview":"max-image-preview:large","max-video-preview":"max-video-preview:-1"},"canonical":"https:\/\/librairie7l.com\/en\/produit\/formes-dideologie-2\/","og_locale":"en_US","og_type":"article","og_title":"Formes d'id\u00e9ologie - Librairie 7L","og_description":"Formes d&#8217;id\u00e9ologie. \u00c9crits sur l&#8217;image est un recueil de textes de l&#8217;artiste et th\u00e9oricien Victor Burgin. R\u00e9dig\u00e9s entre 1982 et 2024, ces douze essais s&#8217;int\u00e9ressent \u00e0 la part politique de l&#8217;esth\u00e9tique, en explorant des sujets aussi diff\u00e9rents que le r\u00f4le jou\u00e9 par la photographie dans la formation des id\u00e9ologies, la cat\u00e9gorie incertaine de film-essai ou [&hellip;]","og_url":"https:\/\/librairie7l.com\/en\/produit\/formes-dideologie-2\/","og_site_name":"Librairie 7L","article_modified_time":"2026-04-21T03:50:45+00:00","og_image":[{"width":600,"height":899,"url":"https:\/\/librairie7l.com\/wp-content\/uploads\/2024\/12\/9788869764578_1_75.jpg","type":"image\/jpeg"}],"twitter_card":"summary_large_image","twitter_misc":{"Est. reading time":"1 minute"},"schema":{"@context":"https:\/\/schema.org","@graph":[{"@type":"WebPage","@id":"https:\/\/librairie7l.com\/en\/produit\/formes-dideologie-2\/","url":"https:\/\/librairie7l.com\/en\/produit\/formes-dideologie-2\/","name":"Formes d'id\u00e9ologie - Librairie 7L","isPartOf":{"@id":"https:\/\/librairie7l.com\/en\/#website"},"datePublished":"2026-01-23T08:18:15+00:00","dateModified":"2026-04-21T03:50:45+00:00","breadcrumb":{"@id":"https:\/\/librairie7l.com\/en\/produit\/formes-dideologie-2\/#breadcrumb"},"inLanguage":"en-US","potentialAction":[{"@type":"ReadAction","target":["https:\/\/librairie7l.com\/en\/produit\/formes-dideologie-2\/"]}]},{"@type":"BreadcrumbList","@id":"https:\/\/librairie7l.com\/en\/produit\/formes-dideologie-2\/#breadcrumb","itemListElement":[{"@type":"ListItem","position":1,"name":"Accueil","item":"https:\/\/librairie7l.com\/en\/"},{"@type":"ListItem","position":2,"name":"Shop","item":"https:\/\/librairie7l.com\/en\/shop\/"},{"@type":"ListItem","position":3,"name":"FORMES D&#8217;ID\u00c9OLOGIE"}]},{"@type":"WebSite","@id":"https:\/\/librairie7l.com\/en\/#website","url":"https:\/\/librairie7l.com\/en\/","name":"Librairie 7L","description":"Librairie fond\u00e9e en 1999 par Karl Lagerfeld \u00e0 Paris","publisher":{"@id":"https:\/\/librairie7l.com\/en\/#organization"},"potentialAction":[{"@type":"SearchAction","target":{"@type":"EntryPoint","urlTemplate":"https:\/\/librairie7l.com\/en\/?s={search_term_string}"},"query-input":"required name=search_term_string"}],"inLanguage":"en-US"},{"@type":"Organization","@id":"https:\/\/librairie7l.com\/en\/#organization","name":"Librairie 7L","url":"https:\/\/librairie7l.com\/en\/","logo":{"@type":"ImageObject","inLanguage":"en-US","@id":"https:\/\/librairie7l.com\/en\/#\/schema\/logo\/image\/","url":"https:\/\/librairie7l.com\/wp-content\/uploads\/2022\/08\/logo-1.png","contentUrl":"https:\/\/librairie7l.com\/wp-content\/uploads\/2022\/08\/logo-1.png","width":227,"height":301,"caption":"Librairie 7L"},"image":{"@id":"https:\/\/librairie7l.com\/en\/#\/schema\/logo\/image\/"}}]}},"_links":{"self":[{"href":"https:\/\/librairie7l.com\/en\/wp-json\/wp\/v2\/product\/53953"}],"collection":[{"href":"https:\/\/librairie7l.com\/en\/wp-json\/wp\/v2\/product"}],"about":[{"href":"https:\/\/librairie7l.com\/en\/wp-json\/wp\/v2\/types\/product"}],"wp:featuredmedia":[{"embeddable":true,"href":"https:\/\/librairie7l.com\/en\/wp-json\/wp\/v2\/media\/53951"}],"wp:attachment":[{"href":"https:\/\/librairie7l.com\/en\/wp-json\/wp\/v2\/media?parent=53953"}],"wp:term":[{"taxonomy":"product_cat","embeddable":true,"href":"https:\/\/librairie7l.com\/en\/wp-json\/wp\/v2\/product_cat?post=53953"},{"taxonomy":"product_tag","embeddable":true,"href":"https:\/\/librairie7l.com\/en\/wp-json\/wp\/v2\/product_tag?post=53953"}],"curies":[{"name":"wp","href":"https:\/\/api.w.org\/{rel}","templated":true}]}}