{"id":54026,"date":"2026-01-24T10:16:47","date_gmt":"2026-01-24T09:16:47","guid":{"rendered":"https:\/\/librairie7l.com\/?post_type=product&#038;p=54026"},"modified":"2026-04-21T05:56:19","modified_gmt":"2026-04-21T03:56:19","slug":"esquisses-au-fil-du-pinceau-2","status":"publish","type":"product","link":"https:\/\/librairie7l.com\/en\/produit\/esquisses-au-fil-du-pinceau-2\/","title":{"rendered":"ESQUISSES AU FIL DU PINCEAU"},"content":{"rendered":"<p>Voici deux tr\u00e9sors qui dormaient dans le fonds de la tr\u00e8s riche collection Jacques Doucet \u00e0 la Biblioth\u00e8que nationale. Puisant leur beaut\u00e9 dans le rapport vigoureux du noir et du blanc, ils t\u00e9moignent de la ma\u00eetrise et du raffinement atteints par l&#8217;estampe \u00e0 l&#8217;\u00e9poque d&#8217;Edo au Japon. Ces deux albums \u00e9taient d&#8217;abord destin\u00e9s \u00e0 servir de mod\u00e8les aux \u00e9l\u00e8ves qui apprenaient l&#8217;art difficile du pinceau et de l&#8217;encre. Animaux, fleurs, fruits, insectes, chacune de ces images offre un fragment du monde, tel un ha\u00efku capturant l&#8217;instant d&#8217;une vie saisie dans sa br\u00e8ve intensit\u00e9. Pr\u00e9sent\u00e9es dans une pr\u00e9cieuse reliure\u00e9tui ferm\u00e9e par un ruban, d&#8217;une excellente qualit\u00e9 d&#8217;impression, elles nous rappellent que l&#8217;estampe fut avant tout un art de la suggestion.<\/p>\n","protected":false},"excerpt":{"rendered":"<p>Voici deux tr\u00e9sors qui dormaient dans le fonds de la tr\u00e8s riche collection Jacques Doucet \u00e0 la Biblioth\u00e8que nationale. Puisant leur beaut\u00e9 dans le rapport vigoureux du noir et du blanc, ils t\u00e9moignent de la ma\u00eetrise et du raffinement atteints par l&#8217;estampe \u00e0 l&#8217;\u00e9poque d&#8217;Edo au Japon. Ces deux albums \u00e9taient d&#8217;abord destin\u00e9s \u00e0 servir [&hellip;]<\/p>\n","protected":false},"featured_media":54024,"template":"","meta":[],"product_cat":[2948],"product_tag":[],"acf":[],"yoast_head":"<!-- This site is optimized with the Yoast SEO plugin v20.11 - https:\/\/yoast.com\/wordpress\/plugins\/seo\/ -->\n<title>Esquisses au fil du pinceau - Librairie 7L<\/title>\n<meta name=\"robots\" content=\"index, follow, max-snippet:-1, max-image-preview:large, max-video-preview:-1\" \/>\n<link rel=\"canonical\" href=\"https:\/\/librairie7l.com\/en\/produit\/esquisses-au-fil-du-pinceau-2\/\" \/>\n<meta property=\"og:locale\" content=\"en_US\" \/>\n<meta property=\"og:type\" content=\"article\" \/>\n<meta property=\"og:title\" content=\"Esquisses au fil du pinceau - Librairie 7L\" \/>\n<meta property=\"og:description\" content=\"Voici deux tr\u00e9sors qui dormaient dans le fonds de la tr\u00e8s riche collection Jacques Doucet \u00e0 la Biblioth\u00e8que nationale. Puisant leur beaut\u00e9 dans le rapport vigoureux du noir et du blanc, ils t\u00e9moignent de la ma\u00eetrise et du raffinement atteints par l&#8217;estampe \u00e0 l&#8217;\u00e9poque d&#8217;Edo au Japon. Ces deux albums \u00e9taient d&#8217;abord destin\u00e9s \u00e0 servir [&hellip;]\" \/>\n<meta property=\"og:url\" content=\"https:\/\/librairie7l.com\/en\/produit\/esquisses-au-fil-du-pinceau-2\/\" \/>\n<meta property=\"og:site_name\" content=\"Librairie 7L\" \/>\n<meta property=\"article:modified_time\" content=\"2026-04-21T03:56:19+00:00\" \/>\n<meta property=\"og:image\" content=\"https:\/\/librairie7l.com\/wp-content\/uploads\/2018\/05\/9782809713695_1_75.jpg\" \/>\n\t<meta property=\"og:image:width\" content=\"600\" \/>\n\t<meta property=\"og:image:height\" content=\"868\" \/>\n\t<meta property=\"og:image:type\" content=\"image\/jpeg\" \/>\n<meta name=\"twitter:card\" content=\"summary_large_image\" \/>\n<meta name=\"twitter:label1\" content=\"Est. reading time\" \/>\n\t<meta name=\"twitter:data1\" content=\"1 minute\" \/>\n<script type=\"application\/ld+json\" class=\"yoast-schema-graph\">{\"@context\":\"https:\/\/schema.org\",\"@graph\":[{\"@type\":\"WebPage\",\"@id\":\"https:\/\/librairie7l.com\/en\/produit\/esquisses-au-fil-du-pinceau-2\/\",\"url\":\"https:\/\/librairie7l.com\/en\/produit\/esquisses-au-fil-du-pinceau-2\/\",\"name\":\"Esquisses au fil du pinceau - Librairie 7L\",\"isPartOf\":{\"@id\":\"https:\/\/librairie7l.com\/en\/#website\"},\"datePublished\":\"2026-01-24T09:16:47+00:00\",\"dateModified\":\"2026-04-21T03:56:19+00:00\",\"breadcrumb\":{\"@id\":\"https:\/\/librairie7l.com\/en\/produit\/esquisses-au-fil-du-pinceau-2\/#breadcrumb\"},\"inLanguage\":\"en-US\",\"potentialAction\":[{\"@type\":\"ReadAction\",\"target\":[\"https:\/\/librairie7l.com\/en\/produit\/esquisses-au-fil-du-pinceau-2\/\"]}]},{\"@type\":\"BreadcrumbList\",\"@id\":\"https:\/\/librairie7l.com\/en\/produit\/esquisses-au-fil-du-pinceau-2\/#breadcrumb\",\"itemListElement\":[{\"@type\":\"ListItem\",\"position\":1,\"name\":\"Accueil\",\"item\":\"https:\/\/librairie7l.com\/en\/\"},{\"@type\":\"ListItem\",\"position\":2,\"name\":\"Shop\",\"item\":\"https:\/\/librairie7l.com\/en\/shop\/\"},{\"@type\":\"ListItem\",\"position\":3,\"name\":\"ESQUISSES AU FIL DU PINCEAU\"}]},{\"@type\":\"WebSite\",\"@id\":\"https:\/\/librairie7l.com\/en\/#website\",\"url\":\"https:\/\/librairie7l.com\/en\/\",\"name\":\"Librairie 7L\",\"description\":\"Librairie fond\u00e9e en 1999 par Karl Lagerfeld \u00e0 Paris\",\"publisher\":{\"@id\":\"https:\/\/librairie7l.com\/en\/#organization\"},\"potentialAction\":[{\"@type\":\"SearchAction\",\"target\":{\"@type\":\"EntryPoint\",\"urlTemplate\":\"https:\/\/librairie7l.com\/en\/?s={search_term_string}\"},\"query-input\":\"required name=search_term_string\"}],\"inLanguage\":\"en-US\"},{\"@type\":\"Organization\",\"@id\":\"https:\/\/librairie7l.com\/en\/#organization\",\"name\":\"Librairie 7L\",\"url\":\"https:\/\/librairie7l.com\/en\/\",\"logo\":{\"@type\":\"ImageObject\",\"inLanguage\":\"en-US\",\"@id\":\"https:\/\/librairie7l.com\/en\/#\/schema\/logo\/image\/\",\"url\":\"https:\/\/librairie7l.com\/wp-content\/uploads\/2022\/08\/logo-1.png\",\"contentUrl\":\"https:\/\/librairie7l.com\/wp-content\/uploads\/2022\/08\/logo-1.png\",\"width\":227,\"height\":301,\"caption\":\"Librairie 7L\"},\"image\":{\"@id\":\"https:\/\/librairie7l.com\/en\/#\/schema\/logo\/image\/\"}}]}<\/script>\n<!-- \/ Yoast SEO plugin. -->","yoast_head_json":{"title":"Esquisses au fil du pinceau - Librairie 7L","robots":{"index":"index","follow":"follow","max-snippet":"max-snippet:-1","max-image-preview":"max-image-preview:large","max-video-preview":"max-video-preview:-1"},"canonical":"https:\/\/librairie7l.com\/en\/produit\/esquisses-au-fil-du-pinceau-2\/","og_locale":"en_US","og_type":"article","og_title":"Esquisses au fil du pinceau - Librairie 7L","og_description":"Voici deux tr\u00e9sors qui dormaient dans le fonds de la tr\u00e8s riche collection Jacques Doucet \u00e0 la Biblioth\u00e8que nationale. Puisant leur beaut\u00e9 dans le rapport vigoureux du noir et du blanc, ils t\u00e9moignent de la ma\u00eetrise et du raffinement atteints par l&#8217;estampe \u00e0 l&#8217;\u00e9poque d&#8217;Edo au Japon. Ces deux albums \u00e9taient d&#8217;abord destin\u00e9s \u00e0 servir [&hellip;]","og_url":"https:\/\/librairie7l.com\/en\/produit\/esquisses-au-fil-du-pinceau-2\/","og_site_name":"Librairie 7L","article_modified_time":"2026-04-21T03:56:19+00:00","og_image":[{"width":600,"height":868,"url":"https:\/\/librairie7l.com\/wp-content\/uploads\/2018\/05\/9782809713695_1_75.jpg","type":"image\/jpeg"}],"twitter_card":"summary_large_image","twitter_misc":{"Est. reading time":"1 minute"},"schema":{"@context":"https:\/\/schema.org","@graph":[{"@type":"WebPage","@id":"https:\/\/librairie7l.com\/en\/produit\/esquisses-au-fil-du-pinceau-2\/","url":"https:\/\/librairie7l.com\/en\/produit\/esquisses-au-fil-du-pinceau-2\/","name":"Esquisses au fil du pinceau - Librairie 7L","isPartOf":{"@id":"https:\/\/librairie7l.com\/en\/#website"},"datePublished":"2026-01-24T09:16:47+00:00","dateModified":"2026-04-21T03:56:19+00:00","breadcrumb":{"@id":"https:\/\/librairie7l.com\/en\/produit\/esquisses-au-fil-du-pinceau-2\/#breadcrumb"},"inLanguage":"en-US","potentialAction":[{"@type":"ReadAction","target":["https:\/\/librairie7l.com\/en\/produit\/esquisses-au-fil-du-pinceau-2\/"]}]},{"@type":"BreadcrumbList","@id":"https:\/\/librairie7l.com\/en\/produit\/esquisses-au-fil-du-pinceau-2\/#breadcrumb","itemListElement":[{"@type":"ListItem","position":1,"name":"Accueil","item":"https:\/\/librairie7l.com\/en\/"},{"@type":"ListItem","position":2,"name":"Shop","item":"https:\/\/librairie7l.com\/en\/shop\/"},{"@type":"ListItem","position":3,"name":"ESQUISSES AU FIL DU PINCEAU"}]},{"@type":"WebSite","@id":"https:\/\/librairie7l.com\/en\/#website","url":"https:\/\/librairie7l.com\/en\/","name":"Librairie 7L","description":"Librairie fond\u00e9e en 1999 par Karl Lagerfeld \u00e0 Paris","publisher":{"@id":"https:\/\/librairie7l.com\/en\/#organization"},"potentialAction":[{"@type":"SearchAction","target":{"@type":"EntryPoint","urlTemplate":"https:\/\/librairie7l.com\/en\/?s={search_term_string}"},"query-input":"required name=search_term_string"}],"inLanguage":"en-US"},{"@type":"Organization","@id":"https:\/\/librairie7l.com\/en\/#organization","name":"Librairie 7L","url":"https:\/\/librairie7l.com\/en\/","logo":{"@type":"ImageObject","inLanguage":"en-US","@id":"https:\/\/librairie7l.com\/en\/#\/schema\/logo\/image\/","url":"https:\/\/librairie7l.com\/wp-content\/uploads\/2022\/08\/logo-1.png","contentUrl":"https:\/\/librairie7l.com\/wp-content\/uploads\/2022\/08\/logo-1.png","width":227,"height":301,"caption":"Librairie 7L"},"image":{"@id":"https:\/\/librairie7l.com\/en\/#\/schema\/logo\/image\/"}}]}},"_links":{"self":[{"href":"https:\/\/librairie7l.com\/en\/wp-json\/wp\/v2\/product\/54026"}],"collection":[{"href":"https:\/\/librairie7l.com\/en\/wp-json\/wp\/v2\/product"}],"about":[{"href":"https:\/\/librairie7l.com\/en\/wp-json\/wp\/v2\/types\/product"}],"wp:featuredmedia":[{"embeddable":true,"href":"https:\/\/librairie7l.com\/en\/wp-json\/wp\/v2\/media\/54024"}],"wp:attachment":[{"href":"https:\/\/librairie7l.com\/en\/wp-json\/wp\/v2\/media?parent=54026"}],"wp:term":[{"taxonomy":"product_cat","embeddable":true,"href":"https:\/\/librairie7l.com\/en\/wp-json\/wp\/v2\/product_cat?post=54026"},{"taxonomy":"product_tag","embeddable":true,"href":"https:\/\/librairie7l.com\/en\/wp-json\/wp\/v2\/product_tag?post=54026"}],"curies":[{"name":"wp","href":"https:\/\/api.w.org\/{rel}","templated":true}]}}