{"id":54030,"date":"2026-01-24T10:16:49","date_gmt":"2026-01-24T09:16:49","guid":{"rendered":"https:\/\/librairie7l.com\/?post_type=product&#038;p=54030"},"modified":"2026-04-21T05:57:09","modified_gmt":"2026-04-21T03:57:09","slug":"albert-maignan-1845-1908-un-virtuose-a-la-belle-epoque-2","status":"publish","type":"product","link":"https:\/\/librairie7l.com\/en\/produit\/albert-maignan-1845-1908-un-virtuose-a-la-belle-epoque-2\/","title":{"rendered":"ALBERT MAIGNAN (1845-1908) UN VIRTUOSE \u00c0 LA BELLE \u00c9POQUE"},"content":{"rendered":"<p>D\u00e8s son enfance, Albert Maignan (1845-1908) montre des aptitudes pour le dessin. Parall\u00e8lement \u00e0 ses \u00e9tudes de droit, il fr\u00e9quente l&#8217;atelier du peintre Jules No\u00ebl, qui deviendra son ma\u00eetre. Il entame par la suite une carri\u00e8re de peintre d\u00e9corateur en plus de son travail de peintre historique. Il sera notamment le cr\u00e9ateur des d\u00e9cors du restaurant Le Train Bleu \u00e0 la gare de Lyon. \u00c0 la fin de sa vie, Albert Maignan l\u00e8gue au Mus\u00e9e de Picardie, \u00e0 Amiens, ses collections d&#8217;objets arch\u00e9ologiques et m\u00e9di\u00e9vaux ainsi que son fonds d&#8217;atelier.<br \/>\nLe Mus\u00e9e de Picardie, \u00e0 Amiens, lui consacre une r\u00e9trospective de juin 2025 \u00e0 janvier 2026. L&#8217;exposition sera ensuite pr\u00e9sent\u00e9e au Mus\u00e9e Tess\u00e9 du Mans au printemps 2026. Plus qu&#8217;un catalogue d&#8217;exposition, l&#8217;ouvrage propose une \u00e9tude approfondie de son oeuvre prot\u00e9iforme. Ses diff\u00e9rents chapitres abordent l&#8217;ensemble des th\u00e9matiques permettant de saisir l&#8217;ampleur de sa production : l&#8217;homme, sa carri\u00e8re, ses r\u00e9seaux et son art&#8230; Offrant une vision fid\u00e8le de l&#8217;oeuvre foisonnante d&#8217;Albert Maignan, il met en lumi\u00e8re la multiplicit\u00e9 des techniques et des supports employ\u00e9s (huiles sur toile, bois, cartons, papiers, du tr\u00e8s petit au tr\u00e8s grand format ; d\u00e9cors monumentaux in situ ; arts graphiques de toutes techniques ; lithographies ; tapisseries ; vitraux ; photographies, etc.).<br \/>\nIl participe \u00e0 la red\u00e9couverte d&#8217;une figure majeure de l&#8217;art fran\u00e7ais, dont l&#8217;h\u00e9ritage mat\u00e9riel et intellectuel perdure dans diverses collections publiques et priv\u00e9es.<\/p>\n","protected":false},"excerpt":{"rendered":"<p>D\u00e8s son enfance, Albert Maignan (1845-1908) montre des aptitudes pour le dessin. Parall\u00e8lement \u00e0 ses \u00e9tudes de droit, il fr\u00e9quente l&#8217;atelier du peintre Jules No\u00ebl, qui deviendra son ma\u00eetre. Il entame par la suite une carri\u00e8re de peintre d\u00e9corateur en plus de son travail de peintre historique. Il sera notamment le cr\u00e9ateur des d\u00e9cors du [&hellip;]<\/p>\n","protected":false},"featured_media":54028,"template":"","meta":[],"product_cat":[2948],"product_tag":[],"acf":[],"yoast_head":"<!-- This site is optimized with the Yoast SEO plugin v20.11 - https:\/\/yoast.com\/wordpress\/plugins\/seo\/ -->\n<title>Albert Maignan (1845-1908) Un virtuose \u00e0 la Belle \u00c9poque - Librairie 7L<\/title>\n<meta name=\"robots\" content=\"index, follow, max-snippet:-1, max-image-preview:large, max-video-preview:-1\" \/>\n<link rel=\"canonical\" href=\"https:\/\/librairie7l.com\/en\/produit\/albert-maignan-1845-1908-un-virtuose-a-la-belle-epoque-2\/\" \/>\n<meta property=\"og:locale\" content=\"en_US\" \/>\n<meta property=\"og:type\" content=\"article\" \/>\n<meta property=\"og:title\" content=\"Albert Maignan (1845-1908) Un virtuose \u00e0 la Belle \u00c9poque - Librairie 7L\" \/>\n<meta property=\"og:description\" content=\"D\u00e8s son enfance, Albert Maignan (1845-1908) montre des aptitudes pour le dessin. Parall\u00e8lement \u00e0 ses \u00e9tudes de droit, il fr\u00e9quente l&#8217;atelier du peintre Jules No\u00ebl, qui deviendra son ma\u00eetre. Il entame par la suite une carri\u00e8re de peintre d\u00e9corateur en plus de son travail de peintre historique. Il sera notamment le cr\u00e9ateur des d\u00e9cors du [&hellip;]\" \/>\n<meta property=\"og:url\" content=\"https:\/\/librairie7l.com\/en\/produit\/albert-maignan-1845-1908-un-virtuose-a-la-belle-epoque-2\/\" \/>\n<meta property=\"og:site_name\" content=\"Librairie 7L\" \/>\n<meta property=\"article:modified_time\" content=\"2026-04-21T03:57:09+00:00\" \/>\n<meta property=\"og:image\" content=\"https:\/\/librairie7l.com\/wp-content\/uploads\/2025\/04\/9782376801405_1_75.jpg\" \/>\n\t<meta property=\"og:image:width\" content=\"300\" \/>\n\t<meta property=\"og:image:height\" content=\"400\" \/>\n\t<meta property=\"og:image:type\" content=\"image\/jpeg\" \/>\n<meta name=\"twitter:card\" content=\"summary_large_image\" \/>\n<meta name=\"twitter:label1\" content=\"Est. reading time\" \/>\n\t<meta name=\"twitter:data1\" content=\"1 minute\" \/>\n<script type=\"application\/ld+json\" class=\"yoast-schema-graph\">{\"@context\":\"https:\/\/schema.org\",\"@graph\":[{\"@type\":\"WebPage\",\"@id\":\"https:\/\/librairie7l.com\/en\/produit\/albert-maignan-1845-1908-un-virtuose-a-la-belle-epoque-2\/\",\"url\":\"https:\/\/librairie7l.com\/en\/produit\/albert-maignan-1845-1908-un-virtuose-a-la-belle-epoque-2\/\",\"name\":\"Albert Maignan (1845-1908) Un virtuose \u00e0 la Belle \u00c9poque - Librairie 7L\",\"isPartOf\":{\"@id\":\"https:\/\/librairie7l.com\/en\/#website\"},\"datePublished\":\"2026-01-24T09:16:49+00:00\",\"dateModified\":\"2026-04-21T03:57:09+00:00\",\"breadcrumb\":{\"@id\":\"https:\/\/librairie7l.com\/en\/produit\/albert-maignan-1845-1908-un-virtuose-a-la-belle-epoque-2\/#breadcrumb\"},\"inLanguage\":\"en-US\",\"potentialAction\":[{\"@type\":\"ReadAction\",\"target\":[\"https:\/\/librairie7l.com\/en\/produit\/albert-maignan-1845-1908-un-virtuose-a-la-belle-epoque-2\/\"]}]},{\"@type\":\"BreadcrumbList\",\"@id\":\"https:\/\/librairie7l.com\/en\/produit\/albert-maignan-1845-1908-un-virtuose-a-la-belle-epoque-2\/#breadcrumb\",\"itemListElement\":[{\"@type\":\"ListItem\",\"position\":1,\"name\":\"Accueil\",\"item\":\"https:\/\/librairie7l.com\/en\/\"},{\"@type\":\"ListItem\",\"position\":2,\"name\":\"Shop\",\"item\":\"https:\/\/librairie7l.com\/en\/shop\/\"},{\"@type\":\"ListItem\",\"position\":3,\"name\":\"ALBERT MAIGNAN (1845-1908) UN VIRTUOSE \u00c0 LA BELLE \u00c9POQUE\"}]},{\"@type\":\"WebSite\",\"@id\":\"https:\/\/librairie7l.com\/en\/#website\",\"url\":\"https:\/\/librairie7l.com\/en\/\",\"name\":\"Librairie 7L\",\"description\":\"Librairie fond\u00e9e en 1999 par Karl Lagerfeld \u00e0 Paris\",\"publisher\":{\"@id\":\"https:\/\/librairie7l.com\/en\/#organization\"},\"potentialAction\":[{\"@type\":\"SearchAction\",\"target\":{\"@type\":\"EntryPoint\",\"urlTemplate\":\"https:\/\/librairie7l.com\/en\/?s={search_term_string}\"},\"query-input\":\"required name=search_term_string\"}],\"inLanguage\":\"en-US\"},{\"@type\":\"Organization\",\"@id\":\"https:\/\/librairie7l.com\/en\/#organization\",\"name\":\"Librairie 7L\",\"url\":\"https:\/\/librairie7l.com\/en\/\",\"logo\":{\"@type\":\"ImageObject\",\"inLanguage\":\"en-US\",\"@id\":\"https:\/\/librairie7l.com\/en\/#\/schema\/logo\/image\/\",\"url\":\"https:\/\/librairie7l.com\/wp-content\/uploads\/2022\/08\/logo-1.png\",\"contentUrl\":\"https:\/\/librairie7l.com\/wp-content\/uploads\/2022\/08\/logo-1.png\",\"width\":227,\"height\":301,\"caption\":\"Librairie 7L\"},\"image\":{\"@id\":\"https:\/\/librairie7l.com\/en\/#\/schema\/logo\/image\/\"}}]}<\/script>\n<!-- \/ Yoast SEO plugin. -->","yoast_head_json":{"title":"Albert Maignan (1845-1908) Un virtuose \u00e0 la Belle \u00c9poque - Librairie 7L","robots":{"index":"index","follow":"follow","max-snippet":"max-snippet:-1","max-image-preview":"max-image-preview:large","max-video-preview":"max-video-preview:-1"},"canonical":"https:\/\/librairie7l.com\/en\/produit\/albert-maignan-1845-1908-un-virtuose-a-la-belle-epoque-2\/","og_locale":"en_US","og_type":"article","og_title":"Albert Maignan (1845-1908) Un virtuose \u00e0 la Belle \u00c9poque - Librairie 7L","og_description":"D\u00e8s son enfance, Albert Maignan (1845-1908) montre des aptitudes pour le dessin. Parall\u00e8lement \u00e0 ses \u00e9tudes de droit, il fr\u00e9quente l&#8217;atelier du peintre Jules No\u00ebl, qui deviendra son ma\u00eetre. Il entame par la suite une carri\u00e8re de peintre d\u00e9corateur en plus de son travail de peintre historique. Il sera notamment le cr\u00e9ateur des d\u00e9cors du [&hellip;]","og_url":"https:\/\/librairie7l.com\/en\/produit\/albert-maignan-1845-1908-un-virtuose-a-la-belle-epoque-2\/","og_site_name":"Librairie 7L","article_modified_time":"2026-04-21T03:57:09+00:00","og_image":[{"width":300,"height":400,"url":"https:\/\/librairie7l.com\/wp-content\/uploads\/2025\/04\/9782376801405_1_75.jpg","type":"image\/jpeg"}],"twitter_card":"summary_large_image","twitter_misc":{"Est. reading time":"1 minute"},"schema":{"@context":"https:\/\/schema.org","@graph":[{"@type":"WebPage","@id":"https:\/\/librairie7l.com\/en\/produit\/albert-maignan-1845-1908-un-virtuose-a-la-belle-epoque-2\/","url":"https:\/\/librairie7l.com\/en\/produit\/albert-maignan-1845-1908-un-virtuose-a-la-belle-epoque-2\/","name":"Albert Maignan (1845-1908) Un virtuose \u00e0 la Belle \u00c9poque - Librairie 7L","isPartOf":{"@id":"https:\/\/librairie7l.com\/en\/#website"},"datePublished":"2026-01-24T09:16:49+00:00","dateModified":"2026-04-21T03:57:09+00:00","breadcrumb":{"@id":"https:\/\/librairie7l.com\/en\/produit\/albert-maignan-1845-1908-un-virtuose-a-la-belle-epoque-2\/#breadcrumb"},"inLanguage":"en-US","potentialAction":[{"@type":"ReadAction","target":["https:\/\/librairie7l.com\/en\/produit\/albert-maignan-1845-1908-un-virtuose-a-la-belle-epoque-2\/"]}]},{"@type":"BreadcrumbList","@id":"https:\/\/librairie7l.com\/en\/produit\/albert-maignan-1845-1908-un-virtuose-a-la-belle-epoque-2\/#breadcrumb","itemListElement":[{"@type":"ListItem","position":1,"name":"Accueil","item":"https:\/\/librairie7l.com\/en\/"},{"@type":"ListItem","position":2,"name":"Shop","item":"https:\/\/librairie7l.com\/en\/shop\/"},{"@type":"ListItem","position":3,"name":"ALBERT MAIGNAN (1845-1908) UN VIRTUOSE \u00c0 LA BELLE \u00c9POQUE"}]},{"@type":"WebSite","@id":"https:\/\/librairie7l.com\/en\/#website","url":"https:\/\/librairie7l.com\/en\/","name":"Librairie 7L","description":"Librairie fond\u00e9e en 1999 par Karl Lagerfeld \u00e0 Paris","publisher":{"@id":"https:\/\/librairie7l.com\/en\/#organization"},"potentialAction":[{"@type":"SearchAction","target":{"@type":"EntryPoint","urlTemplate":"https:\/\/librairie7l.com\/en\/?s={search_term_string}"},"query-input":"required name=search_term_string"}],"inLanguage":"en-US"},{"@type":"Organization","@id":"https:\/\/librairie7l.com\/en\/#organization","name":"Librairie 7L","url":"https:\/\/librairie7l.com\/en\/","logo":{"@type":"ImageObject","inLanguage":"en-US","@id":"https:\/\/librairie7l.com\/en\/#\/schema\/logo\/image\/","url":"https:\/\/librairie7l.com\/wp-content\/uploads\/2022\/08\/logo-1.png","contentUrl":"https:\/\/librairie7l.com\/wp-content\/uploads\/2022\/08\/logo-1.png","width":227,"height":301,"caption":"Librairie 7L"},"image":{"@id":"https:\/\/librairie7l.com\/en\/#\/schema\/logo\/image\/"}}]}},"_links":{"self":[{"href":"https:\/\/librairie7l.com\/en\/wp-json\/wp\/v2\/product\/54030"}],"collection":[{"href":"https:\/\/librairie7l.com\/en\/wp-json\/wp\/v2\/product"}],"about":[{"href":"https:\/\/librairie7l.com\/en\/wp-json\/wp\/v2\/types\/product"}],"wp:featuredmedia":[{"embeddable":true,"href":"https:\/\/librairie7l.com\/en\/wp-json\/wp\/v2\/media\/54028"}],"wp:attachment":[{"href":"https:\/\/librairie7l.com\/en\/wp-json\/wp\/v2\/media?parent=54030"}],"wp:term":[{"taxonomy":"product_cat","embeddable":true,"href":"https:\/\/librairie7l.com\/en\/wp-json\/wp\/v2\/product_cat?post=54030"},{"taxonomy":"product_tag","embeddable":true,"href":"https:\/\/librairie7l.com\/en\/wp-json\/wp\/v2\/product_tag?post=54030"}],"curies":[{"name":"wp","href":"https:\/\/api.w.org\/{rel}","templated":true}]}}