{"id":54034,"date":"2026-01-24T10:16:51","date_gmt":"2026-01-24T09:16:51","guid":{"rendered":"https:\/\/librairie7l.com\/?post_type=product&#038;p=54034"},"modified":"2026-04-21T05:55:25","modified_gmt":"2026-04-21T03:55:25","slug":"chefs-doeuvre-de-la-collection-pinault-2","status":"publish","type":"product","link":"https:\/\/librairie7l.com\/en\/produit\/chefs-doeuvre-de-la-collection-pinault-2\/","title":{"rendered":"CHEFS-D&#8217;OEUVRE DE LA COLLECTION PINAULT"},"content":{"rendered":"<p>Co\u00e9dition Dilecta et Bourse de Commerce &#8211; Pinault Collection.<br \/>\nL&#8217;ouvrage propose une s\u00e9lection de chefs-d&#8217;oeuvre de la Collection Pinault, de la moiti\u00e9 du XXe si\u00e8cle \u00e0 nos jours.<br \/>\nCe catalogue propose un regard sur la diversit\u00e9 des oeuvres de la Collection Pinault, d&#8217;installations vid\u00e9o \u00e0 des peintures en passant par des sculptures, en prenant pour point de d\u00e9part une oeuvre de Lucio Fontana datant de 1958. De Georg Baselitz \u00e0 Maurizio Cattelan, Urs Fischer, Felix Gonzalez-Torres ou David Hammons, en passant par Lucian Freud ou Dan Flavin, ce corpus d&#8217;oeuvres pr\u00e9sente un panorama divers et refl\u00e8te la richesse de la cr\u00e9ation contemporaine.<br \/>\nAvec des textes de Jean-Jacques Aillagon, ancien pr\u00e9sident du Centre Pompidou, ancien ministre de la Culture et proche conseiller de Fran\u00e7ois Pinault, Emma Lavigne, directrice de la Collection Pinault, et Max Hollein, directeur du Metropolitan Museum of Art. Un ensemble de notices de Val\u00e9rie da Costa, Bernard Blist\u00e8ne, Daria de Beauvais, B\u00e9atrice Gross, Didier Semin, Alfred Pacquement, Elisabeth Lebovici, Nicolas-Xavier Ferrand, Jean-Marie Gallais ou encore Emma Lavigne, entre autres, compl\u00e8te ce corpus.<br \/>\nAvec une s\u00e9lection d&#8217;oeuvres, pr\u00e9sent\u00e9es dans l&#8217;ordre chronologique, de Adel ABDESSEMED, Josef ALBERS, Kai ALTHOFF, El ANATSUI, Giovanni ANSELMO, Michael ARMITAGE, Lucas ARRUDA, Georg BASELITZ, Larry BELL, Alighiero BOETTI, Frank BOWLING, Marcel BROODTHAERS, James Lee BYARS, Miriam CAHN, Pier Paolo CALZOLARI, Enrico CASTELLANI, Maurizio CATTELAN, CHEN Zhen, Xinyi CHENG, Judy CHICAGO, Tacita DEAN, Edith DEKYNDT, Niki DE SAINT PHALLE, Peter DOIG, Marlene DUMAS, Nicole EISENMANN, Luciano FABRO, Urs FISCHER, Peter FISCHLI &amp; David WEISS, Dan FLAVIN, Lucio FONTANA, GILBERT &amp; GEORGE, Robert GOBER, Dominique GONZALEZ-FOERSTER, F\u00e9lix GONZALEZ-TORRES, Wade GUYTON, David HAMMONS, Duane HANSON, Damien HIRST, David HOCKNEY, Roni HORN, Thomas HOUSEAGO, Pierre HUYGHE, Anne IMHOF, Arthur JAFA, Donald JUDD, Amar KANWAR, On KAWARA, Mike KELLEY, Edward KIENHOLZ, KIMSOOJA, Martin KIPPENBERGER, Kiki KOGELNIK, Jeff KOONS, Jannis KOUNELLIS, Florian KREWER, Bertrand LAVIER, Julio LE PARC, Sherrie LEVINE, Sol LEWITT, Francesco LO SAVIO, Lee LOZANO, Victor MAN, Piero MANZONI, Christian MARCLAY, Brice MARDEN, Kerry James MARSHALL, Agnes MARTIN, Paul MCCARTHY, Julie MEHRETU, Cildo MEIRELES, Mario MERZ, Fran\u00e7ois MORELLET, Takashi MURAKAMI, Bruce NAUMAN, Shirin NESHAT, Roman OPALKA, Philippe PARRENO, Giuseppe PENONE, Blinky PALERMO, Lygia PAPE, Michelangelo PISTOLETTO, Sigmar POLKE, Richard PRINCE, Charles RAY, Martial RAYSSE, Bridget RILEY, Robert RYMAN, Ed RUSCHA, Anri SALA &amp; Sejla KAMERIC, Mohammed SAMI, Thomas SCH\u00dcTTE, Richard SERRA, Wael SHAWKY, Pierre SOULAGES, Rudolf STINGEL, STURTEVANT, Alina SZAPOCZNIKOW, Claire TABOURET, Henry TAYLOR, Tatiana TROUV\u00c9, Anne TRUITT, Luc TUYMANS, Cy TWOMBLY, Bill VIOLA, Danh VO, Kara WALKER, Franz WEST, Rachel WHITEREAD, Christopher WOOL, Anicka YI, Lynette YIADOM-BOAKYE.<\/p>\n","protected":false},"excerpt":{"rendered":"<p>Co\u00e9dition Dilecta et Bourse de Commerce &#8211; Pinault Collection. L&#8217;ouvrage propose une s\u00e9lection de chefs-d&#8217;oeuvre de la Collection Pinault, de la moiti\u00e9 du XXe si\u00e8cle \u00e0 nos jours. Ce catalogue propose un regard sur la diversit\u00e9 des oeuvres de la Collection Pinault, d&#8217;installations vid\u00e9o \u00e0 des peintures en passant par des sculptures, en prenant pour [&hellip;]<\/p>\n","protected":false},"featured_media":54032,"template":"","meta":[],"product_cat":[2948],"product_tag":[],"acf":[],"yoast_head":"<!-- This site is optimized with the Yoast SEO plugin v20.11 - https:\/\/yoast.com\/wordpress\/plugins\/seo\/ -->\n<title>Chefs-d&#039;oeuvre de la Collection Pinault - Librairie 7L<\/title>\n<meta name=\"robots\" content=\"index, follow, max-snippet:-1, max-image-preview:large, max-video-preview:-1\" \/>\n<link rel=\"canonical\" href=\"https:\/\/librairie7l.com\/en\/produit\/chefs-doeuvre-de-la-collection-pinault-2\/\" \/>\n<meta property=\"og:locale\" content=\"en_US\" \/>\n<meta property=\"og:type\" content=\"article\" \/>\n<meta property=\"og:title\" content=\"Chefs-d&#039;oeuvre de la Collection Pinault - Librairie 7L\" \/>\n<meta property=\"og:description\" content=\"Co\u00e9dition Dilecta et Bourse de Commerce &#8211; Pinault Collection. L&#8217;ouvrage propose une s\u00e9lection de chefs-d&#8217;oeuvre de la Collection Pinault, de la moiti\u00e9 du XXe si\u00e8cle \u00e0 nos jours. Ce catalogue propose un regard sur la diversit\u00e9 des oeuvres de la Collection Pinault, d&#8217;installations vid\u00e9o \u00e0 des peintures en passant par des sculptures, en prenant pour [&hellip;]\" \/>\n<meta property=\"og:url\" content=\"https:\/\/librairie7l.com\/en\/produit\/chefs-doeuvre-de-la-collection-pinault-2\/\" \/>\n<meta property=\"og:site_name\" content=\"Librairie 7L\" \/>\n<meta property=\"article:modified_time\" content=\"2026-04-21T03:55:25+00:00\" \/>\n<meta property=\"og:image\" content=\"https:\/\/librairie7l.com\/wp-content\/uploads\/2025\/07\/9782373722093_1_75.jpg\" \/>\n\t<meta property=\"og:image:width\" content=\"600\" \/>\n\t<meta property=\"og:image:height\" content=\"753\" \/>\n\t<meta property=\"og:image:type\" content=\"image\/jpeg\" \/>\n<meta name=\"twitter:card\" content=\"summary_large_image\" \/>\n<meta name=\"twitter:label1\" content=\"Est. reading time\" \/>\n\t<meta name=\"twitter:data1\" content=\"2 minutes\" \/>\n<script type=\"application\/ld+json\" class=\"yoast-schema-graph\">{\"@context\":\"https:\/\/schema.org\",\"@graph\":[{\"@type\":\"WebPage\",\"@id\":\"https:\/\/librairie7l.com\/en\/produit\/chefs-doeuvre-de-la-collection-pinault-2\/\",\"url\":\"https:\/\/librairie7l.com\/en\/produit\/chefs-doeuvre-de-la-collection-pinault-2\/\",\"name\":\"Chefs-d'oeuvre de la Collection Pinault - Librairie 7L\",\"isPartOf\":{\"@id\":\"https:\/\/librairie7l.com\/en\/#website\"},\"datePublished\":\"2026-01-24T09:16:51+00:00\",\"dateModified\":\"2026-04-21T03:55:25+00:00\",\"breadcrumb\":{\"@id\":\"https:\/\/librairie7l.com\/en\/produit\/chefs-doeuvre-de-la-collection-pinault-2\/#breadcrumb\"},\"inLanguage\":\"en-US\",\"potentialAction\":[{\"@type\":\"ReadAction\",\"target\":[\"https:\/\/librairie7l.com\/en\/produit\/chefs-doeuvre-de-la-collection-pinault-2\/\"]}]},{\"@type\":\"BreadcrumbList\",\"@id\":\"https:\/\/librairie7l.com\/en\/produit\/chefs-doeuvre-de-la-collection-pinault-2\/#breadcrumb\",\"itemListElement\":[{\"@type\":\"ListItem\",\"position\":1,\"name\":\"Accueil\",\"item\":\"https:\/\/librairie7l.com\/en\/\"},{\"@type\":\"ListItem\",\"position\":2,\"name\":\"Shop\",\"item\":\"https:\/\/librairie7l.com\/en\/shop\/\"},{\"@type\":\"ListItem\",\"position\":3,\"name\":\"CHEFS-D&#8217;OEUVRE DE LA COLLECTION PINAULT\"}]},{\"@type\":\"WebSite\",\"@id\":\"https:\/\/librairie7l.com\/en\/#website\",\"url\":\"https:\/\/librairie7l.com\/en\/\",\"name\":\"Librairie 7L\",\"description\":\"Librairie fond\u00e9e en 1999 par Karl Lagerfeld \u00e0 Paris\",\"publisher\":{\"@id\":\"https:\/\/librairie7l.com\/en\/#organization\"},\"potentialAction\":[{\"@type\":\"SearchAction\",\"target\":{\"@type\":\"EntryPoint\",\"urlTemplate\":\"https:\/\/librairie7l.com\/en\/?s={search_term_string}\"},\"query-input\":\"required name=search_term_string\"}],\"inLanguage\":\"en-US\"},{\"@type\":\"Organization\",\"@id\":\"https:\/\/librairie7l.com\/en\/#organization\",\"name\":\"Librairie 7L\",\"url\":\"https:\/\/librairie7l.com\/en\/\",\"logo\":{\"@type\":\"ImageObject\",\"inLanguage\":\"en-US\",\"@id\":\"https:\/\/librairie7l.com\/en\/#\/schema\/logo\/image\/\",\"url\":\"https:\/\/librairie7l.com\/wp-content\/uploads\/2022\/08\/logo-1.png\",\"contentUrl\":\"https:\/\/librairie7l.com\/wp-content\/uploads\/2022\/08\/logo-1.png\",\"width\":227,\"height\":301,\"caption\":\"Librairie 7L\"},\"image\":{\"@id\":\"https:\/\/librairie7l.com\/en\/#\/schema\/logo\/image\/\"}}]}<\/script>\n<!-- \/ Yoast SEO plugin. -->","yoast_head_json":{"title":"Chefs-d'oeuvre de la Collection Pinault - Librairie 7L","robots":{"index":"index","follow":"follow","max-snippet":"max-snippet:-1","max-image-preview":"max-image-preview:large","max-video-preview":"max-video-preview:-1"},"canonical":"https:\/\/librairie7l.com\/en\/produit\/chefs-doeuvre-de-la-collection-pinault-2\/","og_locale":"en_US","og_type":"article","og_title":"Chefs-d'oeuvre de la Collection Pinault - Librairie 7L","og_description":"Co\u00e9dition Dilecta et Bourse de Commerce &#8211; Pinault Collection. L&#8217;ouvrage propose une s\u00e9lection de chefs-d&#8217;oeuvre de la Collection Pinault, de la moiti\u00e9 du XXe si\u00e8cle \u00e0 nos jours. Ce catalogue propose un regard sur la diversit\u00e9 des oeuvres de la Collection Pinault, d&#8217;installations vid\u00e9o \u00e0 des peintures en passant par des sculptures, en prenant pour [&hellip;]","og_url":"https:\/\/librairie7l.com\/en\/produit\/chefs-doeuvre-de-la-collection-pinault-2\/","og_site_name":"Librairie 7L","article_modified_time":"2026-04-21T03:55:25+00:00","og_image":[{"width":600,"height":753,"url":"https:\/\/librairie7l.com\/wp-content\/uploads\/2025\/07\/9782373722093_1_75.jpg","type":"image\/jpeg"}],"twitter_card":"summary_large_image","twitter_misc":{"Est. reading time":"2 minutes"},"schema":{"@context":"https:\/\/schema.org","@graph":[{"@type":"WebPage","@id":"https:\/\/librairie7l.com\/en\/produit\/chefs-doeuvre-de-la-collection-pinault-2\/","url":"https:\/\/librairie7l.com\/en\/produit\/chefs-doeuvre-de-la-collection-pinault-2\/","name":"Chefs-d'oeuvre de la Collection Pinault - Librairie 7L","isPartOf":{"@id":"https:\/\/librairie7l.com\/en\/#website"},"datePublished":"2026-01-24T09:16:51+00:00","dateModified":"2026-04-21T03:55:25+00:00","breadcrumb":{"@id":"https:\/\/librairie7l.com\/en\/produit\/chefs-doeuvre-de-la-collection-pinault-2\/#breadcrumb"},"inLanguage":"en-US","potentialAction":[{"@type":"ReadAction","target":["https:\/\/librairie7l.com\/en\/produit\/chefs-doeuvre-de-la-collection-pinault-2\/"]}]},{"@type":"BreadcrumbList","@id":"https:\/\/librairie7l.com\/en\/produit\/chefs-doeuvre-de-la-collection-pinault-2\/#breadcrumb","itemListElement":[{"@type":"ListItem","position":1,"name":"Accueil","item":"https:\/\/librairie7l.com\/en\/"},{"@type":"ListItem","position":2,"name":"Shop","item":"https:\/\/librairie7l.com\/en\/shop\/"},{"@type":"ListItem","position":3,"name":"CHEFS-D&#8217;OEUVRE DE LA COLLECTION PINAULT"}]},{"@type":"WebSite","@id":"https:\/\/librairie7l.com\/en\/#website","url":"https:\/\/librairie7l.com\/en\/","name":"Librairie 7L","description":"Librairie fond\u00e9e en 1999 par Karl Lagerfeld \u00e0 Paris","publisher":{"@id":"https:\/\/librairie7l.com\/en\/#organization"},"potentialAction":[{"@type":"SearchAction","target":{"@type":"EntryPoint","urlTemplate":"https:\/\/librairie7l.com\/en\/?s={search_term_string}"},"query-input":"required name=search_term_string"}],"inLanguage":"en-US"},{"@type":"Organization","@id":"https:\/\/librairie7l.com\/en\/#organization","name":"Librairie 7L","url":"https:\/\/librairie7l.com\/en\/","logo":{"@type":"ImageObject","inLanguage":"en-US","@id":"https:\/\/librairie7l.com\/en\/#\/schema\/logo\/image\/","url":"https:\/\/librairie7l.com\/wp-content\/uploads\/2022\/08\/logo-1.png","contentUrl":"https:\/\/librairie7l.com\/wp-content\/uploads\/2022\/08\/logo-1.png","width":227,"height":301,"caption":"Librairie 7L"},"image":{"@id":"https:\/\/librairie7l.com\/en\/#\/schema\/logo\/image\/"}}]}},"_links":{"self":[{"href":"https:\/\/librairie7l.com\/en\/wp-json\/wp\/v2\/product\/54034"}],"collection":[{"href":"https:\/\/librairie7l.com\/en\/wp-json\/wp\/v2\/product"}],"about":[{"href":"https:\/\/librairie7l.com\/en\/wp-json\/wp\/v2\/types\/product"}],"wp:featuredmedia":[{"embeddable":true,"href":"https:\/\/librairie7l.com\/en\/wp-json\/wp\/v2\/media\/54032"}],"wp:attachment":[{"href":"https:\/\/librairie7l.com\/en\/wp-json\/wp\/v2\/media?parent=54034"}],"wp:term":[{"taxonomy":"product_cat","embeddable":true,"href":"https:\/\/librairie7l.com\/en\/wp-json\/wp\/v2\/product_cat?post=54034"},{"taxonomy":"product_tag","embeddable":true,"href":"https:\/\/librairie7l.com\/en\/wp-json\/wp\/v2\/product_tag?post=54034"}],"curies":[{"name":"wp","href":"https:\/\/api.w.org\/{rel}","templated":true}]}}