{"id":54046,"date":"2026-01-24T10:16:58","date_gmt":"2026-01-24T09:16:58","guid":{"rendered":"https:\/\/librairie7l.com\/?post_type=product&#038;p=54046"},"modified":"2026-04-21T05:53:48","modified_gmt":"2026-04-21T03:53:48","slug":"tres-exactement-2","status":"publish","type":"product","link":"https:\/\/librairie7l.com\/en\/produit\/tres-exactement-2\/","title":{"rendered":"TR\u00c8S EXACTEMENT"},"content":{"rendered":"<p>Cela fait quelque temps que les oeuvres de ces deux-l\u00e0 se croisent. L&#8217;une illustre de sa prose les dessins de l&#8217;autre et vice versa\u00a0: un lavis vient orner la couverture d&#8217;un livre de poche. Images et textes se r\u00e9pondent dans un dialogue f\u00e9cond, les deux artistes nourrissant une reconnaissance r\u00e9ciproque qui les rapproche.<\/p>\n<p>\u00ab\u00a0Il \u00e9tait parti en voyage. Il s&#8217;\u00e9tait envol\u00e9 par-dessus la bordure de la ville, par-dessus les for\u00eats. Mais les fronti\u00e8res avaient ferm\u00e9 et il ne pouvait plus revenir. Il donnait des nouvelles r\u00e9guli\u00e8rement. Et puis, moins r\u00e9guli\u00e8rement.<br \/>\nDans son emploi du temps \u00e0 elle, \u00e7a faisait du blanc. De plus en plus de blanc entre les messages. Et le soir, dans leur maison, elle ne regardait plus du c\u00f4t\u00e9 de la ville, elle regardait toujours vers la for\u00eat.\u00a0\u00bb<br \/>\nMarie Darrieussecq<\/p>\n","protected":false},"excerpt":{"rendered":"<p>Cela fait quelque temps que les oeuvres de ces deux-l\u00e0 se croisent. L&#8217;une illustre de sa prose les dessins de l&#8217;autre et vice versa\u00a0: un lavis vient orner la couverture d&#8217;un livre de poche. Images et textes se r\u00e9pondent dans un dialogue f\u00e9cond, les deux artistes nourrissant une reconnaissance r\u00e9ciproque qui les rapproche. \u00ab\u00a0Il \u00e9tait [&hellip;]<\/p>\n","protected":false},"featured_media":54044,"template":"","meta":[],"product_cat":[2948],"product_tag":[],"acf":[],"yoast_head":"<!-- This site is optimized with the Yoast SEO plugin v20.11 - https:\/\/yoast.com\/wordpress\/plugins\/seo\/ -->\n<title>Tr\u00e8s exactement - Librairie 7L<\/title>\n<meta name=\"robots\" content=\"index, follow, max-snippet:-1, max-image-preview:large, max-video-preview:-1\" \/>\n<link rel=\"canonical\" href=\"https:\/\/librairie7l.com\/en\/produit\/tres-exactement-2\/\" \/>\n<meta property=\"og:locale\" content=\"en_US\" \/>\n<meta property=\"og:type\" content=\"article\" \/>\n<meta property=\"og:title\" content=\"Tr\u00e8s exactement - Librairie 7L\" \/>\n<meta property=\"og:description\" content=\"Cela fait quelque temps que les oeuvres de ces deux-l\u00e0 se croisent. L&#8217;une illustre de sa prose les dessins de l&#8217;autre et vice versa\u00a0: un lavis vient orner la couverture d&#8217;un livre de poche. Images et textes se r\u00e9pondent dans un dialogue f\u00e9cond, les deux artistes nourrissant une reconnaissance r\u00e9ciproque qui les rapproche. \u00ab\u00a0Il \u00e9tait [&hellip;]\" \/>\n<meta property=\"og:url\" content=\"https:\/\/librairie7l.com\/en\/produit\/tres-exactement-2\/\" \/>\n<meta property=\"og:site_name\" content=\"Librairie 7L\" \/>\n<meta property=\"article:modified_time\" content=\"2026-04-21T03:53:48+00:00\" \/>\n<meta property=\"og:image\" content=\"https:\/\/librairie7l.com\/wp-content\/uploads\/2025\/09\/9782377390861_1_75.jpg\" \/>\n\t<meta property=\"og:image:width\" content=\"600\" \/>\n\t<meta property=\"og:image:height\" content=\"802\" \/>\n\t<meta property=\"og:image:type\" content=\"image\/jpeg\" \/>\n<meta name=\"twitter:card\" content=\"summary_large_image\" \/>\n<meta name=\"twitter:label1\" content=\"Est. reading time\" \/>\n\t<meta name=\"twitter:data1\" content=\"1 minute\" \/>\n<script type=\"application\/ld+json\" class=\"yoast-schema-graph\">{\"@context\":\"https:\/\/schema.org\",\"@graph\":[{\"@type\":\"WebPage\",\"@id\":\"https:\/\/librairie7l.com\/en\/produit\/tres-exactement-2\/\",\"url\":\"https:\/\/librairie7l.com\/en\/produit\/tres-exactement-2\/\",\"name\":\"Tr\u00e8s exactement - Librairie 7L\",\"isPartOf\":{\"@id\":\"https:\/\/librairie7l.com\/en\/#website\"},\"datePublished\":\"2026-01-24T09:16:58+00:00\",\"dateModified\":\"2026-04-21T03:53:48+00:00\",\"breadcrumb\":{\"@id\":\"https:\/\/librairie7l.com\/en\/produit\/tres-exactement-2\/#breadcrumb\"},\"inLanguage\":\"en-US\",\"potentialAction\":[{\"@type\":\"ReadAction\",\"target\":[\"https:\/\/librairie7l.com\/en\/produit\/tres-exactement-2\/\"]}]},{\"@type\":\"BreadcrumbList\",\"@id\":\"https:\/\/librairie7l.com\/en\/produit\/tres-exactement-2\/#breadcrumb\",\"itemListElement\":[{\"@type\":\"ListItem\",\"position\":1,\"name\":\"Accueil\",\"item\":\"https:\/\/librairie7l.com\/en\/\"},{\"@type\":\"ListItem\",\"position\":2,\"name\":\"Shop\",\"item\":\"https:\/\/librairie7l.com\/en\/shop\/\"},{\"@type\":\"ListItem\",\"position\":3,\"name\":\"TR\u00c8S EXACTEMENT\"}]},{\"@type\":\"WebSite\",\"@id\":\"https:\/\/librairie7l.com\/en\/#website\",\"url\":\"https:\/\/librairie7l.com\/en\/\",\"name\":\"Librairie 7L\",\"description\":\"Librairie fond\u00e9e en 1999 par Karl Lagerfeld \u00e0 Paris\",\"publisher\":{\"@id\":\"https:\/\/librairie7l.com\/en\/#organization\"},\"potentialAction\":[{\"@type\":\"SearchAction\",\"target\":{\"@type\":\"EntryPoint\",\"urlTemplate\":\"https:\/\/librairie7l.com\/en\/?s={search_term_string}\"},\"query-input\":\"required name=search_term_string\"}],\"inLanguage\":\"en-US\"},{\"@type\":\"Organization\",\"@id\":\"https:\/\/librairie7l.com\/en\/#organization\",\"name\":\"Librairie 7L\",\"url\":\"https:\/\/librairie7l.com\/en\/\",\"logo\":{\"@type\":\"ImageObject\",\"inLanguage\":\"en-US\",\"@id\":\"https:\/\/librairie7l.com\/en\/#\/schema\/logo\/image\/\",\"url\":\"https:\/\/librairie7l.com\/wp-content\/uploads\/2022\/08\/logo-1.png\",\"contentUrl\":\"https:\/\/librairie7l.com\/wp-content\/uploads\/2022\/08\/logo-1.png\",\"width\":227,\"height\":301,\"caption\":\"Librairie 7L\"},\"image\":{\"@id\":\"https:\/\/librairie7l.com\/en\/#\/schema\/logo\/image\/\"}}]}<\/script>\n<!-- \/ Yoast SEO plugin. -->","yoast_head_json":{"title":"Tr\u00e8s exactement - Librairie 7L","robots":{"index":"index","follow":"follow","max-snippet":"max-snippet:-1","max-image-preview":"max-image-preview:large","max-video-preview":"max-video-preview:-1"},"canonical":"https:\/\/librairie7l.com\/en\/produit\/tres-exactement-2\/","og_locale":"en_US","og_type":"article","og_title":"Tr\u00e8s exactement - Librairie 7L","og_description":"Cela fait quelque temps que les oeuvres de ces deux-l\u00e0 se croisent. L&#8217;une illustre de sa prose les dessins de l&#8217;autre et vice versa\u00a0: un lavis vient orner la couverture d&#8217;un livre de poche. Images et textes se r\u00e9pondent dans un dialogue f\u00e9cond, les deux artistes nourrissant une reconnaissance r\u00e9ciproque qui les rapproche. \u00ab\u00a0Il \u00e9tait [&hellip;]","og_url":"https:\/\/librairie7l.com\/en\/produit\/tres-exactement-2\/","og_site_name":"Librairie 7L","article_modified_time":"2026-04-21T03:53:48+00:00","og_image":[{"width":600,"height":802,"url":"https:\/\/librairie7l.com\/wp-content\/uploads\/2025\/09\/9782377390861_1_75.jpg","type":"image\/jpeg"}],"twitter_card":"summary_large_image","twitter_misc":{"Est. reading time":"1 minute"},"schema":{"@context":"https:\/\/schema.org","@graph":[{"@type":"WebPage","@id":"https:\/\/librairie7l.com\/en\/produit\/tres-exactement-2\/","url":"https:\/\/librairie7l.com\/en\/produit\/tres-exactement-2\/","name":"Tr\u00e8s exactement - Librairie 7L","isPartOf":{"@id":"https:\/\/librairie7l.com\/en\/#website"},"datePublished":"2026-01-24T09:16:58+00:00","dateModified":"2026-04-21T03:53:48+00:00","breadcrumb":{"@id":"https:\/\/librairie7l.com\/en\/produit\/tres-exactement-2\/#breadcrumb"},"inLanguage":"en-US","potentialAction":[{"@type":"ReadAction","target":["https:\/\/librairie7l.com\/en\/produit\/tres-exactement-2\/"]}]},{"@type":"BreadcrumbList","@id":"https:\/\/librairie7l.com\/en\/produit\/tres-exactement-2\/#breadcrumb","itemListElement":[{"@type":"ListItem","position":1,"name":"Accueil","item":"https:\/\/librairie7l.com\/en\/"},{"@type":"ListItem","position":2,"name":"Shop","item":"https:\/\/librairie7l.com\/en\/shop\/"},{"@type":"ListItem","position":3,"name":"TR\u00c8S EXACTEMENT"}]},{"@type":"WebSite","@id":"https:\/\/librairie7l.com\/en\/#website","url":"https:\/\/librairie7l.com\/en\/","name":"Librairie 7L","description":"Librairie fond\u00e9e en 1999 par Karl Lagerfeld \u00e0 Paris","publisher":{"@id":"https:\/\/librairie7l.com\/en\/#organization"},"potentialAction":[{"@type":"SearchAction","target":{"@type":"EntryPoint","urlTemplate":"https:\/\/librairie7l.com\/en\/?s={search_term_string}"},"query-input":"required name=search_term_string"}],"inLanguage":"en-US"},{"@type":"Organization","@id":"https:\/\/librairie7l.com\/en\/#organization","name":"Librairie 7L","url":"https:\/\/librairie7l.com\/en\/","logo":{"@type":"ImageObject","inLanguage":"en-US","@id":"https:\/\/librairie7l.com\/en\/#\/schema\/logo\/image\/","url":"https:\/\/librairie7l.com\/wp-content\/uploads\/2022\/08\/logo-1.png","contentUrl":"https:\/\/librairie7l.com\/wp-content\/uploads\/2022\/08\/logo-1.png","width":227,"height":301,"caption":"Librairie 7L"},"image":{"@id":"https:\/\/librairie7l.com\/en\/#\/schema\/logo\/image\/"}}]}},"_links":{"self":[{"href":"https:\/\/librairie7l.com\/en\/wp-json\/wp\/v2\/product\/54046"}],"collection":[{"href":"https:\/\/librairie7l.com\/en\/wp-json\/wp\/v2\/product"}],"about":[{"href":"https:\/\/librairie7l.com\/en\/wp-json\/wp\/v2\/types\/product"}],"wp:featuredmedia":[{"embeddable":true,"href":"https:\/\/librairie7l.com\/en\/wp-json\/wp\/v2\/media\/54044"}],"wp:attachment":[{"href":"https:\/\/librairie7l.com\/en\/wp-json\/wp\/v2\/media?parent=54046"}],"wp:term":[{"taxonomy":"product_cat","embeddable":true,"href":"https:\/\/librairie7l.com\/en\/wp-json\/wp\/v2\/product_cat?post=54046"},{"taxonomy":"product_tag","embeddable":true,"href":"https:\/\/librairie7l.com\/en\/wp-json\/wp\/v2\/product_tag?post=54046"}],"curies":[{"name":"wp","href":"https:\/\/api.w.org\/{rel}","templated":true}]}}