{"id":54050,"date":"2026-01-24T10:17:00","date_gmt":"2026-01-24T09:17:00","guid":{"rendered":"https:\/\/librairie7l.com\/?post_type=product&#038;p=54050"},"modified":"2026-04-21T05:51:43","modified_gmt":"2026-04-21T03:51:43","slug":"correspondance-2","status":"publish","type":"product","link":"https:\/\/librairie7l.com\/en\/produit\/correspondance-2\/","title":{"rendered":"CORRESPONDANCE"},"content":{"rendered":"<p>Du peintre Jacques-\u00c9mile Blanche on conna\u00eet surtout son fameux portrait de Proust. N\u00e9 en 1861, influenc\u00e9 par Monet, Manet et Corot, il deviendra le portraitiste de la soci\u00e9t\u00e9 litt\u00e9raire, artistique, mondaine de la Belle \u00c9poque et de l&#8217;entre-deux-guerres. Mais il fut aussi \u00e9crivain et auteur d&#8217;une trentaine de livres (critiques d&#8217;art, romans, souvenirs&#8230;). Dans son atelier se croisent Fantin-Latour, Val\u00e9ry, Mallarm\u00e9, Morand, Claudel, Anna de Noailles, la princesse Bibesco, Ravel&#8230; Ami de Cocteau, Blanche deviendra son correspondant privil\u00e9gi\u00e9. Leur correspondance couvre la p\u00e9riode 1912-1939 et comprend soixante-quinze lettres de Cocteau et trente et une de Blanche, toutes in\u00e9dites. La premi\u00e8re partie relate leurs voyages, leur vie mondaine et leurs projets. Cocteau sollicite alors les conseils du \u00abma\u00eetre\u00bb. Survient la Premi\u00e8re Guerre mondiale, Cocteau s&#8217;engage comme ambulancier et parle de son exp\u00e9rience du front. \u00c0 la fin de la guerre, les deux amis peuvent se consacrer plus amplement \u00e0 leur travail, mais n&#8217;oublient pas d&#8217;\u00e9voquer dans leurs lettres les scandales politiques et la vie artistique de Montparnasse. Enfin, les derni\u00e8res lettres refl\u00e8tent une douloureuse exp\u00e9rience\u00a0:\u00a0Cocteau vient de perdre son ami Raymond Radiguet. Blanche est le seul \u00e0 qui il ose encore se confier. Cette correspondance crois\u00e9e offre de multiples consid\u00e9rations sur le travail et la vie de ces deux peintres-\u00e9crivains d&#8217;exception.<\/p>\n","protected":false},"excerpt":{"rendered":"<p>Du peintre Jacques-\u00c9mile Blanche on conna\u00eet surtout son fameux portrait de Proust. N\u00e9 en 1861, influenc\u00e9 par Monet, Manet et Corot, il deviendra le portraitiste de la soci\u00e9t\u00e9 litt\u00e9raire, artistique, mondaine de la Belle \u00c9poque et de l&#8217;entre-deux-guerres. Mais il fut aussi \u00e9crivain et auteur d&#8217;une trentaine de livres (critiques d&#8217;art, romans, souvenirs&#8230;). Dans son [&hellip;]<\/p>\n","protected":false},"featured_media":54048,"template":"","meta":[],"product_cat":[2948],"product_tag":[],"acf":[],"yoast_head":"<!-- This site is optimized with the Yoast SEO plugin v20.11 - https:\/\/yoast.com\/wordpress\/plugins\/seo\/ -->\n<title>Correspondance - Librairie 7L<\/title>\n<meta name=\"robots\" content=\"index, follow, max-snippet:-1, max-image-preview:large, max-video-preview:-1\" \/>\n<link rel=\"canonical\" href=\"https:\/\/librairie7l.com\/en\/produit\/correspondance-2\/\" \/>\n<meta property=\"og:locale\" content=\"en_US\" \/>\n<meta property=\"og:type\" content=\"article\" \/>\n<meta property=\"og:title\" content=\"Correspondance - Librairie 7L\" \/>\n<meta property=\"og:description\" content=\"Du peintre Jacques-\u00c9mile Blanche on conna\u00eet surtout son fameux portrait de Proust. N\u00e9 en 1861, influenc\u00e9 par Monet, Manet et Corot, il deviendra le portraitiste de la soci\u00e9t\u00e9 litt\u00e9raire, artistique, mondaine de la Belle \u00c9poque et de l&#8217;entre-deux-guerres. Mais il fut aussi \u00e9crivain et auteur d&#8217;une trentaine de livres (critiques d&#8217;art, romans, souvenirs&#8230;). Dans son [&hellip;]\" \/>\n<meta property=\"og:url\" content=\"https:\/\/librairie7l.com\/en\/produit\/correspondance-2\/\" \/>\n<meta property=\"og:site_name\" content=\"Librairie 7L\" \/>\n<meta property=\"article:modified_time\" content=\"2026-04-21T03:51:43+00:00\" \/>\n<meta property=\"og:image\" content=\"https:\/\/librairie7l.com\/wp-content\/uploads\/2025\/09\/9791037116758_1_75.jpg\" \/>\n\t<meta property=\"og:image:width\" content=\"600\" \/>\n\t<meta property=\"og:image:height\" content=\"879\" \/>\n\t<meta property=\"og:image:type\" content=\"image\/jpeg\" \/>\n<meta name=\"twitter:card\" content=\"summary_large_image\" \/>\n<meta name=\"twitter:label1\" content=\"Est. reading time\" \/>\n\t<meta name=\"twitter:data1\" content=\"1 minute\" \/>\n<script type=\"application\/ld+json\" class=\"yoast-schema-graph\">{\"@context\":\"https:\/\/schema.org\",\"@graph\":[{\"@type\":\"WebPage\",\"@id\":\"https:\/\/librairie7l.com\/en\/produit\/correspondance-2\/\",\"url\":\"https:\/\/librairie7l.com\/en\/produit\/correspondance-2\/\",\"name\":\"Correspondance - Librairie 7L\",\"isPartOf\":{\"@id\":\"https:\/\/librairie7l.com\/en\/#website\"},\"datePublished\":\"2026-01-24T09:17:00+00:00\",\"dateModified\":\"2026-04-21T03:51:43+00:00\",\"breadcrumb\":{\"@id\":\"https:\/\/librairie7l.com\/en\/produit\/correspondance-2\/#breadcrumb\"},\"inLanguage\":\"en-US\",\"potentialAction\":[{\"@type\":\"ReadAction\",\"target\":[\"https:\/\/librairie7l.com\/en\/produit\/correspondance-2\/\"]}]},{\"@type\":\"BreadcrumbList\",\"@id\":\"https:\/\/librairie7l.com\/en\/produit\/correspondance-2\/#breadcrumb\",\"itemListElement\":[{\"@type\":\"ListItem\",\"position\":1,\"name\":\"Accueil\",\"item\":\"https:\/\/librairie7l.com\/en\/\"},{\"@type\":\"ListItem\",\"position\":2,\"name\":\"Shop\",\"item\":\"https:\/\/librairie7l.com\/en\/shop\/\"},{\"@type\":\"ListItem\",\"position\":3,\"name\":\"CORRESPONDANCE\"}]},{\"@type\":\"WebSite\",\"@id\":\"https:\/\/librairie7l.com\/en\/#website\",\"url\":\"https:\/\/librairie7l.com\/en\/\",\"name\":\"Librairie 7L\",\"description\":\"Librairie fond\u00e9e en 1999 par Karl Lagerfeld \u00e0 Paris\",\"publisher\":{\"@id\":\"https:\/\/librairie7l.com\/en\/#organization\"},\"potentialAction\":[{\"@type\":\"SearchAction\",\"target\":{\"@type\":\"EntryPoint\",\"urlTemplate\":\"https:\/\/librairie7l.com\/en\/?s={search_term_string}\"},\"query-input\":\"required name=search_term_string\"}],\"inLanguage\":\"en-US\"},{\"@type\":\"Organization\",\"@id\":\"https:\/\/librairie7l.com\/en\/#organization\",\"name\":\"Librairie 7L\",\"url\":\"https:\/\/librairie7l.com\/en\/\",\"logo\":{\"@type\":\"ImageObject\",\"inLanguage\":\"en-US\",\"@id\":\"https:\/\/librairie7l.com\/en\/#\/schema\/logo\/image\/\",\"url\":\"https:\/\/librairie7l.com\/wp-content\/uploads\/2022\/08\/logo-1.png\",\"contentUrl\":\"https:\/\/librairie7l.com\/wp-content\/uploads\/2022\/08\/logo-1.png\",\"width\":227,\"height\":301,\"caption\":\"Librairie 7L\"},\"image\":{\"@id\":\"https:\/\/librairie7l.com\/en\/#\/schema\/logo\/image\/\"}}]}<\/script>\n<!-- \/ Yoast SEO plugin. -->","yoast_head_json":{"title":"Correspondance - Librairie 7L","robots":{"index":"index","follow":"follow","max-snippet":"max-snippet:-1","max-image-preview":"max-image-preview:large","max-video-preview":"max-video-preview:-1"},"canonical":"https:\/\/librairie7l.com\/en\/produit\/correspondance-2\/","og_locale":"en_US","og_type":"article","og_title":"Correspondance - Librairie 7L","og_description":"Du peintre Jacques-\u00c9mile Blanche on conna\u00eet surtout son fameux portrait de Proust. N\u00e9 en 1861, influenc\u00e9 par Monet, Manet et Corot, il deviendra le portraitiste de la soci\u00e9t\u00e9 litt\u00e9raire, artistique, mondaine de la Belle \u00c9poque et de l&#8217;entre-deux-guerres. Mais il fut aussi \u00e9crivain et auteur d&#8217;une trentaine de livres (critiques d&#8217;art, romans, souvenirs&#8230;). Dans son [&hellip;]","og_url":"https:\/\/librairie7l.com\/en\/produit\/correspondance-2\/","og_site_name":"Librairie 7L","article_modified_time":"2026-04-21T03:51:43+00:00","og_image":[{"width":600,"height":879,"url":"https:\/\/librairie7l.com\/wp-content\/uploads\/2025\/09\/9791037116758_1_75.jpg","type":"image\/jpeg"}],"twitter_card":"summary_large_image","twitter_misc":{"Est. reading time":"1 minute"},"schema":{"@context":"https:\/\/schema.org","@graph":[{"@type":"WebPage","@id":"https:\/\/librairie7l.com\/en\/produit\/correspondance-2\/","url":"https:\/\/librairie7l.com\/en\/produit\/correspondance-2\/","name":"Correspondance - Librairie 7L","isPartOf":{"@id":"https:\/\/librairie7l.com\/en\/#website"},"datePublished":"2026-01-24T09:17:00+00:00","dateModified":"2026-04-21T03:51:43+00:00","breadcrumb":{"@id":"https:\/\/librairie7l.com\/en\/produit\/correspondance-2\/#breadcrumb"},"inLanguage":"en-US","potentialAction":[{"@type":"ReadAction","target":["https:\/\/librairie7l.com\/en\/produit\/correspondance-2\/"]}]},{"@type":"BreadcrumbList","@id":"https:\/\/librairie7l.com\/en\/produit\/correspondance-2\/#breadcrumb","itemListElement":[{"@type":"ListItem","position":1,"name":"Accueil","item":"https:\/\/librairie7l.com\/en\/"},{"@type":"ListItem","position":2,"name":"Shop","item":"https:\/\/librairie7l.com\/en\/shop\/"},{"@type":"ListItem","position":3,"name":"CORRESPONDANCE"}]},{"@type":"WebSite","@id":"https:\/\/librairie7l.com\/en\/#website","url":"https:\/\/librairie7l.com\/en\/","name":"Librairie 7L","description":"Librairie fond\u00e9e en 1999 par Karl Lagerfeld \u00e0 Paris","publisher":{"@id":"https:\/\/librairie7l.com\/en\/#organization"},"potentialAction":[{"@type":"SearchAction","target":{"@type":"EntryPoint","urlTemplate":"https:\/\/librairie7l.com\/en\/?s={search_term_string}"},"query-input":"required name=search_term_string"}],"inLanguage":"en-US"},{"@type":"Organization","@id":"https:\/\/librairie7l.com\/en\/#organization","name":"Librairie 7L","url":"https:\/\/librairie7l.com\/en\/","logo":{"@type":"ImageObject","inLanguage":"en-US","@id":"https:\/\/librairie7l.com\/en\/#\/schema\/logo\/image\/","url":"https:\/\/librairie7l.com\/wp-content\/uploads\/2022\/08\/logo-1.png","contentUrl":"https:\/\/librairie7l.com\/wp-content\/uploads\/2022\/08\/logo-1.png","width":227,"height":301,"caption":"Librairie 7L"},"image":{"@id":"https:\/\/librairie7l.com\/en\/#\/schema\/logo\/image\/"}}]}},"_links":{"self":[{"href":"https:\/\/librairie7l.com\/en\/wp-json\/wp\/v2\/product\/54050"}],"collection":[{"href":"https:\/\/librairie7l.com\/en\/wp-json\/wp\/v2\/product"}],"about":[{"href":"https:\/\/librairie7l.com\/en\/wp-json\/wp\/v2\/types\/product"}],"wp:featuredmedia":[{"embeddable":true,"href":"https:\/\/librairie7l.com\/en\/wp-json\/wp\/v2\/media\/54048"}],"wp:attachment":[{"href":"https:\/\/librairie7l.com\/en\/wp-json\/wp\/v2\/media?parent=54050"}],"wp:term":[{"taxonomy":"product_cat","embeddable":true,"href":"https:\/\/librairie7l.com\/en\/wp-json\/wp\/v2\/product_cat?post=54050"},{"taxonomy":"product_tag","embeddable":true,"href":"https:\/\/librairie7l.com\/en\/wp-json\/wp\/v2\/product_tag?post=54050"}],"curies":[{"name":"wp","href":"https:\/\/api.w.org\/{rel}","templated":true}]}}