{"id":54086,"date":"2026-01-24T10:17:25","date_gmt":"2026-01-24T09:17:25","guid":{"rendered":"https:\/\/librairie7l.com\/?post_type=product&#038;p=54086"},"modified":"2026-04-21T07:30:18","modified_gmt":"2026-04-21T05:30:18","slug":"live-small-live-modern-the-best-of-beams-at-home-2","status":"publish","type":"product","link":"https:\/\/librairie7l.com\/en\/produit\/live-small-live-modern-the-best-of-beams-at-home-2\/","title":{"rendered":"LIVE SMALL\/LIVE MODERN THE BEST OF BEAMS AT HOME"},"content":{"rendered":"<p>Live Small\/Live Modern recense les int\u00e9rieurs les plus r\u00e9ussis de la revue japonaise culte Beams at Home. Cette publication sur le design pr\u00e9sente les habitations du staff de la marque branch\u00e9e japonaise Beams : minimalisme, petits espaces, plantes vertes et objets chin\u00e9s se c\u00f4toient pour un r\u00e9sultat personnel, bien diff\u00e9rent des magazines de d\u00e9coration de luxe.<\/p>\n","protected":false},"excerpt":{"rendered":"<p>Live Small\/Live Modern recense les int\u00e9rieurs les plus r\u00e9ussis de la revue japonaise culte Beams at Home. Cette publication sur le design pr\u00e9sente les habitations du staff de la marque branch\u00e9e japonaise Beams : minimalisme, petits espaces, plantes vertes et objets chin\u00e9s se c\u00f4toient pour un r\u00e9sultat personnel, bien diff\u00e9rent des magazines de d\u00e9coration de [&hellip;]<\/p>\n","protected":false},"featured_media":54084,"template":"","meta":[],"product_cat":[2948],"product_tag":[],"acf":[],"yoast_head":"<!-- This site is optimized with the Yoast SEO plugin v20.11 - https:\/\/yoast.com\/wordpress\/plugins\/seo\/ -->\n<title>Live small\/live modern the best of beams at home - Librairie 7L<\/title>\n<meta name=\"robots\" content=\"index, follow, max-snippet:-1, max-image-preview:large, max-video-preview:-1\" \/>\n<link rel=\"canonical\" href=\"https:\/\/librairie7l.com\/en\/produit\/live-small-live-modern-the-best-of-beams-at-home-2\/\" \/>\n<meta property=\"og:locale\" content=\"en_US\" \/>\n<meta property=\"og:type\" content=\"article\" \/>\n<meta property=\"og:title\" content=\"Live small\/live modern the best of beams at home - Librairie 7L\" \/>\n<meta property=\"og:description\" content=\"Live Small\/Live Modern recense les int\u00e9rieurs les plus r\u00e9ussis de la revue japonaise culte Beams at Home. Cette publication sur le design pr\u00e9sente les habitations du staff de la marque branch\u00e9e japonaise Beams : minimalisme, petits espaces, plantes vertes et objets chin\u00e9s se c\u00f4toient pour un r\u00e9sultat personnel, bien diff\u00e9rent des magazines de d\u00e9coration de [&hellip;]\" \/>\n<meta property=\"og:url\" content=\"https:\/\/librairie7l.com\/en\/produit\/live-small-live-modern-the-best-of-beams-at-home-2\/\" \/>\n<meta property=\"og:site_name\" content=\"Librairie 7L\" \/>\n<meta property=\"article:modified_time\" content=\"2026-04-21T05:30:18+00:00\" \/>\n<meta property=\"og:image\" content=\"https:\/\/librairie7l.com\/wp-content\/uploads\/2018\/11\/9780847865253_1_75.jpg\" \/>\n\t<meta property=\"og:image:width\" content=\"308\" \/>\n\t<meta property=\"og:image:height\" content=\"450\" \/>\n\t<meta property=\"og:image:type\" content=\"image\/jpeg\" \/>\n<meta name=\"twitter:card\" content=\"summary_large_image\" \/>\n<script type=\"application\/ld+json\" class=\"yoast-schema-graph\">{\"@context\":\"https:\/\/schema.org\",\"@graph\":[{\"@type\":\"WebPage\",\"@id\":\"https:\/\/librairie7l.com\/en\/produit\/live-small-live-modern-the-best-of-beams-at-home-2\/\",\"url\":\"https:\/\/librairie7l.com\/en\/produit\/live-small-live-modern-the-best-of-beams-at-home-2\/\",\"name\":\"Live small\/live modern the best of beams at home - Librairie 7L\",\"isPartOf\":{\"@id\":\"https:\/\/librairie7l.com\/en\/#website\"},\"datePublished\":\"2026-01-24T09:17:25+00:00\",\"dateModified\":\"2026-04-21T05:30:18+00:00\",\"breadcrumb\":{\"@id\":\"https:\/\/librairie7l.com\/en\/produit\/live-small-live-modern-the-best-of-beams-at-home-2\/#breadcrumb\"},\"inLanguage\":\"en-US\",\"potentialAction\":[{\"@type\":\"ReadAction\",\"target\":[\"https:\/\/librairie7l.com\/en\/produit\/live-small-live-modern-the-best-of-beams-at-home-2\/\"]}]},{\"@type\":\"BreadcrumbList\",\"@id\":\"https:\/\/librairie7l.com\/en\/produit\/live-small-live-modern-the-best-of-beams-at-home-2\/#breadcrumb\",\"itemListElement\":[{\"@type\":\"ListItem\",\"position\":1,\"name\":\"Accueil\",\"item\":\"https:\/\/librairie7l.com\/en\/\"},{\"@type\":\"ListItem\",\"position\":2,\"name\":\"Shop\",\"item\":\"https:\/\/librairie7l.com\/en\/shop\/\"},{\"@type\":\"ListItem\",\"position\":3,\"name\":\"LIVE SMALL\/LIVE MODERN THE BEST OF BEAMS AT HOME\"}]},{\"@type\":\"WebSite\",\"@id\":\"https:\/\/librairie7l.com\/en\/#website\",\"url\":\"https:\/\/librairie7l.com\/en\/\",\"name\":\"Librairie 7L\",\"description\":\"Librairie fond\u00e9e en 1999 par Karl Lagerfeld \u00e0 Paris\",\"publisher\":{\"@id\":\"https:\/\/librairie7l.com\/en\/#organization\"},\"potentialAction\":[{\"@type\":\"SearchAction\",\"target\":{\"@type\":\"EntryPoint\",\"urlTemplate\":\"https:\/\/librairie7l.com\/en\/?s={search_term_string}\"},\"query-input\":\"required name=search_term_string\"}],\"inLanguage\":\"en-US\"},{\"@type\":\"Organization\",\"@id\":\"https:\/\/librairie7l.com\/en\/#organization\",\"name\":\"Librairie 7L\",\"url\":\"https:\/\/librairie7l.com\/en\/\",\"logo\":{\"@type\":\"ImageObject\",\"inLanguage\":\"en-US\",\"@id\":\"https:\/\/librairie7l.com\/en\/#\/schema\/logo\/image\/\",\"url\":\"https:\/\/librairie7l.com\/wp-content\/uploads\/2022\/08\/logo-1.png\",\"contentUrl\":\"https:\/\/librairie7l.com\/wp-content\/uploads\/2022\/08\/logo-1.png\",\"width\":227,\"height\":301,\"caption\":\"Librairie 7L\"},\"image\":{\"@id\":\"https:\/\/librairie7l.com\/en\/#\/schema\/logo\/image\/\"}}]}<\/script>\n<!-- \/ Yoast SEO plugin. -->","yoast_head_json":{"title":"Live small\/live modern the best of beams at home - Librairie 7L","robots":{"index":"index","follow":"follow","max-snippet":"max-snippet:-1","max-image-preview":"max-image-preview:large","max-video-preview":"max-video-preview:-1"},"canonical":"https:\/\/librairie7l.com\/en\/produit\/live-small-live-modern-the-best-of-beams-at-home-2\/","og_locale":"en_US","og_type":"article","og_title":"Live small\/live modern the best of beams at home - Librairie 7L","og_description":"Live Small\/Live Modern recense les int\u00e9rieurs les plus r\u00e9ussis de la revue japonaise culte Beams at Home. Cette publication sur le design pr\u00e9sente les habitations du staff de la marque branch\u00e9e japonaise Beams : minimalisme, petits espaces, plantes vertes et objets chin\u00e9s se c\u00f4toient pour un r\u00e9sultat personnel, bien diff\u00e9rent des magazines de d\u00e9coration de [&hellip;]","og_url":"https:\/\/librairie7l.com\/en\/produit\/live-small-live-modern-the-best-of-beams-at-home-2\/","og_site_name":"Librairie 7L","article_modified_time":"2026-04-21T05:30:18+00:00","og_image":[{"width":308,"height":450,"url":"https:\/\/librairie7l.com\/wp-content\/uploads\/2018\/11\/9780847865253_1_75.jpg","type":"image\/jpeg"}],"twitter_card":"summary_large_image","schema":{"@context":"https:\/\/schema.org","@graph":[{"@type":"WebPage","@id":"https:\/\/librairie7l.com\/en\/produit\/live-small-live-modern-the-best-of-beams-at-home-2\/","url":"https:\/\/librairie7l.com\/en\/produit\/live-small-live-modern-the-best-of-beams-at-home-2\/","name":"Live small\/live modern the best of beams at home - Librairie 7L","isPartOf":{"@id":"https:\/\/librairie7l.com\/en\/#website"},"datePublished":"2026-01-24T09:17:25+00:00","dateModified":"2026-04-21T05:30:18+00:00","breadcrumb":{"@id":"https:\/\/librairie7l.com\/en\/produit\/live-small-live-modern-the-best-of-beams-at-home-2\/#breadcrumb"},"inLanguage":"en-US","potentialAction":[{"@type":"ReadAction","target":["https:\/\/librairie7l.com\/en\/produit\/live-small-live-modern-the-best-of-beams-at-home-2\/"]}]},{"@type":"BreadcrumbList","@id":"https:\/\/librairie7l.com\/en\/produit\/live-small-live-modern-the-best-of-beams-at-home-2\/#breadcrumb","itemListElement":[{"@type":"ListItem","position":1,"name":"Accueil","item":"https:\/\/librairie7l.com\/en\/"},{"@type":"ListItem","position":2,"name":"Shop","item":"https:\/\/librairie7l.com\/en\/shop\/"},{"@type":"ListItem","position":3,"name":"LIVE SMALL\/LIVE MODERN THE BEST OF BEAMS AT HOME"}]},{"@type":"WebSite","@id":"https:\/\/librairie7l.com\/en\/#website","url":"https:\/\/librairie7l.com\/en\/","name":"Librairie 7L","description":"Librairie fond\u00e9e en 1999 par Karl Lagerfeld \u00e0 Paris","publisher":{"@id":"https:\/\/librairie7l.com\/en\/#organization"},"potentialAction":[{"@type":"SearchAction","target":{"@type":"EntryPoint","urlTemplate":"https:\/\/librairie7l.com\/en\/?s={search_term_string}"},"query-input":"required name=search_term_string"}],"inLanguage":"en-US"},{"@type":"Organization","@id":"https:\/\/librairie7l.com\/en\/#organization","name":"Librairie 7L","url":"https:\/\/librairie7l.com\/en\/","logo":{"@type":"ImageObject","inLanguage":"en-US","@id":"https:\/\/librairie7l.com\/en\/#\/schema\/logo\/image\/","url":"https:\/\/librairie7l.com\/wp-content\/uploads\/2022\/08\/logo-1.png","contentUrl":"https:\/\/librairie7l.com\/wp-content\/uploads\/2022\/08\/logo-1.png","width":227,"height":301,"caption":"Librairie 7L"},"image":{"@id":"https:\/\/librairie7l.com\/en\/#\/schema\/logo\/image\/"}}]}},"_links":{"self":[{"href":"https:\/\/librairie7l.com\/en\/wp-json\/wp\/v2\/product\/54086"}],"collection":[{"href":"https:\/\/librairie7l.com\/en\/wp-json\/wp\/v2\/product"}],"about":[{"href":"https:\/\/librairie7l.com\/en\/wp-json\/wp\/v2\/types\/product"}],"wp:featuredmedia":[{"embeddable":true,"href":"https:\/\/librairie7l.com\/en\/wp-json\/wp\/v2\/media\/54084"}],"wp:attachment":[{"href":"https:\/\/librairie7l.com\/en\/wp-json\/wp\/v2\/media?parent=54086"}],"wp:term":[{"taxonomy":"product_cat","embeddable":true,"href":"https:\/\/librairie7l.com\/en\/wp-json\/wp\/v2\/product_cat?post=54086"},{"taxonomy":"product_tag","embeddable":true,"href":"https:\/\/librairie7l.com\/en\/wp-json\/wp\/v2\/product_tag?post=54086"}],"curies":[{"name":"wp","href":"https:\/\/api.w.org\/{rel}","templated":true}]}}