{"id":54094,"date":"2026-01-24T10:17:31","date_gmt":"2026-01-24T09:17:31","guid":{"rendered":"https:\/\/librairie7l.com\/?post_type=product&#038;p=54094"},"modified":"2026-04-21T05:54:44","modified_gmt":"2026-04-21T03:54:44","slug":"the-eames-furniture-sourcebook-2","status":"publish","type":"product","link":"https:\/\/librairie7l.com\/en\/produit\/the-eames-furniture-sourcebook-2\/","title":{"rendered":"THE EAMES FURNITURE SOURCEBOOK"},"content":{"rendered":"<p>\u00c0 travers les mod\u00e8les, \u00e9tudes de mat\u00e9riaux et prototypes, cet ouvrage retrace la naissance du design mobilier que Charles et Ray Eames ont invent\u00e9 et souligne leur influence sur le d\u00e9veloppement de nouveaux mat\u00e9riaux innovants. Ce livre est une nouvelle fa\u00e7on de voir le travail de ce couple de designers l\u00e9gendaires, qui prenait sa source dans des id\u00e9aux philosophiques privil\u00e9giant le savoir, la d\u00e9couverte et la discipline et faisait appel \u00e0 la science et la technologie.<\/p>\n","protected":false},"excerpt":{"rendered":"<p>\u00c0 travers les mod\u00e8les, \u00e9tudes de mat\u00e9riaux et prototypes, cet ouvrage retrace la naissance du design mobilier que Charles et Ray Eames ont invent\u00e9 et souligne leur influence sur le d\u00e9veloppement de nouveaux mat\u00e9riaux innovants. Ce livre est une nouvelle fa\u00e7on de voir le travail de ce couple de designers l\u00e9gendaires, qui prenait sa source [&hellip;]<\/p>\n","protected":false},"featured_media":54092,"template":"","meta":[],"product_cat":[2948],"product_tag":[],"acf":[],"yoast_head":"<!-- This site is optimized with the Yoast SEO plugin v20.11 - https:\/\/yoast.com\/wordpress\/plugins\/seo\/ -->\n<title>The eames furniture sourcebook - Librairie 7L<\/title>\n<meta name=\"robots\" content=\"index, follow, max-snippet:-1, max-image-preview:large, max-video-preview:-1\" \/>\n<link rel=\"canonical\" href=\"https:\/\/librairie7l.com\/en\/produit\/the-eames-furniture-sourcebook-2\/\" \/>\n<meta property=\"og:locale\" content=\"en_US\" \/>\n<meta property=\"og:type\" content=\"article\" \/>\n<meta property=\"og:title\" content=\"The eames furniture sourcebook - Librairie 7L\" \/>\n<meta property=\"og:description\" content=\"\u00c0 travers les mod\u00e8les, \u00e9tudes de mat\u00e9riaux et prototypes, cet ouvrage retrace la naissance du design mobilier que Charles et Ray Eames ont invent\u00e9 et souligne leur influence sur le d\u00e9veloppement de nouveaux mat\u00e9riaux innovants. Ce livre est une nouvelle fa\u00e7on de voir le travail de ce couple de designers l\u00e9gendaires, qui prenait sa source [&hellip;]\" \/>\n<meta property=\"og:url\" content=\"https:\/\/librairie7l.com\/en\/produit\/the-eames-furniture-sourcebook-2\/\" \/>\n<meta property=\"og:site_name\" content=\"Librairie 7L\" \/>\n<meta property=\"article:modified_time\" content=\"2026-04-21T03:54:44+00:00\" \/>\n<meta property=\"og:image\" content=\"https:\/\/librairie7l.com\/wp-content\/uploads\/2017\/06\/9783945852200_1_75.jpg\" \/>\n\t<meta property=\"og:image:width\" content=\"600\" \/>\n\t<meta property=\"og:image:height\" content=\"840\" \/>\n\t<meta property=\"og:image:type\" content=\"image\/jpeg\" \/>\n<meta name=\"twitter:card\" content=\"summary_large_image\" \/>\n<script type=\"application\/ld+json\" class=\"yoast-schema-graph\">{\"@context\":\"https:\/\/schema.org\",\"@graph\":[{\"@type\":\"WebPage\",\"@id\":\"https:\/\/librairie7l.com\/en\/produit\/the-eames-furniture-sourcebook-2\/\",\"url\":\"https:\/\/librairie7l.com\/en\/produit\/the-eames-furniture-sourcebook-2\/\",\"name\":\"The eames furniture sourcebook - Librairie 7L\",\"isPartOf\":{\"@id\":\"https:\/\/librairie7l.com\/en\/#website\"},\"datePublished\":\"2026-01-24T09:17:31+00:00\",\"dateModified\":\"2026-04-21T03:54:44+00:00\",\"breadcrumb\":{\"@id\":\"https:\/\/librairie7l.com\/en\/produit\/the-eames-furniture-sourcebook-2\/#breadcrumb\"},\"inLanguage\":\"en-US\",\"potentialAction\":[{\"@type\":\"ReadAction\",\"target\":[\"https:\/\/librairie7l.com\/en\/produit\/the-eames-furniture-sourcebook-2\/\"]}]},{\"@type\":\"BreadcrumbList\",\"@id\":\"https:\/\/librairie7l.com\/en\/produit\/the-eames-furniture-sourcebook-2\/#breadcrumb\",\"itemListElement\":[{\"@type\":\"ListItem\",\"position\":1,\"name\":\"Accueil\",\"item\":\"https:\/\/librairie7l.com\/en\/\"},{\"@type\":\"ListItem\",\"position\":2,\"name\":\"Shop\",\"item\":\"https:\/\/librairie7l.com\/en\/shop\/\"},{\"@type\":\"ListItem\",\"position\":3,\"name\":\"THE EAMES FURNITURE SOURCEBOOK\"}]},{\"@type\":\"WebSite\",\"@id\":\"https:\/\/librairie7l.com\/en\/#website\",\"url\":\"https:\/\/librairie7l.com\/en\/\",\"name\":\"Librairie 7L\",\"description\":\"Librairie fond\u00e9e en 1999 par Karl Lagerfeld \u00e0 Paris\",\"publisher\":{\"@id\":\"https:\/\/librairie7l.com\/en\/#organization\"},\"potentialAction\":[{\"@type\":\"SearchAction\",\"target\":{\"@type\":\"EntryPoint\",\"urlTemplate\":\"https:\/\/librairie7l.com\/en\/?s={search_term_string}\"},\"query-input\":\"required name=search_term_string\"}],\"inLanguage\":\"en-US\"},{\"@type\":\"Organization\",\"@id\":\"https:\/\/librairie7l.com\/en\/#organization\",\"name\":\"Librairie 7L\",\"url\":\"https:\/\/librairie7l.com\/en\/\",\"logo\":{\"@type\":\"ImageObject\",\"inLanguage\":\"en-US\",\"@id\":\"https:\/\/librairie7l.com\/en\/#\/schema\/logo\/image\/\",\"url\":\"https:\/\/librairie7l.com\/wp-content\/uploads\/2022\/08\/logo-1.png\",\"contentUrl\":\"https:\/\/librairie7l.com\/wp-content\/uploads\/2022\/08\/logo-1.png\",\"width\":227,\"height\":301,\"caption\":\"Librairie 7L\"},\"image\":{\"@id\":\"https:\/\/librairie7l.com\/en\/#\/schema\/logo\/image\/\"}}]}<\/script>\n<!-- \/ Yoast SEO plugin. -->","yoast_head_json":{"title":"The eames furniture sourcebook - Librairie 7L","robots":{"index":"index","follow":"follow","max-snippet":"max-snippet:-1","max-image-preview":"max-image-preview:large","max-video-preview":"max-video-preview:-1"},"canonical":"https:\/\/librairie7l.com\/en\/produit\/the-eames-furniture-sourcebook-2\/","og_locale":"en_US","og_type":"article","og_title":"The eames furniture sourcebook - Librairie 7L","og_description":"\u00c0 travers les mod\u00e8les, \u00e9tudes de mat\u00e9riaux et prototypes, cet ouvrage retrace la naissance du design mobilier que Charles et Ray Eames ont invent\u00e9 et souligne leur influence sur le d\u00e9veloppement de nouveaux mat\u00e9riaux innovants. Ce livre est une nouvelle fa\u00e7on de voir le travail de ce couple de designers l\u00e9gendaires, qui prenait sa source [&hellip;]","og_url":"https:\/\/librairie7l.com\/en\/produit\/the-eames-furniture-sourcebook-2\/","og_site_name":"Librairie 7L","article_modified_time":"2026-04-21T03:54:44+00:00","og_image":[{"width":600,"height":840,"url":"https:\/\/librairie7l.com\/wp-content\/uploads\/2017\/06\/9783945852200_1_75.jpg","type":"image\/jpeg"}],"twitter_card":"summary_large_image","schema":{"@context":"https:\/\/schema.org","@graph":[{"@type":"WebPage","@id":"https:\/\/librairie7l.com\/en\/produit\/the-eames-furniture-sourcebook-2\/","url":"https:\/\/librairie7l.com\/en\/produit\/the-eames-furniture-sourcebook-2\/","name":"The eames furniture sourcebook - Librairie 7L","isPartOf":{"@id":"https:\/\/librairie7l.com\/en\/#website"},"datePublished":"2026-01-24T09:17:31+00:00","dateModified":"2026-04-21T03:54:44+00:00","breadcrumb":{"@id":"https:\/\/librairie7l.com\/en\/produit\/the-eames-furniture-sourcebook-2\/#breadcrumb"},"inLanguage":"en-US","potentialAction":[{"@type":"ReadAction","target":["https:\/\/librairie7l.com\/en\/produit\/the-eames-furniture-sourcebook-2\/"]}]},{"@type":"BreadcrumbList","@id":"https:\/\/librairie7l.com\/en\/produit\/the-eames-furniture-sourcebook-2\/#breadcrumb","itemListElement":[{"@type":"ListItem","position":1,"name":"Accueil","item":"https:\/\/librairie7l.com\/en\/"},{"@type":"ListItem","position":2,"name":"Shop","item":"https:\/\/librairie7l.com\/en\/shop\/"},{"@type":"ListItem","position":3,"name":"THE EAMES FURNITURE SOURCEBOOK"}]},{"@type":"WebSite","@id":"https:\/\/librairie7l.com\/en\/#website","url":"https:\/\/librairie7l.com\/en\/","name":"Librairie 7L","description":"Librairie fond\u00e9e en 1999 par Karl Lagerfeld \u00e0 Paris","publisher":{"@id":"https:\/\/librairie7l.com\/en\/#organization"},"potentialAction":[{"@type":"SearchAction","target":{"@type":"EntryPoint","urlTemplate":"https:\/\/librairie7l.com\/en\/?s={search_term_string}"},"query-input":"required name=search_term_string"}],"inLanguage":"en-US"},{"@type":"Organization","@id":"https:\/\/librairie7l.com\/en\/#organization","name":"Librairie 7L","url":"https:\/\/librairie7l.com\/en\/","logo":{"@type":"ImageObject","inLanguage":"en-US","@id":"https:\/\/librairie7l.com\/en\/#\/schema\/logo\/image\/","url":"https:\/\/librairie7l.com\/wp-content\/uploads\/2022\/08\/logo-1.png","contentUrl":"https:\/\/librairie7l.com\/wp-content\/uploads\/2022\/08\/logo-1.png","width":227,"height":301,"caption":"Librairie 7L"},"image":{"@id":"https:\/\/librairie7l.com\/en\/#\/schema\/logo\/image\/"}}]}},"_links":{"self":[{"href":"https:\/\/librairie7l.com\/en\/wp-json\/wp\/v2\/product\/54094"}],"collection":[{"href":"https:\/\/librairie7l.com\/en\/wp-json\/wp\/v2\/product"}],"about":[{"href":"https:\/\/librairie7l.com\/en\/wp-json\/wp\/v2\/types\/product"}],"wp:featuredmedia":[{"embeddable":true,"href":"https:\/\/librairie7l.com\/en\/wp-json\/wp\/v2\/media\/54092"}],"wp:attachment":[{"href":"https:\/\/librairie7l.com\/en\/wp-json\/wp\/v2\/media?parent=54094"}],"wp:term":[{"taxonomy":"product_cat","embeddable":true,"href":"https:\/\/librairie7l.com\/en\/wp-json\/wp\/v2\/product_cat?post=54094"},{"taxonomy":"product_tag","embeddable":true,"href":"https:\/\/librairie7l.com\/en\/wp-json\/wp\/v2\/product_tag?post=54094"}],"curies":[{"name":"wp","href":"https:\/\/api.w.org\/{rel}","templated":true}]}}