{"id":54127,"date":"2026-01-26T09:18:17","date_gmt":"2026-01-26T08:18:17","guid":{"rendered":"https:\/\/librairie7l.com\/?post_type=product&#038;p=54127"},"modified":"2026-04-21T04:06:22","modified_gmt":"2026-04-21T02:06:22","slug":"chateaux-villas-folies-villegiature-en-ile-de-france-2","status":"publish","type":"product","link":"https:\/\/librairie7l.com\/en\/produit\/chateaux-villas-folies-villegiature-en-ile-de-france-2\/","title":{"rendered":"CH\u00c2TEAUX, VILLAS &AMP; FOLIES : VILL\u00c9GIATURE EN \u00ceLE-DE-FRANCE"},"content":{"rendered":"<p>\u00ab De tous les Fran\u00e7ais, le bourgeois de Paris est le plus champ\u00eatre \u00bb nous dit en 1841 L&#8217;Encyclop\u00e9die morale du XIXe si\u00e8cle. La qu\u00eate de bon air, dans une capitale dens\u00e9ment peupl\u00e9e, conduit les Parisiens de toutes conditions \u00e0 se construire des maisons dans la campagne alentour d\u00e8s le XVIe si\u00e8cle, imitant la pratique aristocratique d&#8217;un partage de l&#8217;ann\u00e9e entre saison mondaine en ville et beaux jours au vert.<br \/>\nDu ch\u00e2teau de Champs-sur-Marne au D\u00e9sert de Retz, de la maison Caillebotte \u00e0 Yerres \u00e0 la villa Savoye de Poissy, du chalet au cabanon, en passant par tous les styles architecturaux, l&#8217;Ile-de-France s&#8217;est couverte de maisons de vill\u00e9giature, non seulement autour de ses sites les plus enchanteurs, boucles de la Seine, bords de Marne, for\u00eats de Saint-Germain ou de Fontainebleau, mais finalement partout o\u00f9 il \u00e9tait possible de trouver belle vue et bonne compagnie.<br \/>\nCet ouvrage, o\u00f9 l&#8217;on croise Bellanger, Guimard, Mallet-Stevens, s&#8217;appuie sur un corpus de 1700 maisons, du XVIIIe au XXe si\u00e8cle, pour faire d\u00e9couvrir un territoire dont la richesse des paysages et la fantaisie des architectures estivales n&#8217;ont rien \u00e0 envier \u00e0 Trouville ou \u00e0 la Riviera. La banlieue elle-m\u00eame appara\u00eet sous un jour nouveau, comme l&#8217;ultime avatar de havres de paix campagnards et populaires.<\/p>\n","protected":false},"excerpt":{"rendered":"<p>\u00ab De tous les Fran\u00e7ais, le bourgeois de Paris est le plus champ\u00eatre \u00bb nous dit en 1841 L&#8217;Encyclop\u00e9die morale du XIXe si\u00e8cle. La qu\u00eate de bon air, dans une capitale dens\u00e9ment peupl\u00e9e, conduit les Parisiens de toutes conditions \u00e0 se construire des maisons dans la campagne alentour d\u00e8s le XVIe si\u00e8cle, imitant la pratique [&hellip;]<\/p>\n","protected":false},"featured_media":54125,"template":"","meta":[],"product_cat":[2948],"product_tag":[],"acf":[],"yoast_head":"<!-- This site is optimized with the Yoast SEO plugin v20.11 - https:\/\/yoast.com\/wordpress\/plugins\/seo\/ -->\n<title>Ch\u00e2teaux, villas &amp; folies : Vill\u00e9giature en \u00cele-de-France - Librairie 7L<\/title>\n<meta name=\"robots\" content=\"index, follow, max-snippet:-1, max-image-preview:large, max-video-preview:-1\" \/>\n<link rel=\"canonical\" href=\"https:\/\/librairie7l.com\/en\/produit\/chateaux-villas-folies-villegiature-en-ile-de-france-2\/\" \/>\n<meta property=\"og:locale\" content=\"en_US\" \/>\n<meta property=\"og:type\" content=\"article\" \/>\n<meta property=\"og:title\" content=\"Ch\u00e2teaux, villas &amp; folies : Vill\u00e9giature en \u00cele-de-France - Librairie 7L\" \/>\n<meta property=\"og:description\" content=\"\u00ab De tous les Fran\u00e7ais, le bourgeois de Paris est le plus champ\u00eatre \u00bb nous dit en 1841 L&#8217;Encyclop\u00e9die morale du XIXe si\u00e8cle. La qu\u00eate de bon air, dans une capitale dens\u00e9ment peupl\u00e9e, conduit les Parisiens de toutes conditions \u00e0 se construire des maisons dans la campagne alentour d\u00e8s le XVIe si\u00e8cle, imitant la pratique [&hellip;]\" \/>\n<meta property=\"og:url\" content=\"https:\/\/librairie7l.com\/en\/produit\/chateaux-villas-folies-villegiature-en-ile-de-france-2\/\" \/>\n<meta property=\"og:site_name\" content=\"Librairie 7L\" \/>\n<meta property=\"article:modified_time\" content=\"2026-04-21T02:06:22+00:00\" \/>\n<meta property=\"og:image\" content=\"https:\/\/librairie7l.com\/wp-content\/uploads\/2024\/06\/9782493522221_1_75.jpg\" \/>\n\t<meta property=\"og:image:width\" content=\"400\" \/>\n\t<meta property=\"og:image:height\" content=\"485\" \/>\n\t<meta property=\"og:image:type\" content=\"image\/jpeg\" \/>\n<meta name=\"twitter:card\" content=\"summary_large_image\" \/>\n<meta name=\"twitter:label1\" content=\"Est. reading time\" \/>\n\t<meta name=\"twitter:data1\" content=\"1 minute\" \/>\n<script type=\"application\/ld+json\" class=\"yoast-schema-graph\">{\"@context\":\"https:\/\/schema.org\",\"@graph\":[{\"@type\":\"WebPage\",\"@id\":\"https:\/\/librairie7l.com\/en\/produit\/chateaux-villas-folies-villegiature-en-ile-de-france-2\/\",\"url\":\"https:\/\/librairie7l.com\/en\/produit\/chateaux-villas-folies-villegiature-en-ile-de-france-2\/\",\"name\":\"Ch\u00e2teaux, villas &amp; folies : Vill\u00e9giature en \u00cele-de-France - Librairie 7L\",\"isPartOf\":{\"@id\":\"https:\/\/librairie7l.com\/en\/#website\"},\"datePublished\":\"2026-01-26T08:18:17+00:00\",\"dateModified\":\"2026-04-21T02:06:22+00:00\",\"breadcrumb\":{\"@id\":\"https:\/\/librairie7l.com\/en\/produit\/chateaux-villas-folies-villegiature-en-ile-de-france-2\/#breadcrumb\"},\"inLanguage\":\"en-US\",\"potentialAction\":[{\"@type\":\"ReadAction\",\"target\":[\"https:\/\/librairie7l.com\/en\/produit\/chateaux-villas-folies-villegiature-en-ile-de-france-2\/\"]}]},{\"@type\":\"BreadcrumbList\",\"@id\":\"https:\/\/librairie7l.com\/en\/produit\/chateaux-villas-folies-villegiature-en-ile-de-france-2\/#breadcrumb\",\"itemListElement\":[{\"@type\":\"ListItem\",\"position\":1,\"name\":\"Accueil\",\"item\":\"https:\/\/librairie7l.com\/en\/\"},{\"@type\":\"ListItem\",\"position\":2,\"name\":\"Shop\",\"item\":\"https:\/\/librairie7l.com\/en\/shop\/\"},{\"@type\":\"ListItem\",\"position\":3,\"name\":\"CH\u00c2TEAUX, VILLAS &AMP; FOLIES : VILL\u00c9GIATURE EN \u00ceLE-DE-FRANCE\"}]},{\"@type\":\"WebSite\",\"@id\":\"https:\/\/librairie7l.com\/en\/#website\",\"url\":\"https:\/\/librairie7l.com\/en\/\",\"name\":\"Librairie 7L\",\"description\":\"Librairie fond\u00e9e en 1999 par Karl Lagerfeld \u00e0 Paris\",\"publisher\":{\"@id\":\"https:\/\/librairie7l.com\/en\/#organization\"},\"potentialAction\":[{\"@type\":\"SearchAction\",\"target\":{\"@type\":\"EntryPoint\",\"urlTemplate\":\"https:\/\/librairie7l.com\/en\/?s={search_term_string}\"},\"query-input\":\"required name=search_term_string\"}],\"inLanguage\":\"en-US\"},{\"@type\":\"Organization\",\"@id\":\"https:\/\/librairie7l.com\/en\/#organization\",\"name\":\"Librairie 7L\",\"url\":\"https:\/\/librairie7l.com\/en\/\",\"logo\":{\"@type\":\"ImageObject\",\"inLanguage\":\"en-US\",\"@id\":\"https:\/\/librairie7l.com\/en\/#\/schema\/logo\/image\/\",\"url\":\"https:\/\/librairie7l.com\/wp-content\/uploads\/2022\/08\/logo-1.png\",\"contentUrl\":\"https:\/\/librairie7l.com\/wp-content\/uploads\/2022\/08\/logo-1.png\",\"width\":227,\"height\":301,\"caption\":\"Librairie 7L\"},\"image\":{\"@id\":\"https:\/\/librairie7l.com\/en\/#\/schema\/logo\/image\/\"}}]}<\/script>\n<!-- \/ Yoast SEO plugin. -->","yoast_head_json":{"title":"Ch\u00e2teaux, villas &amp; folies : Vill\u00e9giature en \u00cele-de-France - Librairie 7L","robots":{"index":"index","follow":"follow","max-snippet":"max-snippet:-1","max-image-preview":"max-image-preview:large","max-video-preview":"max-video-preview:-1"},"canonical":"https:\/\/librairie7l.com\/en\/produit\/chateaux-villas-folies-villegiature-en-ile-de-france-2\/","og_locale":"en_US","og_type":"article","og_title":"Ch\u00e2teaux, villas &amp; folies : Vill\u00e9giature en \u00cele-de-France - Librairie 7L","og_description":"\u00ab De tous les Fran\u00e7ais, le bourgeois de Paris est le plus champ\u00eatre \u00bb nous dit en 1841 L&#8217;Encyclop\u00e9die morale du XIXe si\u00e8cle. La qu\u00eate de bon air, dans une capitale dens\u00e9ment peupl\u00e9e, conduit les Parisiens de toutes conditions \u00e0 se construire des maisons dans la campagne alentour d\u00e8s le XVIe si\u00e8cle, imitant la pratique [&hellip;]","og_url":"https:\/\/librairie7l.com\/en\/produit\/chateaux-villas-folies-villegiature-en-ile-de-france-2\/","og_site_name":"Librairie 7L","article_modified_time":"2026-04-21T02:06:22+00:00","og_image":[{"width":400,"height":485,"url":"https:\/\/librairie7l.com\/wp-content\/uploads\/2024\/06\/9782493522221_1_75.jpg","type":"image\/jpeg"}],"twitter_card":"summary_large_image","twitter_misc":{"Est. reading time":"1 minute"},"schema":{"@context":"https:\/\/schema.org","@graph":[{"@type":"WebPage","@id":"https:\/\/librairie7l.com\/en\/produit\/chateaux-villas-folies-villegiature-en-ile-de-france-2\/","url":"https:\/\/librairie7l.com\/en\/produit\/chateaux-villas-folies-villegiature-en-ile-de-france-2\/","name":"Ch\u00e2teaux, villas &amp; folies : Vill\u00e9giature en \u00cele-de-France - Librairie 7L","isPartOf":{"@id":"https:\/\/librairie7l.com\/en\/#website"},"datePublished":"2026-01-26T08:18:17+00:00","dateModified":"2026-04-21T02:06:22+00:00","breadcrumb":{"@id":"https:\/\/librairie7l.com\/en\/produit\/chateaux-villas-folies-villegiature-en-ile-de-france-2\/#breadcrumb"},"inLanguage":"en-US","potentialAction":[{"@type":"ReadAction","target":["https:\/\/librairie7l.com\/en\/produit\/chateaux-villas-folies-villegiature-en-ile-de-france-2\/"]}]},{"@type":"BreadcrumbList","@id":"https:\/\/librairie7l.com\/en\/produit\/chateaux-villas-folies-villegiature-en-ile-de-france-2\/#breadcrumb","itemListElement":[{"@type":"ListItem","position":1,"name":"Accueil","item":"https:\/\/librairie7l.com\/en\/"},{"@type":"ListItem","position":2,"name":"Shop","item":"https:\/\/librairie7l.com\/en\/shop\/"},{"@type":"ListItem","position":3,"name":"CH\u00c2TEAUX, VILLAS &AMP; FOLIES : VILL\u00c9GIATURE EN \u00ceLE-DE-FRANCE"}]},{"@type":"WebSite","@id":"https:\/\/librairie7l.com\/en\/#website","url":"https:\/\/librairie7l.com\/en\/","name":"Librairie 7L","description":"Librairie fond\u00e9e en 1999 par Karl Lagerfeld \u00e0 Paris","publisher":{"@id":"https:\/\/librairie7l.com\/en\/#organization"},"potentialAction":[{"@type":"SearchAction","target":{"@type":"EntryPoint","urlTemplate":"https:\/\/librairie7l.com\/en\/?s={search_term_string}"},"query-input":"required name=search_term_string"}],"inLanguage":"en-US"},{"@type":"Organization","@id":"https:\/\/librairie7l.com\/en\/#organization","name":"Librairie 7L","url":"https:\/\/librairie7l.com\/en\/","logo":{"@type":"ImageObject","inLanguage":"en-US","@id":"https:\/\/librairie7l.com\/en\/#\/schema\/logo\/image\/","url":"https:\/\/librairie7l.com\/wp-content\/uploads\/2022\/08\/logo-1.png","contentUrl":"https:\/\/librairie7l.com\/wp-content\/uploads\/2022\/08\/logo-1.png","width":227,"height":301,"caption":"Librairie 7L"},"image":{"@id":"https:\/\/librairie7l.com\/en\/#\/schema\/logo\/image\/"}}]}},"_links":{"self":[{"href":"https:\/\/librairie7l.com\/en\/wp-json\/wp\/v2\/product\/54127"}],"collection":[{"href":"https:\/\/librairie7l.com\/en\/wp-json\/wp\/v2\/product"}],"about":[{"href":"https:\/\/librairie7l.com\/en\/wp-json\/wp\/v2\/types\/product"}],"wp:featuredmedia":[{"embeddable":true,"href":"https:\/\/librairie7l.com\/en\/wp-json\/wp\/v2\/media\/54125"}],"wp:attachment":[{"href":"https:\/\/librairie7l.com\/en\/wp-json\/wp\/v2\/media?parent=54127"}],"wp:term":[{"taxonomy":"product_cat","embeddable":true,"href":"https:\/\/librairie7l.com\/en\/wp-json\/wp\/v2\/product_cat?post=54127"},{"taxonomy":"product_tag","embeddable":true,"href":"https:\/\/librairie7l.com\/en\/wp-json\/wp\/v2\/product_tag?post=54127"}],"curies":[{"name":"wp","href":"https:\/\/api.w.org\/{rel}","templated":true}]}}