{"id":54202,"date":"2026-01-28T10:16:33","date_gmt":"2026-01-28T09:16:33","guid":{"rendered":"https:\/\/librairie7l.com\/?post_type=product&#038;p=54202"},"modified":"2026-04-21T04:03:04","modified_gmt":"2026-04-21T02:03:04","slug":"roger-vivier-heritage-et-imagination-2","status":"publish","type":"product","link":"https:\/\/librairie7l.com\/en\/produit\/roger-vivier-heritage-et-imagination-2\/","title":{"rendered":"ROGER VIVIER : H\u00c9RITAGE ET IMAGINATION"},"content":{"rendered":"<p>Symbole parfait de l&#8217;\u00e9l\u00e9gance \u00e0 la fran\u00e7aise,<br \/>\nRoger Vivier (1907-1998) a pouss\u00e9 l&#8217;art de la<br \/>\nconception et de l&#8217;ornementation de souliers<br \/>\npour dames \u00e0 son apog\u00e9e au cours de ses 60 ans<br \/>\nde carri\u00e8re. Ses chaussures de l\u00e9gende ont incarn\u00e9<br \/>\nl&#8217;artisanat d&#8217;excellence, alli\u00e9 \u00e0 un travail d&#8217;artiste<br \/>\net \u00e0 un esprit novateur, et ont conquis les plus<br \/>\ngrandes c\u00e9l\u00e9brit\u00e9s, telles que Catherine Deneuve,<br \/>\nBrigitte Bardot, Liz Taylor, Grace Kelly, Sophia<br \/>\nLoren, Jackie Kennedy, jusqu&#8217;\u00e0 \u00c9lisabeth II.<br \/>\nL&#8217;esprit novateur de Roger Vivier se perp\u00e9tue<br \/>\nde nos jours gr\u00e2ce au travail de Gherardo Felloni,<br \/>\ndirecteur cr\u00e9atif de la maison depuis 2018.<br \/>\nEn quelques ann\u00e9es, il a brillamment actualis\u00e9 les<br \/>\nconcepts de la marque, revisit\u00e9 ses mod\u00e8les cultes<br \/>\net ses cr\u00e9ations les plus extravagantes, cr\u00e9e une<br \/>\ncollection d&#8217;accessoires et de bijoux en \u00e9ditions<br \/>\nlimit\u00e9es. Felloni fait de Roger Vivier une griffe<br \/>\ntoujours aussi incontournable et omnipr\u00e9sente sur<br \/>\nles tapis rouge et aux pieds des femmes et des stars<br \/>\nles plus \u00e9l\u00e9gantes que sont Cate Blanchett, Anne<br \/>\nHathaway, Julia Roberts, Sarah Jessica Parker,<br \/>\nNicole Kidman, Laura Dern, Naomi Campbell ou<br \/>\nCarla Bruni-Sarkozy.<br \/>\nLe livre, sous la direction d&#8217;Elizabeth Semmelhack,<br \/>\nhistorienne de la mode et r\u00e9f\u00e9rence dans le monde<br \/>\nde la chaussure, retrace l&#8217;histoire de la maison depuis<br \/>\nsa cr\u00e9ation et explicite le parcours de Felloni dans<br \/>\nl&#8217;\u00e9pop\u00e9e de la maison Roger Vivier. Les diff\u00e9rents<br \/>\nchapitres nous \u00e9clairent la fa\u00e7on dont le chausseur<br \/>\ns&#8217;inspire de son riche h\u00e9ritage et puise dans ses codes<br \/>\npour imaginer souliers et accessoires exceptionnels,<br \/>\nqu&#8217;il mets en sc\u00e8ne \u00e0 l&#8217;occasion d&#8217;\u00e9v\u00e9nements<br \/>\nsensationnels d&#8217;une grande th\u00e9\u00e2tralit\u00e9.<br \/>\nIllustr\u00e9 par des photographies de mod\u00e8les vintage,<br \/>\ndes images d&#8217;archives de la maison, des natures<br \/>\nmortes de souliers mythiques comme des cr\u00e9ations<br \/>\nexceptionnelles parmi les plus r\u00e9centes, l&#8217;ouvrage<br \/>\nest aussi agr\u00e9ment\u00e9 de 48 pages dans un papier et<br \/>\nformat diff\u00e9rents. Ces derni\u00e8res mettent en avant<br \/>\ndes conversations de sp\u00e9cialistes autour de th\u00e8mes<br \/>\ncomme la collaboration entre Roger Vivier et<br \/>\nChristian Dior ou Yves Saint Laurent, les rapports<br \/>\nde la maison avec le monde du cin\u00e9ma, ou encore<br \/>\nl&#8217;\u00e9volution de sa vision de la f\u00e9minit\u00e9. Ce tr\u00e8s<br \/>\nbeau livre salue l&#8217;histoire d&#8217;une grande maison<br \/>\nfran\u00e7aise, une griffe contemporaine et sophistiqu\u00e9e,<br \/>\nincontournable de la mode d&#8217;hier et d&#8217;aujourd&#8217;hui.<\/p>\n","protected":false},"excerpt":{"rendered":"<p>Symbole parfait de l&#8217;\u00e9l\u00e9gance \u00e0 la fran\u00e7aise, Roger Vivier (1907-1998) a pouss\u00e9 l&#8217;art de la conception et de l&#8217;ornementation de souliers pour dames \u00e0 son apog\u00e9e au cours de ses 60 ans de carri\u00e8re. Ses chaussures de l\u00e9gende ont incarn\u00e9 l&#8217;artisanat d&#8217;excellence, alli\u00e9 \u00e0 un travail d&#8217;artiste et \u00e0 un esprit novateur, et ont conquis [&hellip;]<\/p>\n","protected":false},"featured_media":54200,"template":"","meta":[],"product_cat":[2948],"product_tag":[],"acf":[],"yoast_head":"<!-- This site is optimized with the Yoast SEO plugin v20.11 - https:\/\/yoast.com\/wordpress\/plugins\/seo\/ -->\n<title>Roger Vivier : H\u00e9ritage et imagination - Librairie 7L<\/title>\n<meta name=\"robots\" content=\"index, follow, max-snippet:-1, max-image-preview:large, max-video-preview:-1\" \/>\n<link rel=\"canonical\" href=\"https:\/\/librairie7l.com\/en\/produit\/roger-vivier-heritage-et-imagination-2\/\" \/>\n<meta property=\"og:locale\" content=\"en_US\" \/>\n<meta property=\"og:type\" content=\"article\" \/>\n<meta property=\"og:title\" content=\"Roger Vivier : H\u00e9ritage et imagination - Librairie 7L\" \/>\n<meta property=\"og:description\" content=\"Symbole parfait de l&#8217;\u00e9l\u00e9gance \u00e0 la fran\u00e7aise, Roger Vivier (1907-1998) a pouss\u00e9 l&#8217;art de la conception et de l&#8217;ornementation de souliers pour dames \u00e0 son apog\u00e9e au cours de ses 60 ans de carri\u00e8re. Ses chaussures de l\u00e9gende ont incarn\u00e9 l&#8217;artisanat d&#8217;excellence, alli\u00e9 \u00e0 un travail d&#8217;artiste et \u00e0 un esprit novateur, et ont conquis [&hellip;]\" \/>\n<meta property=\"og:url\" content=\"https:\/\/librairie7l.com\/en\/produit\/roger-vivier-heritage-et-imagination-2\/\" \/>\n<meta property=\"og:site_name\" content=\"Librairie 7L\" \/>\n<meta property=\"article:modified_time\" content=\"2026-04-21T02:03:04+00:00\" \/>\n<meta property=\"og:image\" content=\"https:\/\/librairie7l.com\/wp-content\/uploads\/2025\/06\/9788891845160_1_75.jpg\" \/>\n\t<meta property=\"og:image:width\" content=\"600\" \/>\n\t<meta property=\"og:image:height\" content=\"794\" \/>\n\t<meta property=\"og:image:type\" content=\"image\/jpeg\" \/>\n<meta name=\"twitter:card\" content=\"summary_large_image\" \/>\n<meta name=\"twitter:label1\" content=\"Est. reading time\" \/>\n\t<meta name=\"twitter:data1\" content=\"2 minutes\" \/>\n<script type=\"application\/ld+json\" class=\"yoast-schema-graph\">{\"@context\":\"https:\/\/schema.org\",\"@graph\":[{\"@type\":\"WebPage\",\"@id\":\"https:\/\/librairie7l.com\/en\/produit\/roger-vivier-heritage-et-imagination-2\/\",\"url\":\"https:\/\/librairie7l.com\/en\/produit\/roger-vivier-heritage-et-imagination-2\/\",\"name\":\"Roger Vivier : H\u00e9ritage et imagination - Librairie 7L\",\"isPartOf\":{\"@id\":\"https:\/\/librairie7l.com\/en\/#website\"},\"datePublished\":\"2026-01-28T09:16:33+00:00\",\"dateModified\":\"2026-04-21T02:03:04+00:00\",\"breadcrumb\":{\"@id\":\"https:\/\/librairie7l.com\/en\/produit\/roger-vivier-heritage-et-imagination-2\/#breadcrumb\"},\"inLanguage\":\"en-US\",\"potentialAction\":[{\"@type\":\"ReadAction\",\"target\":[\"https:\/\/librairie7l.com\/en\/produit\/roger-vivier-heritage-et-imagination-2\/\"]}]},{\"@type\":\"BreadcrumbList\",\"@id\":\"https:\/\/librairie7l.com\/en\/produit\/roger-vivier-heritage-et-imagination-2\/#breadcrumb\",\"itemListElement\":[{\"@type\":\"ListItem\",\"position\":1,\"name\":\"Accueil\",\"item\":\"https:\/\/librairie7l.com\/en\/\"},{\"@type\":\"ListItem\",\"position\":2,\"name\":\"Shop\",\"item\":\"https:\/\/librairie7l.com\/en\/shop\/\"},{\"@type\":\"ListItem\",\"position\":3,\"name\":\"ROGER VIVIER : H\u00c9RITAGE ET IMAGINATION\"}]},{\"@type\":\"WebSite\",\"@id\":\"https:\/\/librairie7l.com\/en\/#website\",\"url\":\"https:\/\/librairie7l.com\/en\/\",\"name\":\"Librairie 7L\",\"description\":\"Librairie fond\u00e9e en 1999 par Karl Lagerfeld \u00e0 Paris\",\"publisher\":{\"@id\":\"https:\/\/librairie7l.com\/en\/#organization\"},\"potentialAction\":[{\"@type\":\"SearchAction\",\"target\":{\"@type\":\"EntryPoint\",\"urlTemplate\":\"https:\/\/librairie7l.com\/en\/?s={search_term_string}\"},\"query-input\":\"required name=search_term_string\"}],\"inLanguage\":\"en-US\"},{\"@type\":\"Organization\",\"@id\":\"https:\/\/librairie7l.com\/en\/#organization\",\"name\":\"Librairie 7L\",\"url\":\"https:\/\/librairie7l.com\/en\/\",\"logo\":{\"@type\":\"ImageObject\",\"inLanguage\":\"en-US\",\"@id\":\"https:\/\/librairie7l.com\/en\/#\/schema\/logo\/image\/\",\"url\":\"https:\/\/librairie7l.com\/wp-content\/uploads\/2022\/08\/logo-1.png\",\"contentUrl\":\"https:\/\/librairie7l.com\/wp-content\/uploads\/2022\/08\/logo-1.png\",\"width\":227,\"height\":301,\"caption\":\"Librairie 7L\"},\"image\":{\"@id\":\"https:\/\/librairie7l.com\/en\/#\/schema\/logo\/image\/\"}}]}<\/script>\n<!-- \/ Yoast SEO plugin. -->","yoast_head_json":{"title":"Roger Vivier : H\u00e9ritage et imagination - Librairie 7L","robots":{"index":"index","follow":"follow","max-snippet":"max-snippet:-1","max-image-preview":"max-image-preview:large","max-video-preview":"max-video-preview:-1"},"canonical":"https:\/\/librairie7l.com\/en\/produit\/roger-vivier-heritage-et-imagination-2\/","og_locale":"en_US","og_type":"article","og_title":"Roger Vivier : H\u00e9ritage et imagination - Librairie 7L","og_description":"Symbole parfait de l&#8217;\u00e9l\u00e9gance \u00e0 la fran\u00e7aise, Roger Vivier (1907-1998) a pouss\u00e9 l&#8217;art de la conception et de l&#8217;ornementation de souliers pour dames \u00e0 son apog\u00e9e au cours de ses 60 ans de carri\u00e8re. Ses chaussures de l\u00e9gende ont incarn\u00e9 l&#8217;artisanat d&#8217;excellence, alli\u00e9 \u00e0 un travail d&#8217;artiste et \u00e0 un esprit novateur, et ont conquis [&hellip;]","og_url":"https:\/\/librairie7l.com\/en\/produit\/roger-vivier-heritage-et-imagination-2\/","og_site_name":"Librairie 7L","article_modified_time":"2026-04-21T02:03:04+00:00","og_image":[{"width":600,"height":794,"url":"https:\/\/librairie7l.com\/wp-content\/uploads\/2025\/06\/9788891845160_1_75.jpg","type":"image\/jpeg"}],"twitter_card":"summary_large_image","twitter_misc":{"Est. reading time":"2 minutes"},"schema":{"@context":"https:\/\/schema.org","@graph":[{"@type":"WebPage","@id":"https:\/\/librairie7l.com\/en\/produit\/roger-vivier-heritage-et-imagination-2\/","url":"https:\/\/librairie7l.com\/en\/produit\/roger-vivier-heritage-et-imagination-2\/","name":"Roger Vivier : H\u00e9ritage et imagination - Librairie 7L","isPartOf":{"@id":"https:\/\/librairie7l.com\/en\/#website"},"datePublished":"2026-01-28T09:16:33+00:00","dateModified":"2026-04-21T02:03:04+00:00","breadcrumb":{"@id":"https:\/\/librairie7l.com\/en\/produit\/roger-vivier-heritage-et-imagination-2\/#breadcrumb"},"inLanguage":"en-US","potentialAction":[{"@type":"ReadAction","target":["https:\/\/librairie7l.com\/en\/produit\/roger-vivier-heritage-et-imagination-2\/"]}]},{"@type":"BreadcrumbList","@id":"https:\/\/librairie7l.com\/en\/produit\/roger-vivier-heritage-et-imagination-2\/#breadcrumb","itemListElement":[{"@type":"ListItem","position":1,"name":"Accueil","item":"https:\/\/librairie7l.com\/en\/"},{"@type":"ListItem","position":2,"name":"Shop","item":"https:\/\/librairie7l.com\/en\/shop\/"},{"@type":"ListItem","position":3,"name":"ROGER VIVIER : H\u00c9RITAGE ET IMAGINATION"}]},{"@type":"WebSite","@id":"https:\/\/librairie7l.com\/en\/#website","url":"https:\/\/librairie7l.com\/en\/","name":"Librairie 7L","description":"Librairie fond\u00e9e en 1999 par Karl Lagerfeld \u00e0 Paris","publisher":{"@id":"https:\/\/librairie7l.com\/en\/#organization"},"potentialAction":[{"@type":"SearchAction","target":{"@type":"EntryPoint","urlTemplate":"https:\/\/librairie7l.com\/en\/?s={search_term_string}"},"query-input":"required name=search_term_string"}],"inLanguage":"en-US"},{"@type":"Organization","@id":"https:\/\/librairie7l.com\/en\/#organization","name":"Librairie 7L","url":"https:\/\/librairie7l.com\/en\/","logo":{"@type":"ImageObject","inLanguage":"en-US","@id":"https:\/\/librairie7l.com\/en\/#\/schema\/logo\/image\/","url":"https:\/\/librairie7l.com\/wp-content\/uploads\/2022\/08\/logo-1.png","contentUrl":"https:\/\/librairie7l.com\/wp-content\/uploads\/2022\/08\/logo-1.png","width":227,"height":301,"caption":"Librairie 7L"},"image":{"@id":"https:\/\/librairie7l.com\/en\/#\/schema\/logo\/image\/"}}]}},"_links":{"self":[{"href":"https:\/\/librairie7l.com\/en\/wp-json\/wp\/v2\/product\/54202"}],"collection":[{"href":"https:\/\/librairie7l.com\/en\/wp-json\/wp\/v2\/product"}],"about":[{"href":"https:\/\/librairie7l.com\/en\/wp-json\/wp\/v2\/types\/product"}],"wp:featuredmedia":[{"embeddable":true,"href":"https:\/\/librairie7l.com\/en\/wp-json\/wp\/v2\/media\/54200"}],"wp:attachment":[{"href":"https:\/\/librairie7l.com\/en\/wp-json\/wp\/v2\/media?parent=54202"}],"wp:term":[{"taxonomy":"product_cat","embeddable":true,"href":"https:\/\/librairie7l.com\/en\/wp-json\/wp\/v2\/product_cat?post=54202"},{"taxonomy":"product_tag","embeddable":true,"href":"https:\/\/librairie7l.com\/en\/wp-json\/wp\/v2\/product_tag?post=54202"}],"curies":[{"name":"wp","href":"https:\/\/api.w.org\/{rel}","templated":true}]}}