{"id":54206,"date":"2026-01-28T10:16:38","date_gmt":"2026-01-28T09:16:38","guid":{"rendered":"https:\/\/librairie7l.com\/?post_type=product&#038;p=54206"},"modified":"2026-04-21T04:06:14","modified_gmt":"2026-04-21T02:06:14","slug":"jeanne-lanvin-lart-de-creer-le-genie-dentreprendre-2","status":"publish","type":"product","link":"https:\/\/librairie7l.com\/en\/produit\/jeanne-lanvin-lart-de-creer-le-genie-dentreprendre-2\/","title":{"rendered":"JEANNE LANVIN : L&#8217;ART DE CR\u00c9ER, LE G\u00c9NIE D&#8217;ENTREPRENDRE"},"content":{"rendered":"<p>Comment une simple modiste est-elle parvenue \u00e0 b\u00e2tir un empire de la mode\u00a0? D\u00e8s son plus jeune \u00e2ge, Jeanne Lanvin (1867-1946) se passionne pour la mode. D&#8217;abord charg\u00e9e de livrer des chapeaux aux quatre coins de Paris, elle commence quelques ann\u00e9es plus tard son apprentissage de modiste avant de lancer sa propre ligne de chapeaux, Mademoiselle Jeanne, qui connut un grand succ\u00e8s. Puis, inspir\u00e9e par sa fille, Marguerite, elle ouvre une boutique de mode enfantine. Suivront des collections Jeune Fille et Femme, Fourrures, Lingerie, Robes de mari\u00e9e, V\u00eatements de sport, Homme, Parfums et m\u00eame D\u00e9coration. \u00c0 noter qu&#8217;elle sera la premi\u00e8re \u00e0 lancer la mode enfantine d\u00e8s 1908, la premi\u00e8re \u00e0 proposer une collection sur-mesure pour homme en 1926\u00a0et la premi\u00e8re encore \u00e0 cr\u00e9er une eau de toilette mixte en 1933.<br \/>\nFemme d&#8217;affaires infatigable et pr\u00e9curseure, couturi\u00e8re \u00e0 la crois\u00e9e des arts, Jeanne Lanvin a bouscul\u00e9 les codes de la haute couture et impos\u00e9 son style. C&#8217;est son histoire et celle des liens qu&#8217;elle a su tisser entre son entreprise et les mondes de la cr\u00e9ation que ce nouvel opus d&#8217;Art Faber se propose d&#8217;explorer.<\/p>\n<p>Cet ouvrage s&#8217;inscrit dans la collection Beaux-Arts \u00c9ditions\/Art faber, port\u00e9e par le Lab. Arts, Economies et Droit de l&#8217;Universit\u00e9 Paris Panth\u00e9on Assas, et codirig\u00e9e par le Pr J\u00e9r\u00f4me Duval-Hamel et le Pr Laurent Pfister, de l&#8217;Universit\u00e9 Paris-Panth\u00e9on-Assas, avec Claude Pommereau, Beaux Arts &amp; Cie<\/p>\n","protected":false},"excerpt":{"rendered":"<p>Comment une simple modiste est-elle parvenue \u00e0 b\u00e2tir un empire de la mode\u00a0? D\u00e8s son plus jeune \u00e2ge, Jeanne Lanvin (1867-1946) se passionne pour la mode. D&#8217;abord charg\u00e9e de livrer des chapeaux aux quatre coins de Paris, elle commence quelques ann\u00e9es plus tard son apprentissage de modiste avant de lancer sa propre ligne de chapeaux, [&hellip;]<\/p>\n","protected":false},"featured_media":54204,"template":"","meta":[],"product_cat":[2948],"product_tag":[],"acf":[],"yoast_head":"<!-- This site is optimized with the Yoast SEO plugin v20.11 - https:\/\/yoast.com\/wordpress\/plugins\/seo\/ -->\n<title>Jeanne Lanvin : L&#039;art de cr\u00e9er, le g\u00e9nie d&#039;entreprendre - Librairie 7L<\/title>\n<meta name=\"robots\" content=\"index, follow, max-snippet:-1, max-image-preview:large, max-video-preview:-1\" \/>\n<link rel=\"canonical\" href=\"https:\/\/librairie7l.com\/en\/produit\/jeanne-lanvin-lart-de-creer-le-genie-dentreprendre-2\/\" \/>\n<meta property=\"og:locale\" content=\"en_US\" \/>\n<meta property=\"og:type\" content=\"article\" \/>\n<meta property=\"og:title\" content=\"Jeanne Lanvin : L&#039;art de cr\u00e9er, le g\u00e9nie d&#039;entreprendre - Librairie 7L\" \/>\n<meta property=\"og:description\" content=\"Comment une simple modiste est-elle parvenue \u00e0 b\u00e2tir un empire de la mode\u00a0? D\u00e8s son plus jeune \u00e2ge, Jeanne Lanvin (1867-1946) se passionne pour la mode. D&#8217;abord charg\u00e9e de livrer des chapeaux aux quatre coins de Paris, elle commence quelques ann\u00e9es plus tard son apprentissage de modiste avant de lancer sa propre ligne de chapeaux, [&hellip;]\" \/>\n<meta property=\"og:url\" content=\"https:\/\/librairie7l.com\/en\/produit\/jeanne-lanvin-lart-de-creer-le-genie-dentreprendre-2\/\" \/>\n<meta property=\"og:site_name\" content=\"Librairie 7L\" \/>\n<meta property=\"article:modified_time\" content=\"2026-04-21T02:06:14+00:00\" \/>\n<meta property=\"og:image\" content=\"https:\/\/librairie7l.com\/wp-content\/uploads\/2025\/07\/9791020410498_1_75.jpg\" \/>\n\t<meta property=\"og:image:width\" content=\"600\" \/>\n\t<meta property=\"og:image:height\" content=\"778\" \/>\n\t<meta property=\"og:image:type\" content=\"image\/jpeg\" \/>\n<meta name=\"twitter:card\" content=\"summary_large_image\" \/>\n<meta name=\"twitter:label1\" content=\"Est. reading time\" \/>\n\t<meta name=\"twitter:data1\" content=\"1 minute\" \/>\n<script type=\"application\/ld+json\" class=\"yoast-schema-graph\">{\"@context\":\"https:\/\/schema.org\",\"@graph\":[{\"@type\":\"WebPage\",\"@id\":\"https:\/\/librairie7l.com\/en\/produit\/jeanne-lanvin-lart-de-creer-le-genie-dentreprendre-2\/\",\"url\":\"https:\/\/librairie7l.com\/en\/produit\/jeanne-lanvin-lart-de-creer-le-genie-dentreprendre-2\/\",\"name\":\"Jeanne Lanvin : L'art de cr\u00e9er, le g\u00e9nie d'entreprendre - Librairie 7L\",\"isPartOf\":{\"@id\":\"https:\/\/librairie7l.com\/en\/#website\"},\"datePublished\":\"2026-01-28T09:16:38+00:00\",\"dateModified\":\"2026-04-21T02:06:14+00:00\",\"breadcrumb\":{\"@id\":\"https:\/\/librairie7l.com\/en\/produit\/jeanne-lanvin-lart-de-creer-le-genie-dentreprendre-2\/#breadcrumb\"},\"inLanguage\":\"en-US\",\"potentialAction\":[{\"@type\":\"ReadAction\",\"target\":[\"https:\/\/librairie7l.com\/en\/produit\/jeanne-lanvin-lart-de-creer-le-genie-dentreprendre-2\/\"]}]},{\"@type\":\"BreadcrumbList\",\"@id\":\"https:\/\/librairie7l.com\/en\/produit\/jeanne-lanvin-lart-de-creer-le-genie-dentreprendre-2\/#breadcrumb\",\"itemListElement\":[{\"@type\":\"ListItem\",\"position\":1,\"name\":\"Accueil\",\"item\":\"https:\/\/librairie7l.com\/en\/\"},{\"@type\":\"ListItem\",\"position\":2,\"name\":\"Shop\",\"item\":\"https:\/\/librairie7l.com\/en\/shop\/\"},{\"@type\":\"ListItem\",\"position\":3,\"name\":\"JEANNE LANVIN : L&#8217;ART DE CR\u00c9ER, LE G\u00c9NIE D&#8217;ENTREPRENDRE\"}]},{\"@type\":\"WebSite\",\"@id\":\"https:\/\/librairie7l.com\/en\/#website\",\"url\":\"https:\/\/librairie7l.com\/en\/\",\"name\":\"Librairie 7L\",\"description\":\"Librairie fond\u00e9e en 1999 par Karl Lagerfeld \u00e0 Paris\",\"publisher\":{\"@id\":\"https:\/\/librairie7l.com\/en\/#organization\"},\"potentialAction\":[{\"@type\":\"SearchAction\",\"target\":{\"@type\":\"EntryPoint\",\"urlTemplate\":\"https:\/\/librairie7l.com\/en\/?s={search_term_string}\"},\"query-input\":\"required name=search_term_string\"}],\"inLanguage\":\"en-US\"},{\"@type\":\"Organization\",\"@id\":\"https:\/\/librairie7l.com\/en\/#organization\",\"name\":\"Librairie 7L\",\"url\":\"https:\/\/librairie7l.com\/en\/\",\"logo\":{\"@type\":\"ImageObject\",\"inLanguage\":\"en-US\",\"@id\":\"https:\/\/librairie7l.com\/en\/#\/schema\/logo\/image\/\",\"url\":\"https:\/\/librairie7l.com\/wp-content\/uploads\/2022\/08\/logo-1.png\",\"contentUrl\":\"https:\/\/librairie7l.com\/wp-content\/uploads\/2022\/08\/logo-1.png\",\"width\":227,\"height\":301,\"caption\":\"Librairie 7L\"},\"image\":{\"@id\":\"https:\/\/librairie7l.com\/en\/#\/schema\/logo\/image\/\"}}]}<\/script>\n<!-- \/ Yoast SEO plugin. -->","yoast_head_json":{"title":"Jeanne Lanvin : L'art de cr\u00e9er, le g\u00e9nie d'entreprendre - Librairie 7L","robots":{"index":"index","follow":"follow","max-snippet":"max-snippet:-1","max-image-preview":"max-image-preview:large","max-video-preview":"max-video-preview:-1"},"canonical":"https:\/\/librairie7l.com\/en\/produit\/jeanne-lanvin-lart-de-creer-le-genie-dentreprendre-2\/","og_locale":"en_US","og_type":"article","og_title":"Jeanne Lanvin : L'art de cr\u00e9er, le g\u00e9nie d'entreprendre - Librairie 7L","og_description":"Comment une simple modiste est-elle parvenue \u00e0 b\u00e2tir un empire de la mode\u00a0? D\u00e8s son plus jeune \u00e2ge, Jeanne Lanvin (1867-1946) se passionne pour la mode. D&#8217;abord charg\u00e9e de livrer des chapeaux aux quatre coins de Paris, elle commence quelques ann\u00e9es plus tard son apprentissage de modiste avant de lancer sa propre ligne de chapeaux, [&hellip;]","og_url":"https:\/\/librairie7l.com\/en\/produit\/jeanne-lanvin-lart-de-creer-le-genie-dentreprendre-2\/","og_site_name":"Librairie 7L","article_modified_time":"2026-04-21T02:06:14+00:00","og_image":[{"width":600,"height":778,"url":"https:\/\/librairie7l.com\/wp-content\/uploads\/2025\/07\/9791020410498_1_75.jpg","type":"image\/jpeg"}],"twitter_card":"summary_large_image","twitter_misc":{"Est. reading time":"1 minute"},"schema":{"@context":"https:\/\/schema.org","@graph":[{"@type":"WebPage","@id":"https:\/\/librairie7l.com\/en\/produit\/jeanne-lanvin-lart-de-creer-le-genie-dentreprendre-2\/","url":"https:\/\/librairie7l.com\/en\/produit\/jeanne-lanvin-lart-de-creer-le-genie-dentreprendre-2\/","name":"Jeanne Lanvin : L'art de cr\u00e9er, le g\u00e9nie d'entreprendre - Librairie 7L","isPartOf":{"@id":"https:\/\/librairie7l.com\/en\/#website"},"datePublished":"2026-01-28T09:16:38+00:00","dateModified":"2026-04-21T02:06:14+00:00","breadcrumb":{"@id":"https:\/\/librairie7l.com\/en\/produit\/jeanne-lanvin-lart-de-creer-le-genie-dentreprendre-2\/#breadcrumb"},"inLanguage":"en-US","potentialAction":[{"@type":"ReadAction","target":["https:\/\/librairie7l.com\/en\/produit\/jeanne-lanvin-lart-de-creer-le-genie-dentreprendre-2\/"]}]},{"@type":"BreadcrumbList","@id":"https:\/\/librairie7l.com\/en\/produit\/jeanne-lanvin-lart-de-creer-le-genie-dentreprendre-2\/#breadcrumb","itemListElement":[{"@type":"ListItem","position":1,"name":"Accueil","item":"https:\/\/librairie7l.com\/en\/"},{"@type":"ListItem","position":2,"name":"Shop","item":"https:\/\/librairie7l.com\/en\/shop\/"},{"@type":"ListItem","position":3,"name":"JEANNE LANVIN : L&#8217;ART DE CR\u00c9ER, LE G\u00c9NIE D&#8217;ENTREPRENDRE"}]},{"@type":"WebSite","@id":"https:\/\/librairie7l.com\/en\/#website","url":"https:\/\/librairie7l.com\/en\/","name":"Librairie 7L","description":"Librairie fond\u00e9e en 1999 par Karl Lagerfeld \u00e0 Paris","publisher":{"@id":"https:\/\/librairie7l.com\/en\/#organization"},"potentialAction":[{"@type":"SearchAction","target":{"@type":"EntryPoint","urlTemplate":"https:\/\/librairie7l.com\/en\/?s={search_term_string}"},"query-input":"required name=search_term_string"}],"inLanguage":"en-US"},{"@type":"Organization","@id":"https:\/\/librairie7l.com\/en\/#organization","name":"Librairie 7L","url":"https:\/\/librairie7l.com\/en\/","logo":{"@type":"ImageObject","inLanguage":"en-US","@id":"https:\/\/librairie7l.com\/en\/#\/schema\/logo\/image\/","url":"https:\/\/librairie7l.com\/wp-content\/uploads\/2022\/08\/logo-1.png","contentUrl":"https:\/\/librairie7l.com\/wp-content\/uploads\/2022\/08\/logo-1.png","width":227,"height":301,"caption":"Librairie 7L"},"image":{"@id":"https:\/\/librairie7l.com\/en\/#\/schema\/logo\/image\/"}}]}},"_links":{"self":[{"href":"https:\/\/librairie7l.com\/en\/wp-json\/wp\/v2\/product\/54206"}],"collection":[{"href":"https:\/\/librairie7l.com\/en\/wp-json\/wp\/v2\/product"}],"about":[{"href":"https:\/\/librairie7l.com\/en\/wp-json\/wp\/v2\/types\/product"}],"wp:featuredmedia":[{"embeddable":true,"href":"https:\/\/librairie7l.com\/en\/wp-json\/wp\/v2\/media\/54204"}],"wp:attachment":[{"href":"https:\/\/librairie7l.com\/en\/wp-json\/wp\/v2\/media?parent=54206"}],"wp:term":[{"taxonomy":"product_cat","embeddable":true,"href":"https:\/\/librairie7l.com\/en\/wp-json\/wp\/v2\/product_cat?post=54206"},{"taxonomy":"product_tag","embeddable":true,"href":"https:\/\/librairie7l.com\/en\/wp-json\/wp\/v2\/product_tag?post=54206"}],"curies":[{"name":"wp","href":"https:\/\/api.w.org\/{rel}","templated":true}]}}