{"id":54210,"date":"2026-01-28T10:16:40","date_gmt":"2026-01-28T09:16:40","guid":{"rendered":"https:\/\/librairie7l.com\/?post_type=product&#038;p=54210"},"modified":"2026-04-21T04:02:04","modified_gmt":"2026-04-21T02:02:04","slug":"la-faience-fine-de-creil-2","status":"publish","type":"product","link":"https:\/\/librairie7l.com\/en\/produit\/la-faience-fine-de-creil-2\/","title":{"rendered":"LA FA\u00cfENCE FINE DE CREIL"},"content":{"rendered":"<p>La fa\u00efencerie de Creil, \u00e9tablie sur les bords du petit bras de l&#8217;Oise de\u00a01797 \u00e0\u00c2\u00a01895, a fortement marqu\u00e9 l&#8217;histoire de la ville, en tant que premier \u00e9tablissement industriel du territoire. Des milliers de fa\u00efences fines sont sorties de ses fours pour \u00eatre diffus\u00e9es dans le monde entier. Plus de 250 s\u00e9ries d&#8217;assiettes, des dizaines de mod\u00e8les de services de table, \u00e0 dessert, cabarets, services de toilette, des c\u00e9ramiques utilitaires ou d\u00e9coratives et quantit\u00e9 de boutons ont \u00e9t\u00e9 r\u00e9pertori\u00e9s.<br \/>\n La ville de Creil rend aujourd&#8217;hui hommage \u00e0 cette production par une politique d&#8217;acquisition tr\u00e8s active, une mise en valeur de sa collection dans les salles d&#8217;exposition de la maison de la fa\u00efence, cr\u00e9\u00e9e en 2010 comme annexe du mus\u00e9e Gall\u00e9-Juillet, mus\u00e9e municipal et le soutien des recherches effectu\u00e9es sur le sujet.<br \/>\n Cet ouvrage richement illustr\u00e9 retrace l&#8217;histoire de la fa\u00efencerie de Creil et permet une d\u00e9couverte de sa production \u00e9clectique, en s&#8217;appuyant sur la collection d&#8217;environ 4\u00e2E%000 fa\u00efences fines de Creil et de Montereau du mus\u00e9e Gall\u00e9-Juillet, compl\u00e9t\u00e9e par les ressources pr\u00e9cieuses que sont les archives publiques et priv\u00e9es.<\/p>\n","protected":false},"excerpt":{"rendered":"<p>La fa\u00efencerie de Creil, \u00e9tablie sur les bords du petit bras de l&#8217;Oise de\u00a01797 \u00e0\u00c2\u00a01895, a fortement marqu\u00e9 l&#8217;histoire de la ville, en tant que premier \u00e9tablissement industriel du territoire. Des milliers de fa\u00efences fines sont sorties de ses fours pour \u00eatre diffus\u00e9es dans le monde entier. Plus de 250 s\u00e9ries d&#8217;assiettes, des dizaines de [&hellip;]<\/p>\n","protected":false},"featured_media":54208,"template":"","meta":[],"product_cat":[2948],"product_tag":[],"acf":[],"yoast_head":"<!-- This site is optimized with the Yoast SEO plugin v20.11 - https:\/\/yoast.com\/wordpress\/plugins\/seo\/ -->\n<title>La fa\u00efence fine de Creil - Librairie 7L<\/title>\n<meta name=\"robots\" content=\"index, follow, max-snippet:-1, max-image-preview:large, max-video-preview:-1\" \/>\n<link rel=\"canonical\" href=\"https:\/\/librairie7l.com\/en\/produit\/la-faience-fine-de-creil-2\/\" \/>\n<meta property=\"og:locale\" content=\"en_US\" \/>\n<meta property=\"og:type\" content=\"article\" \/>\n<meta property=\"og:title\" content=\"La fa\u00efence fine de Creil - Librairie 7L\" \/>\n<meta property=\"og:description\" content=\"La fa\u00efencerie de Creil, \u00e9tablie sur les bords du petit bras de l&#8217;Oise de\u00a01797 \u00e0\u00c2\u00a01895, a fortement marqu\u00e9 l&#8217;histoire de la ville, en tant que premier \u00e9tablissement industriel du territoire. Des milliers de fa\u00efences fines sont sorties de ses fours pour \u00eatre diffus\u00e9es dans le monde entier. Plus de 250 s\u00e9ries d&#8217;assiettes, des dizaines de [&hellip;]\" \/>\n<meta property=\"og:url\" content=\"https:\/\/librairie7l.com\/en\/produit\/la-faience-fine-de-creil-2\/\" \/>\n<meta property=\"og:site_name\" content=\"Librairie 7L\" \/>\n<meta property=\"article:modified_time\" content=\"2026-04-21T02:02:04+00:00\" \/>\n<meta property=\"og:image\" content=\"https:\/\/librairie7l.com\/wp-content\/uploads\/2025\/10\/9782354041267_1_75.jpg\" \/>\n\t<meta property=\"og:image:width\" content=\"400\" \/>\n\t<meta property=\"og:image:height\" content=\"498\" \/>\n\t<meta property=\"og:image:type\" content=\"image\/jpeg\" \/>\n<meta name=\"twitter:card\" content=\"summary_large_image\" \/>\n<meta name=\"twitter:label1\" content=\"Est. reading time\" \/>\n\t<meta name=\"twitter:data1\" content=\"1 minute\" \/>\n<script type=\"application\/ld+json\" class=\"yoast-schema-graph\">{\"@context\":\"https:\/\/schema.org\",\"@graph\":[{\"@type\":\"WebPage\",\"@id\":\"https:\/\/librairie7l.com\/en\/produit\/la-faience-fine-de-creil-2\/\",\"url\":\"https:\/\/librairie7l.com\/en\/produit\/la-faience-fine-de-creil-2\/\",\"name\":\"La fa\u00efence fine de Creil - Librairie 7L\",\"isPartOf\":{\"@id\":\"https:\/\/librairie7l.com\/en\/#website\"},\"datePublished\":\"2026-01-28T09:16:40+00:00\",\"dateModified\":\"2026-04-21T02:02:04+00:00\",\"breadcrumb\":{\"@id\":\"https:\/\/librairie7l.com\/en\/produit\/la-faience-fine-de-creil-2\/#breadcrumb\"},\"inLanguage\":\"en-US\",\"potentialAction\":[{\"@type\":\"ReadAction\",\"target\":[\"https:\/\/librairie7l.com\/en\/produit\/la-faience-fine-de-creil-2\/\"]}]},{\"@type\":\"BreadcrumbList\",\"@id\":\"https:\/\/librairie7l.com\/en\/produit\/la-faience-fine-de-creil-2\/#breadcrumb\",\"itemListElement\":[{\"@type\":\"ListItem\",\"position\":1,\"name\":\"Accueil\",\"item\":\"https:\/\/librairie7l.com\/en\/\"},{\"@type\":\"ListItem\",\"position\":2,\"name\":\"Shop\",\"item\":\"https:\/\/librairie7l.com\/en\/shop\/\"},{\"@type\":\"ListItem\",\"position\":3,\"name\":\"LA FA\u00cfENCE FINE DE CREIL\"}]},{\"@type\":\"WebSite\",\"@id\":\"https:\/\/librairie7l.com\/en\/#website\",\"url\":\"https:\/\/librairie7l.com\/en\/\",\"name\":\"Librairie 7L\",\"description\":\"Librairie fond\u00e9e en 1999 par Karl Lagerfeld \u00e0 Paris\",\"publisher\":{\"@id\":\"https:\/\/librairie7l.com\/en\/#organization\"},\"potentialAction\":[{\"@type\":\"SearchAction\",\"target\":{\"@type\":\"EntryPoint\",\"urlTemplate\":\"https:\/\/librairie7l.com\/en\/?s={search_term_string}\"},\"query-input\":\"required name=search_term_string\"}],\"inLanguage\":\"en-US\"},{\"@type\":\"Organization\",\"@id\":\"https:\/\/librairie7l.com\/en\/#organization\",\"name\":\"Librairie 7L\",\"url\":\"https:\/\/librairie7l.com\/en\/\",\"logo\":{\"@type\":\"ImageObject\",\"inLanguage\":\"en-US\",\"@id\":\"https:\/\/librairie7l.com\/en\/#\/schema\/logo\/image\/\",\"url\":\"https:\/\/librairie7l.com\/wp-content\/uploads\/2022\/08\/logo-1.png\",\"contentUrl\":\"https:\/\/librairie7l.com\/wp-content\/uploads\/2022\/08\/logo-1.png\",\"width\":227,\"height\":301,\"caption\":\"Librairie 7L\"},\"image\":{\"@id\":\"https:\/\/librairie7l.com\/en\/#\/schema\/logo\/image\/\"}}]}<\/script>\n<!-- \/ Yoast SEO plugin. -->","yoast_head_json":{"title":"La fa\u00efence fine de Creil - Librairie 7L","robots":{"index":"index","follow":"follow","max-snippet":"max-snippet:-1","max-image-preview":"max-image-preview:large","max-video-preview":"max-video-preview:-1"},"canonical":"https:\/\/librairie7l.com\/en\/produit\/la-faience-fine-de-creil-2\/","og_locale":"en_US","og_type":"article","og_title":"La fa\u00efence fine de Creil - Librairie 7L","og_description":"La fa\u00efencerie de Creil, \u00e9tablie sur les bords du petit bras de l&#8217;Oise de\u00a01797 \u00e0\u00c2\u00a01895, a fortement marqu\u00e9 l&#8217;histoire de la ville, en tant que premier \u00e9tablissement industriel du territoire. Des milliers de fa\u00efences fines sont sorties de ses fours pour \u00eatre diffus\u00e9es dans le monde entier. Plus de 250 s\u00e9ries d&#8217;assiettes, des dizaines de [&hellip;]","og_url":"https:\/\/librairie7l.com\/en\/produit\/la-faience-fine-de-creil-2\/","og_site_name":"Librairie 7L","article_modified_time":"2026-04-21T02:02:04+00:00","og_image":[{"width":400,"height":498,"url":"https:\/\/librairie7l.com\/wp-content\/uploads\/2025\/10\/9782354041267_1_75.jpg","type":"image\/jpeg"}],"twitter_card":"summary_large_image","twitter_misc":{"Est. reading time":"1 minute"},"schema":{"@context":"https:\/\/schema.org","@graph":[{"@type":"WebPage","@id":"https:\/\/librairie7l.com\/en\/produit\/la-faience-fine-de-creil-2\/","url":"https:\/\/librairie7l.com\/en\/produit\/la-faience-fine-de-creil-2\/","name":"La fa\u00efence fine de Creil - Librairie 7L","isPartOf":{"@id":"https:\/\/librairie7l.com\/en\/#website"},"datePublished":"2026-01-28T09:16:40+00:00","dateModified":"2026-04-21T02:02:04+00:00","breadcrumb":{"@id":"https:\/\/librairie7l.com\/en\/produit\/la-faience-fine-de-creil-2\/#breadcrumb"},"inLanguage":"en-US","potentialAction":[{"@type":"ReadAction","target":["https:\/\/librairie7l.com\/en\/produit\/la-faience-fine-de-creil-2\/"]}]},{"@type":"BreadcrumbList","@id":"https:\/\/librairie7l.com\/en\/produit\/la-faience-fine-de-creil-2\/#breadcrumb","itemListElement":[{"@type":"ListItem","position":1,"name":"Accueil","item":"https:\/\/librairie7l.com\/en\/"},{"@type":"ListItem","position":2,"name":"Shop","item":"https:\/\/librairie7l.com\/en\/shop\/"},{"@type":"ListItem","position":3,"name":"LA FA\u00cfENCE FINE DE CREIL"}]},{"@type":"WebSite","@id":"https:\/\/librairie7l.com\/en\/#website","url":"https:\/\/librairie7l.com\/en\/","name":"Librairie 7L","description":"Librairie fond\u00e9e en 1999 par Karl Lagerfeld \u00e0 Paris","publisher":{"@id":"https:\/\/librairie7l.com\/en\/#organization"},"potentialAction":[{"@type":"SearchAction","target":{"@type":"EntryPoint","urlTemplate":"https:\/\/librairie7l.com\/en\/?s={search_term_string}"},"query-input":"required name=search_term_string"}],"inLanguage":"en-US"},{"@type":"Organization","@id":"https:\/\/librairie7l.com\/en\/#organization","name":"Librairie 7L","url":"https:\/\/librairie7l.com\/en\/","logo":{"@type":"ImageObject","inLanguage":"en-US","@id":"https:\/\/librairie7l.com\/en\/#\/schema\/logo\/image\/","url":"https:\/\/librairie7l.com\/wp-content\/uploads\/2022\/08\/logo-1.png","contentUrl":"https:\/\/librairie7l.com\/wp-content\/uploads\/2022\/08\/logo-1.png","width":227,"height":301,"caption":"Librairie 7L"},"image":{"@id":"https:\/\/librairie7l.com\/en\/#\/schema\/logo\/image\/"}}]}},"_links":{"self":[{"href":"https:\/\/librairie7l.com\/en\/wp-json\/wp\/v2\/product\/54210"}],"collection":[{"href":"https:\/\/librairie7l.com\/en\/wp-json\/wp\/v2\/product"}],"about":[{"href":"https:\/\/librairie7l.com\/en\/wp-json\/wp\/v2\/types\/product"}],"wp:featuredmedia":[{"embeddable":true,"href":"https:\/\/librairie7l.com\/en\/wp-json\/wp\/v2\/media\/54208"}],"wp:attachment":[{"href":"https:\/\/librairie7l.com\/en\/wp-json\/wp\/v2\/media?parent=54210"}],"wp:term":[{"taxonomy":"product_cat","embeddable":true,"href":"https:\/\/librairie7l.com\/en\/wp-json\/wp\/v2\/product_cat?post=54210"},{"taxonomy":"product_tag","embeddable":true,"href":"https:\/\/librairie7l.com\/en\/wp-json\/wp\/v2\/product_tag?post=54210"}],"curies":[{"name":"wp","href":"https:\/\/api.w.org\/{rel}","templated":true}]}}